{"id":1053,"date":"2020-05-28T09:55:58","date_gmt":"2020-05-28T09:55:58","guid":{"rendered":"https:\/\/shop.merolution.de\/index.php\/product\/service-ruecknahme-von-anbruchkisten\/"},"modified":"2020-05-28T09:55:58","modified_gmt":"2020-05-28T09:55:58","slug":"service-ruecknahme-von-anbruchkisten","status":"publish","type":"product","link":"https:\/\/shop.merolution.de\/index.php\/product\/service-ruecknahme-von-anbruchkisten\/","title":{"rendered":"Service R\u00fccknahme von Anbruchkisten"},"content":{"rendered":"<p>Diese Geb\u00fchr erm\u00f6glicht Ihnen bei Kommissionslieferungen auch die R\u00fcckgabe von Anbruchkisten mit vollen und leeren Flaschen (&#8222;Einzelflaschenr\u00fccknahme&#8220; in Kisten). Sinnvoll, z.B. wenn Veranstaltungsr\u00e4ume komplett ger\u00e4umt werden m\u00fcssen, ohne dass ein eigenes Transportmittel zur Verf\u00fcgung steht. Ohne diese Geb\u00fchr werden bei Kommissionen die vollen Flaschen in Anbruchkisten nur zum Pfandwert gutgeschrieben. Die Geb\u00fchr ist unabh\u00e4ngig vom Warenumsatz und von der Art der Veranstaltung und wird zus\u00e4tzlich zur Kommissionsgeb\u00fchr berechnet. Dieser Service muss &#8211; genau wie die Kommission selbst &#8211; vor der Veranstaltung gebucht werden. Eine nachtr\u00e4gliche Buchung oder Erstattung ist nicht m\u00f6glich.<\/p>\n","protected":false},"excerpt":{"rendered":"<p>Diese Geb\u00fchr erm\u00f6glicht Ihnen bei Kommissionslieferungen auch die R\u00fcckgabe von Anbruchkisten mit vollen und leeren Flaschen (&#8222;Einzelflaschenr\u00fccknahme&#8220; in Kisten). Sinnvoll, z.B. wenn Veranstaltungsr\u00e4ume komplett ger\u00e4umt werden m\u00fcssen, ohne dass ein eigenes Transportmittel zur Verf\u00fcgung steht. Ohne diese Geb\u00fchr werden bei Kommissionen die vollen Flaschen in Anbruchkisten nur zum Pfandwert gutgeschrieben. Die Geb\u00fchr ist unabh\u00e4ngig vom Warenumsatz und von der Art der Veranstaltung und wird zus\u00e4tzlich zur Kommissionsgeb\u00fchr berechnet. Dieser Service muss &#8211; genau wie die Kommission selbst &#8211; vor der Veranstaltung gebucht werden. Eine nachtr\u00e4gliche Buchung oder Erstattung ist nicht m\u00f6glich.<\/p>\n","protected":false},"featured_media":0,"comment_status":"open","ping_status":"closed","template":"","meta":[],"product_cat":[40],"product_tag":[],"yoast_head":"<!-- This site is optimized with the Yoast SEO plugin v19.14 - https:\/\/yoast.com\/wordpress\/plugins\/seo\/ -->\n<title>Service R\u00fccknahme von Anbruchkisten - Getr\u00e4nke Schl\u00fcter Onlineshop<\/title>\n<meta name=\"robots\" content=\"noindex, follow, max-snippet:-1, max-image-preview:large, max-video-preview:-1\" \/>\n<meta property=\"og:locale\" content=\"de_DE\" \/>\n<meta property=\"og:type\" content=\"article\" \/>\n<meta property=\"og:title\" content=\"Service R\u00fccknahme von Anbruchkisten - Getr\u00e4nke Schl\u00fcter Onlineshop\" \/>\n<meta property=\"og:description\" content=\"Diese Geb\u00fchr erm\u00f6glicht Ihnen bei Kommissionslieferungen auch die R\u00fcckgabe von Anbruchkisten mit vollen und leeren Flaschen (&quot;Einzelflaschenr\u00fccknahme&quot; in Kisten). Sinnvoll, z.B. wenn Veranstaltungsr\u00e4ume komplett ger\u00e4umt werden m\u00fcssen, ohne dass ein eigenes Transportmittel zur Verf\u00fcgung steht. Ohne diese Geb\u00fchr werden bei Kommissionen die vollen Flaschen in Anbruchkisten nur zum Pfandwert gutgeschrieben. Die Geb\u00fchr ist unabh\u00e4ngig vom Warenumsatz und von der Art der Veranstaltung und wird zus\u00e4tzlich zur Kommissionsgeb\u00fchr berechnet. Dieser Service muss - genau wie die Kommission selbst - vor der Veranstaltung gebucht werden. Eine nachtr\u00e4gliche Buchung oder Erstattung ist nicht m\u00f6glich.\" \/>\n<meta property=\"og:url\" content=\"https:\/\/shop.merolution.de\/index.php\/product\/service-ruecknahme-von-anbruchkisten\/\" \/>\n<meta property=\"og:site_name\" content=\"Getr\u00e4nke Schl\u00fcter Onlineshop\" \/>\n<meta name=\"twitter:card\" content=\"summary_large_image\" \/>\n<meta name=\"twitter:label1\" content=\"Gesch\u00e4tzte Lesezeit\" \/>\n\t<meta name=\"twitter:data1\" content=\"1\u00a0Minute\" \/>\n<script type=\"application\/ld+json\" class=\"yoast-schema-graph\">{\"@context\":\"https:\/\/schema.org\",\"@graph\":[{\"@type\":\"WebPage\",\"@id\":\"https:\/\/shop.merolution.de\/index.php\/product\/service-ruecknahme-von-anbruchkisten\/\",\"url\":\"https:\/\/shop.merolution.de\/index.php\/product\/service-ruecknahme-von-anbruchkisten\/\",\"name\":\"Service R\u00fccknahme von Anbruchkisten - Getr\u00e4nke Schl\u00fcter Onlineshop\",\"isPartOf\":{\"@id\":\"https:\/\/shop.merolution.de\/#website\"},\"datePublished\":\"2020-05-28T09:55:58+00:00\",\"dateModified\":\"2020-05-28T09:55:58+00:00\",\"breadcrumb\":{\"@id\":\"https:\/\/shop.merolution.de\/index.php\/product\/service-ruecknahme-von-anbruchkisten\/#breadcrumb\"},\"inLanguage\":\"de\",\"potentialAction\":[{\"@type\":\"ReadAction\",\"target\":[\"https:\/\/shop.merolution.de\/index.php\/product\/service-ruecknahme-von-anbruchkisten\/\"]}]},{\"@type\":\"BreadcrumbList\",\"@id\":\"https:\/\/shop.merolution.de\/index.php\/product\/service-ruecknahme-von-anbruchkisten\/#breadcrumb\",\"itemListElement\":[{\"@type\":\"ListItem\",\"position\":1,\"name\":\"Home\",\"item\":\"https:\/\/shop.merolution.de\/\"},{\"@type\":\"ListItem\",\"position\":2,\"name\":\"Shop\",\"item\":\"https:\/\/shop.merolution.de\/\"},{\"@type\":\"ListItem\",\"position\":3,\"name\":\"Service R\u00fccknahme von Anbruchkisten\"}]},{\"@type\":\"WebSite\",\"@id\":\"https:\/\/shop.merolution.de\/#website\",\"url\":\"https:\/\/shop.merolution.de\/\",\"name\":\"Getr\u00e4nke Schl\u00fcter Onlineshop\",\"description\":\"Ihr Getr\u00e4nke-Partner in Hannover\",\"potentialAction\":[{\"@type\":\"SearchAction\",\"target\":{\"@type\":\"EntryPoint\",\"urlTemplate\":\"https:\/\/shop.merolution.de\/?s={search_term_string}\"},\"query-input\":\"required name=search_term_string\"}],\"inLanguage\":\"de\"}]}<\/script>\n<!-- \/ Yoast SEO plugin. -->","yoast_head_json":{"title":"Service R\u00fccknahme von Anbruchkisten - Getr\u00e4nke Schl\u00fcter Onlineshop","robots":{"index":"noindex","follow":"follow","max-snippet":"max-snippet:-1","max-image-preview":"max-image-preview:large","max-video-preview":"max-video-preview:-1"},"og_locale":"de_DE","og_type":"article","og_title":"Service R\u00fccknahme von Anbruchkisten - Getr\u00e4nke Schl\u00fcter Onlineshop","og_description":"Diese Geb\u00fchr erm\u00f6glicht Ihnen bei Kommissionslieferungen auch die R\u00fcckgabe von Anbruchkisten mit vollen und leeren Flaschen (\"Einzelflaschenr\u00fccknahme\" in Kisten). Sinnvoll, z.B. wenn Veranstaltungsr\u00e4ume komplett ger\u00e4umt werden m\u00fcssen, ohne dass ein eigenes Transportmittel zur Verf\u00fcgung steht. Ohne diese Geb\u00fchr werden bei Kommissionen die vollen Flaschen in Anbruchkisten nur zum Pfandwert gutgeschrieben. Die Geb\u00fchr ist unabh\u00e4ngig vom Warenumsatz und von der Art der Veranstaltung und wird zus\u00e4tzlich zur Kommissionsgeb\u00fchr berechnet. Dieser Service muss - genau wie die Kommission selbst - vor der Veranstaltung gebucht werden. Eine nachtr\u00e4gliche Buchung oder Erstattung ist nicht m\u00f6glich.","og_url":"https:\/\/shop.merolution.de\/index.php\/product\/service-ruecknahme-von-anbruchkisten\/","og_site_name":"Getr\u00e4nke Schl\u00fcter Onlineshop","twitter_card":"summary_large_image","twitter_misc":{"Gesch\u00e4tzte Lesezeit":"1\u00a0Minute"},"schema":{"@context":"https:\/\/schema.org","@graph":[{"@type":"WebPage","@id":"https:\/\/shop.merolution.de\/index.php\/product\/service-ruecknahme-von-anbruchkisten\/","url":"https:\/\/shop.merolution.de\/index.php\/product\/service-ruecknahme-von-anbruchkisten\/","name":"Service R\u00fccknahme von Anbruchkisten - Getr\u00e4nke Schl\u00fcter Onlineshop","isPartOf":{"@id":"https:\/\/shop.merolution.de\/#website"},"datePublished":"2020-05-28T09:55:58+00:00","dateModified":"2020-05-28T09:55:58+00:00","breadcrumb":{"@id":"https:\/\/shop.merolution.de\/index.php\/product\/service-ruecknahme-von-anbruchkisten\/#breadcrumb"},"inLanguage":"de","potentialAction":[{"@type":"ReadAction","target":["https:\/\/shop.merolution.de\/index.php\/product\/service-ruecknahme-von-anbruchkisten\/"]}]},{"@type":"BreadcrumbList","@id":"https:\/\/shop.merolution.de\/index.php\/product\/service-ruecknahme-von-anbruchkisten\/#breadcrumb","itemListElement":[{"@type":"ListItem","position":1,"name":"Home","item":"https:\/\/shop.merolution.de\/"},{"@type":"ListItem","position":2,"name":"Shop","item":"https:\/\/shop.merolution.de\/"},{"@type":"ListItem","position":3,"name":"Service R\u00fccknahme von Anbruchkisten"}]},{"@type":"WebSite","@id":"https:\/\/shop.merolution.de\/#website","url":"https:\/\/shop.merolution.de\/","name":"Getr\u00e4nke Schl\u00fcter Onlineshop","description":"Ihr Getr\u00e4nke-Partner in Hannover","potentialAction":[{"@type":"SearchAction","target":{"@type":"EntryPoint","urlTemplate":"https:\/\/shop.merolution.de\/?s={search_term_string}"},"query-input":"required name=search_term_string"}],"inLanguage":"de"}]}},"_links":{"self":[{"href":"https:\/\/shop.merolution.de\/index.php\/wp-json\/wp\/v2\/product\/1053"}],"collection":[{"href":"https:\/\/shop.merolution.de\/index.php\/wp-json\/wp\/v2\/product"}],"about":[{"href":"https:\/\/shop.merolution.de\/index.php\/wp-json\/wp\/v2\/types\/product"}],"replies":[{"embeddable":true,"href":"https:\/\/shop.merolution.de\/index.php\/wp-json\/wp\/v2\/comments?post=1053"}],"wp:attachment":[{"href":"https:\/\/shop.merolution.de\/index.php\/wp-json\/wp\/v2\/media?parent=1053"}],"wp:term":[{"taxonomy":"product_cat","embeddable":true,"href":"https:\/\/shop.merolution.de\/index.php\/wp-json\/wp\/v2\/product_cat?post=1053"},{"taxonomy":"product_tag","embeddable":true,"href":"https:\/\/shop.merolution.de\/index.php\/wp-json\/wp\/v2\/product_tag?post=1053"}],"curies":[{"name":"wp","href":"https:\/\/api.w.org\/{rel}","templated":true}]}}