{"id":1056,"date":"2020-05-28T09:55:58","date_gmt":"2020-05-28T09:55:58","guid":{"rendered":"https:\/\/shop.merolution.de\/index.php\/product\/leergestell-bierflaschen-20-050-lieferung\/"},"modified":"2020-05-28T09:55:58","modified_gmt":"2020-05-28T09:55:58","slug":"leergestell-bierflaschen-20-050-lieferung","status":"publish","type":"product","link":"https:\/\/shop.merolution.de\/index.php\/product\/leergestell-bierflaschen-20-050-lieferung\/","title":{"rendered":"Leergestell Bierflaschen 20\/0,50 Lieferung"},"content":{"rendered":"<p>leeres Gestell f\u00fcr 20 Bierflaschen 0,5L<\/p>\n","protected":false},"excerpt":{"rendered":"<p>leeres Gestell f\u00fcr 20 Bierflaschen \u00e0 0,5l. &#8212;&#8212;&#8212;&#8212;&#8212;&#8212;&#8212;&#8212;-(bitte mitbestellen, wenn Sie viele leere einzelne Flaschen haben) &#8212;&#8212;&#8212;&#8212;&#8212;&#8212;&#8212;&#8212;&#8212;&#8212;&#8212;&#8212;&#8212;&#8212;&#8212;&#8212;&#8212;&#8212;&#8212;&#8212;&#8212;&#8212;&#8212;&#8212;&#8212;&#8211;Bitte beachten Sie, dass wir die Leergestelle nur anliefern und nicht vor Ort bef\u00fcllen. Wir nehmen aus kostengr\u00fcnden nur in Kisten bereitstehendes, sortiertes Leergut zur\u00fcck. Schlie\u00dflich liefern wir auch nur volle Kisten an :-).<\/p>\n","protected":false},"featured_media":0,"comment_status":"open","ping_status":"closed","template":"","meta":[],"product_cat":[40],"product_tag":[],"yoast_head":"<!-- This site is optimized with the Yoast SEO plugin v19.14 - https:\/\/yoast.com\/wordpress\/plugins\/seo\/ -->\n<title>Leergestell Bierflaschen 20\/0,50 Lieferung - Getr\u00e4nke Schl\u00fcter Onlineshop<\/title>\n<meta name=\"robots\" content=\"noindex, follow, max-snippet:-1, max-image-preview:large, max-video-preview:-1\" \/>\n<meta property=\"og:locale\" content=\"de_DE\" \/>\n<meta property=\"og:type\" content=\"article\" \/>\n<meta property=\"og:title\" content=\"Leergestell Bierflaschen 20\/0,50 Lieferung - Getr\u00e4nke Schl\u00fcter Onlineshop\" \/>\n<meta property=\"og:description\" content=\"leeres Gestell f\u00fcr 20 Bierflaschen \u00e0 0,5l. -------------------------(bitte mitbestellen, wenn Sie viele leere einzelne Flaschen haben) -----------------------------------------------------------------------------Bitte beachten Sie, dass wir die Leergestelle nur anliefern und nicht vor Ort bef\u00fcllen. Wir nehmen aus kostengr\u00fcnden nur in Kisten bereitstehendes, sortiertes Leergut zur\u00fcck. Schlie\u00dflich liefern wir auch nur volle Kisten an :-).\" \/>\n<meta property=\"og:url\" content=\"https:\/\/shop.merolution.de\/index.php\/product\/leergestell-bierflaschen-20-050-lieferung\/\" \/>\n<meta property=\"og:site_name\" content=\"Getr\u00e4nke Schl\u00fcter Onlineshop\" \/>\n<meta name=\"twitter:card\" content=\"summary_large_image\" \/>\n<script type=\"application\/ld+json\" class=\"yoast-schema-graph\">{\"@context\":\"https:\/\/schema.org\",\"@graph\":[{\"@type\":\"WebPage\",\"@id\":\"https:\/\/shop.merolution.de\/index.php\/product\/leergestell-bierflaschen-20-050-lieferung\/\",\"url\":\"https:\/\/shop.merolution.de\/index.php\/product\/leergestell-bierflaschen-20-050-lieferung\/\",\"name\":\"Leergestell Bierflaschen 20\/0,50 Lieferung - Getr\u00e4nke Schl\u00fcter Onlineshop\",\"isPartOf\":{\"@id\":\"https:\/\/shop.merolution.de\/#website\"},\"datePublished\":\"2020-05-28T09:55:58+00:00\",\"dateModified\":\"2020-05-28T09:55:58+00:00\",\"breadcrumb\":{\"@id\":\"https:\/\/shop.merolution.de\/index.php\/product\/leergestell-bierflaschen-20-050-lieferung\/#breadcrumb\"},\"inLanguage\":\"de\",\"potentialAction\":[{\"@type\":\"ReadAction\",\"target\":[\"https:\/\/shop.merolution.de\/index.php\/product\/leergestell-bierflaschen-20-050-lieferung\/\"]}]},{\"@type\":\"BreadcrumbList\",\"@id\":\"https:\/\/shop.merolution.de\/index.php\/product\/leergestell-bierflaschen-20-050-lieferung\/#breadcrumb\",\"itemListElement\":[{\"@type\":\"ListItem\",\"position\":1,\"name\":\"Home\",\"item\":\"https:\/\/shop.merolution.de\/\"},{\"@type\":\"ListItem\",\"position\":2,\"name\":\"Shop\",\"item\":\"https:\/\/shop.merolution.de\/\"},{\"@type\":\"ListItem\",\"position\":3,\"name\":\"Leergestell Bierflaschen 20\/0,50 Lieferung\"}]},{\"@type\":\"WebSite\",\"@id\":\"https:\/\/shop.merolution.de\/#website\",\"url\":\"https:\/\/shop.merolution.de\/\",\"name\":\"Getr\u00e4nke Schl\u00fcter Onlineshop\",\"description\":\"Ihr Getr\u00e4nke-Partner in Hannover\",\"potentialAction\":[{\"@type\":\"SearchAction\",\"target\":{\"@type\":\"EntryPoint\",\"urlTemplate\":\"https:\/\/shop.merolution.de\/?s={search_term_string}\"},\"query-input\":\"required name=search_term_string\"}],\"inLanguage\":\"de\"}]}<\/script>\n<!-- \/ Yoast SEO plugin. -->","yoast_head_json":{"title":"Leergestell Bierflaschen 20\/0,50 Lieferung - Getr\u00e4nke Schl\u00fcter Onlineshop","robots":{"index":"noindex","follow":"follow","max-snippet":"max-snippet:-1","max-image-preview":"max-image-preview:large","max-video-preview":"max-video-preview:-1"},"og_locale":"de_DE","og_type":"article","og_title":"Leergestell Bierflaschen 20\/0,50 Lieferung - Getr\u00e4nke Schl\u00fcter Onlineshop","og_description":"leeres Gestell f\u00fcr 20 Bierflaschen \u00e0 0,5l. -------------------------(bitte mitbestellen, wenn Sie viele leere einzelne Flaschen haben) -----------------------------------------------------------------------------Bitte beachten Sie, dass wir die Leergestelle nur anliefern und nicht vor Ort bef\u00fcllen. Wir nehmen aus kostengr\u00fcnden nur in Kisten bereitstehendes, sortiertes Leergut zur\u00fcck. Schlie\u00dflich liefern wir auch nur volle Kisten an :-).","og_url":"https:\/\/shop.merolution.de\/index.php\/product\/leergestell-bierflaschen-20-050-lieferung\/","og_site_name":"Getr\u00e4nke Schl\u00fcter Onlineshop","twitter_card":"summary_large_image","schema":{"@context":"https:\/\/schema.org","@graph":[{"@type":"WebPage","@id":"https:\/\/shop.merolution.de\/index.php\/product\/leergestell-bierflaschen-20-050-lieferung\/","url":"https:\/\/shop.merolution.de\/index.php\/product\/leergestell-bierflaschen-20-050-lieferung\/","name":"Leergestell Bierflaschen 20\/0,50 Lieferung - Getr\u00e4nke Schl\u00fcter Onlineshop","isPartOf":{"@id":"https:\/\/shop.merolution.de\/#website"},"datePublished":"2020-05-28T09:55:58+00:00","dateModified":"2020-05-28T09:55:58+00:00","breadcrumb":{"@id":"https:\/\/shop.merolution.de\/index.php\/product\/leergestell-bierflaschen-20-050-lieferung\/#breadcrumb"},"inLanguage":"de","potentialAction":[{"@type":"ReadAction","target":["https:\/\/shop.merolution.de\/index.php\/product\/leergestell-bierflaschen-20-050-lieferung\/"]}]},{"@type":"BreadcrumbList","@id":"https:\/\/shop.merolution.de\/index.php\/product\/leergestell-bierflaschen-20-050-lieferung\/#breadcrumb","itemListElement":[{"@type":"ListItem","position":1,"name":"Home","item":"https:\/\/shop.merolution.de\/"},{"@type":"ListItem","position":2,"name":"Shop","item":"https:\/\/shop.merolution.de\/"},{"@type":"ListItem","position":3,"name":"Leergestell Bierflaschen 20\/0,50 Lieferung"}]},{"@type":"WebSite","@id":"https:\/\/shop.merolution.de\/#website","url":"https:\/\/shop.merolution.de\/","name":"Getr\u00e4nke Schl\u00fcter Onlineshop","description":"Ihr Getr\u00e4nke-Partner in Hannover","potentialAction":[{"@type":"SearchAction","target":{"@type":"EntryPoint","urlTemplate":"https:\/\/shop.merolution.de\/?s={search_term_string}"},"query-input":"required name=search_term_string"}],"inLanguage":"de"}]}},"_links":{"self":[{"href":"https:\/\/shop.merolution.de\/index.php\/wp-json\/wp\/v2\/product\/1056"}],"collection":[{"href":"https:\/\/shop.merolution.de\/index.php\/wp-json\/wp\/v2\/product"}],"about":[{"href":"https:\/\/shop.merolution.de\/index.php\/wp-json\/wp\/v2\/types\/product"}],"replies":[{"embeddable":true,"href":"https:\/\/shop.merolution.de\/index.php\/wp-json\/wp\/v2\/comments?post=1056"}],"wp:attachment":[{"href":"https:\/\/shop.merolution.de\/index.php\/wp-json\/wp\/v2\/media?parent=1056"}],"wp:term":[{"taxonomy":"product_cat","embeddable":true,"href":"https:\/\/shop.merolution.de\/index.php\/wp-json\/wp\/v2\/product_cat?post=1056"},{"taxonomy":"product_tag","embeddable":true,"href":"https:\/\/shop.merolution.de\/index.php\/wp-json\/wp\/v2\/product_tag?post=1056"}],"curies":[{"name":"wp","href":"https:\/\/api.w.org\/{rel}","templated":true}]}}