{"id":1087,"date":"2020-05-28T09:56:03","date_gmt":"2020-05-28T09:56:03","guid":{"rendered":"https:\/\/shop.merolution.de\/index.php\/product\/herrenhaeuser-ice-beer-24x033\/"},"modified":"2020-05-28T09:56:03","modified_gmt":"2020-05-28T09:56:03","slug":"herrenhaeuser-ice-beer-24x033","status":"publish","type":"product","link":"https:\/\/shop.merolution.de\/index.php\/product\/herrenhaeuser-ice-beer-24x033\/","title":{"rendered":"Herrenh\u00e4user ICE BEER 24&#215;0,33"},"content":{"rendered":"<p>24\/0,33 &#8211; Herrenh\u00e4user Ice Bier &#8211; Das unterg\u00e4rige Lagerbier zeichnet sich durch seine besonders milde Hopfennote und seinen hohen Verg\u00e4rungsgrad aus. Verwendet wird ausgesuchter Aromahopfen aus der Hallertau. Das Bier hat eine helle Farbe und ist durch seinen schlanken K\u00f6rper der ideale Durstl\u00f6scher gerade an sommerlichen Tagen. Durch eine besonders kalte Reifung, knapp am Gefrierpunkt werden die Bitterstoffe des Bieres auf nat\u00fcrliche Art herausgefiltert. Dadurch entsteht der besonders milde Geschmack, mit wenig Bitternis aber entsprechend h\u00f6herem Anteil an Hopfenaroma &#8211; 4,8vol% &#8211; \u0080 3,42 Pfand<\/p>\n","protected":false},"excerpt":{"rendered":"<p>24\/0,33 &#8211; Herrenh\u00e4user Ice Bier &#8211; Das unterg\u00e4rige Lagerbier zeichnet sich durch seine besonders milde Hopfennote und seinen hohen Verg\u00e4rungsgrad aus. Verwendet wird ausgesuchter Aromahopfen aus der Hallertau. Das Bier hat eine helle Farbe und ist durch seinen schlanken K\u00f6rper der ideale Durstl\u00f6scher gerade an sommerlichen Tagen. Durch eine besonders kalte Reifung, knapp am Gefrierpunkt werden die Bitterstoffe des Bieres auf nat\u00fcrliche Art herausgefiltert. Dadurch entsteht der besonders milde Geschmack, mit wenig Bitternis aber entsprechend h\u00f6herem Anteil an Hopfenaroma &#8211; 4,8vol% &#8211; \u0080 3,42 Pfand<\/p>\n","protected":false},"featured_media":1088,"comment_status":"open","ping_status":"closed","template":"","meta":[],"product_cat":[43],"product_tag":[],"yoast_head":"<!-- This site is optimized with the Yoast SEO plugin v19.14 - https:\/\/yoast.com\/wordpress\/plugins\/seo\/ -->\n<title>Herrenh\u00e4user ICE BEER 24x0,33 - Getr\u00e4nke Schl\u00fcter Onlineshop<\/title>\n<meta name=\"robots\" content=\"noindex, follow, max-snippet:-1, max-image-preview:large, max-video-preview:-1\" \/>\n<meta property=\"og:locale\" content=\"de_DE\" \/>\n<meta property=\"og:type\" content=\"article\" \/>\n<meta property=\"og:title\" content=\"Herrenh\u00e4user ICE BEER 24x0,33 - Getr\u00e4nke Schl\u00fcter Onlineshop\" \/>\n<meta property=\"og:description\" content=\"24\/0,33 - Herrenh\u00e4user Ice Bier - Das unterg\u00e4rige Lagerbier zeichnet sich durch seine besonders milde Hopfennote und seinen hohen Verg\u00e4rungsgrad aus. Verwendet wird ausgesuchter Aromahopfen aus der Hallertau. Das Bier hat eine helle Farbe und ist durch seinen schlanken K\u00f6rper der ideale Durstl\u00f6scher gerade an sommerlichen Tagen. Durch eine besonders kalte Reifung, knapp am Gefrierpunkt werden die Bitterstoffe des Bieres auf nat\u00fcrliche Art herausgefiltert. Dadurch entsteht der besonders milde Geschmack, mit wenig Bitternis aber entsprechend h\u00f6herem Anteil an Hopfenaroma - 4,8vol% - \u0080 3,42 Pfand\" \/>\n<meta property=\"og:url\" content=\"https:\/\/shop.merolution.de\/index.php\/product\/herrenhaeuser-ice-beer-24x033\/\" \/>\n<meta property=\"og:site_name\" content=\"Getr\u00e4nke Schl\u00fcter Onlineshop\" \/>\n<meta property=\"og:image\" content=\"https:\/\/shop.merolution.de\/wp-content\/uploads\/2020\/05\/herrenhaeuser-icebeer-800px.png\" \/>\n\t<meta property=\"og:image:width\" content=\"150\" \/>\n\t<meta property=\"og:image:height\" content=\"150\" \/>\n\t<meta property=\"og:image:type\" content=\"image\/png\" \/>\n<meta name=\"twitter:card\" content=\"summary_large_image\" \/>\n<script type=\"application\/ld+json\" class=\"yoast-schema-graph\">{\"@context\":\"https:\/\/schema.org\",\"@graph\":[{\"@type\":\"WebPage\",\"@id\":\"https:\/\/shop.merolution.de\/index.php\/product\/herrenhaeuser-ice-beer-24x033\/\",\"url\":\"https:\/\/shop.merolution.de\/index.php\/product\/herrenhaeuser-ice-beer-24x033\/\",\"name\":\"Herrenh\u00e4user ICE BEER 24x0,33 - Getr\u00e4nke Schl\u00fcter Onlineshop\",\"isPartOf\":{\"@id\":\"https:\/\/shop.merolution.de\/#website\"},\"datePublished\":\"2020-05-28T09:56:03+00:00\",\"dateModified\":\"2020-05-28T09:56:03+00:00\",\"breadcrumb\":{\"@id\":\"https:\/\/shop.merolution.de\/index.php\/product\/herrenhaeuser-ice-beer-24x033\/#breadcrumb\"},\"inLanguage\":\"de\",\"potentialAction\":[{\"@type\":\"ReadAction\",\"target\":[\"https:\/\/shop.merolution.de\/index.php\/product\/herrenhaeuser-ice-beer-24x033\/\"]}]},{\"@type\":\"BreadcrumbList\",\"@id\":\"https:\/\/shop.merolution.de\/index.php\/product\/herrenhaeuser-ice-beer-24x033\/#breadcrumb\",\"itemListElement\":[{\"@type\":\"ListItem\",\"position\":1,\"name\":\"Home\",\"item\":\"https:\/\/shop.merolution.de\/\"},{\"@type\":\"ListItem\",\"position\":2,\"name\":\"Shop\",\"item\":\"https:\/\/shop.merolution.de\/\"},{\"@type\":\"ListItem\",\"position\":3,\"name\":\"Herrenh\u00e4user ICE BEER 24&#215;0,33\"}]},{\"@type\":\"WebSite\",\"@id\":\"https:\/\/shop.merolution.de\/#website\",\"url\":\"https:\/\/shop.merolution.de\/\",\"name\":\"Getr\u00e4nke Schl\u00fcter Onlineshop\",\"description\":\"Ihr Getr\u00e4nke-Partner in Hannover\",\"potentialAction\":[{\"@type\":\"SearchAction\",\"target\":{\"@type\":\"EntryPoint\",\"urlTemplate\":\"https:\/\/shop.merolution.de\/?s={search_term_string}\"},\"query-input\":\"required name=search_term_string\"}],\"inLanguage\":\"de\"}]}<\/script>\n<!-- \/ Yoast SEO plugin. -->","yoast_head_json":{"title":"Herrenh\u00e4user ICE BEER 24x0,33 - Getr\u00e4nke Schl\u00fcter Onlineshop","robots":{"index":"noindex","follow":"follow","max-snippet":"max-snippet:-1","max-image-preview":"max-image-preview:large","max-video-preview":"max-video-preview:-1"},"og_locale":"de_DE","og_type":"article","og_title":"Herrenh\u00e4user ICE BEER 24x0,33 - Getr\u00e4nke Schl\u00fcter Onlineshop","og_description":"24\/0,33 - Herrenh\u00e4user Ice Bier - Das unterg\u00e4rige Lagerbier zeichnet sich durch seine besonders milde Hopfennote und seinen hohen Verg\u00e4rungsgrad aus. Verwendet wird ausgesuchter Aromahopfen aus der Hallertau. Das Bier hat eine helle Farbe und ist durch seinen schlanken K\u00f6rper der ideale Durstl\u00f6scher gerade an sommerlichen Tagen. Durch eine besonders kalte Reifung, knapp am Gefrierpunkt werden die Bitterstoffe des Bieres auf nat\u00fcrliche Art herausgefiltert. Dadurch entsteht der besonders milde Geschmack, mit wenig Bitternis aber entsprechend h\u00f6herem Anteil an Hopfenaroma - 4,8vol% - \u0080 3,42 Pfand","og_url":"https:\/\/shop.merolution.de\/index.php\/product\/herrenhaeuser-ice-beer-24x033\/","og_site_name":"Getr\u00e4nke Schl\u00fcter Onlineshop","og_image":[{"width":150,"height":150,"url":"https:\/\/shop.merolution.de\/wp-content\/uploads\/2020\/05\/herrenhaeuser-icebeer-800px.png","type":"image\/png"}],"twitter_card":"summary_large_image","schema":{"@context":"https:\/\/schema.org","@graph":[{"@type":"WebPage","@id":"https:\/\/shop.merolution.de\/index.php\/product\/herrenhaeuser-ice-beer-24x033\/","url":"https:\/\/shop.merolution.de\/index.php\/product\/herrenhaeuser-ice-beer-24x033\/","name":"Herrenh\u00e4user ICE BEER 24x0,33 - Getr\u00e4nke Schl\u00fcter Onlineshop","isPartOf":{"@id":"https:\/\/shop.merolution.de\/#website"},"datePublished":"2020-05-28T09:56:03+00:00","dateModified":"2020-05-28T09:56:03+00:00","breadcrumb":{"@id":"https:\/\/shop.merolution.de\/index.php\/product\/herrenhaeuser-ice-beer-24x033\/#breadcrumb"},"inLanguage":"de","potentialAction":[{"@type":"ReadAction","target":["https:\/\/shop.merolution.de\/index.php\/product\/herrenhaeuser-ice-beer-24x033\/"]}]},{"@type":"BreadcrumbList","@id":"https:\/\/shop.merolution.de\/index.php\/product\/herrenhaeuser-ice-beer-24x033\/#breadcrumb","itemListElement":[{"@type":"ListItem","position":1,"name":"Home","item":"https:\/\/shop.merolution.de\/"},{"@type":"ListItem","position":2,"name":"Shop","item":"https:\/\/shop.merolution.de\/"},{"@type":"ListItem","position":3,"name":"Herrenh\u00e4user ICE BEER 24&#215;0,33"}]},{"@type":"WebSite","@id":"https:\/\/shop.merolution.de\/#website","url":"https:\/\/shop.merolution.de\/","name":"Getr\u00e4nke Schl\u00fcter Onlineshop","description":"Ihr Getr\u00e4nke-Partner in Hannover","potentialAction":[{"@type":"SearchAction","target":{"@type":"EntryPoint","urlTemplate":"https:\/\/shop.merolution.de\/?s={search_term_string}"},"query-input":"required name=search_term_string"}],"inLanguage":"de"}]}},"_links":{"self":[{"href":"https:\/\/shop.merolution.de\/index.php\/wp-json\/wp\/v2\/product\/1087"}],"collection":[{"href":"https:\/\/shop.merolution.de\/index.php\/wp-json\/wp\/v2\/product"}],"about":[{"href":"https:\/\/shop.merolution.de\/index.php\/wp-json\/wp\/v2\/types\/product"}],"replies":[{"embeddable":true,"href":"https:\/\/shop.merolution.de\/index.php\/wp-json\/wp\/v2\/comments?post=1087"}],"wp:featuredmedia":[{"embeddable":true,"href":"https:\/\/shop.merolution.de\/index.php\/wp-json\/wp\/v2\/media\/1088"}],"wp:attachment":[{"href":"https:\/\/shop.merolution.de\/index.php\/wp-json\/wp\/v2\/media?parent=1087"}],"wp:term":[{"taxonomy":"product_cat","embeddable":true,"href":"https:\/\/shop.merolution.de\/index.php\/wp-json\/wp\/v2\/product_cat?post=1087"},{"taxonomy":"product_tag","embeddable":true,"href":"https:\/\/shop.merolution.de\/index.php\/wp-json\/wp\/v2\/product_tag?post=1087"}],"curies":[{"name":"wp","href":"https:\/\/api.w.org\/{rel}","templated":true}]}}