{"id":1089,"date":"2020-05-28T09:56:03","date_gmt":"2020-05-28T09:56:03","guid":{"rendered":"https:\/\/shop.merolution.de\/index.php\/product\/herrenhaeuser-luettje-lagen-bier-20x050\/"},"modified":"2020-05-28T09:56:03","modified_gmt":"2020-05-28T09:56:03","slug":"herrenhaeuser-luettje-lagen-bier-20x050","status":"publish","type":"product","link":"https:\/\/shop.merolution.de\/index.php\/product\/herrenhaeuser-luettje-lagen-bier-20x050\/","title":{"rendered":"Herrenh\u00e4user L\u00fcttje Lagen Bier 20&#215;0,50"},"content":{"rendered":"<p>20\/0,50 &#8211; Original Herrenh\u00e4user L\u00fcttje Lage Bier &#8211; die hann\u00f6versche Spezialit\u00e4t &#8211; Diese Bierart gibt es nur in Hannover &#8211; Traditionell als L\u00fcttje Lage, also zusammen mit Korn getrunken, kann dieses Bier auch solo \u00fcberzeugen. Ausgewogen malzaromatisch mit leichter Kirschnote, dunkel mit sanftem Rotschimmer ist unser L\u00fcttje Lagenbier DAS hannoversche Traditionsbier &#8211; Spezialit\u00e4t mit 2,5vol% Alkohol &#8211; Pfand: \u0080 3,10<\/p>\n","protected":false},"excerpt":{"rendered":"<p>20\/0,50 &#8211; Original Herrenh\u00e4user L\u00fcttje Lage Bier &#8211; die hann\u00f6versche Spezialit\u00e4t &#8211; &#8222;Echt Herry f\u00fcr Kenner&#8220; &#8211; Diese Bierart gibt es nur in Hannover &#8211; Traditionell als L\u00fcttje Lage, also zusammen mit Korn getrunken, kann dieses Bier auch solo \u00fcberzeugen. Ausgewogen malzaromatisch mit leichter Kirschnote, dunkel mit sanftem Rotschimmer ist unser L\u00fcttje Lagenbier DAS hannoversche Traditionsbier &#8211; Spezialit\u00e4t mit 2,5vol% Alkohol &#8211; Pfand: \u0080 3,10<\/p>\n","protected":false},"featured_media":1090,"comment_status":"open","ping_status":"closed","template":"","meta":[],"product_cat":[43],"product_tag":[],"yoast_head":"<!-- This site is optimized with the Yoast SEO plugin v19.14 - https:\/\/yoast.com\/wordpress\/plugins\/seo\/ -->\n<title>Herrenh\u00e4user L\u00fcttje Lagen Bier 20x0,50 - Getr\u00e4nke Schl\u00fcter Onlineshop<\/title>\n<meta name=\"robots\" content=\"noindex, follow, max-snippet:-1, max-image-preview:large, max-video-preview:-1\" \/>\n<meta property=\"og:locale\" content=\"de_DE\" \/>\n<meta property=\"og:type\" content=\"article\" \/>\n<meta property=\"og:title\" content=\"Herrenh\u00e4user L\u00fcttje Lagen Bier 20x0,50 - Getr\u00e4nke Schl\u00fcter Onlineshop\" \/>\n<meta property=\"og:description\" content=\"20\/0,50 - Original Herrenh\u00e4user L\u00fcttje Lage Bier - die hann\u00f6versche Spezialit\u00e4t - &quot;Echt Herry f\u00fcr Kenner&quot; - Diese Bierart gibt es nur in Hannover - Traditionell als L\u00fcttje Lage, also zusammen mit Korn getrunken, kann dieses Bier auch solo \u00fcberzeugen. Ausgewogen malzaromatisch mit leichter Kirschnote, dunkel mit sanftem Rotschimmer ist unser L\u00fcttje Lagenbier DAS hannoversche Traditionsbier - Spezialit\u00e4t mit 2,5vol% Alkohol - Pfand: \u0080 3,10\" \/>\n<meta property=\"og:url\" content=\"https:\/\/shop.merolution.de\/index.php\/product\/herrenhaeuser-luettje-lagen-bier-20x050\/\" \/>\n<meta property=\"og:site_name\" content=\"Getr\u00e4nke Schl\u00fcter Onlineshop\" \/>\n<meta property=\"og:image\" content=\"https:\/\/shop.merolution.de\/wp-content\/uploads\/2020\/05\/herrenhaeuser-luettje_lagen-800px.png\" \/>\n\t<meta property=\"og:image:width\" content=\"150\" \/>\n\t<meta property=\"og:image:height\" content=\"150\" \/>\n\t<meta property=\"og:image:type\" content=\"image\/png\" \/>\n<meta name=\"twitter:card\" content=\"summary_large_image\" \/>\n<script type=\"application\/ld+json\" class=\"yoast-schema-graph\">{\"@context\":\"https:\/\/schema.org\",\"@graph\":[{\"@type\":\"WebPage\",\"@id\":\"https:\/\/shop.merolution.de\/index.php\/product\/herrenhaeuser-luettje-lagen-bier-20x050\/\",\"url\":\"https:\/\/shop.merolution.de\/index.php\/product\/herrenhaeuser-luettje-lagen-bier-20x050\/\",\"name\":\"Herrenh\u00e4user L\u00fcttje Lagen Bier 20x0,50 - Getr\u00e4nke Schl\u00fcter Onlineshop\",\"isPartOf\":{\"@id\":\"https:\/\/shop.merolution.de\/#website\"},\"datePublished\":\"2020-05-28T09:56:03+00:00\",\"dateModified\":\"2020-05-28T09:56:03+00:00\",\"breadcrumb\":{\"@id\":\"https:\/\/shop.merolution.de\/index.php\/product\/herrenhaeuser-luettje-lagen-bier-20x050\/#breadcrumb\"},\"inLanguage\":\"de\",\"potentialAction\":[{\"@type\":\"ReadAction\",\"target\":[\"https:\/\/shop.merolution.de\/index.php\/product\/herrenhaeuser-luettje-lagen-bier-20x050\/\"]}]},{\"@type\":\"BreadcrumbList\",\"@id\":\"https:\/\/shop.merolution.de\/index.php\/product\/herrenhaeuser-luettje-lagen-bier-20x050\/#breadcrumb\",\"itemListElement\":[{\"@type\":\"ListItem\",\"position\":1,\"name\":\"Home\",\"item\":\"https:\/\/shop.merolution.de\/\"},{\"@type\":\"ListItem\",\"position\":2,\"name\":\"Shop\",\"item\":\"https:\/\/shop.merolution.de\/\"},{\"@type\":\"ListItem\",\"position\":3,\"name\":\"Herrenh\u00e4user L\u00fcttje Lagen Bier 20&#215;0,50\"}]},{\"@type\":\"WebSite\",\"@id\":\"https:\/\/shop.merolution.de\/#website\",\"url\":\"https:\/\/shop.merolution.de\/\",\"name\":\"Getr\u00e4nke Schl\u00fcter Onlineshop\",\"description\":\"Ihr Getr\u00e4nke-Partner in Hannover\",\"potentialAction\":[{\"@type\":\"SearchAction\",\"target\":{\"@type\":\"EntryPoint\",\"urlTemplate\":\"https:\/\/shop.merolution.de\/?s={search_term_string}\"},\"query-input\":\"required name=search_term_string\"}],\"inLanguage\":\"de\"}]}<\/script>\n<!-- \/ Yoast SEO plugin. -->","yoast_head_json":{"title":"Herrenh\u00e4user L\u00fcttje Lagen Bier 20x0,50 - Getr\u00e4nke Schl\u00fcter Onlineshop","robots":{"index":"noindex","follow":"follow","max-snippet":"max-snippet:-1","max-image-preview":"max-image-preview:large","max-video-preview":"max-video-preview:-1"},"og_locale":"de_DE","og_type":"article","og_title":"Herrenh\u00e4user L\u00fcttje Lagen Bier 20x0,50 - Getr\u00e4nke Schl\u00fcter Onlineshop","og_description":"20\/0,50 - Original Herrenh\u00e4user L\u00fcttje Lage Bier - die hann\u00f6versche Spezialit\u00e4t - \"Echt Herry f\u00fcr Kenner\" - Diese Bierart gibt es nur in Hannover - Traditionell als L\u00fcttje Lage, also zusammen mit Korn getrunken, kann dieses Bier auch solo \u00fcberzeugen. Ausgewogen malzaromatisch mit leichter Kirschnote, dunkel mit sanftem Rotschimmer ist unser L\u00fcttje Lagenbier DAS hannoversche Traditionsbier - Spezialit\u00e4t mit 2,5vol% Alkohol - Pfand: \u0080 3,10","og_url":"https:\/\/shop.merolution.de\/index.php\/product\/herrenhaeuser-luettje-lagen-bier-20x050\/","og_site_name":"Getr\u00e4nke Schl\u00fcter Onlineshop","og_image":[{"width":150,"height":150,"url":"https:\/\/shop.merolution.de\/wp-content\/uploads\/2020\/05\/herrenhaeuser-luettje_lagen-800px.png","type":"image\/png"}],"twitter_card":"summary_large_image","schema":{"@context":"https:\/\/schema.org","@graph":[{"@type":"WebPage","@id":"https:\/\/shop.merolution.de\/index.php\/product\/herrenhaeuser-luettje-lagen-bier-20x050\/","url":"https:\/\/shop.merolution.de\/index.php\/product\/herrenhaeuser-luettje-lagen-bier-20x050\/","name":"Herrenh\u00e4user L\u00fcttje Lagen Bier 20x0,50 - Getr\u00e4nke Schl\u00fcter Onlineshop","isPartOf":{"@id":"https:\/\/shop.merolution.de\/#website"},"datePublished":"2020-05-28T09:56:03+00:00","dateModified":"2020-05-28T09:56:03+00:00","breadcrumb":{"@id":"https:\/\/shop.merolution.de\/index.php\/product\/herrenhaeuser-luettje-lagen-bier-20x050\/#breadcrumb"},"inLanguage":"de","potentialAction":[{"@type":"ReadAction","target":["https:\/\/shop.merolution.de\/index.php\/product\/herrenhaeuser-luettje-lagen-bier-20x050\/"]}]},{"@type":"BreadcrumbList","@id":"https:\/\/shop.merolution.de\/index.php\/product\/herrenhaeuser-luettje-lagen-bier-20x050\/#breadcrumb","itemListElement":[{"@type":"ListItem","position":1,"name":"Home","item":"https:\/\/shop.merolution.de\/"},{"@type":"ListItem","position":2,"name":"Shop","item":"https:\/\/shop.merolution.de\/"},{"@type":"ListItem","position":3,"name":"Herrenh\u00e4user L\u00fcttje Lagen Bier 20&#215;0,50"}]},{"@type":"WebSite","@id":"https:\/\/shop.merolution.de\/#website","url":"https:\/\/shop.merolution.de\/","name":"Getr\u00e4nke Schl\u00fcter Onlineshop","description":"Ihr Getr\u00e4nke-Partner in Hannover","potentialAction":[{"@type":"SearchAction","target":{"@type":"EntryPoint","urlTemplate":"https:\/\/shop.merolution.de\/?s={search_term_string}"},"query-input":"required name=search_term_string"}],"inLanguage":"de"}]}},"_links":{"self":[{"href":"https:\/\/shop.merolution.de\/index.php\/wp-json\/wp\/v2\/product\/1089"}],"collection":[{"href":"https:\/\/shop.merolution.de\/index.php\/wp-json\/wp\/v2\/product"}],"about":[{"href":"https:\/\/shop.merolution.de\/index.php\/wp-json\/wp\/v2\/types\/product"}],"replies":[{"embeddable":true,"href":"https:\/\/shop.merolution.de\/index.php\/wp-json\/wp\/v2\/comments?post=1089"}],"wp:featuredmedia":[{"embeddable":true,"href":"https:\/\/shop.merolution.de\/index.php\/wp-json\/wp\/v2\/media\/1090"}],"wp:attachment":[{"href":"https:\/\/shop.merolution.de\/index.php\/wp-json\/wp\/v2\/media?parent=1089"}],"wp:term":[{"taxonomy":"product_cat","embeddable":true,"href":"https:\/\/shop.merolution.de\/index.php\/wp-json\/wp\/v2\/product_cat?post=1089"},{"taxonomy":"product_tag","embeddable":true,"href":"https:\/\/shop.merolution.de\/index.php\/wp-json\/wp\/v2\/product_tag?post=1089"}],"curies":[{"name":"wp","href":"https:\/\/api.w.org\/{rel}","templated":true}]}}