{"id":1104,"date":"2020-05-28T09:56:05","date_gmt":"2020-05-28T09:56:05","guid":{"rendered":"https:\/\/shop.merolution.de\/index.php\/product\/sinalco-02-cola-gastro\/"},"modified":"2020-05-28T09:56:05","modified_gmt":"2020-05-28T09:56:05","slug":"sinalco-02-cola-gastro","status":"publish","type":"product","link":"https:\/\/shop.merolution.de\/index.php\/product\/sinalco-02-cola-gastro\/","title":{"rendered":"Sinalco 0,2 Cola Gastro **"},"content":{"rendered":"<p>24\/0,20 &#8211; Koffeinhaltige Limonade &#8211; Glas Mehrweg &#8211; Kronkorken &#8211; \u0080 5,10 Pfand &#8211; Inhalt: Nat\u00fcrliches Mineralwasser, Zucker, Kohlens\u00e4ure, Farbstoff E150d, S\u00e4uerungsmittel E338 und E330, Aroma Koffein, nat\u00fcrliches Aroma<\/p>\n","protected":false},"excerpt":{"rendered":"<p>24\/0,20 &#8211; Koffeinhaltige Limonade &#8211; Glas Mehrweg &#8211; Kronkorken &#8211; \u0080 5,10 Pfand<\/p>\n","protected":false},"featured_media":0,"comment_status":"open","ping_status":"closed","template":"","meta":[],"product_cat":[44],"product_tag":[],"yoast_head":"<!-- This site is optimized with the Yoast SEO plugin v19.14 - https:\/\/yoast.com\/wordpress\/plugins\/seo\/ -->\n<title>Sinalco 0,2 Cola Gastro ** - Getr\u00e4nke Schl\u00fcter Onlineshop<\/title>\n<meta name=\"robots\" content=\"noindex, follow, max-snippet:-1, max-image-preview:large, max-video-preview:-1\" \/>\n<meta property=\"og:locale\" content=\"de_DE\" \/>\n<meta property=\"og:type\" content=\"article\" \/>\n<meta property=\"og:title\" content=\"Sinalco 0,2 Cola Gastro ** - Getr\u00e4nke Schl\u00fcter Onlineshop\" \/>\n<meta property=\"og:description\" content=\"24\/0,20 - Koffeinhaltige Limonade - Glas Mehrweg - Kronkorken - \u0080 5,10 Pfand\" \/>\n<meta property=\"og:url\" content=\"https:\/\/shop.merolution.de\/index.php\/product\/sinalco-02-cola-gastro\/\" \/>\n<meta property=\"og:site_name\" content=\"Getr\u00e4nke Schl\u00fcter Onlineshop\" \/>\n<meta name=\"twitter:card\" content=\"summary_large_image\" \/>\n<script type=\"application\/ld+json\" class=\"yoast-schema-graph\">{\"@context\":\"https:\/\/schema.org\",\"@graph\":[{\"@type\":\"WebPage\",\"@id\":\"https:\/\/shop.merolution.de\/index.php\/product\/sinalco-02-cola-gastro\/\",\"url\":\"https:\/\/shop.merolution.de\/index.php\/product\/sinalco-02-cola-gastro\/\",\"name\":\"Sinalco 0,2 Cola Gastro ** - Getr\u00e4nke Schl\u00fcter Onlineshop\",\"isPartOf\":{\"@id\":\"https:\/\/shop.merolution.de\/#website\"},\"datePublished\":\"2020-05-28T09:56:05+00:00\",\"dateModified\":\"2020-05-28T09:56:05+00:00\",\"breadcrumb\":{\"@id\":\"https:\/\/shop.merolution.de\/index.php\/product\/sinalco-02-cola-gastro\/#breadcrumb\"},\"inLanguage\":\"de\",\"potentialAction\":[{\"@type\":\"ReadAction\",\"target\":[\"https:\/\/shop.merolution.de\/index.php\/product\/sinalco-02-cola-gastro\/\"]}]},{\"@type\":\"BreadcrumbList\",\"@id\":\"https:\/\/shop.merolution.de\/index.php\/product\/sinalco-02-cola-gastro\/#breadcrumb\",\"itemListElement\":[{\"@type\":\"ListItem\",\"position\":1,\"name\":\"Home\",\"item\":\"https:\/\/shop.merolution.de\/\"},{\"@type\":\"ListItem\",\"position\":2,\"name\":\"Shop\",\"item\":\"https:\/\/shop.merolution.de\/\"},{\"@type\":\"ListItem\",\"position\":3,\"name\":\"Sinalco 0,2 Cola Gastro **\"}]},{\"@type\":\"WebSite\",\"@id\":\"https:\/\/shop.merolution.de\/#website\",\"url\":\"https:\/\/shop.merolution.de\/\",\"name\":\"Getr\u00e4nke Schl\u00fcter Onlineshop\",\"description\":\"Ihr Getr\u00e4nke-Partner in Hannover\",\"potentialAction\":[{\"@type\":\"SearchAction\",\"target\":{\"@type\":\"EntryPoint\",\"urlTemplate\":\"https:\/\/shop.merolution.de\/?s={search_term_string}\"},\"query-input\":\"required name=search_term_string\"}],\"inLanguage\":\"de\"}]}<\/script>\n<!-- \/ Yoast SEO plugin. -->","yoast_head_json":{"title":"Sinalco 0,2 Cola Gastro ** - Getr\u00e4nke Schl\u00fcter Onlineshop","robots":{"index":"noindex","follow":"follow","max-snippet":"max-snippet:-1","max-image-preview":"max-image-preview:large","max-video-preview":"max-video-preview:-1"},"og_locale":"de_DE","og_type":"article","og_title":"Sinalco 0,2 Cola Gastro ** - Getr\u00e4nke Schl\u00fcter Onlineshop","og_description":"24\/0,20 - Koffeinhaltige Limonade - Glas Mehrweg - Kronkorken - \u0080 5,10 Pfand","og_url":"https:\/\/shop.merolution.de\/index.php\/product\/sinalco-02-cola-gastro\/","og_site_name":"Getr\u00e4nke Schl\u00fcter Onlineshop","twitter_card":"summary_large_image","schema":{"@context":"https:\/\/schema.org","@graph":[{"@type":"WebPage","@id":"https:\/\/shop.merolution.de\/index.php\/product\/sinalco-02-cola-gastro\/","url":"https:\/\/shop.merolution.de\/index.php\/product\/sinalco-02-cola-gastro\/","name":"Sinalco 0,2 Cola Gastro ** - Getr\u00e4nke Schl\u00fcter Onlineshop","isPartOf":{"@id":"https:\/\/shop.merolution.de\/#website"},"datePublished":"2020-05-28T09:56:05+00:00","dateModified":"2020-05-28T09:56:05+00:00","breadcrumb":{"@id":"https:\/\/shop.merolution.de\/index.php\/product\/sinalco-02-cola-gastro\/#breadcrumb"},"inLanguage":"de","potentialAction":[{"@type":"ReadAction","target":["https:\/\/shop.merolution.de\/index.php\/product\/sinalco-02-cola-gastro\/"]}]},{"@type":"BreadcrumbList","@id":"https:\/\/shop.merolution.de\/index.php\/product\/sinalco-02-cola-gastro\/#breadcrumb","itemListElement":[{"@type":"ListItem","position":1,"name":"Home","item":"https:\/\/shop.merolution.de\/"},{"@type":"ListItem","position":2,"name":"Shop","item":"https:\/\/shop.merolution.de\/"},{"@type":"ListItem","position":3,"name":"Sinalco 0,2 Cola Gastro **"}]},{"@type":"WebSite","@id":"https:\/\/shop.merolution.de\/#website","url":"https:\/\/shop.merolution.de\/","name":"Getr\u00e4nke Schl\u00fcter Onlineshop","description":"Ihr Getr\u00e4nke-Partner in Hannover","potentialAction":[{"@type":"SearchAction","target":{"@type":"EntryPoint","urlTemplate":"https:\/\/shop.merolution.de\/?s={search_term_string}"},"query-input":"required name=search_term_string"}],"inLanguage":"de"}]}},"_links":{"self":[{"href":"https:\/\/shop.merolution.de\/index.php\/wp-json\/wp\/v2\/product\/1104"}],"collection":[{"href":"https:\/\/shop.merolution.de\/index.php\/wp-json\/wp\/v2\/product"}],"about":[{"href":"https:\/\/shop.merolution.de\/index.php\/wp-json\/wp\/v2\/types\/product"}],"replies":[{"embeddable":true,"href":"https:\/\/shop.merolution.de\/index.php\/wp-json\/wp\/v2\/comments?post=1104"}],"wp:attachment":[{"href":"https:\/\/shop.merolution.de\/index.php\/wp-json\/wp\/v2\/media?parent=1104"}],"wp:term":[{"taxonomy":"product_cat","embeddable":true,"href":"https:\/\/shop.merolution.de\/index.php\/wp-json\/wp\/v2\/product_cat?post=1104"},{"taxonomy":"product_tag","embeddable":true,"href":"https:\/\/shop.merolution.de\/index.php\/wp-json\/wp\/v2\/product_tag?post=1104"}],"curies":[{"name":"wp","href":"https:\/\/api.w.org\/{rel}","templated":true}]}}