{"id":1107,"date":"2020-05-28T09:56:05","date_gmt":"2020-05-28T09:56:05","guid":{"rendered":"https:\/\/shop.merolution.de\/index.php\/product\/granini-020-schwarzer-johannisbeer-nektar\/"},"modified":"2020-05-28T09:56:05","modified_gmt":"2020-05-28T09:56:05","slug":"granini-020-schwarzer-johannisbeer-nektar","status":"publish","type":"product","link":"https:\/\/shop.merolution.de\/index.php\/product\/granini-020-schwarzer-johannisbeer-nektar\/","title":{"rendered":"Granini 0,20 schwarzer Johannisbeer Nektar"},"content":{"rendered":"<p>24\/0,20 &#8211; Granini schwarzer Johannisbeer-Nektar &#8211; mind. 40% Johannisbeer &#8211; Gastro-\/Konferenzflasche &#8211; Schraubverschluss &#8211; Glas-Mehrweg &#8211; Pfand: \u0080 5,10 (\u0080 0,15\/Flasche)<\/p>\n","protected":false},"excerpt":{"rendered":"<p>24\/0,20 &#8211; Granini schwarzer Johannisbeer-Nektar &#8211; mind. 40% Johannisbeer &#8211; Gastro-\/Konferenzflasche &#8211; Schraubverschluss &#8211; Glas-Mehrweg &#8211; Pfand: \u0080 5,10 (\u0080 0,15\/Flasche)<\/p>\n","protected":false},"featured_media":0,"comment_status":"open","ping_status":"closed","template":"","meta":[],"product_cat":[44],"product_tag":[],"yoast_head":"<!-- This site is optimized with the Yoast SEO plugin v19.14 - https:\/\/yoast.com\/wordpress\/plugins\/seo\/ -->\n<title>Granini 0,20 schwarzer Johannisbeer Nektar - Getr\u00e4nke Schl\u00fcter Onlineshop<\/title>\n<meta name=\"robots\" content=\"noindex, follow, max-snippet:-1, max-image-preview:large, max-video-preview:-1\" \/>\n<meta property=\"og:locale\" content=\"de_DE\" \/>\n<meta property=\"og:type\" content=\"article\" \/>\n<meta property=\"og:title\" content=\"Granini 0,20 schwarzer Johannisbeer Nektar - Getr\u00e4nke Schl\u00fcter Onlineshop\" \/>\n<meta property=\"og:description\" content=\"24\/0,20 - Granini schwarzer Johannisbeer-Nektar - mind. 40% Johannisbeer - Gastro-\/Konferenzflasche - Schraubverschluss - Glas-Mehrweg - Pfand: \u0080 5,10 (\u0080 0,15\/Flasche)\" \/>\n<meta property=\"og:url\" content=\"https:\/\/shop.merolution.de\/index.php\/product\/granini-020-schwarzer-johannisbeer-nektar\/\" \/>\n<meta property=\"og:site_name\" content=\"Getr\u00e4nke Schl\u00fcter Onlineshop\" \/>\n<meta name=\"twitter:card\" content=\"summary_large_image\" \/>\n<script type=\"application\/ld+json\" class=\"yoast-schema-graph\">{\"@context\":\"https:\/\/schema.org\",\"@graph\":[{\"@type\":\"WebPage\",\"@id\":\"https:\/\/shop.merolution.de\/index.php\/product\/granini-020-schwarzer-johannisbeer-nektar\/\",\"url\":\"https:\/\/shop.merolution.de\/index.php\/product\/granini-020-schwarzer-johannisbeer-nektar\/\",\"name\":\"Granini 0,20 schwarzer Johannisbeer Nektar - Getr\u00e4nke Schl\u00fcter Onlineshop\",\"isPartOf\":{\"@id\":\"https:\/\/shop.merolution.de\/#website\"},\"datePublished\":\"2020-05-28T09:56:05+00:00\",\"dateModified\":\"2020-05-28T09:56:05+00:00\",\"breadcrumb\":{\"@id\":\"https:\/\/shop.merolution.de\/index.php\/product\/granini-020-schwarzer-johannisbeer-nektar\/#breadcrumb\"},\"inLanguage\":\"de\",\"potentialAction\":[{\"@type\":\"ReadAction\",\"target\":[\"https:\/\/shop.merolution.de\/index.php\/product\/granini-020-schwarzer-johannisbeer-nektar\/\"]}]},{\"@type\":\"BreadcrumbList\",\"@id\":\"https:\/\/shop.merolution.de\/index.php\/product\/granini-020-schwarzer-johannisbeer-nektar\/#breadcrumb\",\"itemListElement\":[{\"@type\":\"ListItem\",\"position\":1,\"name\":\"Home\",\"item\":\"https:\/\/shop.merolution.de\/\"},{\"@type\":\"ListItem\",\"position\":2,\"name\":\"Shop\",\"item\":\"https:\/\/shop.merolution.de\/\"},{\"@type\":\"ListItem\",\"position\":3,\"name\":\"Granini 0,20 schwarzer Johannisbeer Nektar\"}]},{\"@type\":\"WebSite\",\"@id\":\"https:\/\/shop.merolution.de\/#website\",\"url\":\"https:\/\/shop.merolution.de\/\",\"name\":\"Getr\u00e4nke Schl\u00fcter Onlineshop\",\"description\":\"Ihr Getr\u00e4nke-Partner in Hannover\",\"potentialAction\":[{\"@type\":\"SearchAction\",\"target\":{\"@type\":\"EntryPoint\",\"urlTemplate\":\"https:\/\/shop.merolution.de\/?s={search_term_string}\"},\"query-input\":\"required name=search_term_string\"}],\"inLanguage\":\"de\"}]}<\/script>\n<!-- \/ Yoast SEO plugin. -->","yoast_head_json":{"title":"Granini 0,20 schwarzer Johannisbeer Nektar - Getr\u00e4nke Schl\u00fcter Onlineshop","robots":{"index":"noindex","follow":"follow","max-snippet":"max-snippet:-1","max-image-preview":"max-image-preview:large","max-video-preview":"max-video-preview:-1"},"og_locale":"de_DE","og_type":"article","og_title":"Granini 0,20 schwarzer Johannisbeer Nektar - Getr\u00e4nke Schl\u00fcter Onlineshop","og_description":"24\/0,20 - Granini schwarzer Johannisbeer-Nektar - mind. 40% Johannisbeer - Gastro-\/Konferenzflasche - Schraubverschluss - Glas-Mehrweg - Pfand: \u0080 5,10 (\u0080 0,15\/Flasche)","og_url":"https:\/\/shop.merolution.de\/index.php\/product\/granini-020-schwarzer-johannisbeer-nektar\/","og_site_name":"Getr\u00e4nke Schl\u00fcter Onlineshop","twitter_card":"summary_large_image","schema":{"@context":"https:\/\/schema.org","@graph":[{"@type":"WebPage","@id":"https:\/\/shop.merolution.de\/index.php\/product\/granini-020-schwarzer-johannisbeer-nektar\/","url":"https:\/\/shop.merolution.de\/index.php\/product\/granini-020-schwarzer-johannisbeer-nektar\/","name":"Granini 0,20 schwarzer Johannisbeer Nektar - Getr\u00e4nke Schl\u00fcter Onlineshop","isPartOf":{"@id":"https:\/\/shop.merolution.de\/#website"},"datePublished":"2020-05-28T09:56:05+00:00","dateModified":"2020-05-28T09:56:05+00:00","breadcrumb":{"@id":"https:\/\/shop.merolution.de\/index.php\/product\/granini-020-schwarzer-johannisbeer-nektar\/#breadcrumb"},"inLanguage":"de","potentialAction":[{"@type":"ReadAction","target":["https:\/\/shop.merolution.de\/index.php\/product\/granini-020-schwarzer-johannisbeer-nektar\/"]}]},{"@type":"BreadcrumbList","@id":"https:\/\/shop.merolution.de\/index.php\/product\/granini-020-schwarzer-johannisbeer-nektar\/#breadcrumb","itemListElement":[{"@type":"ListItem","position":1,"name":"Home","item":"https:\/\/shop.merolution.de\/"},{"@type":"ListItem","position":2,"name":"Shop","item":"https:\/\/shop.merolution.de\/"},{"@type":"ListItem","position":3,"name":"Granini 0,20 schwarzer Johannisbeer Nektar"}]},{"@type":"WebSite","@id":"https:\/\/shop.merolution.de\/#website","url":"https:\/\/shop.merolution.de\/","name":"Getr\u00e4nke Schl\u00fcter Onlineshop","description":"Ihr Getr\u00e4nke-Partner in Hannover","potentialAction":[{"@type":"SearchAction","target":{"@type":"EntryPoint","urlTemplate":"https:\/\/shop.merolution.de\/?s={search_term_string}"},"query-input":"required name=search_term_string"}],"inLanguage":"de"}]}},"_links":{"self":[{"href":"https:\/\/shop.merolution.de\/index.php\/wp-json\/wp\/v2\/product\/1107"}],"collection":[{"href":"https:\/\/shop.merolution.de\/index.php\/wp-json\/wp\/v2\/product"}],"about":[{"href":"https:\/\/shop.merolution.de\/index.php\/wp-json\/wp\/v2\/types\/product"}],"replies":[{"embeddable":true,"href":"https:\/\/shop.merolution.de\/index.php\/wp-json\/wp\/v2\/comments?post=1107"}],"wp:attachment":[{"href":"https:\/\/shop.merolution.de\/index.php\/wp-json\/wp\/v2\/media?parent=1107"}],"wp:term":[{"taxonomy":"product_cat","embeddable":true,"href":"https:\/\/shop.merolution.de\/index.php\/wp-json\/wp\/v2\/product_cat?post=1107"},{"taxonomy":"product_tag","embeddable":true,"href":"https:\/\/shop.merolution.de\/index.php\/wp-json\/wp\/v2\/product_tag?post=1107"}],"curies":[{"name":"wp","href":"https:\/\/api.w.org\/{rel}","templated":true}]}}