{"id":1427,"date":"2020-05-28T09:57:04","date_gmt":"2020-05-28T09:57:04","guid":{"rendered":"https:\/\/shop.merolution.de\/index.php\/product\/leihgebuehr-elektrische-bierzapfanlage-2ltg\/"},"modified":"2020-05-28T09:57:04","modified_gmt":"2020-05-28T09:57:04","slug":"leihgebuehr-elektrische-bierzapfanlage-2ltg","status":"publish","type":"product","link":"https:\/\/shop.merolution.de\/index.php\/product\/leihgebuehr-elektrische-bierzapfanlage-2ltg\/","title":{"rendered":"Leihgeb\u00fchr Elektrische Bierzapfanlage 2ltg."},"content":{"rendered":"<p>Geb\u00fchr f\u00fcr 03 Tage. Bierzapfanlage mit Durchlaufk\u00fchler und zwei Zapfh\u00e4hnen. Beeinhaltet Tropfblech, Druckminderer, 2 KEG-Zapfk\u00f6pfe, Kohlens\u00e4ure- und Bierschl\u00e4uche und Betriebsanleitung. Beeinhaltet NICHT: Kohlens\u00e4ure sowie Auf- bzw. Abbau und Anschluss der Anlage.<\/p>\n","protected":false},"excerpt":{"rendered":"<p>Geb\u00fchr f\u00fcr 03 Tage. Bierzapfanlage mit Durchlaufk\u00fchler und zwei Zapfh\u00e4hnen. Beeinhaltet Tropfblech, Druckminderer, 2 KEG-Zapfk\u00f6pfe, Kohlens\u00e4ure- und Bierschl\u00e4uche und Betriebsanleitung. Beeinhaltet NICHT: Kohlens\u00e4ure sowie Auf- bzw. Abbau und Anschluss der Anlage.<\/p>\n","protected":false},"featured_media":1428,"comment_status":"open","ping_status":"closed","template":"","meta":[],"product_cat":[47],"product_tag":[],"yoast_head":"<!-- This site is optimized with the Yoast SEO plugin v19.14 - https:\/\/yoast.com\/wordpress\/plugins\/seo\/ -->\n<title>Leihgeb\u00fchr Elektrische Bierzapfanlage 2ltg. - Getr\u00e4nke Schl\u00fcter Onlineshop<\/title>\n<meta name=\"robots\" content=\"noindex, follow, max-snippet:-1, max-image-preview:large, max-video-preview:-1\" \/>\n<meta property=\"og:locale\" content=\"de_DE\" \/>\n<meta property=\"og:type\" content=\"article\" \/>\n<meta property=\"og:title\" content=\"Leihgeb\u00fchr Elektrische Bierzapfanlage 2ltg. - Getr\u00e4nke Schl\u00fcter Onlineshop\" \/>\n<meta property=\"og:description\" content=\"Geb\u00fchr f\u00fcr 03 Tage. Bierzapfanlage mit Durchlaufk\u00fchler und zwei Zapfh\u00e4hnen. Beeinhaltet Tropfblech, Druckminderer, 2 KEG-Zapfk\u00f6pfe, Kohlens\u00e4ure- und Bierschl\u00e4uche und Betriebsanleitung. Beeinhaltet NICHT: Kohlens\u00e4ure sowie Auf- bzw. Abbau und Anschluss der Anlage.\" \/>\n<meta property=\"og:url\" content=\"https:\/\/shop.merolution.de\/index.php\/product\/leihgebuehr-elektrische-bierzapfanlage-2ltg\/\" \/>\n<meta property=\"og:site_name\" content=\"Getr\u00e4nke Schl\u00fcter Onlineshop\" \/>\n<meta property=\"og:image\" content=\"https:\/\/shop.merolution.de\/wp-content\/uploads\/2020\/05\/proton-65-m-w2-big.jpg\" \/>\n\t<meta property=\"og:image:width\" content=\"150\" \/>\n\t<meta property=\"og:image:height\" content=\"150\" \/>\n\t<meta property=\"og:image:type\" content=\"image\/jpeg\" \/>\n<meta name=\"twitter:card\" content=\"summary_large_image\" \/>\n<script type=\"application\/ld+json\" class=\"yoast-schema-graph\">{\"@context\":\"https:\/\/schema.org\",\"@graph\":[{\"@type\":\"WebPage\",\"@id\":\"https:\/\/shop.merolution.de\/index.php\/product\/leihgebuehr-elektrische-bierzapfanlage-2ltg\/\",\"url\":\"https:\/\/shop.merolution.de\/index.php\/product\/leihgebuehr-elektrische-bierzapfanlage-2ltg\/\",\"name\":\"Leihgeb\u00fchr Elektrische Bierzapfanlage 2ltg. - Getr\u00e4nke Schl\u00fcter Onlineshop\",\"isPartOf\":{\"@id\":\"https:\/\/shop.merolution.de\/#website\"},\"datePublished\":\"2020-05-28T09:57:04+00:00\",\"dateModified\":\"2020-05-28T09:57:04+00:00\",\"breadcrumb\":{\"@id\":\"https:\/\/shop.merolution.de\/index.php\/product\/leihgebuehr-elektrische-bierzapfanlage-2ltg\/#breadcrumb\"},\"inLanguage\":\"de\",\"potentialAction\":[{\"@type\":\"ReadAction\",\"target\":[\"https:\/\/shop.merolution.de\/index.php\/product\/leihgebuehr-elektrische-bierzapfanlage-2ltg\/\"]}]},{\"@type\":\"BreadcrumbList\",\"@id\":\"https:\/\/shop.merolution.de\/index.php\/product\/leihgebuehr-elektrische-bierzapfanlage-2ltg\/#breadcrumb\",\"itemListElement\":[{\"@type\":\"ListItem\",\"position\":1,\"name\":\"Home\",\"item\":\"https:\/\/shop.merolution.de\/\"},{\"@type\":\"ListItem\",\"position\":2,\"name\":\"Shop\",\"item\":\"https:\/\/shop.merolution.de\/\"},{\"@type\":\"ListItem\",\"position\":3,\"name\":\"Leihgeb\u00fchr Elektrische Bierzapfanlage 2ltg.\"}]},{\"@type\":\"WebSite\",\"@id\":\"https:\/\/shop.merolution.de\/#website\",\"url\":\"https:\/\/shop.merolution.de\/\",\"name\":\"Getr\u00e4nke Schl\u00fcter Onlineshop\",\"description\":\"Ihr Getr\u00e4nke-Partner in Hannover\",\"potentialAction\":[{\"@type\":\"SearchAction\",\"target\":{\"@type\":\"EntryPoint\",\"urlTemplate\":\"https:\/\/shop.merolution.de\/?s={search_term_string}\"},\"query-input\":\"required name=search_term_string\"}],\"inLanguage\":\"de\"}]}<\/script>\n<!-- \/ Yoast SEO plugin. -->","yoast_head_json":{"title":"Leihgeb\u00fchr Elektrische Bierzapfanlage 2ltg. - Getr\u00e4nke Schl\u00fcter Onlineshop","robots":{"index":"noindex","follow":"follow","max-snippet":"max-snippet:-1","max-image-preview":"max-image-preview:large","max-video-preview":"max-video-preview:-1"},"og_locale":"de_DE","og_type":"article","og_title":"Leihgeb\u00fchr Elektrische Bierzapfanlage 2ltg. - Getr\u00e4nke Schl\u00fcter Onlineshop","og_description":"Geb\u00fchr f\u00fcr 03 Tage. Bierzapfanlage mit Durchlaufk\u00fchler und zwei Zapfh\u00e4hnen. Beeinhaltet Tropfblech, Druckminderer, 2 KEG-Zapfk\u00f6pfe, Kohlens\u00e4ure- und Bierschl\u00e4uche und Betriebsanleitung. Beeinhaltet NICHT: Kohlens\u00e4ure sowie Auf- bzw. Abbau und Anschluss der Anlage.","og_url":"https:\/\/shop.merolution.de\/index.php\/product\/leihgebuehr-elektrische-bierzapfanlage-2ltg\/","og_site_name":"Getr\u00e4nke Schl\u00fcter Onlineshop","og_image":[{"width":150,"height":150,"url":"https:\/\/shop.merolution.de\/wp-content\/uploads\/2020\/05\/proton-65-m-w2-big.jpg","type":"image\/jpeg"}],"twitter_card":"summary_large_image","schema":{"@context":"https:\/\/schema.org","@graph":[{"@type":"WebPage","@id":"https:\/\/shop.merolution.de\/index.php\/product\/leihgebuehr-elektrische-bierzapfanlage-2ltg\/","url":"https:\/\/shop.merolution.de\/index.php\/product\/leihgebuehr-elektrische-bierzapfanlage-2ltg\/","name":"Leihgeb\u00fchr Elektrische Bierzapfanlage 2ltg. - Getr\u00e4nke Schl\u00fcter Onlineshop","isPartOf":{"@id":"https:\/\/shop.merolution.de\/#website"},"datePublished":"2020-05-28T09:57:04+00:00","dateModified":"2020-05-28T09:57:04+00:00","breadcrumb":{"@id":"https:\/\/shop.merolution.de\/index.php\/product\/leihgebuehr-elektrische-bierzapfanlage-2ltg\/#breadcrumb"},"inLanguage":"de","potentialAction":[{"@type":"ReadAction","target":["https:\/\/shop.merolution.de\/index.php\/product\/leihgebuehr-elektrische-bierzapfanlage-2ltg\/"]}]},{"@type":"BreadcrumbList","@id":"https:\/\/shop.merolution.de\/index.php\/product\/leihgebuehr-elektrische-bierzapfanlage-2ltg\/#breadcrumb","itemListElement":[{"@type":"ListItem","position":1,"name":"Home","item":"https:\/\/shop.merolution.de\/"},{"@type":"ListItem","position":2,"name":"Shop","item":"https:\/\/shop.merolution.de\/"},{"@type":"ListItem","position":3,"name":"Leihgeb\u00fchr Elektrische Bierzapfanlage 2ltg."}]},{"@type":"WebSite","@id":"https:\/\/shop.merolution.de\/#website","url":"https:\/\/shop.merolution.de\/","name":"Getr\u00e4nke Schl\u00fcter Onlineshop","description":"Ihr Getr\u00e4nke-Partner in Hannover","potentialAction":[{"@type":"SearchAction","target":{"@type":"EntryPoint","urlTemplate":"https:\/\/shop.merolution.de\/?s={search_term_string}"},"query-input":"required name=search_term_string"}],"inLanguage":"de"}]}},"_links":{"self":[{"href":"https:\/\/shop.merolution.de\/index.php\/wp-json\/wp\/v2\/product\/1427"}],"collection":[{"href":"https:\/\/shop.merolution.de\/index.php\/wp-json\/wp\/v2\/product"}],"about":[{"href":"https:\/\/shop.merolution.de\/index.php\/wp-json\/wp\/v2\/types\/product"}],"replies":[{"embeddable":true,"href":"https:\/\/shop.merolution.de\/index.php\/wp-json\/wp\/v2\/comments?post=1427"}],"wp:featuredmedia":[{"embeddable":true,"href":"https:\/\/shop.merolution.de\/index.php\/wp-json\/wp\/v2\/media\/1428"}],"wp:attachment":[{"href":"https:\/\/shop.merolution.de\/index.php\/wp-json\/wp\/v2\/media?parent=1427"}],"wp:term":[{"taxonomy":"product_cat","embeddable":true,"href":"https:\/\/shop.merolution.de\/index.php\/wp-json\/wp\/v2\/product_cat?post=1427"},{"taxonomy":"product_tag","embeddable":true,"href":"https:\/\/shop.merolution.de\/index.php\/wp-json\/wp\/v2\/product_tag?post=1427"}],"curies":[{"name":"wp","href":"https:\/\/api.w.org\/{rel}","templated":true}]}}