{"id":1463,"date":"2020-05-28T09:57:11","date_gmt":"2020-05-28T09:57:11","guid":{"rendered":"https:\/\/shop.merolution.de\/index.php\/product\/leihgebuehr-biergarten-tisch\/"},"modified":"2020-05-28T09:57:11","modified_gmt":"2020-05-28T09:57:11","slug":"leihgebuehr-biergarten-tisch","status":"publish","type":"product","link":"https:\/\/shop.merolution.de\/index.php\/product\/leihgebuehr-biergarten-tisch\/","title":{"rendered":"Leihgeb\u00fchr Biergarten Tisch"},"content":{"rendered":"<p>03 Tage &#8211; Ma\u00dfe: L 220cm\/B 50cm &#8211; Bei Lieferung und R\u00fcckholung von Leihm\u00f6beln wird eine Extra Geb\u00fchr f\u00e4llig. Siehe Dienstleistungen: &#8222;Kommissionsgeb\u00fchr mit Leihm\u00f6beln&#8220; &#8211; Achtung: zu bestimmten Zeiten, vornehmlich w\u00e4hrend der Sommermonate, sind nur komplette Bierzeltgarnituren (2 B\u00e4nke &#8211; 1 Tisch) vermietbar. Sowohl bei Lieferung und R\u00fcckholung als auch bei Selbstabholung und Selbstr\u00fcckgabe von Leihm\u00f6beln wird eine Extra Geb\u00fchr f\u00e4llig. Diese Geb\u00fchr erm\u00f6glicht gleichzeitig den Erwerb von Getr\u00e4nken auf Kommission (also mit R\u00fcckgaberecht) Siehe Rubrik Dienstleistungen: &#8222;Kommissionsgeb\u00fchr mit Leihm\u00f6beln&#8220;.<\/p>\n","protected":false},"excerpt":{"rendered":"<p>03 Tage &#8211; Ma\u00dfe: L 220cm\/B 50cm &#8211; Bei Lieferung und R\u00fcckholung von Leihm\u00f6beln wird eine Extra Geb\u00fchr f\u00e4llig. Siehe Dienstleistungen: &#8222;Kommissionsgeb\u00fchr mit Leihm\u00f6beln&#8220; &#8211; Achtung: zu bestimmten Zeiten, vornehmlich w\u00e4hrend der Sommermonate, sind nur komplette Bierzeltgarnituren (2 B\u00e4nke &#8211; 1 Tisch) vermietbar. Sowohl bei Lieferung und R\u00fcckholung als auch bei Selbstabholung und Selbstr\u00fcckgabe von Leihm\u00f6beln wird eine Extra Geb\u00fchr f\u00e4llig. Diese Geb\u00fchr erm\u00f6glicht gleichzeitig den Erwerb von Getr\u00e4nken auf Kommission (also mit R\u00fcckgaberecht) Siehe Rubrik Dienstleistungen: &#8222;Kommissionsgeb\u00fchr mit Leihm\u00f6beln&#8220;.<\/p>\n","protected":false},"featured_media":1464,"comment_status":"open","ping_status":"closed","template":"","meta":[],"product_cat":[48],"product_tag":[],"yoast_head":"<!-- This site is optimized with the Yoast SEO plugin v19.14 - https:\/\/yoast.com\/wordpress\/plugins\/seo\/ -->\n<title>Leihgeb\u00fchr Biergarten Tisch - Getr\u00e4nke Schl\u00fcter Onlineshop<\/title>\n<meta name=\"robots\" content=\"noindex, follow, max-snippet:-1, max-image-preview:large, max-video-preview:-1\" \/>\n<meta property=\"og:locale\" content=\"de_DE\" \/>\n<meta property=\"og:type\" content=\"article\" \/>\n<meta property=\"og:title\" content=\"Leihgeb\u00fchr Biergarten Tisch - Getr\u00e4nke Schl\u00fcter Onlineshop\" \/>\n<meta property=\"og:description\" content=\"03 Tage - Ma\u00dfe: L 220cm\/B 50cm - Bei Lieferung und R\u00fcckholung von Leihm\u00f6beln wird eine Extra Geb\u00fchr f\u00e4llig. Siehe Dienstleistungen: &quot;Kommissionsgeb\u00fchr mit Leihm\u00f6beln&quot; - Achtung: zu bestimmten Zeiten, vornehmlich w\u00e4hrend der Sommermonate, sind nur komplette Bierzeltgarnituren (2 B\u00e4nke - 1 Tisch) vermietbar. Sowohl bei Lieferung und R\u00fcckholung als auch bei Selbstabholung und Selbstr\u00fcckgabe von Leihm\u00f6beln wird eine Extra Geb\u00fchr f\u00e4llig. Diese Geb\u00fchr erm\u00f6glicht gleichzeitig den Erwerb von Getr\u00e4nken auf Kommission (also mit R\u00fcckgaberecht) Siehe Rubrik Dienstleistungen: &quot;Kommissionsgeb\u00fchr mit Leihm\u00f6beln&quot;.\" \/>\n<meta property=\"og:url\" content=\"https:\/\/shop.merolution.de\/index.php\/product\/leihgebuehr-biergarten-tisch\/\" \/>\n<meta property=\"og:site_name\" content=\"Getr\u00e4nke Schl\u00fcter Onlineshop\" \/>\n<meta property=\"og:image\" content=\"https:\/\/shop.merolution.de\/wp-content\/uploads\/2020\/05\/1040aPic1S669208196_zz_Bierzelttisch.jpg\" \/>\n\t<meta property=\"og:image:width\" content=\"250\" \/>\n\t<meta property=\"og:image:height\" content=\"250\" \/>\n\t<meta property=\"og:image:type\" content=\"image\/jpeg\" \/>\n<meta name=\"twitter:card\" content=\"summary_large_image\" \/>\n<script type=\"application\/ld+json\" class=\"yoast-schema-graph\">{\"@context\":\"https:\/\/schema.org\",\"@graph\":[{\"@type\":\"WebPage\",\"@id\":\"https:\/\/shop.merolution.de\/index.php\/product\/leihgebuehr-biergarten-tisch\/\",\"url\":\"https:\/\/shop.merolution.de\/index.php\/product\/leihgebuehr-biergarten-tisch\/\",\"name\":\"Leihgeb\u00fchr Biergarten Tisch - Getr\u00e4nke Schl\u00fcter Onlineshop\",\"isPartOf\":{\"@id\":\"https:\/\/shop.merolution.de\/#website\"},\"datePublished\":\"2020-05-28T09:57:11+00:00\",\"dateModified\":\"2020-05-28T09:57:11+00:00\",\"breadcrumb\":{\"@id\":\"https:\/\/shop.merolution.de\/index.php\/product\/leihgebuehr-biergarten-tisch\/#breadcrumb\"},\"inLanguage\":\"de\",\"potentialAction\":[{\"@type\":\"ReadAction\",\"target\":[\"https:\/\/shop.merolution.de\/index.php\/product\/leihgebuehr-biergarten-tisch\/\"]}]},{\"@type\":\"BreadcrumbList\",\"@id\":\"https:\/\/shop.merolution.de\/index.php\/product\/leihgebuehr-biergarten-tisch\/#breadcrumb\",\"itemListElement\":[{\"@type\":\"ListItem\",\"position\":1,\"name\":\"Home\",\"item\":\"https:\/\/shop.merolution.de\/\"},{\"@type\":\"ListItem\",\"position\":2,\"name\":\"Shop\",\"item\":\"https:\/\/shop.merolution.de\/\"},{\"@type\":\"ListItem\",\"position\":3,\"name\":\"Leihgeb\u00fchr Biergarten Tisch\"}]},{\"@type\":\"WebSite\",\"@id\":\"https:\/\/shop.merolution.de\/#website\",\"url\":\"https:\/\/shop.merolution.de\/\",\"name\":\"Getr\u00e4nke Schl\u00fcter Onlineshop\",\"description\":\"Ihr Getr\u00e4nke-Partner in Hannover\",\"potentialAction\":[{\"@type\":\"SearchAction\",\"target\":{\"@type\":\"EntryPoint\",\"urlTemplate\":\"https:\/\/shop.merolution.de\/?s={search_term_string}\"},\"query-input\":\"required name=search_term_string\"}],\"inLanguage\":\"de\"}]}<\/script>\n<!-- \/ Yoast SEO plugin. -->","yoast_head_json":{"title":"Leihgeb\u00fchr Biergarten Tisch - Getr\u00e4nke Schl\u00fcter Onlineshop","robots":{"index":"noindex","follow":"follow","max-snippet":"max-snippet:-1","max-image-preview":"max-image-preview:large","max-video-preview":"max-video-preview:-1"},"og_locale":"de_DE","og_type":"article","og_title":"Leihgeb\u00fchr Biergarten Tisch - Getr\u00e4nke Schl\u00fcter Onlineshop","og_description":"03 Tage - Ma\u00dfe: L 220cm\/B 50cm - Bei Lieferung und R\u00fcckholung von Leihm\u00f6beln wird eine Extra Geb\u00fchr f\u00e4llig. Siehe Dienstleistungen: \"Kommissionsgeb\u00fchr mit Leihm\u00f6beln\" - Achtung: zu bestimmten Zeiten, vornehmlich w\u00e4hrend der Sommermonate, sind nur komplette Bierzeltgarnituren (2 B\u00e4nke - 1 Tisch) vermietbar. Sowohl bei Lieferung und R\u00fcckholung als auch bei Selbstabholung und Selbstr\u00fcckgabe von Leihm\u00f6beln wird eine Extra Geb\u00fchr f\u00e4llig. Diese Geb\u00fchr erm\u00f6glicht gleichzeitig den Erwerb von Getr\u00e4nken auf Kommission (also mit R\u00fcckgaberecht) Siehe Rubrik Dienstleistungen: \"Kommissionsgeb\u00fchr mit Leihm\u00f6beln\".","og_url":"https:\/\/shop.merolution.de\/index.php\/product\/leihgebuehr-biergarten-tisch\/","og_site_name":"Getr\u00e4nke Schl\u00fcter Onlineshop","og_image":[{"width":250,"height":250,"url":"https:\/\/shop.merolution.de\/wp-content\/uploads\/2020\/05\/1040aPic1S669208196_zz_Bierzelttisch.jpg","type":"image\/jpeg"}],"twitter_card":"summary_large_image","schema":{"@context":"https:\/\/schema.org","@graph":[{"@type":"WebPage","@id":"https:\/\/shop.merolution.de\/index.php\/product\/leihgebuehr-biergarten-tisch\/","url":"https:\/\/shop.merolution.de\/index.php\/product\/leihgebuehr-biergarten-tisch\/","name":"Leihgeb\u00fchr Biergarten Tisch - Getr\u00e4nke Schl\u00fcter Onlineshop","isPartOf":{"@id":"https:\/\/shop.merolution.de\/#website"},"datePublished":"2020-05-28T09:57:11+00:00","dateModified":"2020-05-28T09:57:11+00:00","breadcrumb":{"@id":"https:\/\/shop.merolution.de\/index.php\/product\/leihgebuehr-biergarten-tisch\/#breadcrumb"},"inLanguage":"de","potentialAction":[{"@type":"ReadAction","target":["https:\/\/shop.merolution.de\/index.php\/product\/leihgebuehr-biergarten-tisch\/"]}]},{"@type":"BreadcrumbList","@id":"https:\/\/shop.merolution.de\/index.php\/product\/leihgebuehr-biergarten-tisch\/#breadcrumb","itemListElement":[{"@type":"ListItem","position":1,"name":"Home","item":"https:\/\/shop.merolution.de\/"},{"@type":"ListItem","position":2,"name":"Shop","item":"https:\/\/shop.merolution.de\/"},{"@type":"ListItem","position":3,"name":"Leihgeb\u00fchr Biergarten Tisch"}]},{"@type":"WebSite","@id":"https:\/\/shop.merolution.de\/#website","url":"https:\/\/shop.merolution.de\/","name":"Getr\u00e4nke Schl\u00fcter Onlineshop","description":"Ihr Getr\u00e4nke-Partner in Hannover","potentialAction":[{"@type":"SearchAction","target":{"@type":"EntryPoint","urlTemplate":"https:\/\/shop.merolution.de\/?s={search_term_string}"},"query-input":"required name=search_term_string"}],"inLanguage":"de"}]}},"_links":{"self":[{"href":"https:\/\/shop.merolution.de\/index.php\/wp-json\/wp\/v2\/product\/1463"}],"collection":[{"href":"https:\/\/shop.merolution.de\/index.php\/wp-json\/wp\/v2\/product"}],"about":[{"href":"https:\/\/shop.merolution.de\/index.php\/wp-json\/wp\/v2\/types\/product"}],"replies":[{"embeddable":true,"href":"https:\/\/shop.merolution.de\/index.php\/wp-json\/wp\/v2\/comments?post=1463"}],"wp:featuredmedia":[{"embeddable":true,"href":"https:\/\/shop.merolution.de\/index.php\/wp-json\/wp\/v2\/media\/1464"}],"wp:attachment":[{"href":"https:\/\/shop.merolution.de\/index.php\/wp-json\/wp\/v2\/media?parent=1463"}],"wp:term":[{"taxonomy":"product_cat","embeddable":true,"href":"https:\/\/shop.merolution.de\/index.php\/wp-json\/wp\/v2\/product_cat?post=1463"},{"taxonomy":"product_tag","embeddable":true,"href":"https:\/\/shop.merolution.de\/index.php\/wp-json\/wp\/v2\/product_tag?post=1463"}],"curies":[{"name":"wp","href":"https:\/\/api.w.org\/{rel}","templated":true}]}}