{"id":1470,"date":"2020-05-28T09:57:11","date_gmt":"2020-05-28T09:57:11","guid":{"rendered":"https:\/\/shop.merolution.de\/index.php\/product\/leihgebuehr-kuehlschrank-glastuer\/"},"modified":"2020-05-28T09:57:11","modified_gmt":"2020-05-28T09:57:11","slug":"leihgebuehr-kuehlschrank-glastuer","status":"publish","type":"product","link":"https:\/\/shop.merolution.de\/index.php\/product\/leihgebuehr-kuehlschrank-glastuer\/","title":{"rendered":"Leihgeb\u00fchr K\u00fchlschrank Glast\u00fcr"},"content":{"rendered":"<p>Geb\u00fchr f\u00fcr 03 Tage. Eingeschr\u00e4nkte Verf\u00fcgbarkeit, bitte rechtzeitig bestellen. (Abb. \u00e4hnlich, mit und ohne Markenaufdruck). Standardma\u00dfe Liebherr K\u00fchlschrank: H: 1640mm, B: 600mm, T: 610mm. Vorlaufzeit zum Durchk\u00fchlen minimum 6 Stunden einplanen. (Achtung: Nicht f\u00fcr Tief\u00fchlprodukte geeignet) &#8211; Bei Lieferung und R\u00fcckholung von Leihm\u00f6beln wird eine Extra Geb\u00fchr f\u00e4llig. Siehe Dienstleistungen: &#8222;Kommissionsgeb\u00fchr mit Leihm\u00f6beln&#8220; &#8211; keine Selbstabholung m\u00f6glich. &#8211; Achtung: Kondenswasser. Im K\u00fchlbetrieb entsteht Kondenswasser. Der Auffangbeh\u00e4lter befindet sich an der Unterseite des Ger\u00e4tes hinten. Der Auffangbeh\u00e4lter kann u.U. schon bei Anlieferung teilweise bef\u00fcllt sein. Bitte auf geeigneten, wasserfesten Untergrund achten! &#8211; keine Selbstabholung m\u00f6glich!<\/p>\n","protected":false},"excerpt":{"rendered":"<p>Geb\u00fchr f\u00fcr 03 Tage. Eingeschr\u00e4nkte Verf\u00fcgbarkeit, bitte rechtzeitig bestellen. (Abb. \u00e4hnlich, mit und ohne Markenaufdruck). Standardma\u00dfe Liebherr K\u00fchlschrank: H: 1640mm, B: 600mm, T: 610mm. Vorlaufzeit zum Durchk\u00fchlen minimum 6 Stunden einplanen. (Achtung: Nicht f\u00fcr Tief\u00fchlprodukte geeignet) &#8211; Bei Lieferung und R\u00fcckholung von Leihm\u00f6beln wird eine Extra Geb\u00fchr f\u00e4llig. Siehe Dienstleistungen: &#8222;Kommissionsgeb\u00fchr mit Leihm\u00f6beln&#8220;. &#8211; keine Selbstabholung m\u00f6glich<\/p>\n","protected":false},"featured_media":1471,"comment_status":"open","ping_status":"closed","template":"","meta":[],"product_cat":[48],"product_tag":[],"yoast_head":"<!-- This site is optimized with the Yoast SEO plugin v19.14 - https:\/\/yoast.com\/wordpress\/plugins\/seo\/ -->\n<title>Leihgeb\u00fchr K\u00fchlschrank Glast\u00fcr - Getr\u00e4nke Schl\u00fcter Onlineshop<\/title>\n<meta name=\"robots\" content=\"noindex, follow, max-snippet:-1, max-image-preview:large, max-video-preview:-1\" \/>\n<meta property=\"og:locale\" content=\"de_DE\" \/>\n<meta property=\"og:type\" content=\"article\" \/>\n<meta property=\"og:title\" content=\"Leihgeb\u00fchr K\u00fchlschrank Glast\u00fcr - Getr\u00e4nke Schl\u00fcter Onlineshop\" \/>\n<meta property=\"og:description\" content=\"Geb\u00fchr f\u00fcr 03 Tage. Eingeschr\u00e4nkte Verf\u00fcgbarkeit, bitte rechtzeitig bestellen. (Abb. \u00e4hnlich, mit und ohne Markenaufdruck). Standardma\u00dfe Liebherr K\u00fchlschrank: H: 1640mm, B: 600mm, T: 610mm. Vorlaufzeit zum Durchk\u00fchlen minimum 6 Stunden einplanen. (Achtung: Nicht f\u00fcr Tief\u00fchlprodukte geeignet) - Bei Lieferung und R\u00fcckholung von Leihm\u00f6beln wird eine Extra Geb\u00fchr f\u00e4llig. Siehe Dienstleistungen: &quot;Kommissionsgeb\u00fchr mit Leihm\u00f6beln&quot;. - keine Selbstabholung m\u00f6glich\" \/>\n<meta property=\"og:url\" content=\"https:\/\/shop.merolution.de\/index.php\/product\/leihgebuehr-kuehlschrank-glastuer\/\" \/>\n<meta property=\"og:site_name\" content=\"Getr\u00e4nke Schl\u00fcter Onlineshop\" \/>\n<meta property=\"og:image\" content=\"https:\/\/shop.merolution.de\/wp-content\/uploads\/2020\/05\/kuehlschrank-glastuer-liebherr-aid-1083s.jpg\" \/>\n\t<meta property=\"og:image:width\" content=\"150\" \/>\n\t<meta property=\"og:image:height\" content=\"150\" \/>\n\t<meta property=\"og:image:type\" content=\"image\/jpeg\" \/>\n<meta name=\"twitter:card\" content=\"summary_large_image\" \/>\n<meta name=\"twitter:label1\" content=\"Gesch\u00e4tzte Lesezeit\" \/>\n\t<meta name=\"twitter:data1\" content=\"1\u00a0Minute\" \/>\n<script type=\"application\/ld+json\" class=\"yoast-schema-graph\">{\"@context\":\"https:\/\/schema.org\",\"@graph\":[{\"@type\":\"WebPage\",\"@id\":\"https:\/\/shop.merolution.de\/index.php\/product\/leihgebuehr-kuehlschrank-glastuer\/\",\"url\":\"https:\/\/shop.merolution.de\/index.php\/product\/leihgebuehr-kuehlschrank-glastuer\/\",\"name\":\"Leihgeb\u00fchr K\u00fchlschrank Glast\u00fcr - Getr\u00e4nke Schl\u00fcter Onlineshop\",\"isPartOf\":{\"@id\":\"https:\/\/shop.merolution.de\/#website\"},\"datePublished\":\"2020-05-28T09:57:11+00:00\",\"dateModified\":\"2020-05-28T09:57:11+00:00\",\"breadcrumb\":{\"@id\":\"https:\/\/shop.merolution.de\/index.php\/product\/leihgebuehr-kuehlschrank-glastuer\/#breadcrumb\"},\"inLanguage\":\"de\",\"potentialAction\":[{\"@type\":\"ReadAction\",\"target\":[\"https:\/\/shop.merolution.de\/index.php\/product\/leihgebuehr-kuehlschrank-glastuer\/\"]}]},{\"@type\":\"BreadcrumbList\",\"@id\":\"https:\/\/shop.merolution.de\/index.php\/product\/leihgebuehr-kuehlschrank-glastuer\/#breadcrumb\",\"itemListElement\":[{\"@type\":\"ListItem\",\"position\":1,\"name\":\"Home\",\"item\":\"https:\/\/shop.merolution.de\/\"},{\"@type\":\"ListItem\",\"position\":2,\"name\":\"Shop\",\"item\":\"https:\/\/shop.merolution.de\/\"},{\"@type\":\"ListItem\",\"position\":3,\"name\":\"Leihgeb\u00fchr K\u00fchlschrank Glast\u00fcr\"}]},{\"@type\":\"WebSite\",\"@id\":\"https:\/\/shop.merolution.de\/#website\",\"url\":\"https:\/\/shop.merolution.de\/\",\"name\":\"Getr\u00e4nke Schl\u00fcter Onlineshop\",\"description\":\"Ihr Getr\u00e4nke-Partner in Hannover\",\"potentialAction\":[{\"@type\":\"SearchAction\",\"target\":{\"@type\":\"EntryPoint\",\"urlTemplate\":\"https:\/\/shop.merolution.de\/?s={search_term_string}\"},\"query-input\":\"required name=search_term_string\"}],\"inLanguage\":\"de\"}]}<\/script>\n<!-- \/ Yoast SEO plugin. -->","yoast_head_json":{"title":"Leihgeb\u00fchr K\u00fchlschrank Glast\u00fcr - Getr\u00e4nke Schl\u00fcter Onlineshop","robots":{"index":"noindex","follow":"follow","max-snippet":"max-snippet:-1","max-image-preview":"max-image-preview:large","max-video-preview":"max-video-preview:-1"},"og_locale":"de_DE","og_type":"article","og_title":"Leihgeb\u00fchr K\u00fchlschrank Glast\u00fcr - Getr\u00e4nke Schl\u00fcter Onlineshop","og_description":"Geb\u00fchr f\u00fcr 03 Tage. Eingeschr\u00e4nkte Verf\u00fcgbarkeit, bitte rechtzeitig bestellen. (Abb. \u00e4hnlich, mit und ohne Markenaufdruck). Standardma\u00dfe Liebherr K\u00fchlschrank: H: 1640mm, B: 600mm, T: 610mm. Vorlaufzeit zum Durchk\u00fchlen minimum 6 Stunden einplanen. (Achtung: Nicht f\u00fcr Tief\u00fchlprodukte geeignet) - Bei Lieferung und R\u00fcckholung von Leihm\u00f6beln wird eine Extra Geb\u00fchr f\u00e4llig. Siehe Dienstleistungen: \"Kommissionsgeb\u00fchr mit Leihm\u00f6beln\". - keine Selbstabholung m\u00f6glich","og_url":"https:\/\/shop.merolution.de\/index.php\/product\/leihgebuehr-kuehlschrank-glastuer\/","og_site_name":"Getr\u00e4nke Schl\u00fcter Onlineshop","og_image":[{"width":150,"height":150,"url":"https:\/\/shop.merolution.de\/wp-content\/uploads\/2020\/05\/kuehlschrank-glastuer-liebherr-aid-1083s.jpg","type":"image\/jpeg"}],"twitter_card":"summary_large_image","twitter_misc":{"Gesch\u00e4tzte Lesezeit":"1\u00a0Minute"},"schema":{"@context":"https:\/\/schema.org","@graph":[{"@type":"WebPage","@id":"https:\/\/shop.merolution.de\/index.php\/product\/leihgebuehr-kuehlschrank-glastuer\/","url":"https:\/\/shop.merolution.de\/index.php\/product\/leihgebuehr-kuehlschrank-glastuer\/","name":"Leihgeb\u00fchr K\u00fchlschrank Glast\u00fcr - Getr\u00e4nke Schl\u00fcter Onlineshop","isPartOf":{"@id":"https:\/\/shop.merolution.de\/#website"},"datePublished":"2020-05-28T09:57:11+00:00","dateModified":"2020-05-28T09:57:11+00:00","breadcrumb":{"@id":"https:\/\/shop.merolution.de\/index.php\/product\/leihgebuehr-kuehlschrank-glastuer\/#breadcrumb"},"inLanguage":"de","potentialAction":[{"@type":"ReadAction","target":["https:\/\/shop.merolution.de\/index.php\/product\/leihgebuehr-kuehlschrank-glastuer\/"]}]},{"@type":"BreadcrumbList","@id":"https:\/\/shop.merolution.de\/index.php\/product\/leihgebuehr-kuehlschrank-glastuer\/#breadcrumb","itemListElement":[{"@type":"ListItem","position":1,"name":"Home","item":"https:\/\/shop.merolution.de\/"},{"@type":"ListItem","position":2,"name":"Shop","item":"https:\/\/shop.merolution.de\/"},{"@type":"ListItem","position":3,"name":"Leihgeb\u00fchr K\u00fchlschrank Glast\u00fcr"}]},{"@type":"WebSite","@id":"https:\/\/shop.merolution.de\/#website","url":"https:\/\/shop.merolution.de\/","name":"Getr\u00e4nke Schl\u00fcter Onlineshop","description":"Ihr Getr\u00e4nke-Partner in Hannover","potentialAction":[{"@type":"SearchAction","target":{"@type":"EntryPoint","urlTemplate":"https:\/\/shop.merolution.de\/?s={search_term_string}"},"query-input":"required name=search_term_string"}],"inLanguage":"de"}]}},"_links":{"self":[{"href":"https:\/\/shop.merolution.de\/index.php\/wp-json\/wp\/v2\/product\/1470"}],"collection":[{"href":"https:\/\/shop.merolution.de\/index.php\/wp-json\/wp\/v2\/product"}],"about":[{"href":"https:\/\/shop.merolution.de\/index.php\/wp-json\/wp\/v2\/types\/product"}],"replies":[{"embeddable":true,"href":"https:\/\/shop.merolution.de\/index.php\/wp-json\/wp\/v2\/comments?post=1470"}],"wp:featuredmedia":[{"embeddable":true,"href":"https:\/\/shop.merolution.de\/index.php\/wp-json\/wp\/v2\/media\/1471"}],"wp:attachment":[{"href":"https:\/\/shop.merolution.de\/index.php\/wp-json\/wp\/v2\/media?parent=1470"}],"wp:term":[{"taxonomy":"product_cat","embeddable":true,"href":"https:\/\/shop.merolution.de\/index.php\/wp-json\/wp\/v2\/product_cat?post=1470"},{"taxonomy":"product_tag","embeddable":true,"href":"https:\/\/shop.merolution.de\/index.php\/wp-json\/wp\/v2\/product_tag?post=1470"}],"curies":[{"name":"wp","href":"https:\/\/api.w.org\/{rel}","templated":true}]}}