{"id":1483,"date":"2020-05-28T09:57:13","date_gmt":"2020-05-28T09:57:13","guid":{"rendered":"https:\/\/shop.merolution.de\/index.php\/product\/leihgebuehr-tresen-edelstahl\/"},"modified":"2020-05-28T09:57:13","modified_gmt":"2020-05-28T09:57:13","slug":"leihgebuehr-tresen-edelstahl","status":"publish","type":"product","link":"https:\/\/shop.merolution.de\/index.php\/product\/leihgebuehr-tresen-edelstahl\/","title":{"rendered":"Leihgeb\u00fchr Tresen Edelstahl"},"content":{"rendered":"<p>03 Tage &#8211; Sowohl bei Lieferung und R\u00fcckholung als auch bei Selbstabholung und Selbstr\u00fcckgabe von Leihm\u00f6beln wird eine Extra Geb\u00fchr f\u00e4llig. Diese Geb\u00fchr erm\u00f6glicht gleichzeitig den Erwerb von Getr\u00e4nken auf Kommission (also mit R\u00fcckgaberecht) Siehe Rubrik Dienstleistungen: &#8222;Kommissionsgeb\u00fchr mit Leihm\u00f6beln&#8220;.<\/p>\n","protected":false},"excerpt":{"rendered":"<p>03 Tage<\/p>\n","protected":false},"featured_media":0,"comment_status":"open","ping_status":"closed","template":"","meta":[],"product_cat":[48],"product_tag":[],"yoast_head":"<!-- This site is optimized with the Yoast SEO plugin v19.14 - https:\/\/yoast.com\/wordpress\/plugins\/seo\/ -->\n<title>Leihgeb\u00fchr Tresen Edelstahl - Getr\u00e4nke Schl\u00fcter Onlineshop<\/title>\n<meta name=\"robots\" content=\"noindex, follow, max-snippet:-1, max-image-preview:large, max-video-preview:-1\" \/>\n<meta property=\"og:locale\" content=\"de_DE\" \/>\n<meta property=\"og:type\" content=\"article\" \/>\n<meta property=\"og:title\" content=\"Leihgeb\u00fchr Tresen Edelstahl - Getr\u00e4nke Schl\u00fcter Onlineshop\" \/>\n<meta property=\"og:description\" content=\"03 Tage\" \/>\n<meta property=\"og:url\" content=\"https:\/\/shop.merolution.de\/index.php\/product\/leihgebuehr-tresen-edelstahl\/\" \/>\n<meta property=\"og:site_name\" content=\"Getr\u00e4nke Schl\u00fcter Onlineshop\" \/>\n<meta name=\"twitter:card\" content=\"summary_large_image\" \/>\n<script type=\"application\/ld+json\" class=\"yoast-schema-graph\">{\"@context\":\"https:\/\/schema.org\",\"@graph\":[{\"@type\":\"WebPage\",\"@id\":\"https:\/\/shop.merolution.de\/index.php\/product\/leihgebuehr-tresen-edelstahl\/\",\"url\":\"https:\/\/shop.merolution.de\/index.php\/product\/leihgebuehr-tresen-edelstahl\/\",\"name\":\"Leihgeb\u00fchr Tresen Edelstahl - Getr\u00e4nke Schl\u00fcter Onlineshop\",\"isPartOf\":{\"@id\":\"https:\/\/shop.merolution.de\/#website\"},\"datePublished\":\"2020-05-28T09:57:13+00:00\",\"dateModified\":\"2020-05-28T09:57:13+00:00\",\"breadcrumb\":{\"@id\":\"https:\/\/shop.merolution.de\/index.php\/product\/leihgebuehr-tresen-edelstahl\/#breadcrumb\"},\"inLanguage\":\"de\",\"potentialAction\":[{\"@type\":\"ReadAction\",\"target\":[\"https:\/\/shop.merolution.de\/index.php\/product\/leihgebuehr-tresen-edelstahl\/\"]}]},{\"@type\":\"BreadcrumbList\",\"@id\":\"https:\/\/shop.merolution.de\/index.php\/product\/leihgebuehr-tresen-edelstahl\/#breadcrumb\",\"itemListElement\":[{\"@type\":\"ListItem\",\"position\":1,\"name\":\"Home\",\"item\":\"https:\/\/shop.merolution.de\/\"},{\"@type\":\"ListItem\",\"position\":2,\"name\":\"Shop\",\"item\":\"https:\/\/shop.merolution.de\/\"},{\"@type\":\"ListItem\",\"position\":3,\"name\":\"Leihgeb\u00fchr Tresen Edelstahl\"}]},{\"@type\":\"WebSite\",\"@id\":\"https:\/\/shop.merolution.de\/#website\",\"url\":\"https:\/\/shop.merolution.de\/\",\"name\":\"Getr\u00e4nke Schl\u00fcter Onlineshop\",\"description\":\"Ihr Getr\u00e4nke-Partner in Hannover\",\"potentialAction\":[{\"@type\":\"SearchAction\",\"target\":{\"@type\":\"EntryPoint\",\"urlTemplate\":\"https:\/\/shop.merolution.de\/?s={search_term_string}\"},\"query-input\":\"required name=search_term_string\"}],\"inLanguage\":\"de\"}]}<\/script>\n<!-- \/ Yoast SEO plugin. -->","yoast_head_json":{"title":"Leihgeb\u00fchr Tresen Edelstahl - Getr\u00e4nke Schl\u00fcter Onlineshop","robots":{"index":"noindex","follow":"follow","max-snippet":"max-snippet:-1","max-image-preview":"max-image-preview:large","max-video-preview":"max-video-preview:-1"},"og_locale":"de_DE","og_type":"article","og_title":"Leihgeb\u00fchr Tresen Edelstahl - Getr\u00e4nke Schl\u00fcter Onlineshop","og_description":"03 Tage","og_url":"https:\/\/shop.merolution.de\/index.php\/product\/leihgebuehr-tresen-edelstahl\/","og_site_name":"Getr\u00e4nke Schl\u00fcter Onlineshop","twitter_card":"summary_large_image","schema":{"@context":"https:\/\/schema.org","@graph":[{"@type":"WebPage","@id":"https:\/\/shop.merolution.de\/index.php\/product\/leihgebuehr-tresen-edelstahl\/","url":"https:\/\/shop.merolution.de\/index.php\/product\/leihgebuehr-tresen-edelstahl\/","name":"Leihgeb\u00fchr Tresen Edelstahl - Getr\u00e4nke Schl\u00fcter Onlineshop","isPartOf":{"@id":"https:\/\/shop.merolution.de\/#website"},"datePublished":"2020-05-28T09:57:13+00:00","dateModified":"2020-05-28T09:57:13+00:00","breadcrumb":{"@id":"https:\/\/shop.merolution.de\/index.php\/product\/leihgebuehr-tresen-edelstahl\/#breadcrumb"},"inLanguage":"de","potentialAction":[{"@type":"ReadAction","target":["https:\/\/shop.merolution.de\/index.php\/product\/leihgebuehr-tresen-edelstahl\/"]}]},{"@type":"BreadcrumbList","@id":"https:\/\/shop.merolution.de\/index.php\/product\/leihgebuehr-tresen-edelstahl\/#breadcrumb","itemListElement":[{"@type":"ListItem","position":1,"name":"Home","item":"https:\/\/shop.merolution.de\/"},{"@type":"ListItem","position":2,"name":"Shop","item":"https:\/\/shop.merolution.de\/"},{"@type":"ListItem","position":3,"name":"Leihgeb\u00fchr Tresen Edelstahl"}]},{"@type":"WebSite","@id":"https:\/\/shop.merolution.de\/#website","url":"https:\/\/shop.merolution.de\/","name":"Getr\u00e4nke Schl\u00fcter Onlineshop","description":"Ihr Getr\u00e4nke-Partner in Hannover","potentialAction":[{"@type":"SearchAction","target":{"@type":"EntryPoint","urlTemplate":"https:\/\/shop.merolution.de\/?s={search_term_string}"},"query-input":"required name=search_term_string"}],"inLanguage":"de"}]}},"_links":{"self":[{"href":"https:\/\/shop.merolution.de\/index.php\/wp-json\/wp\/v2\/product\/1483"}],"collection":[{"href":"https:\/\/shop.merolution.de\/index.php\/wp-json\/wp\/v2\/product"}],"about":[{"href":"https:\/\/shop.merolution.de\/index.php\/wp-json\/wp\/v2\/types\/product"}],"replies":[{"embeddable":true,"href":"https:\/\/shop.merolution.de\/index.php\/wp-json\/wp\/v2\/comments?post=1483"}],"wp:attachment":[{"href":"https:\/\/shop.merolution.de\/index.php\/wp-json\/wp\/v2\/media?parent=1483"}],"wp:term":[{"taxonomy":"product_cat","embeddable":true,"href":"https:\/\/shop.merolution.de\/index.php\/wp-json\/wp\/v2\/product_cat?post=1483"},{"taxonomy":"product_tag","embeddable":true,"href":"https:\/\/shop.merolution.de\/index.php\/wp-json\/wp\/v2\/product_tag?post=1483"}],"curies":[{"name":"wp","href":"https:\/\/api.w.org\/{rel}","templated":true}]}}