{"id":1485,"date":"2020-05-28T09:57:13","date_gmt":"2020-05-28T09:57:13","guid":{"rendered":"https:\/\/shop.merolution.de\/index.php\/product\/kommissionslieferung-mit-leihmoebeln-je-mehr-sie-verbrauchen-desto-g\/"},"modified":"2020-05-28T09:57:13","modified_gmt":"2020-05-28T09:57:13","slug":"kommissionslieferung-mit-leihmoebeln-je-mehr-sie-verbrauchen-desto-g","status":"publish","type":"product","link":"https:\/\/shop.merolution.de\/index.php\/product\/kommissionslieferung-mit-leihmoebeln-je-mehr-sie-verbrauchen-desto-g\/","title":{"rendered":"Kommissionslieferung mit Leihm\u00f6beln &#8211; je mehr Sie verbrauchen, desto g"},"content":{"rendered":"<p>Sie bezahlen nur, was Sie auch verbrauchen. Die Geb\u00fchr enth\u00e4lt die Anlieferung von Kisten, F\u00e4ssern, kleinen Leihartikeln (Gl\u00e4ser, Zapfanlagen) und sperrigen Leihm\u00f6beln (Tresen, Bierzeltgarnituren, Heizpilzen, K\u00fchlschr\u00e4nken, K\u00fchltruhen, K\u00fchlh\u00e4ngern, etc.) sowie die R\u00fcckholung der Leihartikel\/Leihm\u00f6bel und der vollen und leeren Kisten und F\u00e4sser. Die R\u00fccknahme von halbvollen, angebrochenen Kisten ist gegen eine extra Geb\u00fchr m\u00f6glich (siehe &#8222;Service f\u00fcr R\u00fccknahme von Anbruchkisten&#8220;). Lieferung erfolgt ausschlie\u00dflich barrierefrei bis hinter die erste verschlossene T\u00fcr. Der Aufbau oder Anschluss der Ger\u00e4te und der Transport der Ware innerhalb von Geb\u00e4uden ist darin nicht enthalten. Diese Geb\u00fchr reduziert sich mit jeder verbrauchten Kiste um \u0080 1,00, bei jeder verbrauchten Flasche Wein und Spirituosen um \u0080 0,30 und bei jedem verbrauchten Fass (50L) um \u0080 5,00. D.h. ab einem Verbrauch von 50 Kisten oder 10 F\u00e4ssern (50L) entf\u00e4llt die Geb\u00fchr komplett. Achtung: Werden mehr als 50 Prozent der Ware unverbraucht und unge\u00f6ffnet zur\u00fcckgeholt, berechnen wir EUR 1,50 f\u00fcr jede volle Kiste und \u0080 5,00 f\u00fcr jedes volle Fass (50L) als Rollgeld (siehe dazu: &#8222;Geb\u00fchr Rollgeld&#8220; ). Eine kostenfreie Stornierung einer Leihm\u00f6belbestellung ist bis 10 Tage vor der Veranstaltung kostenfrei m\u00f6glich. Danach berechnen wir 50% der vereinbarten Geb\u00fchren. Geliefert wird in frei w\u00e4hlbaren Lieferzeitr\u00e4umen von 3 Stunden innerhalb unserer Arbeitszeiten (Gro\u00dfhandel) von Mo.-Fr. von 7:00 bis 16:00 Uhr und nach Absprache auch Samstag von 8.00 bis 13.00 Uhr. Zeitr\u00e4ume sind z.B. 7:00 bis 10:00 Uhr oder 13:00 bis 16:00 Uhr. Auf Wunsch rufen wir Sie am Tag der Lieferung gerne auch 30 bis 60 Minuten f\u00fcr der konkreten Kommissionslieferung an. Zwischen Anlieferung und R\u00fcckholung d\u00fcrfen maximal 10 Kalendertage liegen. Andere Kommissionszeitr\u00e4ume bed\u00fcrfen der vorherigen Absprache.<\/p>\n","protected":false},"excerpt":{"rendered":"<p>Sie bezahlen nur, was Sie auch verbrauchen. Die Geb\u00fchr enth\u00e4lt die Anlieferung von Kisten, F\u00e4ssern, kleinen Leihartikeln (Gl\u00e4ser, Zapfanlagen) und sperrigen Leihm\u00f6beln (Tresen, Bierzeltgarnituren, Heizpilzen, K\u00fchlschr\u00e4nken, K\u00fchltruhen, K\u00fchlh\u00e4ngern, etc.) sowie die R\u00fcckholung der Leihartikel\/Leihm\u00f6bel und der vollen und leeren Kisten und F\u00e4sser. Die R\u00fccknahme von halbvollen, angebrochenen Kisten ist gegen eine extra Geb\u00fchr m\u00f6glich (siehe &#8222;Service f\u00fcr R\u00fccknahme von Anbruchkisten&#8220;). Lieferung erfolgt ausschlie\u00dflich barrierefrei bis hinter die erste verschlossene T\u00fcr. Der Aufbau oder Anschluss der Ger\u00e4te und der Transport der Ware innerhalb von Geb\u00e4uden ist darin nicht enthalten. Diese Geb\u00fchr reduziert sich mit jeder verbrauchten Kiste um \u0080 1,00, bei jeder verbrauchten Flasche Wein und Spirituosen um \u0080 0,30 und bei jedem verbrauchten Fass (50L) um \u0080 5,00. D.h. ab einem Verbrauch von 50 Kisten oder 10 F\u00e4ssern (50L) entf\u00e4llt die Geb\u00fchr komplett. Achtung: Werden mehr als 50 Prozent der Ware unverbraucht und unge\u00f6ffnet zur\u00fcckgeholt, berechnen wir EUR 1,50 f\u00fcr jede volle Kiste und \u0080 5,00 f\u00fcr jedes volle Fass (50L) als Rollgeld (siehe dazu: &#8222;Geb\u00fchr Rollgeld&#8220; ). Eine kostenfreie Stornierung einer Leihm\u00f6belbestellung ist bis 10 Tage vor der Veranstaltung kostenfrei m\u00f6glich. Danach berechnen wir 50% der vereinbarten Geb\u00fchren. Geliefert wird in frei w\u00e4hlbaren Lieferzeitr\u00e4umen von 3 Stunden innerhalb unserer Arbeitszeiten (Gro\u00dfhandel) von Mo.-Fr. von 7:00 bis 16:00 Uhr und nach Absprache auch Samstag von 8.00 bis 13.00 Uhr. Zeitr\u00e4ume sind z.B. 7:00 bis 10:00 Uhr oder 13:00 bis 16:00 Uhr. Auf Wunsch rufen wir Sie am Tag der Lieferung gerne auch 30 bis 60 Minuten f\u00fcr der konkreten Kommissionslieferung an. Zwischen Anlieferung und R\u00fcckholung d\u00fcrfen maximal 10 Kalendertage liegen. Andere Kommissionszeitr\u00e4ume bed\u00fcrfen der vorherigen Absprache.<\/p>\n","protected":false},"featured_media":0,"comment_status":"open","ping_status":"closed","template":"","meta":[],"product_cat":[48],"product_tag":[],"yoast_head":"<!-- This site is optimized with the Yoast SEO plugin v19.14 - https:\/\/yoast.com\/wordpress\/plugins\/seo\/ -->\n<title>Kommissionslieferung mit Leihm\u00f6beln - je mehr Sie verbrauchen, desto g - Getr\u00e4nke Schl\u00fcter Onlineshop<\/title>\n<meta name=\"robots\" content=\"noindex, follow, max-snippet:-1, max-image-preview:large, max-video-preview:-1\" \/>\n<meta property=\"og:locale\" content=\"de_DE\" \/>\n<meta property=\"og:type\" content=\"article\" \/>\n<meta property=\"og:title\" content=\"Kommissionslieferung mit Leihm\u00f6beln - je mehr Sie verbrauchen, desto g - Getr\u00e4nke Schl\u00fcter Onlineshop\" \/>\n<meta property=\"og:description\" content=\"Sie bezahlen nur, was Sie auch verbrauchen. Die Geb\u00fchr enth\u00e4lt die Anlieferung von Kisten, F\u00e4ssern, kleinen Leihartikeln (Gl\u00e4ser, Zapfanlagen) und sperrigen Leihm\u00f6beln (Tresen, Bierzeltgarnituren, Heizpilzen, K\u00fchlschr\u00e4nken, K\u00fchltruhen, K\u00fchlh\u00e4ngern, etc.) sowie die R\u00fcckholung der Leihartikel\/Leihm\u00f6bel und der vollen und leeren Kisten und F\u00e4sser. Die R\u00fccknahme von halbvollen, angebrochenen Kisten ist gegen eine extra Geb\u00fchr m\u00f6glich (siehe &quot;Service f\u00fcr R\u00fccknahme von Anbruchkisten&quot;). Lieferung erfolgt ausschlie\u00dflich barrierefrei bis hinter die erste verschlossene T\u00fcr. Der Aufbau oder Anschluss der Ger\u00e4te und der Transport der Ware innerhalb von Geb\u00e4uden ist darin nicht enthalten. Diese Geb\u00fchr reduziert sich mit jeder verbrauchten Kiste um \u0080 1,00, bei jeder verbrauchten Flasche Wein und Spirituosen um \u0080 0,30 und bei jedem verbrauchten Fass (50L) um \u0080 5,00. D.h. ab einem Verbrauch von 50 Kisten oder 10 F\u00e4ssern (50L) entf\u00e4llt die Geb\u00fchr komplett. Achtung: Werden mehr als 50 Prozent der Ware unverbraucht und unge\u00f6ffnet zur\u00fcckgeholt, berechnen wir EUR 1,50 f\u00fcr jede volle Kiste und \u0080 5,00 f\u00fcr jedes volle Fass (50L) als Rollgeld (siehe dazu: &quot;Geb\u00fchr Rollgeld&quot; ). Eine kostenfreie Stornierung einer Leihm\u00f6belbestellung ist bis 10 Tage vor der Veranstaltung kostenfrei m\u00f6glich. Danach berechnen wir 50% der vereinbarten Geb\u00fchren. Geliefert wird in frei w\u00e4hlbaren Lieferzeitr\u00e4umen von 3 Stunden innerhalb unserer Arbeitszeiten (Gro\u00dfhandel) von Mo.-Fr. von 7:00 bis 16:00 Uhr und nach Absprache auch Samstag von 8.00 bis 13.00 Uhr. Zeitr\u00e4ume sind z.B. 7:00 bis 10:00 Uhr oder 13:00 bis 16:00 Uhr. Auf Wunsch rufen wir Sie am Tag der Lieferung gerne auch 30 bis 60 Minuten f\u00fcr der konkreten Kommissionslieferung an. Zwischen Anlieferung und R\u00fcckholung d\u00fcrfen maximal 10 Kalendertage liegen. Andere Kommissionszeitr\u00e4ume bed\u00fcrfen der vorherigen Absprache.\" \/>\n<meta property=\"og:url\" content=\"https:\/\/shop.merolution.de\/index.php\/product\/kommissionslieferung-mit-leihmoebeln-je-mehr-sie-verbrauchen-desto-g\/\" \/>\n<meta property=\"og:site_name\" content=\"Getr\u00e4nke Schl\u00fcter Onlineshop\" \/>\n<meta name=\"twitter:card\" content=\"summary_large_image\" \/>\n<meta name=\"twitter:label1\" content=\"Gesch\u00e4tzte Lesezeit\" \/>\n\t<meta name=\"twitter:data1\" content=\"1\u00a0Minute\" \/>\n<script type=\"application\/ld+json\" class=\"yoast-schema-graph\">{\"@context\":\"https:\/\/schema.org\",\"@graph\":[{\"@type\":\"WebPage\",\"@id\":\"https:\/\/shop.merolution.de\/index.php\/product\/kommissionslieferung-mit-leihmoebeln-je-mehr-sie-verbrauchen-desto-g\/\",\"url\":\"https:\/\/shop.merolution.de\/index.php\/product\/kommissionslieferung-mit-leihmoebeln-je-mehr-sie-verbrauchen-desto-g\/\",\"name\":\"Kommissionslieferung mit Leihm\u00f6beln - je mehr Sie verbrauchen, desto g - Getr\u00e4nke Schl\u00fcter Onlineshop\",\"isPartOf\":{\"@id\":\"https:\/\/shop.merolution.de\/#website\"},\"datePublished\":\"2020-05-28T09:57:13+00:00\",\"dateModified\":\"2020-05-28T09:57:13+00:00\",\"breadcrumb\":{\"@id\":\"https:\/\/shop.merolution.de\/index.php\/product\/kommissionslieferung-mit-leihmoebeln-je-mehr-sie-verbrauchen-desto-g\/#breadcrumb\"},\"inLanguage\":\"de\",\"potentialAction\":[{\"@type\":\"ReadAction\",\"target\":[\"https:\/\/shop.merolution.de\/index.php\/product\/kommissionslieferung-mit-leihmoebeln-je-mehr-sie-verbrauchen-desto-g\/\"]}]},{\"@type\":\"BreadcrumbList\",\"@id\":\"https:\/\/shop.merolution.de\/index.php\/product\/kommissionslieferung-mit-leihmoebeln-je-mehr-sie-verbrauchen-desto-g\/#breadcrumb\",\"itemListElement\":[{\"@type\":\"ListItem\",\"position\":1,\"name\":\"Home\",\"item\":\"https:\/\/shop.merolution.de\/\"},{\"@type\":\"ListItem\",\"position\":2,\"name\":\"Shop\",\"item\":\"https:\/\/shop.merolution.de\/\"},{\"@type\":\"ListItem\",\"position\":3,\"name\":\"Kommissionslieferung mit Leihm\u00f6beln &#8211; je mehr Sie verbrauchen, desto g\"}]},{\"@type\":\"WebSite\",\"@id\":\"https:\/\/shop.merolution.de\/#website\",\"url\":\"https:\/\/shop.merolution.de\/\",\"name\":\"Getr\u00e4nke Schl\u00fcter Onlineshop\",\"description\":\"Ihr Getr\u00e4nke-Partner in Hannover\",\"potentialAction\":[{\"@type\":\"SearchAction\",\"target\":{\"@type\":\"EntryPoint\",\"urlTemplate\":\"https:\/\/shop.merolution.de\/?s={search_term_string}\"},\"query-input\":\"required name=search_term_string\"}],\"inLanguage\":\"de\"}]}<\/script>\n<!-- \/ Yoast SEO plugin. -->","yoast_head_json":{"title":"Kommissionslieferung mit Leihm\u00f6beln - je mehr Sie verbrauchen, desto g - Getr\u00e4nke Schl\u00fcter Onlineshop","robots":{"index":"noindex","follow":"follow","max-snippet":"max-snippet:-1","max-image-preview":"max-image-preview:large","max-video-preview":"max-video-preview:-1"},"og_locale":"de_DE","og_type":"article","og_title":"Kommissionslieferung mit Leihm\u00f6beln - je mehr Sie verbrauchen, desto g - Getr\u00e4nke Schl\u00fcter Onlineshop","og_description":"Sie bezahlen nur, was Sie auch verbrauchen. Die Geb\u00fchr enth\u00e4lt die Anlieferung von Kisten, F\u00e4ssern, kleinen Leihartikeln (Gl\u00e4ser, Zapfanlagen) und sperrigen Leihm\u00f6beln (Tresen, Bierzeltgarnituren, Heizpilzen, K\u00fchlschr\u00e4nken, K\u00fchltruhen, K\u00fchlh\u00e4ngern, etc.) sowie die R\u00fcckholung der Leihartikel\/Leihm\u00f6bel und der vollen und leeren Kisten und F\u00e4sser. Die R\u00fccknahme von halbvollen, angebrochenen Kisten ist gegen eine extra Geb\u00fchr m\u00f6glich (siehe \"Service f\u00fcr R\u00fccknahme von Anbruchkisten\"). Lieferung erfolgt ausschlie\u00dflich barrierefrei bis hinter die erste verschlossene T\u00fcr. Der Aufbau oder Anschluss der Ger\u00e4te und der Transport der Ware innerhalb von Geb\u00e4uden ist darin nicht enthalten. Diese Geb\u00fchr reduziert sich mit jeder verbrauchten Kiste um \u0080 1,00, bei jeder verbrauchten Flasche Wein und Spirituosen um \u0080 0,30 und bei jedem verbrauchten Fass (50L) um \u0080 5,00. D.h. ab einem Verbrauch von 50 Kisten oder 10 F\u00e4ssern (50L) entf\u00e4llt die Geb\u00fchr komplett. Achtung: Werden mehr als 50 Prozent der Ware unverbraucht und unge\u00f6ffnet zur\u00fcckgeholt, berechnen wir EUR 1,50 f\u00fcr jede volle Kiste und \u0080 5,00 f\u00fcr jedes volle Fass (50L) als Rollgeld (siehe dazu: \"Geb\u00fchr Rollgeld\" ). Eine kostenfreie Stornierung einer Leihm\u00f6belbestellung ist bis 10 Tage vor der Veranstaltung kostenfrei m\u00f6glich. Danach berechnen wir 50% der vereinbarten Geb\u00fchren. Geliefert wird in frei w\u00e4hlbaren Lieferzeitr\u00e4umen von 3 Stunden innerhalb unserer Arbeitszeiten (Gro\u00dfhandel) von Mo.-Fr. von 7:00 bis 16:00 Uhr und nach Absprache auch Samstag von 8.00 bis 13.00 Uhr. Zeitr\u00e4ume sind z.B. 7:00 bis 10:00 Uhr oder 13:00 bis 16:00 Uhr. Auf Wunsch rufen wir Sie am Tag der Lieferung gerne auch 30 bis 60 Minuten f\u00fcr der konkreten Kommissionslieferung an. Zwischen Anlieferung und R\u00fcckholung d\u00fcrfen maximal 10 Kalendertage liegen. Andere Kommissionszeitr\u00e4ume bed\u00fcrfen der vorherigen Absprache.","og_url":"https:\/\/shop.merolution.de\/index.php\/product\/kommissionslieferung-mit-leihmoebeln-je-mehr-sie-verbrauchen-desto-g\/","og_site_name":"Getr\u00e4nke Schl\u00fcter Onlineshop","twitter_card":"summary_large_image","twitter_misc":{"Gesch\u00e4tzte Lesezeit":"1\u00a0Minute"},"schema":{"@context":"https:\/\/schema.org","@graph":[{"@type":"WebPage","@id":"https:\/\/shop.merolution.de\/index.php\/product\/kommissionslieferung-mit-leihmoebeln-je-mehr-sie-verbrauchen-desto-g\/","url":"https:\/\/shop.merolution.de\/index.php\/product\/kommissionslieferung-mit-leihmoebeln-je-mehr-sie-verbrauchen-desto-g\/","name":"Kommissionslieferung mit Leihm\u00f6beln - je mehr Sie verbrauchen, desto g - Getr\u00e4nke Schl\u00fcter Onlineshop","isPartOf":{"@id":"https:\/\/shop.merolution.de\/#website"},"datePublished":"2020-05-28T09:57:13+00:00","dateModified":"2020-05-28T09:57:13+00:00","breadcrumb":{"@id":"https:\/\/shop.merolution.de\/index.php\/product\/kommissionslieferung-mit-leihmoebeln-je-mehr-sie-verbrauchen-desto-g\/#breadcrumb"},"inLanguage":"de","potentialAction":[{"@type":"ReadAction","target":["https:\/\/shop.merolution.de\/index.php\/product\/kommissionslieferung-mit-leihmoebeln-je-mehr-sie-verbrauchen-desto-g\/"]}]},{"@type":"BreadcrumbList","@id":"https:\/\/shop.merolution.de\/index.php\/product\/kommissionslieferung-mit-leihmoebeln-je-mehr-sie-verbrauchen-desto-g\/#breadcrumb","itemListElement":[{"@type":"ListItem","position":1,"name":"Home","item":"https:\/\/shop.merolution.de\/"},{"@type":"ListItem","position":2,"name":"Shop","item":"https:\/\/shop.merolution.de\/"},{"@type":"ListItem","position":3,"name":"Kommissionslieferung mit Leihm\u00f6beln &#8211; je mehr Sie verbrauchen, desto g"}]},{"@type":"WebSite","@id":"https:\/\/shop.merolution.de\/#website","url":"https:\/\/shop.merolution.de\/","name":"Getr\u00e4nke Schl\u00fcter Onlineshop","description":"Ihr Getr\u00e4nke-Partner in Hannover","potentialAction":[{"@type":"SearchAction","target":{"@type":"EntryPoint","urlTemplate":"https:\/\/shop.merolution.de\/?s={search_term_string}"},"query-input":"required name=search_term_string"}],"inLanguage":"de"}]}},"_links":{"self":[{"href":"https:\/\/shop.merolution.de\/index.php\/wp-json\/wp\/v2\/product\/1485"}],"collection":[{"href":"https:\/\/shop.merolution.de\/index.php\/wp-json\/wp\/v2\/product"}],"about":[{"href":"https:\/\/shop.merolution.de\/index.php\/wp-json\/wp\/v2\/types\/product"}],"replies":[{"embeddable":true,"href":"https:\/\/shop.merolution.de\/index.php\/wp-json\/wp\/v2\/comments?post=1485"}],"wp:attachment":[{"href":"https:\/\/shop.merolution.de\/index.php\/wp-json\/wp\/v2\/media?parent=1485"}],"wp:term":[{"taxonomy":"product_cat","embeddable":true,"href":"https:\/\/shop.merolution.de\/index.php\/wp-json\/wp\/v2\/product_cat?post=1485"},{"taxonomy":"product_tag","embeddable":true,"href":"https:\/\/shop.merolution.de\/index.php\/wp-json\/wp\/v2\/product_tag?post=1485"}],"curies":[{"name":"wp","href":"https:\/\/api.w.org\/{rel}","templated":true}]}}