{"id":1518,"date":"2020-05-28T09:57:18","date_gmt":"2020-05-28T09:57:18","guid":{"rendered":"https:\/\/shop.merolution.de\/index.php\/product\/foerstina-05-vital-3-multivitamin-pet\/"},"modified":"2020-05-28T09:57:18","modified_gmt":"2020-05-28T09:57:18","slug":"foerstina-05-vital-3-multivitamin-pet","status":"publish","type":"product","link":"https:\/\/shop.merolution.de\/index.php\/product\/foerstina-05-vital-3-multivitamin-pet\/","title":{"rendered":"F\u00f6rstina 0,5 Vital 3 (Multivitamin) PET"},"content":{"rendered":"<p>12\/0,50 (Mehrweg)Inhalt: nat\u00fcrliches Mineralwasser, Orangensaft aus Orangensaftkonzentrat (14,5%), Zucker, Apfelsaft aus Apfelsaftkonzentrat, Grapefruitsaft aus Grapefruitsaftkonzentrat, Kohlens\u00e4ure, Bananensaft aus Bananensaftkonzentrat, Ananassaft aus Ananasaftkonzentrat, Birnensaft aus Birnensaftkonzentrat, Mandarinensaft aus Mandarinensaftkonzentrat, Nektarinenmark aus Nektarinensaftkonzentrat, Aprikosenmark aus Aprikosensaftkonzentrat, Vitamin c, Stabilisatoren Pektin ubnd Johannisbrotkernmehl, Antioxidationsmittel Ascorbins\u00e4ure, nat\u00fcrliches Aroma, Vitamin E Provitamin A.<\/p>\n","protected":false},"excerpt":{"rendered":"<p>12\/0,50 (Mehrweg)<\/p>\n","protected":false},"featured_media":1519,"comment_status":"open","ping_status":"closed","template":"","meta":[],"product_cat":[49],"product_tag":[],"yoast_head":"<!-- This site is optimized with the Yoast SEO plugin v19.14 - https:\/\/yoast.com\/wordpress\/plugins\/seo\/ -->\n<title>F\u00f6rstina 0,5 Vital 3 (Multivitamin) PET - Getr\u00e4nke Schl\u00fcter Onlineshop<\/title>\n<meta name=\"robots\" content=\"noindex, follow, max-snippet:-1, max-image-preview:large, max-video-preview:-1\" \/>\n<meta property=\"og:locale\" content=\"de_DE\" \/>\n<meta property=\"og:type\" content=\"article\" \/>\n<meta property=\"og:title\" content=\"F\u00f6rstina 0,5 Vital 3 (Multivitamin) PET - Getr\u00e4nke Schl\u00fcter Onlineshop\" \/>\n<meta property=\"og:description\" content=\"12\/0,50 (Mehrweg)\" \/>\n<meta property=\"og:url\" content=\"https:\/\/shop.merolution.de\/index.php\/product\/foerstina-05-vital-3-multivitamin-pet\/\" \/>\n<meta property=\"og:site_name\" content=\"Getr\u00e4nke Schl\u00fcter Onlineshop\" \/>\n<meta property=\"og:image\" content=\"https:\/\/shop.merolution.de\/wp-content\/uploads\/2020\/05\/1262aPic1S178584723_zz_02C5-PET-Vital-3-Ka_.jpg\" \/>\n\t<meta property=\"og:image:width\" content=\"150\" \/>\n\t<meta property=\"og:image:height\" content=\"150\" \/>\n\t<meta property=\"og:image:type\" content=\"image\/jpeg\" \/>\n<meta name=\"twitter:card\" content=\"summary_large_image\" \/>\n<script type=\"application\/ld+json\" class=\"yoast-schema-graph\">{\"@context\":\"https:\/\/schema.org\",\"@graph\":[{\"@type\":\"WebPage\",\"@id\":\"https:\/\/shop.merolution.de\/index.php\/product\/foerstina-05-vital-3-multivitamin-pet\/\",\"url\":\"https:\/\/shop.merolution.de\/index.php\/product\/foerstina-05-vital-3-multivitamin-pet\/\",\"name\":\"F\u00f6rstina 0,5 Vital 3 (Multivitamin) PET - Getr\u00e4nke Schl\u00fcter Onlineshop\",\"isPartOf\":{\"@id\":\"https:\/\/shop.merolution.de\/#website\"},\"datePublished\":\"2020-05-28T09:57:18+00:00\",\"dateModified\":\"2020-05-28T09:57:18+00:00\",\"breadcrumb\":{\"@id\":\"https:\/\/shop.merolution.de\/index.php\/product\/foerstina-05-vital-3-multivitamin-pet\/#breadcrumb\"},\"inLanguage\":\"de\",\"potentialAction\":[{\"@type\":\"ReadAction\",\"target\":[\"https:\/\/shop.merolution.de\/index.php\/product\/foerstina-05-vital-3-multivitamin-pet\/\"]}]},{\"@type\":\"BreadcrumbList\",\"@id\":\"https:\/\/shop.merolution.de\/index.php\/product\/foerstina-05-vital-3-multivitamin-pet\/#breadcrumb\",\"itemListElement\":[{\"@type\":\"ListItem\",\"position\":1,\"name\":\"Home\",\"item\":\"https:\/\/shop.merolution.de\/\"},{\"@type\":\"ListItem\",\"position\":2,\"name\":\"Shop\",\"item\":\"https:\/\/shop.merolution.de\/\"},{\"@type\":\"ListItem\",\"position\":3,\"name\":\"F\u00f6rstina 0,5 Vital 3 (Multivitamin) PET\"}]},{\"@type\":\"WebSite\",\"@id\":\"https:\/\/shop.merolution.de\/#website\",\"url\":\"https:\/\/shop.merolution.de\/\",\"name\":\"Getr\u00e4nke Schl\u00fcter Onlineshop\",\"description\":\"Ihr Getr\u00e4nke-Partner in Hannover\",\"potentialAction\":[{\"@type\":\"SearchAction\",\"target\":{\"@type\":\"EntryPoint\",\"urlTemplate\":\"https:\/\/shop.merolution.de\/?s={search_term_string}\"},\"query-input\":\"required name=search_term_string\"}],\"inLanguage\":\"de\"}]}<\/script>\n<!-- \/ Yoast SEO plugin. -->","yoast_head_json":{"title":"F\u00f6rstina 0,5 Vital 3 (Multivitamin) PET - Getr\u00e4nke Schl\u00fcter Onlineshop","robots":{"index":"noindex","follow":"follow","max-snippet":"max-snippet:-1","max-image-preview":"max-image-preview:large","max-video-preview":"max-video-preview:-1"},"og_locale":"de_DE","og_type":"article","og_title":"F\u00f6rstina 0,5 Vital 3 (Multivitamin) PET - Getr\u00e4nke Schl\u00fcter Onlineshop","og_description":"12\/0,50 (Mehrweg)","og_url":"https:\/\/shop.merolution.de\/index.php\/product\/foerstina-05-vital-3-multivitamin-pet\/","og_site_name":"Getr\u00e4nke Schl\u00fcter Onlineshop","og_image":[{"width":150,"height":150,"url":"https:\/\/shop.merolution.de\/wp-content\/uploads\/2020\/05\/1262aPic1S178584723_zz_02C5-PET-Vital-3-Ka_.jpg","type":"image\/jpeg"}],"twitter_card":"summary_large_image","schema":{"@context":"https:\/\/schema.org","@graph":[{"@type":"WebPage","@id":"https:\/\/shop.merolution.de\/index.php\/product\/foerstina-05-vital-3-multivitamin-pet\/","url":"https:\/\/shop.merolution.de\/index.php\/product\/foerstina-05-vital-3-multivitamin-pet\/","name":"F\u00f6rstina 0,5 Vital 3 (Multivitamin) PET - Getr\u00e4nke Schl\u00fcter Onlineshop","isPartOf":{"@id":"https:\/\/shop.merolution.de\/#website"},"datePublished":"2020-05-28T09:57:18+00:00","dateModified":"2020-05-28T09:57:18+00:00","breadcrumb":{"@id":"https:\/\/shop.merolution.de\/index.php\/product\/foerstina-05-vital-3-multivitamin-pet\/#breadcrumb"},"inLanguage":"de","potentialAction":[{"@type":"ReadAction","target":["https:\/\/shop.merolution.de\/index.php\/product\/foerstina-05-vital-3-multivitamin-pet\/"]}]},{"@type":"BreadcrumbList","@id":"https:\/\/shop.merolution.de\/index.php\/product\/foerstina-05-vital-3-multivitamin-pet\/#breadcrumb","itemListElement":[{"@type":"ListItem","position":1,"name":"Home","item":"https:\/\/shop.merolution.de\/"},{"@type":"ListItem","position":2,"name":"Shop","item":"https:\/\/shop.merolution.de\/"},{"@type":"ListItem","position":3,"name":"F\u00f6rstina 0,5 Vital 3 (Multivitamin) PET"}]},{"@type":"WebSite","@id":"https:\/\/shop.merolution.de\/#website","url":"https:\/\/shop.merolution.de\/","name":"Getr\u00e4nke Schl\u00fcter Onlineshop","description":"Ihr Getr\u00e4nke-Partner in Hannover","potentialAction":[{"@type":"SearchAction","target":{"@type":"EntryPoint","urlTemplate":"https:\/\/shop.merolution.de\/?s={search_term_string}"},"query-input":"required name=search_term_string"}],"inLanguage":"de"}]}},"_links":{"self":[{"href":"https:\/\/shop.merolution.de\/index.php\/wp-json\/wp\/v2\/product\/1518"}],"collection":[{"href":"https:\/\/shop.merolution.de\/index.php\/wp-json\/wp\/v2\/product"}],"about":[{"href":"https:\/\/shop.merolution.de\/index.php\/wp-json\/wp\/v2\/types\/product"}],"replies":[{"embeddable":true,"href":"https:\/\/shop.merolution.de\/index.php\/wp-json\/wp\/v2\/comments?post=1518"}],"wp:featuredmedia":[{"embeddable":true,"href":"https:\/\/shop.merolution.de\/index.php\/wp-json\/wp\/v2\/media\/1519"}],"wp:attachment":[{"href":"https:\/\/shop.merolution.de\/index.php\/wp-json\/wp\/v2\/media?parent=1518"}],"wp:term":[{"taxonomy":"product_cat","embeddable":true,"href":"https:\/\/shop.merolution.de\/index.php\/wp-json\/wp\/v2\/product_cat?post=1518"},{"taxonomy":"product_tag","embeddable":true,"href":"https:\/\/shop.merolution.de\/index.php\/wp-json\/wp\/v2\/product_tag?post=1518"}],"curies":[{"name":"wp","href":"https:\/\/api.w.org\/{rel}","templated":true}]}}