{"id":1527,"date":"2020-05-28T09:57:20","date_gmt":"2020-05-28T09:57:20","guid":{"rendered":"https:\/\/shop.merolution.de\/index.php\/product\/gerolsteiner-075-pet-fit-limonade\/"},"modified":"2020-05-28T09:57:20","modified_gmt":"2020-05-28T09:57:20","slug":"gerolsteiner-075-pet-fit-limonade","status":"publish","type":"product","link":"https:\/\/shop.merolution.de\/index.php\/product\/gerolsteiner-075-pet-fit-limonade\/","title":{"rendered":"Gerolsteiner 0,75 PET FIT Limonade"},"content":{"rendered":"<p>12\/0,7P &#8211; Mehr Schwung im Alltag: Gerolsteiner Fit. Ob im Beruf oder in der Freizeit, Fit bringt die nat\u00fcrliche Erfrischung. Der fruchtig leichte Geschmack von Fit und gerade mal 20 kcal pro 100 ml machen Gerolsteiner Fit zum optimalen Durstl\u00f6cher, auch f\u00fcr Vieltrinker &#8211; Pfand 3,30<\/p>\n","protected":false},"excerpt":{"rendered":"<p>12\/0,7P &#8211; Mehr Schwung im Alltag: Gerolsteiner Fit. Ob im Beruf oder in der Freizeit, Fit bringt die nat\u00fcrliche Erfrischung. Der fruchtig leichte Geschmack von Fit und gerade mal 20 kcal pro 100 ml machen Gerolsteiner Fit zum optimalen Durstl\u00f6cher, auch f\u00fcr Vieltrinker &#8211; Pfand \u0080 3,30<\/p>\n","protected":false},"featured_media":1528,"comment_status":"open","ping_status":"closed","template":"","meta":[],"product_cat":[49],"product_tag":[],"yoast_head":"<!-- This site is optimized with the Yoast SEO plugin v19.14 - https:\/\/yoast.com\/wordpress\/plugins\/seo\/ -->\n<title>Gerolsteiner 0,75 PET FIT Limonade - Getr\u00e4nke Schl\u00fcter Onlineshop<\/title>\n<meta name=\"robots\" content=\"noindex, follow, max-snippet:-1, max-image-preview:large, max-video-preview:-1\" \/>\n<meta property=\"og:locale\" content=\"de_DE\" \/>\n<meta property=\"og:type\" content=\"article\" \/>\n<meta property=\"og:title\" content=\"Gerolsteiner 0,75 PET FIT Limonade - Getr\u00e4nke Schl\u00fcter Onlineshop\" \/>\n<meta property=\"og:description\" content=\"12\/0,7P - Mehr Schwung im Alltag: Gerolsteiner Fit. Ob im Beruf oder in der Freizeit, Fit bringt die nat\u00fcrliche Erfrischung. Der fruchtig leichte Geschmack von Fit und gerade mal 20 kcal pro 100 ml machen Gerolsteiner Fit zum optimalen Durstl\u00f6cher, auch f\u00fcr Vieltrinker - Pfand \u0080 3,30\" \/>\n<meta property=\"og:url\" content=\"https:\/\/shop.merolution.de\/index.php\/product\/gerolsteiner-075-pet-fit-limonade\/\" \/>\n<meta property=\"og:site_name\" content=\"Getr\u00e4nke Schl\u00fcter Onlineshop\" \/>\n<meta property=\"og:image\" content=\"https:\/\/shop.merolution.de\/wp-content\/uploads\/2020\/05\/1271aPic1S1560902141_zz_Gerolsteiner_FITKiste.jpg\" \/>\n\t<meta property=\"og:image:width\" content=\"250\" \/>\n\t<meta property=\"og:image:height\" content=\"263\" \/>\n\t<meta property=\"og:image:type\" content=\"image\/jpeg\" \/>\n<meta name=\"twitter:card\" content=\"summary_large_image\" \/>\n<script type=\"application\/ld+json\" class=\"yoast-schema-graph\">{\"@context\":\"https:\/\/schema.org\",\"@graph\":[{\"@type\":\"WebPage\",\"@id\":\"https:\/\/shop.merolution.de\/index.php\/product\/gerolsteiner-075-pet-fit-limonade\/\",\"url\":\"https:\/\/shop.merolution.de\/index.php\/product\/gerolsteiner-075-pet-fit-limonade\/\",\"name\":\"Gerolsteiner 0,75 PET FIT Limonade - Getr\u00e4nke Schl\u00fcter Onlineshop\",\"isPartOf\":{\"@id\":\"https:\/\/shop.merolution.de\/#website\"},\"datePublished\":\"2020-05-28T09:57:20+00:00\",\"dateModified\":\"2020-05-28T09:57:20+00:00\",\"breadcrumb\":{\"@id\":\"https:\/\/shop.merolution.de\/index.php\/product\/gerolsteiner-075-pet-fit-limonade\/#breadcrumb\"},\"inLanguage\":\"de\",\"potentialAction\":[{\"@type\":\"ReadAction\",\"target\":[\"https:\/\/shop.merolution.de\/index.php\/product\/gerolsteiner-075-pet-fit-limonade\/\"]}]},{\"@type\":\"BreadcrumbList\",\"@id\":\"https:\/\/shop.merolution.de\/index.php\/product\/gerolsteiner-075-pet-fit-limonade\/#breadcrumb\",\"itemListElement\":[{\"@type\":\"ListItem\",\"position\":1,\"name\":\"Home\",\"item\":\"https:\/\/shop.merolution.de\/\"},{\"@type\":\"ListItem\",\"position\":2,\"name\":\"Shop\",\"item\":\"https:\/\/shop.merolution.de\/\"},{\"@type\":\"ListItem\",\"position\":3,\"name\":\"Gerolsteiner 0,75 PET FIT Limonade\"}]},{\"@type\":\"WebSite\",\"@id\":\"https:\/\/shop.merolution.de\/#website\",\"url\":\"https:\/\/shop.merolution.de\/\",\"name\":\"Getr\u00e4nke Schl\u00fcter Onlineshop\",\"description\":\"Ihr Getr\u00e4nke-Partner in Hannover\",\"potentialAction\":[{\"@type\":\"SearchAction\",\"target\":{\"@type\":\"EntryPoint\",\"urlTemplate\":\"https:\/\/shop.merolution.de\/?s={search_term_string}\"},\"query-input\":\"required name=search_term_string\"}],\"inLanguage\":\"de\"}]}<\/script>\n<!-- \/ Yoast SEO plugin. -->","yoast_head_json":{"title":"Gerolsteiner 0,75 PET FIT Limonade - Getr\u00e4nke Schl\u00fcter Onlineshop","robots":{"index":"noindex","follow":"follow","max-snippet":"max-snippet:-1","max-image-preview":"max-image-preview:large","max-video-preview":"max-video-preview:-1"},"og_locale":"de_DE","og_type":"article","og_title":"Gerolsteiner 0,75 PET FIT Limonade - Getr\u00e4nke Schl\u00fcter Onlineshop","og_description":"12\/0,7P - Mehr Schwung im Alltag: Gerolsteiner Fit. Ob im Beruf oder in der Freizeit, Fit bringt die nat\u00fcrliche Erfrischung. Der fruchtig leichte Geschmack von Fit und gerade mal 20 kcal pro 100 ml machen Gerolsteiner Fit zum optimalen Durstl\u00f6cher, auch f\u00fcr Vieltrinker - Pfand \u0080 3,30","og_url":"https:\/\/shop.merolution.de\/index.php\/product\/gerolsteiner-075-pet-fit-limonade\/","og_site_name":"Getr\u00e4nke Schl\u00fcter Onlineshop","og_image":[{"width":250,"height":263,"url":"https:\/\/shop.merolution.de\/wp-content\/uploads\/2020\/05\/1271aPic1S1560902141_zz_Gerolsteiner_FITKiste.jpg","type":"image\/jpeg"}],"twitter_card":"summary_large_image","schema":{"@context":"https:\/\/schema.org","@graph":[{"@type":"WebPage","@id":"https:\/\/shop.merolution.de\/index.php\/product\/gerolsteiner-075-pet-fit-limonade\/","url":"https:\/\/shop.merolution.de\/index.php\/product\/gerolsteiner-075-pet-fit-limonade\/","name":"Gerolsteiner 0,75 PET FIT Limonade - Getr\u00e4nke Schl\u00fcter Onlineshop","isPartOf":{"@id":"https:\/\/shop.merolution.de\/#website"},"datePublished":"2020-05-28T09:57:20+00:00","dateModified":"2020-05-28T09:57:20+00:00","breadcrumb":{"@id":"https:\/\/shop.merolution.de\/index.php\/product\/gerolsteiner-075-pet-fit-limonade\/#breadcrumb"},"inLanguage":"de","potentialAction":[{"@type":"ReadAction","target":["https:\/\/shop.merolution.de\/index.php\/product\/gerolsteiner-075-pet-fit-limonade\/"]}]},{"@type":"BreadcrumbList","@id":"https:\/\/shop.merolution.de\/index.php\/product\/gerolsteiner-075-pet-fit-limonade\/#breadcrumb","itemListElement":[{"@type":"ListItem","position":1,"name":"Home","item":"https:\/\/shop.merolution.de\/"},{"@type":"ListItem","position":2,"name":"Shop","item":"https:\/\/shop.merolution.de\/"},{"@type":"ListItem","position":3,"name":"Gerolsteiner 0,75 PET FIT Limonade"}]},{"@type":"WebSite","@id":"https:\/\/shop.merolution.de\/#website","url":"https:\/\/shop.merolution.de\/","name":"Getr\u00e4nke Schl\u00fcter Onlineshop","description":"Ihr Getr\u00e4nke-Partner in Hannover","potentialAction":[{"@type":"SearchAction","target":{"@type":"EntryPoint","urlTemplate":"https:\/\/shop.merolution.de\/?s={search_term_string}"},"query-input":"required name=search_term_string"}],"inLanguage":"de"}]}},"_links":{"self":[{"href":"https:\/\/shop.merolution.de\/index.php\/wp-json\/wp\/v2\/product\/1527"}],"collection":[{"href":"https:\/\/shop.merolution.de\/index.php\/wp-json\/wp\/v2\/product"}],"about":[{"href":"https:\/\/shop.merolution.de\/index.php\/wp-json\/wp\/v2\/types\/product"}],"replies":[{"embeddable":true,"href":"https:\/\/shop.merolution.de\/index.php\/wp-json\/wp\/v2\/comments?post=1527"}],"wp:featuredmedia":[{"embeddable":true,"href":"https:\/\/shop.merolution.de\/index.php\/wp-json\/wp\/v2\/media\/1528"}],"wp:attachment":[{"href":"https:\/\/shop.merolution.de\/index.php\/wp-json\/wp\/v2\/media?parent=1527"}],"wp:term":[{"taxonomy":"product_cat","embeddable":true,"href":"https:\/\/shop.merolution.de\/index.php\/wp-json\/wp\/v2\/product_cat?post=1527"},{"taxonomy":"product_tag","embeddable":true,"href":"https:\/\/shop.merolution.de\/index.php\/wp-json\/wp\/v2\/product_tag?post=1527"}],"curies":[{"name":"wp","href":"https:\/\/api.w.org\/{rel}","templated":true}]}}