{"id":1570,"date":"2020-05-28T09:57:25","date_gmt":"2020-05-28T09:57:25","guid":{"rendered":"https:\/\/shop.merolution.de\/index.php\/product\/schweppes-020-bitter-lemon\/"},"modified":"2020-05-28T09:57:25","modified_gmt":"2020-05-28T09:57:25","slug":"schweppes-020-bitter-lemon","status":"publish","type":"product","link":"https:\/\/shop.merolution.de\/index.php\/product\/schweppes-020-bitter-lemon\/","title":{"rendered":"Schweppes 0,20 Bitter Lemon"},"content":{"rendered":"<p>24\/0,20 &#8211; Glas Mehrweg &#8211; \u0080 5,10 PfandErfrischungsgetr\u00e4nk mit 3% Limonensaft aus Konzentrat, chininhaltig.Inhalt: Wasser, Zucker, Limonensaft aus Konzentrat 3% , Kohlens\u00e4ure, S\u00e4uerungsmittel Citronens\u00e4ure, Limonkonzentrat, Antioxidationsmittel Ascorbins\u00e4ure, nat\u00fcrliches Aroma, Aroma Chinin.<\/p>\n","protected":false},"excerpt":{"rendered":"<p>24\/0,20 &#8211; Schweppes Original Bitter Lemon f\u00fcr aufregenden Genuss. Die Geschichte dieses fein-herben Klassikers reicht zur\u00fcck bis ins Jahr 1834, als erstmals das ber\u00fchmte Soda-Wasser mit dem Saft frischer Limonen vermischt wurde. In seiner heutigen Rezeptur gibt es Original Bitter Lemon seit 1957 \u0096 gerne auch als Longdrink in Kombination mit Wodka oder Gin. Deutlich j\u00fcnger, aber ebenso fruchtig-bitter: Die leichte Variante des Originals, Bitter Lemon Light. Offen und inspirierend im Geschmack, kompromisslos in Bezug auf Kalorien &#8211; Glas Mehrweg &#8211; \u0080 5,10 Pfand<\/p>\n","protected":false},"featured_media":1571,"comment_status":"open","ping_status":"closed","template":"","meta":[],"product_cat":[49],"product_tag":[],"yoast_head":"<!-- This site is optimized with the Yoast SEO plugin v19.14 - https:\/\/yoast.com\/wordpress\/plugins\/seo\/ -->\n<title>Schweppes 0,20 Bitter Lemon - Getr\u00e4nke Schl\u00fcter Onlineshop<\/title>\n<meta name=\"robots\" content=\"noindex, follow, max-snippet:-1, max-image-preview:large, max-video-preview:-1\" \/>\n<meta property=\"og:locale\" content=\"de_DE\" \/>\n<meta property=\"og:type\" content=\"article\" \/>\n<meta property=\"og:title\" content=\"Schweppes 0,20 Bitter Lemon - Getr\u00e4nke Schl\u00fcter Onlineshop\" \/>\n<meta property=\"og:description\" content=\"24\/0,20 - Schweppes Original Bitter Lemon f\u00fcr aufregenden Genuss. Die Geschichte dieses fein-herben Klassikers reicht zur\u00fcck bis ins Jahr 1834, als erstmals das ber\u00fchmte Soda-Wasser mit dem Saft frischer Limonen vermischt wurde. In seiner heutigen Rezeptur gibt es Original Bitter Lemon seit 1957 \u0096 gerne auch als Longdrink in Kombination mit Wodka oder Gin. Deutlich j\u00fcnger, aber ebenso fruchtig-bitter: Die leichte Variante des Originals, Bitter Lemon Light. Offen und inspirierend im Geschmack, kompromisslos in Bezug auf Kalorien - Glas Mehrweg - \u0080 5,10 Pfand\" \/>\n<meta property=\"og:url\" content=\"https:\/\/shop.merolution.de\/index.php\/product\/schweppes-020-bitter-lemon\/\" \/>\n<meta property=\"og:site_name\" content=\"Getr\u00e4nke Schl\u00fcter Onlineshop\" \/>\n<meta property=\"og:image\" content=\"https:\/\/shop.merolution.de\/wp-content\/uploads\/2020\/05\/bitter-lemon-kiste-020-aid-1350s.jpg\" \/>\n\t<meta property=\"og:image:width\" content=\"150\" \/>\n\t<meta property=\"og:image:height\" content=\"120\" \/>\n\t<meta property=\"og:image:type\" content=\"image\/jpeg\" \/>\n<meta name=\"twitter:card\" content=\"summary_large_image\" \/>\n<script type=\"application\/ld+json\" class=\"yoast-schema-graph\">{\"@context\":\"https:\/\/schema.org\",\"@graph\":[{\"@type\":\"WebPage\",\"@id\":\"https:\/\/shop.merolution.de\/index.php\/product\/schweppes-020-bitter-lemon\/\",\"url\":\"https:\/\/shop.merolution.de\/index.php\/product\/schweppes-020-bitter-lemon\/\",\"name\":\"Schweppes 0,20 Bitter Lemon - Getr\u00e4nke Schl\u00fcter Onlineshop\",\"isPartOf\":{\"@id\":\"https:\/\/shop.merolution.de\/#website\"},\"datePublished\":\"2020-05-28T09:57:25+00:00\",\"dateModified\":\"2020-05-28T09:57:25+00:00\",\"breadcrumb\":{\"@id\":\"https:\/\/shop.merolution.de\/index.php\/product\/schweppes-020-bitter-lemon\/#breadcrumb\"},\"inLanguage\":\"de\",\"potentialAction\":[{\"@type\":\"ReadAction\",\"target\":[\"https:\/\/shop.merolution.de\/index.php\/product\/schweppes-020-bitter-lemon\/\"]}]},{\"@type\":\"BreadcrumbList\",\"@id\":\"https:\/\/shop.merolution.de\/index.php\/product\/schweppes-020-bitter-lemon\/#breadcrumb\",\"itemListElement\":[{\"@type\":\"ListItem\",\"position\":1,\"name\":\"Home\",\"item\":\"https:\/\/shop.merolution.de\/\"},{\"@type\":\"ListItem\",\"position\":2,\"name\":\"Shop\",\"item\":\"https:\/\/shop.merolution.de\/\"},{\"@type\":\"ListItem\",\"position\":3,\"name\":\"Schweppes 0,20 Bitter Lemon\"}]},{\"@type\":\"WebSite\",\"@id\":\"https:\/\/shop.merolution.de\/#website\",\"url\":\"https:\/\/shop.merolution.de\/\",\"name\":\"Getr\u00e4nke Schl\u00fcter Onlineshop\",\"description\":\"Ihr Getr\u00e4nke-Partner in Hannover\",\"potentialAction\":[{\"@type\":\"SearchAction\",\"target\":{\"@type\":\"EntryPoint\",\"urlTemplate\":\"https:\/\/shop.merolution.de\/?s={search_term_string}\"},\"query-input\":\"required name=search_term_string\"}],\"inLanguage\":\"de\"}]}<\/script>\n<!-- \/ Yoast SEO plugin. -->","yoast_head_json":{"title":"Schweppes 0,20 Bitter Lemon - Getr\u00e4nke Schl\u00fcter Onlineshop","robots":{"index":"noindex","follow":"follow","max-snippet":"max-snippet:-1","max-image-preview":"max-image-preview:large","max-video-preview":"max-video-preview:-1"},"og_locale":"de_DE","og_type":"article","og_title":"Schweppes 0,20 Bitter Lemon - Getr\u00e4nke Schl\u00fcter Onlineshop","og_description":"24\/0,20 - Schweppes Original Bitter Lemon f\u00fcr aufregenden Genuss. Die Geschichte dieses fein-herben Klassikers reicht zur\u00fcck bis ins Jahr 1834, als erstmals das ber\u00fchmte Soda-Wasser mit dem Saft frischer Limonen vermischt wurde. In seiner heutigen Rezeptur gibt es Original Bitter Lemon seit 1957 \u0096 gerne auch als Longdrink in Kombination mit Wodka oder Gin. Deutlich j\u00fcnger, aber ebenso fruchtig-bitter: Die leichte Variante des Originals, Bitter Lemon Light. Offen und inspirierend im Geschmack, kompromisslos in Bezug auf Kalorien - Glas Mehrweg - \u0080 5,10 Pfand","og_url":"https:\/\/shop.merolution.de\/index.php\/product\/schweppes-020-bitter-lemon\/","og_site_name":"Getr\u00e4nke Schl\u00fcter Onlineshop","og_image":[{"width":150,"height":120,"url":"https:\/\/shop.merolution.de\/wp-content\/uploads\/2020\/05\/bitter-lemon-kiste-020-aid-1350s.jpg","type":"image\/jpeg"}],"twitter_card":"summary_large_image","schema":{"@context":"https:\/\/schema.org","@graph":[{"@type":"WebPage","@id":"https:\/\/shop.merolution.de\/index.php\/product\/schweppes-020-bitter-lemon\/","url":"https:\/\/shop.merolution.de\/index.php\/product\/schweppes-020-bitter-lemon\/","name":"Schweppes 0,20 Bitter Lemon - Getr\u00e4nke Schl\u00fcter Onlineshop","isPartOf":{"@id":"https:\/\/shop.merolution.de\/#website"},"datePublished":"2020-05-28T09:57:25+00:00","dateModified":"2020-05-28T09:57:25+00:00","breadcrumb":{"@id":"https:\/\/shop.merolution.de\/index.php\/product\/schweppes-020-bitter-lemon\/#breadcrumb"},"inLanguage":"de","potentialAction":[{"@type":"ReadAction","target":["https:\/\/shop.merolution.de\/index.php\/product\/schweppes-020-bitter-lemon\/"]}]},{"@type":"BreadcrumbList","@id":"https:\/\/shop.merolution.de\/index.php\/product\/schweppes-020-bitter-lemon\/#breadcrumb","itemListElement":[{"@type":"ListItem","position":1,"name":"Home","item":"https:\/\/shop.merolution.de\/"},{"@type":"ListItem","position":2,"name":"Shop","item":"https:\/\/shop.merolution.de\/"},{"@type":"ListItem","position":3,"name":"Schweppes 0,20 Bitter Lemon"}]},{"@type":"WebSite","@id":"https:\/\/shop.merolution.de\/#website","url":"https:\/\/shop.merolution.de\/","name":"Getr\u00e4nke Schl\u00fcter Onlineshop","description":"Ihr Getr\u00e4nke-Partner in Hannover","potentialAction":[{"@type":"SearchAction","target":{"@type":"EntryPoint","urlTemplate":"https:\/\/shop.merolution.de\/?s={search_term_string}"},"query-input":"required name=search_term_string"}],"inLanguage":"de"}]}},"_links":{"self":[{"href":"https:\/\/shop.merolution.de\/index.php\/wp-json\/wp\/v2\/product\/1570"}],"collection":[{"href":"https:\/\/shop.merolution.de\/index.php\/wp-json\/wp\/v2\/product"}],"about":[{"href":"https:\/\/shop.merolution.de\/index.php\/wp-json\/wp\/v2\/types\/product"}],"replies":[{"embeddable":true,"href":"https:\/\/shop.merolution.de\/index.php\/wp-json\/wp\/v2\/comments?post=1570"}],"wp:featuredmedia":[{"embeddable":true,"href":"https:\/\/shop.merolution.de\/index.php\/wp-json\/wp\/v2\/media\/1571"}],"wp:attachment":[{"href":"https:\/\/shop.merolution.de\/index.php\/wp-json\/wp\/v2\/media?parent=1570"}],"wp:term":[{"taxonomy":"product_cat","embeddable":true,"href":"https:\/\/shop.merolution.de\/index.php\/wp-json\/wp\/v2\/product_cat?post=1570"},{"taxonomy":"product_tag","embeddable":true,"href":"https:\/\/shop.merolution.de\/index.php\/wp-json\/wp\/v2\/product_tag?post=1570"}],"curies":[{"name":"wp","href":"https:\/\/api.w.org\/{rel}","templated":true}]}}