{"id":1579,"date":"2020-05-28T09:57:27","date_gmt":"2020-05-28T09:57:27","guid":{"rendered":"https:\/\/shop.merolution.de\/index.php\/product\/schweppes-020-ginger-ale\/"},"modified":"2020-05-28T09:57:27","modified_gmt":"2020-05-28T09:57:27","slug":"schweppes-020-ginger-ale","status":"publish","type":"product","link":"https:\/\/shop.merolution.de\/index.php\/product\/schweppes-020-ginger-ale\/","title":{"rendered":"Schweppes 0,20 Ginger Ale"},"content":{"rendered":"<p>24\/0,20 &#8211; Glas Mehrweg &#8211; \u0080 5,10 Pfand &#8211; Inhalt: Wasser, Zucker, Kohlens\u00e4ure, S\u00e4uerungsmittel Citronens\u00e4ure, nat\u00fcrliches Ingwer-Aroma mit anderen Aromen, Farbstoff Zuckercouleur (E150d).<\/p>\n","protected":false},"excerpt":{"rendered":"<p>24\/0,20 &#8211; Schweppes American Ginger Ale f\u00fcr geheimnisvollen Genuss. Das Erfrischungsgetr\u00e4nk mit nat\u00fcrlichen Ingwer-Ausz\u00fcgen wurde 1870 gemeinsam mit Indian Tonic Water eingef\u00fchrt. American Ginger Ale enth\u00e4lt kein Chinin und schmeckt deswegen auch nicht bitter. Wer den \u0084Champagner unter den Softdrinks\u0093 einmal auf der Zunge hatte, wei\u00df seinen nat\u00fcrlichen Geschmack f\u00fcr Gaumen und Seele zu sch\u00e4tzen. Auch gemixt mit Spirituosen wie Whiskey oder Ramazotti ein einzigartiger Genuss &#8211; Glas Mehrweg &#8211; \u0080 5,10 Pfand<\/p>\n","protected":false},"featured_media":1580,"comment_status":"open","ping_status":"closed","template":"","meta":[],"product_cat":[49],"product_tag":[],"yoast_head":"<!-- This site is optimized with the Yoast SEO plugin v19.14 - https:\/\/yoast.com\/wordpress\/plugins\/seo\/ -->\n<title>Schweppes 0,20 Ginger Ale - Getr\u00e4nke Schl\u00fcter Onlineshop<\/title>\n<meta name=\"robots\" content=\"noindex, follow, max-snippet:-1, max-image-preview:large, max-video-preview:-1\" \/>\n<meta property=\"og:locale\" content=\"de_DE\" \/>\n<meta property=\"og:type\" content=\"article\" \/>\n<meta property=\"og:title\" content=\"Schweppes 0,20 Ginger Ale - Getr\u00e4nke Schl\u00fcter Onlineshop\" \/>\n<meta property=\"og:description\" content=\"24\/0,20 - Schweppes American Ginger Ale f\u00fcr geheimnisvollen Genuss. Das Erfrischungsgetr\u00e4nk mit nat\u00fcrlichen Ingwer-Ausz\u00fcgen wurde 1870 gemeinsam mit Indian Tonic Water eingef\u00fchrt. American Ginger Ale enth\u00e4lt kein Chinin und schmeckt deswegen auch nicht bitter. Wer den \u0084Champagner unter den Softdrinks\u0093 einmal auf der Zunge hatte, wei\u00df seinen nat\u00fcrlichen Geschmack f\u00fcr Gaumen und Seele zu sch\u00e4tzen. Auch gemixt mit Spirituosen wie Whiskey oder Ramazotti ein einzigartiger Genuss - Glas Mehrweg - \u0080 5,10 Pfand\" \/>\n<meta property=\"og:url\" content=\"https:\/\/shop.merolution.de\/index.php\/product\/schweppes-020-ginger-ale\/\" \/>\n<meta property=\"og:site_name\" content=\"Getr\u00e4nke Schl\u00fcter Onlineshop\" \/>\n<meta property=\"og:image\" content=\"https:\/\/shop.merolution.de\/wp-content\/uploads\/2020\/05\/p-24x02l-ga-mw-g-aid-1356s.jpg\" \/>\n\t<meta property=\"og:image:width\" content=\"150\" \/>\n\t<meta property=\"og:image:height\" content=\"121\" \/>\n\t<meta property=\"og:image:type\" content=\"image\/jpeg\" \/>\n<meta name=\"twitter:card\" content=\"summary_large_image\" \/>\n<script type=\"application\/ld+json\" class=\"yoast-schema-graph\">{\"@context\":\"https:\/\/schema.org\",\"@graph\":[{\"@type\":\"WebPage\",\"@id\":\"https:\/\/shop.merolution.de\/index.php\/product\/schweppes-020-ginger-ale\/\",\"url\":\"https:\/\/shop.merolution.de\/index.php\/product\/schweppes-020-ginger-ale\/\",\"name\":\"Schweppes 0,20 Ginger Ale - Getr\u00e4nke Schl\u00fcter Onlineshop\",\"isPartOf\":{\"@id\":\"https:\/\/shop.merolution.de\/#website\"},\"datePublished\":\"2020-05-28T09:57:27+00:00\",\"dateModified\":\"2020-05-28T09:57:27+00:00\",\"breadcrumb\":{\"@id\":\"https:\/\/shop.merolution.de\/index.php\/product\/schweppes-020-ginger-ale\/#breadcrumb\"},\"inLanguage\":\"de\",\"potentialAction\":[{\"@type\":\"ReadAction\",\"target\":[\"https:\/\/shop.merolution.de\/index.php\/product\/schweppes-020-ginger-ale\/\"]}]},{\"@type\":\"BreadcrumbList\",\"@id\":\"https:\/\/shop.merolution.de\/index.php\/product\/schweppes-020-ginger-ale\/#breadcrumb\",\"itemListElement\":[{\"@type\":\"ListItem\",\"position\":1,\"name\":\"Home\",\"item\":\"https:\/\/shop.merolution.de\/\"},{\"@type\":\"ListItem\",\"position\":2,\"name\":\"Shop\",\"item\":\"https:\/\/shop.merolution.de\/\"},{\"@type\":\"ListItem\",\"position\":3,\"name\":\"Schweppes 0,20 Ginger Ale\"}]},{\"@type\":\"WebSite\",\"@id\":\"https:\/\/shop.merolution.de\/#website\",\"url\":\"https:\/\/shop.merolution.de\/\",\"name\":\"Getr\u00e4nke Schl\u00fcter Onlineshop\",\"description\":\"Ihr Getr\u00e4nke-Partner in Hannover\",\"potentialAction\":[{\"@type\":\"SearchAction\",\"target\":{\"@type\":\"EntryPoint\",\"urlTemplate\":\"https:\/\/shop.merolution.de\/?s={search_term_string}\"},\"query-input\":\"required name=search_term_string\"}],\"inLanguage\":\"de\"}]}<\/script>\n<!-- \/ Yoast SEO plugin. -->","yoast_head_json":{"title":"Schweppes 0,20 Ginger Ale - Getr\u00e4nke Schl\u00fcter Onlineshop","robots":{"index":"noindex","follow":"follow","max-snippet":"max-snippet:-1","max-image-preview":"max-image-preview:large","max-video-preview":"max-video-preview:-1"},"og_locale":"de_DE","og_type":"article","og_title":"Schweppes 0,20 Ginger Ale - Getr\u00e4nke Schl\u00fcter Onlineshop","og_description":"24\/0,20 - Schweppes American Ginger Ale f\u00fcr geheimnisvollen Genuss. Das Erfrischungsgetr\u00e4nk mit nat\u00fcrlichen Ingwer-Ausz\u00fcgen wurde 1870 gemeinsam mit Indian Tonic Water eingef\u00fchrt. American Ginger Ale enth\u00e4lt kein Chinin und schmeckt deswegen auch nicht bitter. Wer den \u0084Champagner unter den Softdrinks\u0093 einmal auf der Zunge hatte, wei\u00df seinen nat\u00fcrlichen Geschmack f\u00fcr Gaumen und Seele zu sch\u00e4tzen. Auch gemixt mit Spirituosen wie Whiskey oder Ramazotti ein einzigartiger Genuss - Glas Mehrweg - \u0080 5,10 Pfand","og_url":"https:\/\/shop.merolution.de\/index.php\/product\/schweppes-020-ginger-ale\/","og_site_name":"Getr\u00e4nke Schl\u00fcter Onlineshop","og_image":[{"width":150,"height":121,"url":"https:\/\/shop.merolution.de\/wp-content\/uploads\/2020\/05\/p-24x02l-ga-mw-g-aid-1356s.jpg","type":"image\/jpeg"}],"twitter_card":"summary_large_image","schema":{"@context":"https:\/\/schema.org","@graph":[{"@type":"WebPage","@id":"https:\/\/shop.merolution.de\/index.php\/product\/schweppes-020-ginger-ale\/","url":"https:\/\/shop.merolution.de\/index.php\/product\/schweppes-020-ginger-ale\/","name":"Schweppes 0,20 Ginger Ale - Getr\u00e4nke Schl\u00fcter Onlineshop","isPartOf":{"@id":"https:\/\/shop.merolution.de\/#website"},"datePublished":"2020-05-28T09:57:27+00:00","dateModified":"2020-05-28T09:57:27+00:00","breadcrumb":{"@id":"https:\/\/shop.merolution.de\/index.php\/product\/schweppes-020-ginger-ale\/#breadcrumb"},"inLanguage":"de","potentialAction":[{"@type":"ReadAction","target":["https:\/\/shop.merolution.de\/index.php\/product\/schweppes-020-ginger-ale\/"]}]},{"@type":"BreadcrumbList","@id":"https:\/\/shop.merolution.de\/index.php\/product\/schweppes-020-ginger-ale\/#breadcrumb","itemListElement":[{"@type":"ListItem","position":1,"name":"Home","item":"https:\/\/shop.merolution.de\/"},{"@type":"ListItem","position":2,"name":"Shop","item":"https:\/\/shop.merolution.de\/"},{"@type":"ListItem","position":3,"name":"Schweppes 0,20 Ginger Ale"}]},{"@type":"WebSite","@id":"https:\/\/shop.merolution.de\/#website","url":"https:\/\/shop.merolution.de\/","name":"Getr\u00e4nke Schl\u00fcter Onlineshop","description":"Ihr Getr\u00e4nke-Partner in Hannover","potentialAction":[{"@type":"SearchAction","target":{"@type":"EntryPoint","urlTemplate":"https:\/\/shop.merolution.de\/?s={search_term_string}"},"query-input":"required name=search_term_string"}],"inLanguage":"de"}]}},"_links":{"self":[{"href":"https:\/\/shop.merolution.de\/index.php\/wp-json\/wp\/v2\/product\/1579"}],"collection":[{"href":"https:\/\/shop.merolution.de\/index.php\/wp-json\/wp\/v2\/product"}],"about":[{"href":"https:\/\/shop.merolution.de\/index.php\/wp-json\/wp\/v2\/types\/product"}],"replies":[{"embeddable":true,"href":"https:\/\/shop.merolution.de\/index.php\/wp-json\/wp\/v2\/comments?post=1579"}],"wp:featuredmedia":[{"embeddable":true,"href":"https:\/\/shop.merolution.de\/index.php\/wp-json\/wp\/v2\/media\/1580"}],"wp:attachment":[{"href":"https:\/\/shop.merolution.de\/index.php\/wp-json\/wp\/v2\/media?parent=1579"}],"wp:term":[{"taxonomy":"product_cat","embeddable":true,"href":"https:\/\/shop.merolution.de\/index.php\/wp-json\/wp\/v2\/product_cat?post=1579"},{"taxonomy":"product_tag","embeddable":true,"href":"https:\/\/shop.merolution.de\/index.php\/wp-json\/wp\/v2\/product_tag?post=1579"}],"curies":[{"name":"wp","href":"https:\/\/api.w.org\/{rel}","templated":true}]}}