{"id":1583,"date":"2020-05-28T09:57:27","date_gmt":"2020-05-28T09:57:27","guid":{"rendered":"https:\/\/shop.merolution.de\/index.php\/product\/schweppes-100-bitter-lemon-zero-pet\/"},"modified":"2020-05-28T09:57:27","modified_gmt":"2020-05-28T09:57:27","slug":"schweppes-100-bitter-lemon-zero-pet","status":"publish","type":"product","link":"https:\/\/shop.merolution.de\/index.php\/product\/schweppes-100-bitter-lemon-zero-pet\/","title":{"rendered":"Schweppes 1,00 Bitter Lemon Zero PET"},"content":{"rendered":"<p>06\/1,00 &#8211; Zutaten: Wasser, Limonensaft aus Limonensaftkonzentrat, Fruktose, Kohlens\u00e4ure, S\u00e4uerungsmittel Citronens\u00e4ure, Limonenextrakt, S\u00fc\u00dfungsmittel Natriumcyclamat und Natriumsaccharin, Antioxidationsmittel Ascorbins\u00e4ure, nat\u00fcrliches Aroma, Aroma Chinin &#8211; PET-Mehrweg &#8211; \u0080 2,40 Pfand<\/p>\n","protected":false},"excerpt":{"rendered":"<p>06\/1,00 &#8211; Bitter Lemon Zero (vormals Bitter Lemon light) &#8211; kalorienarmes Erfrischungsgetr\u00e4nk mit 4,5% Limonensaft aus Limonensaftkonzentrat, chininhaltig, mit Zucker und S\u00fc\u00dfungsmitteln. PET-Mehrweg &#8211; \u0080 2,40 Pfand<\/p>\n","protected":false},"featured_media":1584,"comment_status":"open","ping_status":"closed","template":"","meta":[],"product_cat":[49],"product_tag":[],"yoast_head":"<!-- This site is optimized with the Yoast SEO plugin v19.14 - https:\/\/yoast.com\/wordpress\/plugins\/seo\/ -->\n<title>Schweppes 1,00 Bitter Lemon Zero PET - Getr\u00e4nke Schl\u00fcter Onlineshop<\/title>\n<meta name=\"robots\" content=\"noindex, follow, max-snippet:-1, max-image-preview:large, max-video-preview:-1\" \/>\n<meta property=\"og:locale\" content=\"de_DE\" \/>\n<meta property=\"og:type\" content=\"article\" \/>\n<meta property=\"og:title\" content=\"Schweppes 1,00 Bitter Lemon Zero PET - Getr\u00e4nke Schl\u00fcter Onlineshop\" \/>\n<meta property=\"og:description\" content=\"06\/1,00 - Bitter Lemon Zero (vormals Bitter Lemon light) - kalorienarmes Erfrischungsgetr\u00e4nk mit 4,5% Limonensaft aus Limonensaftkonzentrat, chininhaltig, mit Zucker und S\u00fc\u00dfungsmitteln. PET-Mehrweg - \u0080 2,40 Pfand\" \/>\n<meta property=\"og:url\" content=\"https:\/\/shop.merolution.de\/index.php\/product\/schweppes-100-bitter-lemon-zero-pet\/\" \/>\n<meta property=\"og:site_name\" content=\"Getr\u00e4nke Schl\u00fcter Onlineshop\" \/>\n<meta property=\"og:image\" content=\"https:\/\/shop.merolution.de\/wp-content\/uploads\/2020\/05\/1358aPic1S1548843269_zz_schweppeslogo72dpi.jpg\" \/>\n\t<meta property=\"og:image:width\" content=\"140\" \/>\n\t<meta property=\"og:image:height\" content=\"152\" \/>\n\t<meta property=\"og:image:type\" content=\"image\/jpeg\" \/>\n<meta name=\"twitter:card\" content=\"summary_large_image\" \/>\n<script type=\"application\/ld+json\" class=\"yoast-schema-graph\">{\"@context\":\"https:\/\/schema.org\",\"@graph\":[{\"@type\":\"WebPage\",\"@id\":\"https:\/\/shop.merolution.de\/index.php\/product\/schweppes-100-bitter-lemon-zero-pet\/\",\"url\":\"https:\/\/shop.merolution.de\/index.php\/product\/schweppes-100-bitter-lemon-zero-pet\/\",\"name\":\"Schweppes 1,00 Bitter Lemon Zero PET - Getr\u00e4nke Schl\u00fcter Onlineshop\",\"isPartOf\":{\"@id\":\"https:\/\/shop.merolution.de\/#website\"},\"datePublished\":\"2020-05-28T09:57:27+00:00\",\"dateModified\":\"2020-05-28T09:57:27+00:00\",\"breadcrumb\":{\"@id\":\"https:\/\/shop.merolution.de\/index.php\/product\/schweppes-100-bitter-lemon-zero-pet\/#breadcrumb\"},\"inLanguage\":\"de\",\"potentialAction\":[{\"@type\":\"ReadAction\",\"target\":[\"https:\/\/shop.merolution.de\/index.php\/product\/schweppes-100-bitter-lemon-zero-pet\/\"]}]},{\"@type\":\"BreadcrumbList\",\"@id\":\"https:\/\/shop.merolution.de\/index.php\/product\/schweppes-100-bitter-lemon-zero-pet\/#breadcrumb\",\"itemListElement\":[{\"@type\":\"ListItem\",\"position\":1,\"name\":\"Home\",\"item\":\"https:\/\/shop.merolution.de\/\"},{\"@type\":\"ListItem\",\"position\":2,\"name\":\"Shop\",\"item\":\"https:\/\/shop.merolution.de\/\"},{\"@type\":\"ListItem\",\"position\":3,\"name\":\"Schweppes 1,00 Bitter Lemon Zero PET\"}]},{\"@type\":\"WebSite\",\"@id\":\"https:\/\/shop.merolution.de\/#website\",\"url\":\"https:\/\/shop.merolution.de\/\",\"name\":\"Getr\u00e4nke Schl\u00fcter Onlineshop\",\"description\":\"Ihr Getr\u00e4nke-Partner in Hannover\",\"potentialAction\":[{\"@type\":\"SearchAction\",\"target\":{\"@type\":\"EntryPoint\",\"urlTemplate\":\"https:\/\/shop.merolution.de\/?s={search_term_string}\"},\"query-input\":\"required name=search_term_string\"}],\"inLanguage\":\"de\"}]}<\/script>\n<!-- \/ Yoast SEO plugin. -->","yoast_head_json":{"title":"Schweppes 1,00 Bitter Lemon Zero PET - Getr\u00e4nke Schl\u00fcter Onlineshop","robots":{"index":"noindex","follow":"follow","max-snippet":"max-snippet:-1","max-image-preview":"max-image-preview:large","max-video-preview":"max-video-preview:-1"},"og_locale":"de_DE","og_type":"article","og_title":"Schweppes 1,00 Bitter Lemon Zero PET - Getr\u00e4nke Schl\u00fcter Onlineshop","og_description":"06\/1,00 - Bitter Lemon Zero (vormals Bitter Lemon light) - kalorienarmes Erfrischungsgetr\u00e4nk mit 4,5% Limonensaft aus Limonensaftkonzentrat, chininhaltig, mit Zucker und S\u00fc\u00dfungsmitteln. PET-Mehrweg - \u0080 2,40 Pfand","og_url":"https:\/\/shop.merolution.de\/index.php\/product\/schweppes-100-bitter-lemon-zero-pet\/","og_site_name":"Getr\u00e4nke Schl\u00fcter Onlineshop","og_image":[{"width":140,"height":152,"url":"https:\/\/shop.merolution.de\/wp-content\/uploads\/2020\/05\/1358aPic1S1548843269_zz_schweppeslogo72dpi.jpg","type":"image\/jpeg"}],"twitter_card":"summary_large_image","schema":{"@context":"https:\/\/schema.org","@graph":[{"@type":"WebPage","@id":"https:\/\/shop.merolution.de\/index.php\/product\/schweppes-100-bitter-lemon-zero-pet\/","url":"https:\/\/shop.merolution.de\/index.php\/product\/schweppes-100-bitter-lemon-zero-pet\/","name":"Schweppes 1,00 Bitter Lemon Zero PET - Getr\u00e4nke Schl\u00fcter Onlineshop","isPartOf":{"@id":"https:\/\/shop.merolution.de\/#website"},"datePublished":"2020-05-28T09:57:27+00:00","dateModified":"2020-05-28T09:57:27+00:00","breadcrumb":{"@id":"https:\/\/shop.merolution.de\/index.php\/product\/schweppes-100-bitter-lemon-zero-pet\/#breadcrumb"},"inLanguage":"de","potentialAction":[{"@type":"ReadAction","target":["https:\/\/shop.merolution.de\/index.php\/product\/schweppes-100-bitter-lemon-zero-pet\/"]}]},{"@type":"BreadcrumbList","@id":"https:\/\/shop.merolution.de\/index.php\/product\/schweppes-100-bitter-lemon-zero-pet\/#breadcrumb","itemListElement":[{"@type":"ListItem","position":1,"name":"Home","item":"https:\/\/shop.merolution.de\/"},{"@type":"ListItem","position":2,"name":"Shop","item":"https:\/\/shop.merolution.de\/"},{"@type":"ListItem","position":3,"name":"Schweppes 1,00 Bitter Lemon Zero PET"}]},{"@type":"WebSite","@id":"https:\/\/shop.merolution.de\/#website","url":"https:\/\/shop.merolution.de\/","name":"Getr\u00e4nke Schl\u00fcter Onlineshop","description":"Ihr Getr\u00e4nke-Partner in Hannover","potentialAction":[{"@type":"SearchAction","target":{"@type":"EntryPoint","urlTemplate":"https:\/\/shop.merolution.de\/?s={search_term_string}"},"query-input":"required name=search_term_string"}],"inLanguage":"de"}]}},"_links":{"self":[{"href":"https:\/\/shop.merolution.de\/index.php\/wp-json\/wp\/v2\/product\/1583"}],"collection":[{"href":"https:\/\/shop.merolution.de\/index.php\/wp-json\/wp\/v2\/product"}],"about":[{"href":"https:\/\/shop.merolution.de\/index.php\/wp-json\/wp\/v2\/types\/product"}],"replies":[{"embeddable":true,"href":"https:\/\/shop.merolution.de\/index.php\/wp-json\/wp\/v2\/comments?post=1583"}],"wp:featuredmedia":[{"embeddable":true,"href":"https:\/\/shop.merolution.de\/index.php\/wp-json\/wp\/v2\/media\/1584"}],"wp:attachment":[{"href":"https:\/\/shop.merolution.de\/index.php\/wp-json\/wp\/v2\/media?parent=1583"}],"wp:term":[{"taxonomy":"product_cat","embeddable":true,"href":"https:\/\/shop.merolution.de\/index.php\/wp-json\/wp\/v2\/product_cat?post=1583"},{"taxonomy":"product_tag","embeddable":true,"href":"https:\/\/shop.merolution.de\/index.php\/wp-json\/wp\/v2\/product_tag?post=1583"}],"curies":[{"name":"wp","href":"https:\/\/api.w.org\/{rel}","templated":true}]}}