{"id":1660,"date":"2020-05-28T09:57:39","date_gmt":"2020-05-28T09:57:39","guid":{"rendered":"https:\/\/shop.merolution.de\/index.php\/product\/schweppes-020-spicy-ginger\/"},"modified":"2020-05-28T09:57:39","modified_gmt":"2020-05-28T09:57:39","slug":"schweppes-020-spicy-ginger","status":"publish","type":"product","link":"https:\/\/shop.merolution.de\/index.php\/product\/schweppes-020-spicy-ginger\/","title":{"rendered":"Schweppes 0,20 spicy Ginger"},"content":{"rendered":"<p>24\/0,20 &#8211; Zutaten: Wasser, Zucker, Kohlens\u00e4ure, nat\u00fcrliches Aroma, S\u00e4uerungsmittel Citronens\u00e4ure und Apfels\u00e4ure, Stabilisatoren E414 und E445, Apfelkonzentrat. Glas Mehrweg &#8211; \u0080 5,10 Pfand<\/p>\n","protected":false},"excerpt":{"rendered":"<p>24\/0,20 &#8211; spicy Ginger &#8211; Schweppes Ginger Beer f\u00fcr unverwechselbaren Genuss. Das alkoholfreie Erfrischungsgetr\u00e4nk mit dem scharfen Geschmack des Ingwers, prickelnder Kohlens\u00e4ure und nat\u00fcrlichen Aromen wurde in Zusammenarbeit mit Barkeepern entwickelt. Dieses einzigartige Geschmackserlebnis ist daher nicht nur pur ein Genuss, sondern eignet sich perfekt zum Mixen angesagter Szene-Drinks wie Moscow Mule oder London Buck. Schweppes Ginger Beer ist exklusiv in der Gastronomie erh\u00e4ltlich &#8211; Glas Mehrweg &#8211; \u0080 5,10 Pfand<\/p>\n","protected":false},"featured_media":1661,"comment_status":"open","ping_status":"closed","template":"","meta":[],"product_cat":[49],"product_tag":[],"yoast_head":"<!-- This site is optimized with the Yoast SEO plugin v19.14 - https:\/\/yoast.com\/wordpress\/plugins\/seo\/ -->\n<title>Schweppes 0,20 spicy Ginger - Getr\u00e4nke Schl\u00fcter Onlineshop<\/title>\n<meta name=\"robots\" content=\"noindex, follow, max-snippet:-1, max-image-preview:large, max-video-preview:-1\" \/>\n<meta property=\"og:locale\" content=\"de_DE\" \/>\n<meta property=\"og:type\" content=\"article\" \/>\n<meta property=\"og:title\" content=\"Schweppes 0,20 spicy Ginger - Getr\u00e4nke Schl\u00fcter Onlineshop\" \/>\n<meta property=\"og:description\" content=\"24\/0,20 - spicy Ginger - Schweppes Ginger Beer f\u00fcr unverwechselbaren Genuss. Das alkoholfreie Erfrischungsgetr\u00e4nk mit dem scharfen Geschmack des Ingwers, prickelnder Kohlens\u00e4ure und nat\u00fcrlichen Aromen wurde in Zusammenarbeit mit Barkeepern entwickelt. Dieses einzigartige Geschmackserlebnis ist daher nicht nur pur ein Genuss, sondern eignet sich perfekt zum Mixen angesagter Szene-Drinks wie Moscow Mule oder London Buck. Schweppes Ginger Beer ist exklusiv in der Gastronomie erh\u00e4ltlich - Glas Mehrweg - \u0080 5,10 Pfand\" \/>\n<meta property=\"og:url\" content=\"https:\/\/shop.merolution.de\/index.php\/product\/schweppes-020-spicy-ginger\/\" \/>\n<meta property=\"og:site_name\" content=\"Getr\u00e4nke Schl\u00fcter Onlineshop\" \/>\n<meta property=\"og:image\" content=\"https:\/\/shop.merolution.de\/wp-content\/uploads\/2020\/05\/201606-preview-schweppes-aid-3781s.jpg\" \/>\n\t<meta property=\"og:image:width\" content=\"150\" \/>\n\t<meta property=\"og:image:height\" content=\"496\" \/>\n\t<meta property=\"og:image:type\" content=\"image\/jpeg\" \/>\n<meta name=\"twitter:card\" content=\"summary_large_image\" \/>\n<script type=\"application\/ld+json\" class=\"yoast-schema-graph\">{\"@context\":\"https:\/\/schema.org\",\"@graph\":[{\"@type\":\"WebPage\",\"@id\":\"https:\/\/shop.merolution.de\/index.php\/product\/schweppes-020-spicy-ginger\/\",\"url\":\"https:\/\/shop.merolution.de\/index.php\/product\/schweppes-020-spicy-ginger\/\",\"name\":\"Schweppes 0,20 spicy Ginger - Getr\u00e4nke Schl\u00fcter Onlineshop\",\"isPartOf\":{\"@id\":\"https:\/\/shop.merolution.de\/#website\"},\"datePublished\":\"2020-05-28T09:57:39+00:00\",\"dateModified\":\"2020-05-28T09:57:39+00:00\",\"breadcrumb\":{\"@id\":\"https:\/\/shop.merolution.de\/index.php\/product\/schweppes-020-spicy-ginger\/#breadcrumb\"},\"inLanguage\":\"de\",\"potentialAction\":[{\"@type\":\"ReadAction\",\"target\":[\"https:\/\/shop.merolution.de\/index.php\/product\/schweppes-020-spicy-ginger\/\"]}]},{\"@type\":\"BreadcrumbList\",\"@id\":\"https:\/\/shop.merolution.de\/index.php\/product\/schweppes-020-spicy-ginger\/#breadcrumb\",\"itemListElement\":[{\"@type\":\"ListItem\",\"position\":1,\"name\":\"Home\",\"item\":\"https:\/\/shop.merolution.de\/\"},{\"@type\":\"ListItem\",\"position\":2,\"name\":\"Shop\",\"item\":\"https:\/\/shop.merolution.de\/\"},{\"@type\":\"ListItem\",\"position\":3,\"name\":\"Schweppes 0,20 spicy Ginger\"}]},{\"@type\":\"WebSite\",\"@id\":\"https:\/\/shop.merolution.de\/#website\",\"url\":\"https:\/\/shop.merolution.de\/\",\"name\":\"Getr\u00e4nke Schl\u00fcter Onlineshop\",\"description\":\"Ihr Getr\u00e4nke-Partner in Hannover\",\"potentialAction\":[{\"@type\":\"SearchAction\",\"target\":{\"@type\":\"EntryPoint\",\"urlTemplate\":\"https:\/\/shop.merolution.de\/?s={search_term_string}\"},\"query-input\":\"required name=search_term_string\"}],\"inLanguage\":\"de\"}]}<\/script>\n<!-- \/ Yoast SEO plugin. -->","yoast_head_json":{"title":"Schweppes 0,20 spicy Ginger - Getr\u00e4nke Schl\u00fcter Onlineshop","robots":{"index":"noindex","follow":"follow","max-snippet":"max-snippet:-1","max-image-preview":"max-image-preview:large","max-video-preview":"max-video-preview:-1"},"og_locale":"de_DE","og_type":"article","og_title":"Schweppes 0,20 spicy Ginger - Getr\u00e4nke Schl\u00fcter Onlineshop","og_description":"24\/0,20 - spicy Ginger - Schweppes Ginger Beer f\u00fcr unverwechselbaren Genuss. Das alkoholfreie Erfrischungsgetr\u00e4nk mit dem scharfen Geschmack des Ingwers, prickelnder Kohlens\u00e4ure und nat\u00fcrlichen Aromen wurde in Zusammenarbeit mit Barkeepern entwickelt. Dieses einzigartige Geschmackserlebnis ist daher nicht nur pur ein Genuss, sondern eignet sich perfekt zum Mixen angesagter Szene-Drinks wie Moscow Mule oder London Buck. Schweppes Ginger Beer ist exklusiv in der Gastronomie erh\u00e4ltlich - Glas Mehrweg - \u0080 5,10 Pfand","og_url":"https:\/\/shop.merolution.de\/index.php\/product\/schweppes-020-spicy-ginger\/","og_site_name":"Getr\u00e4nke Schl\u00fcter Onlineshop","og_image":[{"width":150,"height":496,"url":"https:\/\/shop.merolution.de\/wp-content\/uploads\/2020\/05\/201606-preview-schweppes-aid-3781s.jpg","type":"image\/jpeg"}],"twitter_card":"summary_large_image","schema":{"@context":"https:\/\/schema.org","@graph":[{"@type":"WebPage","@id":"https:\/\/shop.merolution.de\/index.php\/product\/schweppes-020-spicy-ginger\/","url":"https:\/\/shop.merolution.de\/index.php\/product\/schweppes-020-spicy-ginger\/","name":"Schweppes 0,20 spicy Ginger - Getr\u00e4nke Schl\u00fcter Onlineshop","isPartOf":{"@id":"https:\/\/shop.merolution.de\/#website"},"datePublished":"2020-05-28T09:57:39+00:00","dateModified":"2020-05-28T09:57:39+00:00","breadcrumb":{"@id":"https:\/\/shop.merolution.de\/index.php\/product\/schweppes-020-spicy-ginger\/#breadcrumb"},"inLanguage":"de","potentialAction":[{"@type":"ReadAction","target":["https:\/\/shop.merolution.de\/index.php\/product\/schweppes-020-spicy-ginger\/"]}]},{"@type":"BreadcrumbList","@id":"https:\/\/shop.merolution.de\/index.php\/product\/schweppes-020-spicy-ginger\/#breadcrumb","itemListElement":[{"@type":"ListItem","position":1,"name":"Home","item":"https:\/\/shop.merolution.de\/"},{"@type":"ListItem","position":2,"name":"Shop","item":"https:\/\/shop.merolution.de\/"},{"@type":"ListItem","position":3,"name":"Schweppes 0,20 spicy Ginger"}]},{"@type":"WebSite","@id":"https:\/\/shop.merolution.de\/#website","url":"https:\/\/shop.merolution.de\/","name":"Getr\u00e4nke Schl\u00fcter Onlineshop","description":"Ihr Getr\u00e4nke-Partner in Hannover","potentialAction":[{"@type":"SearchAction","target":{"@type":"EntryPoint","urlTemplate":"https:\/\/shop.merolution.de\/?s={search_term_string}"},"query-input":"required name=search_term_string"}],"inLanguage":"de"}]}},"_links":{"self":[{"href":"https:\/\/shop.merolution.de\/index.php\/wp-json\/wp\/v2\/product\/1660"}],"collection":[{"href":"https:\/\/shop.merolution.de\/index.php\/wp-json\/wp\/v2\/product"}],"about":[{"href":"https:\/\/shop.merolution.de\/index.php\/wp-json\/wp\/v2\/types\/product"}],"replies":[{"embeddable":true,"href":"https:\/\/shop.merolution.de\/index.php\/wp-json\/wp\/v2\/comments?post=1660"}],"wp:featuredmedia":[{"embeddable":true,"href":"https:\/\/shop.merolution.de\/index.php\/wp-json\/wp\/v2\/media\/1661"}],"wp:attachment":[{"href":"https:\/\/shop.merolution.de\/index.php\/wp-json\/wp\/v2\/media?parent=1660"}],"wp:term":[{"taxonomy":"product_cat","embeddable":true,"href":"https:\/\/shop.merolution.de\/index.php\/wp-json\/wp\/v2\/product_cat?post=1660"},{"taxonomy":"product_tag","embeddable":true,"href":"https:\/\/shop.merolution.de\/index.php\/wp-json\/wp\/v2\/product_tag?post=1660"}],"curies":[{"name":"wp","href":"https:\/\/api.w.org\/{rel}","templated":true}]}}