{"id":1688,"date":"2020-05-28T09:57:43","date_gmt":"2020-05-28T09:57:43","guid":{"rendered":"https:\/\/shop.merolution.de\/index.php\/product\/gerolsteiner-075-pet-zitronen-limonade-trueb\/"},"modified":"2020-05-28T09:57:43","modified_gmt":"2020-05-28T09:57:43","slug":"gerolsteiner-075-pet-zitronen-limonade-trueb","status":"publish","type":"product","link":"https:\/\/shop.merolution.de\/index.php\/product\/gerolsteiner-075-pet-zitronen-limonade-trueb\/","title":{"rendered":"Gerolsteiner 0,75 PET Zitronen Limonade (tr\u00fcb)"},"content":{"rendered":"<p>12\/0,7P &#8211; Die Gerolsteiner Limonade ist die leckere, nat\u00fcrlich erfrischende Limonade ganz ohne k\u00fcnstliche Zus\u00e4tze! &#8211; Der hohe Fruchtgehalt von 10 Prozent und die feine S\u00fc\u00dfe durch Rohrzucker sorgen f\u00fcr einen nat\u00fcrlich fruchtigen Geschmack und volle Erfrischung. Selbstverst\u00e4ndlich basiert die Gerolsteiner Limonade auf nat\u00fcrlichem Gerolsteiner Mineralwasser und ist daher der perfekte, angenehm prickelnde, fruchtige Durstl\u00f6scher \u0096 eine Limonade \u0084fast wie selbstgemacht\u0093.<\/p>\n","protected":false},"excerpt":{"rendered":"<p>12\/0,7P &#8211; Die Gerolsteiner Limonade ist die leckere, nat\u00fcrlich erfrischende Limonade ganz ohne k\u00fcnstliche Zus\u00e4tze! &#8211; Der hohe Fruchtgehalt von 10 Prozent und die feine S\u00fc\u00dfe durch Rohrzucker sorgen f\u00fcr einen nat\u00fcrlich fruchtigen Geschmack und volle Erfrischung. Selbstverst\u00e4ndlich basiert die Gerolsteiner Limonade auf nat\u00fcrlichem Gerolsteiner Mineralwasser und ist daher der perfekte, angenehm prickelnde, fruchtige Durstl\u00f6scher \u0096 eine Limonade \u0084fast wie selbstgemacht\u0093.<\/p>\n","protected":false},"featured_media":1689,"comment_status":"open","ping_status":"closed","template":"","meta":[],"product_cat":[49],"product_tag":[],"yoast_head":"<!-- This site is optimized with the Yoast SEO plugin v19.14 - https:\/\/yoast.com\/wordpress\/plugins\/seo\/ -->\n<title>Gerolsteiner 0,75 PET Zitronen Limonade (tr\u00fcb) - Getr\u00e4nke Schl\u00fcter Onlineshop<\/title>\n<meta name=\"robots\" content=\"noindex, follow, max-snippet:-1, max-image-preview:large, max-video-preview:-1\" \/>\n<meta property=\"og:locale\" content=\"de_DE\" \/>\n<meta property=\"og:type\" content=\"article\" \/>\n<meta property=\"og:title\" content=\"Gerolsteiner 0,75 PET Zitronen Limonade (tr\u00fcb) - Getr\u00e4nke Schl\u00fcter Onlineshop\" \/>\n<meta property=\"og:description\" content=\"12\/0,7P - Die Gerolsteiner Limonade ist die leckere, nat\u00fcrlich erfrischende Limonade ganz ohne k\u00fcnstliche Zus\u00e4tze! - Der hohe Fruchtgehalt von 10 Prozent und die feine S\u00fc\u00dfe durch Rohrzucker sorgen f\u00fcr einen nat\u00fcrlich fruchtigen Geschmack und volle Erfrischung. Selbstverst\u00e4ndlich basiert die Gerolsteiner Limonade auf nat\u00fcrlichem Gerolsteiner Mineralwasser und ist daher der perfekte, angenehm prickelnde, fruchtige Durstl\u00f6scher \u0096 eine Limonade \u0084fast wie selbstgemacht\u0093.\" \/>\n<meta property=\"og:url\" content=\"https:\/\/shop.merolution.de\/index.php\/product\/gerolsteiner-075-pet-zitronen-limonade-trueb\/\" \/>\n<meta property=\"og:site_name\" content=\"Getr\u00e4nke Schl\u00fcter Onlineshop\" \/>\n<meta property=\"og:image\" content=\"https:\/\/shop.merolution.de\/wp-content\/uploads\/2020\/05\/limonade-zitrone-mw-0-75-ka.jpg\" \/>\n\t<meta property=\"og:image:width\" content=\"150\" \/>\n\t<meta property=\"og:image:height\" content=\"164\" \/>\n\t<meta property=\"og:image:type\" content=\"image\/jpeg\" \/>\n<meta name=\"twitter:card\" content=\"summary_large_image\" \/>\n<script type=\"application\/ld+json\" class=\"yoast-schema-graph\">{\"@context\":\"https:\/\/schema.org\",\"@graph\":[{\"@type\":\"WebPage\",\"@id\":\"https:\/\/shop.merolution.de\/index.php\/product\/gerolsteiner-075-pet-zitronen-limonade-trueb\/\",\"url\":\"https:\/\/shop.merolution.de\/index.php\/product\/gerolsteiner-075-pet-zitronen-limonade-trueb\/\",\"name\":\"Gerolsteiner 0,75 PET Zitronen Limonade (tr\u00fcb) - Getr\u00e4nke Schl\u00fcter Onlineshop\",\"isPartOf\":{\"@id\":\"https:\/\/shop.merolution.de\/#website\"},\"datePublished\":\"2020-05-28T09:57:43+00:00\",\"dateModified\":\"2020-05-28T09:57:43+00:00\",\"breadcrumb\":{\"@id\":\"https:\/\/shop.merolution.de\/index.php\/product\/gerolsteiner-075-pet-zitronen-limonade-trueb\/#breadcrumb\"},\"inLanguage\":\"de\",\"potentialAction\":[{\"@type\":\"ReadAction\",\"target\":[\"https:\/\/shop.merolution.de\/index.php\/product\/gerolsteiner-075-pet-zitronen-limonade-trueb\/\"]}]},{\"@type\":\"BreadcrumbList\",\"@id\":\"https:\/\/shop.merolution.de\/index.php\/product\/gerolsteiner-075-pet-zitronen-limonade-trueb\/#breadcrumb\",\"itemListElement\":[{\"@type\":\"ListItem\",\"position\":1,\"name\":\"Home\",\"item\":\"https:\/\/shop.merolution.de\/\"},{\"@type\":\"ListItem\",\"position\":2,\"name\":\"Shop\",\"item\":\"https:\/\/shop.merolution.de\/\"},{\"@type\":\"ListItem\",\"position\":3,\"name\":\"Gerolsteiner 0,75 PET Zitronen Limonade (tr\u00fcb)\"}]},{\"@type\":\"WebSite\",\"@id\":\"https:\/\/shop.merolution.de\/#website\",\"url\":\"https:\/\/shop.merolution.de\/\",\"name\":\"Getr\u00e4nke Schl\u00fcter Onlineshop\",\"description\":\"Ihr Getr\u00e4nke-Partner in Hannover\",\"potentialAction\":[{\"@type\":\"SearchAction\",\"target\":{\"@type\":\"EntryPoint\",\"urlTemplate\":\"https:\/\/shop.merolution.de\/?s={search_term_string}\"},\"query-input\":\"required name=search_term_string\"}],\"inLanguage\":\"de\"}]}<\/script>\n<!-- \/ Yoast SEO plugin. -->","yoast_head_json":{"title":"Gerolsteiner 0,75 PET Zitronen Limonade (tr\u00fcb) - Getr\u00e4nke Schl\u00fcter Onlineshop","robots":{"index":"noindex","follow":"follow","max-snippet":"max-snippet:-1","max-image-preview":"max-image-preview:large","max-video-preview":"max-video-preview:-1"},"og_locale":"de_DE","og_type":"article","og_title":"Gerolsteiner 0,75 PET Zitronen Limonade (tr\u00fcb) - Getr\u00e4nke Schl\u00fcter Onlineshop","og_description":"12\/0,7P - Die Gerolsteiner Limonade ist die leckere, nat\u00fcrlich erfrischende Limonade ganz ohne k\u00fcnstliche Zus\u00e4tze! - Der hohe Fruchtgehalt von 10 Prozent und die feine S\u00fc\u00dfe durch Rohrzucker sorgen f\u00fcr einen nat\u00fcrlich fruchtigen Geschmack und volle Erfrischung. Selbstverst\u00e4ndlich basiert die Gerolsteiner Limonade auf nat\u00fcrlichem Gerolsteiner Mineralwasser und ist daher der perfekte, angenehm prickelnde, fruchtige Durstl\u00f6scher \u0096 eine Limonade \u0084fast wie selbstgemacht\u0093.","og_url":"https:\/\/shop.merolution.de\/index.php\/product\/gerolsteiner-075-pet-zitronen-limonade-trueb\/","og_site_name":"Getr\u00e4nke Schl\u00fcter Onlineshop","og_image":[{"width":150,"height":164,"url":"https:\/\/shop.merolution.de\/wp-content\/uploads\/2020\/05\/limonade-zitrone-mw-0-75-ka.jpg","type":"image\/jpeg"}],"twitter_card":"summary_large_image","schema":{"@context":"https:\/\/schema.org","@graph":[{"@type":"WebPage","@id":"https:\/\/shop.merolution.de\/index.php\/product\/gerolsteiner-075-pet-zitronen-limonade-trueb\/","url":"https:\/\/shop.merolution.de\/index.php\/product\/gerolsteiner-075-pet-zitronen-limonade-trueb\/","name":"Gerolsteiner 0,75 PET Zitronen Limonade (tr\u00fcb) - Getr\u00e4nke Schl\u00fcter Onlineshop","isPartOf":{"@id":"https:\/\/shop.merolution.de\/#website"},"datePublished":"2020-05-28T09:57:43+00:00","dateModified":"2020-05-28T09:57:43+00:00","breadcrumb":{"@id":"https:\/\/shop.merolution.de\/index.php\/product\/gerolsteiner-075-pet-zitronen-limonade-trueb\/#breadcrumb"},"inLanguage":"de","potentialAction":[{"@type":"ReadAction","target":["https:\/\/shop.merolution.de\/index.php\/product\/gerolsteiner-075-pet-zitronen-limonade-trueb\/"]}]},{"@type":"BreadcrumbList","@id":"https:\/\/shop.merolution.de\/index.php\/product\/gerolsteiner-075-pet-zitronen-limonade-trueb\/#breadcrumb","itemListElement":[{"@type":"ListItem","position":1,"name":"Home","item":"https:\/\/shop.merolution.de\/"},{"@type":"ListItem","position":2,"name":"Shop","item":"https:\/\/shop.merolution.de\/"},{"@type":"ListItem","position":3,"name":"Gerolsteiner 0,75 PET Zitronen Limonade (tr\u00fcb)"}]},{"@type":"WebSite","@id":"https:\/\/shop.merolution.de\/#website","url":"https:\/\/shop.merolution.de\/","name":"Getr\u00e4nke Schl\u00fcter Onlineshop","description":"Ihr Getr\u00e4nke-Partner in Hannover","potentialAction":[{"@type":"SearchAction","target":{"@type":"EntryPoint","urlTemplate":"https:\/\/shop.merolution.de\/?s={search_term_string}"},"query-input":"required name=search_term_string"}],"inLanguage":"de"}]}},"_links":{"self":[{"href":"https:\/\/shop.merolution.de\/index.php\/wp-json\/wp\/v2\/product\/1688"}],"collection":[{"href":"https:\/\/shop.merolution.de\/index.php\/wp-json\/wp\/v2\/product"}],"about":[{"href":"https:\/\/shop.merolution.de\/index.php\/wp-json\/wp\/v2\/types\/product"}],"replies":[{"embeddable":true,"href":"https:\/\/shop.merolution.de\/index.php\/wp-json\/wp\/v2\/comments?post=1688"}],"wp:featuredmedia":[{"embeddable":true,"href":"https:\/\/shop.merolution.de\/index.php\/wp-json\/wp\/v2\/media\/1689"}],"wp:attachment":[{"href":"https:\/\/shop.merolution.de\/index.php\/wp-json\/wp\/v2\/media?parent=1688"}],"wp:term":[{"taxonomy":"product_cat","embeddable":true,"href":"https:\/\/shop.merolution.de\/index.php\/wp-json\/wp\/v2\/product_cat?post=1688"},{"taxonomy":"product_tag","embeddable":true,"href":"https:\/\/shop.merolution.de\/index.php\/wp-json\/wp\/v2\/product_tag?post=1688"}],"curies":[{"name":"wp","href":"https:\/\/api.w.org\/{rel}","templated":true}]}}