{"id":1705,"date":"2020-05-28T09:57:46","date_gmt":"2020-05-28T09:57:46","guid":{"rendered":"https:\/\/shop.merolution.de\/index.php\/product\/fritz-020-kola-gastro-24-020\/"},"modified":"2020-05-28T09:57:46","modified_gmt":"2020-05-28T09:57:46","slug":"fritz-020-kola-gastro-24-020","status":"publish","type":"product","link":"https:\/\/shop.merolution.de\/index.php\/product\/fritz-020-kola-gastro-24-020\/","title":{"rendered":"Fritz 0,20 Kola GASTRO ** &#8211; 24\/0,20"},"content":{"rendered":"<p>24\/0,20EINE DER AUFGEWECKTESTEN KOLAS DER WELT (25MG NAT\u00dcRLICHES KOFFEIN\/100ML). SIE ENTH\u00c4LT NAT\u00dcRLICHES KOFFEIN UND ECHTES KOLANUSSEXTRAKT &#8211; DER UNVERWECHSELBARE WACHMACHER. schmeckt super enth\u00e4lt Koffein nur nat\u00fcrliche Aromen vegan glutenfreiZutaten: nat\u00fcrliches Mineralwasser, Zucker, Kohlens\u00e4ure, Farbstoff Ammonsulfit-Zuckerkul\u00f6r, S\u00e4uerungsmittel Phosphors\u00e4ure, Koffein, nat\u00fcrliches AromaN\u00e4hrwert- und Brennwertangaben je 100ml: Brennwert 179kJ (42kcal) \/ Eiwei\u00df 0g \/ Kohlenhydrate 11g<\/p>\n","protected":false},"excerpt":{"rendered":"<p>24\/0,20<\/p>\n","protected":false},"featured_media":0,"comment_status":"open","ping_status":"closed","template":"","meta":[],"product_cat":[49],"product_tag":[],"yoast_head":"<!-- This site is optimized with the Yoast SEO plugin v19.14 - https:\/\/yoast.com\/wordpress\/plugins\/seo\/ -->\n<title>Fritz 0,20 Kola GASTRO ** - 24\/0,20 - Getr\u00e4nke Schl\u00fcter Onlineshop<\/title>\n<meta name=\"robots\" content=\"noindex, follow, max-snippet:-1, max-image-preview:large, max-video-preview:-1\" \/>\n<meta property=\"og:locale\" content=\"de_DE\" \/>\n<meta property=\"og:type\" content=\"article\" \/>\n<meta property=\"og:title\" content=\"Fritz 0,20 Kola GASTRO ** - 24\/0,20 - Getr\u00e4nke Schl\u00fcter Onlineshop\" \/>\n<meta property=\"og:description\" content=\"24\/0,20\" \/>\n<meta property=\"og:url\" content=\"https:\/\/shop.merolution.de\/index.php\/product\/fritz-020-kola-gastro-24-020\/\" \/>\n<meta property=\"og:site_name\" content=\"Getr\u00e4nke Schl\u00fcter Onlineshop\" \/>\n<meta name=\"twitter:card\" content=\"summary_large_image\" \/>\n<script type=\"application\/ld+json\" class=\"yoast-schema-graph\">{\"@context\":\"https:\/\/schema.org\",\"@graph\":[{\"@type\":\"WebPage\",\"@id\":\"https:\/\/shop.merolution.de\/index.php\/product\/fritz-020-kola-gastro-24-020\/\",\"url\":\"https:\/\/shop.merolution.de\/index.php\/product\/fritz-020-kola-gastro-24-020\/\",\"name\":\"Fritz 0,20 Kola GASTRO ** - 24\/0,20 - Getr\u00e4nke Schl\u00fcter Onlineshop\",\"isPartOf\":{\"@id\":\"https:\/\/shop.merolution.de\/#website\"},\"datePublished\":\"2020-05-28T09:57:46+00:00\",\"dateModified\":\"2020-05-28T09:57:46+00:00\",\"breadcrumb\":{\"@id\":\"https:\/\/shop.merolution.de\/index.php\/product\/fritz-020-kola-gastro-24-020\/#breadcrumb\"},\"inLanguage\":\"de\",\"potentialAction\":[{\"@type\":\"ReadAction\",\"target\":[\"https:\/\/shop.merolution.de\/index.php\/product\/fritz-020-kola-gastro-24-020\/\"]}]},{\"@type\":\"BreadcrumbList\",\"@id\":\"https:\/\/shop.merolution.de\/index.php\/product\/fritz-020-kola-gastro-24-020\/#breadcrumb\",\"itemListElement\":[{\"@type\":\"ListItem\",\"position\":1,\"name\":\"Home\",\"item\":\"https:\/\/shop.merolution.de\/\"},{\"@type\":\"ListItem\",\"position\":2,\"name\":\"Shop\",\"item\":\"https:\/\/shop.merolution.de\/\"},{\"@type\":\"ListItem\",\"position\":3,\"name\":\"Fritz 0,20 Kola GASTRO ** &#8211; 24\/0,20\"}]},{\"@type\":\"WebSite\",\"@id\":\"https:\/\/shop.merolution.de\/#website\",\"url\":\"https:\/\/shop.merolution.de\/\",\"name\":\"Getr\u00e4nke Schl\u00fcter Onlineshop\",\"description\":\"Ihr Getr\u00e4nke-Partner in Hannover\",\"potentialAction\":[{\"@type\":\"SearchAction\",\"target\":{\"@type\":\"EntryPoint\",\"urlTemplate\":\"https:\/\/shop.merolution.de\/?s={search_term_string}\"},\"query-input\":\"required name=search_term_string\"}],\"inLanguage\":\"de\"}]}<\/script>\n<!-- \/ Yoast SEO plugin. -->","yoast_head_json":{"title":"Fritz 0,20 Kola GASTRO ** - 24\/0,20 - Getr\u00e4nke Schl\u00fcter Onlineshop","robots":{"index":"noindex","follow":"follow","max-snippet":"max-snippet:-1","max-image-preview":"max-image-preview:large","max-video-preview":"max-video-preview:-1"},"og_locale":"de_DE","og_type":"article","og_title":"Fritz 0,20 Kola GASTRO ** - 24\/0,20 - Getr\u00e4nke Schl\u00fcter Onlineshop","og_description":"24\/0,20","og_url":"https:\/\/shop.merolution.de\/index.php\/product\/fritz-020-kola-gastro-24-020\/","og_site_name":"Getr\u00e4nke Schl\u00fcter Onlineshop","twitter_card":"summary_large_image","schema":{"@context":"https:\/\/schema.org","@graph":[{"@type":"WebPage","@id":"https:\/\/shop.merolution.de\/index.php\/product\/fritz-020-kola-gastro-24-020\/","url":"https:\/\/shop.merolution.de\/index.php\/product\/fritz-020-kola-gastro-24-020\/","name":"Fritz 0,20 Kola GASTRO ** - 24\/0,20 - Getr\u00e4nke Schl\u00fcter Onlineshop","isPartOf":{"@id":"https:\/\/shop.merolution.de\/#website"},"datePublished":"2020-05-28T09:57:46+00:00","dateModified":"2020-05-28T09:57:46+00:00","breadcrumb":{"@id":"https:\/\/shop.merolution.de\/index.php\/product\/fritz-020-kola-gastro-24-020\/#breadcrumb"},"inLanguage":"de","potentialAction":[{"@type":"ReadAction","target":["https:\/\/shop.merolution.de\/index.php\/product\/fritz-020-kola-gastro-24-020\/"]}]},{"@type":"BreadcrumbList","@id":"https:\/\/shop.merolution.de\/index.php\/product\/fritz-020-kola-gastro-24-020\/#breadcrumb","itemListElement":[{"@type":"ListItem","position":1,"name":"Home","item":"https:\/\/shop.merolution.de\/"},{"@type":"ListItem","position":2,"name":"Shop","item":"https:\/\/shop.merolution.de\/"},{"@type":"ListItem","position":3,"name":"Fritz 0,20 Kola GASTRO ** &#8211; 24\/0,20"}]},{"@type":"WebSite","@id":"https:\/\/shop.merolution.de\/#website","url":"https:\/\/shop.merolution.de\/","name":"Getr\u00e4nke Schl\u00fcter Onlineshop","description":"Ihr Getr\u00e4nke-Partner in Hannover","potentialAction":[{"@type":"SearchAction","target":{"@type":"EntryPoint","urlTemplate":"https:\/\/shop.merolution.de\/?s={search_term_string}"},"query-input":"required name=search_term_string"}],"inLanguage":"de"}]}},"_links":{"self":[{"href":"https:\/\/shop.merolution.de\/index.php\/wp-json\/wp\/v2\/product\/1705"}],"collection":[{"href":"https:\/\/shop.merolution.de\/index.php\/wp-json\/wp\/v2\/product"}],"about":[{"href":"https:\/\/shop.merolution.de\/index.php\/wp-json\/wp\/v2\/types\/product"}],"replies":[{"embeddable":true,"href":"https:\/\/shop.merolution.de\/index.php\/wp-json\/wp\/v2\/comments?post=1705"}],"wp:attachment":[{"href":"https:\/\/shop.merolution.de\/index.php\/wp-json\/wp\/v2\/media?parent=1705"}],"wp:term":[{"taxonomy":"product_cat","embeddable":true,"href":"https:\/\/shop.merolution.de\/index.php\/wp-json\/wp\/v2\/product_cat?post=1705"},{"taxonomy":"product_tag","embeddable":true,"href":"https:\/\/shop.merolution.de\/index.php\/wp-json\/wp\/v2\/product_tag?post=1705"}],"curies":[{"name":"wp","href":"https:\/\/api.w.org\/{rel}","templated":true}]}}