{"id":1727,"date":"2020-05-28T09:57:49","date_gmt":"2020-05-28T09:57:49","guid":{"rendered":"https:\/\/shop.merolution.de\/index.php\/product\/luetts-sanddorn-apfel-24x033\/"},"modified":"2020-05-28T09:57:49","modified_gmt":"2020-05-28T09:57:49","slug":"luetts-sanddorn-apfel-24x033","status":"publish","type":"product","link":"https:\/\/shop.merolution.de\/index.php\/product\/luetts-sanddorn-apfel-24x033\/","title":{"rendered":"L\u00fctts Sanddorn-Apfel &#8211; 24&#215;0,33"},"content":{"rendered":"<p>24\/0,33 &#8211; L\u00fctts Strandlust Streuobst-Apfel-Sanddorn &#8211; Die vielen guten Eigenschaften des Sanddorns und der Erfolg unserer L\u00fctts Landlust Direktsaftschorlen in den Ferienregionen an der deutschen Nord- und Ostseek\u00fcste haben uns auf die Idee kommen lassen, eine Direktsaftschorle mit Sanddorn unter dem Namen L\u00fctts Strandlust zu entwickeln.Die Basis daf\u00fcr bildet unser ausgezeichneter Bio-Apfel-Streuobst-Direktsaft. Warum das? Nat\u00fcrlich kann man Sanddornsaft oder -Schorle auch pur trinken, aber das ist nicht jedermanns Sache. Deswegen bietet sich eine Mischung an.Der Apfel harmoniert in einzigartiger Weise mit nahezu jeder anderen Frucht. Dem Sanddorn nimmt er die gr\u00f6\u00dfte Herbe ohne sich geschmacklich in den Vordergrund zu dr\u00e4ngen. So entsteht eine leckere, erfrischende Schorle. Und noch etwas: Nat\u00fcrlicher Sanddornsaft neigt schnell zu Bodensatzbildung. Diesem kleinen optischen Problem kann man mit Stabilisatoren beikommen. Wollen wir aber nicht! Und wir hoffen, dass auch Sie den Verzicht auf die Zusatzmittelchen der Getr\u00e4nkeindustrie zu sch\u00e4tzen wissen.Deshalb unsere Empfehlung: Flasche gut k\u00fchlen, sanft aufsch\u00fctteln, etwas ruhen lassen und dann vorsichtig \u00f6ffnen.<\/p>\n","protected":false},"excerpt":{"rendered":"<p>24\/0,33 &#8211; L\u00fctts Strandlust Sanddorn (Apfel + Sanddorn)- Hergestellt von der Familie L\u00fctvogt aus Wagenfeld aus nat\u00fcrlichem Mineralwasser und regionalen Zutaten (Ostsee\/Nordsee) &#8211; Glas Mehrweg &#8211; Kronkorken &#8211; Pfand: \u0080 3,42<\/p>\n","protected":false},"featured_media":1728,"comment_status":"open","ping_status":"closed","template":"","meta":[],"product_cat":[49],"product_tag":[],"yoast_head":"<!-- This site is optimized with the Yoast SEO plugin v19.14 - https:\/\/yoast.com\/wordpress\/plugins\/seo\/ -->\n<title>L\u00fctts Sanddorn-Apfel - 24x0,33 - Getr\u00e4nke Schl\u00fcter Onlineshop<\/title>\n<meta name=\"robots\" content=\"noindex, follow, max-snippet:-1, max-image-preview:large, max-video-preview:-1\" \/>\n<meta property=\"og:locale\" content=\"de_DE\" \/>\n<meta property=\"og:type\" content=\"article\" \/>\n<meta property=\"og:title\" content=\"L\u00fctts Sanddorn-Apfel - 24x0,33 - Getr\u00e4nke Schl\u00fcter Onlineshop\" \/>\n<meta property=\"og:description\" content=\"24\/0,33 - L\u00fctts Strandlust Sanddorn (Apfel + Sanddorn)- Hergestellt von der Familie L\u00fctvogt aus Wagenfeld aus nat\u00fcrlichem Mineralwasser und regionalen Zutaten (Ostsee\/Nordsee) - Glas Mehrweg - Kronkorken - Pfand: \u0080 3,42\" \/>\n<meta property=\"og:url\" content=\"https:\/\/shop.merolution.de\/index.php\/product\/luetts-sanddorn-apfel-24x033\/\" \/>\n<meta property=\"og:site_name\" content=\"Getr\u00e4nke Schl\u00fcter Onlineshop\" \/>\n<meta property=\"og:image\" content=\"https:\/\/shop.merolution.de\/wp-content\/uploads\/2020\/05\/image496x496-aid-4303s.png\" \/>\n\t<meta property=\"og:image:width\" content=\"150\" \/>\n\t<meta property=\"og:image:height\" content=\"150\" \/>\n\t<meta property=\"og:image:type\" content=\"image\/png\" \/>\n<meta name=\"twitter:card\" content=\"summary_large_image\" \/>\n<meta name=\"twitter:label1\" content=\"Gesch\u00e4tzte Lesezeit\" \/>\n\t<meta name=\"twitter:data1\" content=\"1\u00a0Minute\" \/>\n<script type=\"application\/ld+json\" class=\"yoast-schema-graph\">{\"@context\":\"https:\/\/schema.org\",\"@graph\":[{\"@type\":\"WebPage\",\"@id\":\"https:\/\/shop.merolution.de\/index.php\/product\/luetts-sanddorn-apfel-24x033\/\",\"url\":\"https:\/\/shop.merolution.de\/index.php\/product\/luetts-sanddorn-apfel-24x033\/\",\"name\":\"L\u00fctts Sanddorn-Apfel - 24x0,33 - Getr\u00e4nke Schl\u00fcter Onlineshop\",\"isPartOf\":{\"@id\":\"https:\/\/shop.merolution.de\/#website\"},\"datePublished\":\"2020-05-28T09:57:49+00:00\",\"dateModified\":\"2020-05-28T09:57:49+00:00\",\"breadcrumb\":{\"@id\":\"https:\/\/shop.merolution.de\/index.php\/product\/luetts-sanddorn-apfel-24x033\/#breadcrumb\"},\"inLanguage\":\"de\",\"potentialAction\":[{\"@type\":\"ReadAction\",\"target\":[\"https:\/\/shop.merolution.de\/index.php\/product\/luetts-sanddorn-apfel-24x033\/\"]}]},{\"@type\":\"BreadcrumbList\",\"@id\":\"https:\/\/shop.merolution.de\/index.php\/product\/luetts-sanddorn-apfel-24x033\/#breadcrumb\",\"itemListElement\":[{\"@type\":\"ListItem\",\"position\":1,\"name\":\"Home\",\"item\":\"https:\/\/shop.merolution.de\/\"},{\"@type\":\"ListItem\",\"position\":2,\"name\":\"Shop\",\"item\":\"https:\/\/shop.merolution.de\/\"},{\"@type\":\"ListItem\",\"position\":3,\"name\":\"L\u00fctts Sanddorn-Apfel &#8211; 24&#215;0,33\"}]},{\"@type\":\"WebSite\",\"@id\":\"https:\/\/shop.merolution.de\/#website\",\"url\":\"https:\/\/shop.merolution.de\/\",\"name\":\"Getr\u00e4nke Schl\u00fcter Onlineshop\",\"description\":\"Ihr Getr\u00e4nke-Partner in Hannover\",\"potentialAction\":[{\"@type\":\"SearchAction\",\"target\":{\"@type\":\"EntryPoint\",\"urlTemplate\":\"https:\/\/shop.merolution.de\/?s={search_term_string}\"},\"query-input\":\"required name=search_term_string\"}],\"inLanguage\":\"de\"}]}<\/script>\n<!-- \/ Yoast SEO plugin. -->","yoast_head_json":{"title":"L\u00fctts Sanddorn-Apfel - 24x0,33 - Getr\u00e4nke Schl\u00fcter Onlineshop","robots":{"index":"noindex","follow":"follow","max-snippet":"max-snippet:-1","max-image-preview":"max-image-preview:large","max-video-preview":"max-video-preview:-1"},"og_locale":"de_DE","og_type":"article","og_title":"L\u00fctts Sanddorn-Apfel - 24x0,33 - Getr\u00e4nke Schl\u00fcter Onlineshop","og_description":"24\/0,33 - L\u00fctts Strandlust Sanddorn (Apfel + Sanddorn)- Hergestellt von der Familie L\u00fctvogt aus Wagenfeld aus nat\u00fcrlichem Mineralwasser und regionalen Zutaten (Ostsee\/Nordsee) - Glas Mehrweg - Kronkorken - Pfand: \u0080 3,42","og_url":"https:\/\/shop.merolution.de\/index.php\/product\/luetts-sanddorn-apfel-24x033\/","og_site_name":"Getr\u00e4nke Schl\u00fcter Onlineshop","og_image":[{"width":150,"height":150,"url":"https:\/\/shop.merolution.de\/wp-content\/uploads\/2020\/05\/image496x496-aid-4303s.png","type":"image\/png"}],"twitter_card":"summary_large_image","twitter_misc":{"Gesch\u00e4tzte Lesezeit":"1\u00a0Minute"},"schema":{"@context":"https:\/\/schema.org","@graph":[{"@type":"WebPage","@id":"https:\/\/shop.merolution.de\/index.php\/product\/luetts-sanddorn-apfel-24x033\/","url":"https:\/\/shop.merolution.de\/index.php\/product\/luetts-sanddorn-apfel-24x033\/","name":"L\u00fctts Sanddorn-Apfel - 24x0,33 - Getr\u00e4nke Schl\u00fcter Onlineshop","isPartOf":{"@id":"https:\/\/shop.merolution.de\/#website"},"datePublished":"2020-05-28T09:57:49+00:00","dateModified":"2020-05-28T09:57:49+00:00","breadcrumb":{"@id":"https:\/\/shop.merolution.de\/index.php\/product\/luetts-sanddorn-apfel-24x033\/#breadcrumb"},"inLanguage":"de","potentialAction":[{"@type":"ReadAction","target":["https:\/\/shop.merolution.de\/index.php\/product\/luetts-sanddorn-apfel-24x033\/"]}]},{"@type":"BreadcrumbList","@id":"https:\/\/shop.merolution.de\/index.php\/product\/luetts-sanddorn-apfel-24x033\/#breadcrumb","itemListElement":[{"@type":"ListItem","position":1,"name":"Home","item":"https:\/\/shop.merolution.de\/"},{"@type":"ListItem","position":2,"name":"Shop","item":"https:\/\/shop.merolution.de\/"},{"@type":"ListItem","position":3,"name":"L\u00fctts Sanddorn-Apfel &#8211; 24&#215;0,33"}]},{"@type":"WebSite","@id":"https:\/\/shop.merolution.de\/#website","url":"https:\/\/shop.merolution.de\/","name":"Getr\u00e4nke Schl\u00fcter Onlineshop","description":"Ihr Getr\u00e4nke-Partner in Hannover","potentialAction":[{"@type":"SearchAction","target":{"@type":"EntryPoint","urlTemplate":"https:\/\/shop.merolution.de\/?s={search_term_string}"},"query-input":"required name=search_term_string"}],"inLanguage":"de"}]}},"_links":{"self":[{"href":"https:\/\/shop.merolution.de\/index.php\/wp-json\/wp\/v2\/product\/1727"}],"collection":[{"href":"https:\/\/shop.merolution.de\/index.php\/wp-json\/wp\/v2\/product"}],"about":[{"href":"https:\/\/shop.merolution.de\/index.php\/wp-json\/wp\/v2\/types\/product"}],"replies":[{"embeddable":true,"href":"https:\/\/shop.merolution.de\/index.php\/wp-json\/wp\/v2\/comments?post=1727"}],"wp:featuredmedia":[{"embeddable":true,"href":"https:\/\/shop.merolution.de\/index.php\/wp-json\/wp\/v2\/media\/1728"}],"wp:attachment":[{"href":"https:\/\/shop.merolution.de\/index.php\/wp-json\/wp\/v2\/media?parent=1727"}],"wp:term":[{"taxonomy":"product_cat","embeddable":true,"href":"https:\/\/shop.merolution.de\/index.php\/wp-json\/wp\/v2\/product_cat?post=1727"},{"taxonomy":"product_tag","embeddable":true,"href":"https:\/\/shop.merolution.de\/index.php\/wp-json\/wp\/v2\/product_tag?post=1727"}],"curies":[{"name":"wp","href":"https:\/\/api.w.org\/{rel}","templated":true}]}}