{"id":1750,"date":"2020-05-28T09:57:52","date_gmt":"2020-05-28T09:57:52","guid":{"rendered":"https:\/\/shop.merolution.de\/index.php\/product\/vita-100-cola-original-zuckerfrei-pet\/"},"modified":"2020-05-28T09:57:52","modified_gmt":"2020-05-28T09:57:52","slug":"vita-100-cola-original-zuckerfrei-pet","status":"publish","type":"product","link":"https:\/\/shop.merolution.de\/index.php\/product\/vita-100-cola-original-zuckerfrei-pet\/","title":{"rendered":"Vita 1,00 Cola Original zuckerfrei PET"},"content":{"rendered":"<p>12\/1,00 PET Mehrweg<\/p>\n","protected":false},"excerpt":{"rendered":"<p>12\/1,00 PET Mehrweg Die zuckerfreie Variante erfrischt wie der Klassiker mit dem typischen Citrus-Kick, punktet dabei aber mit weniger Kalorien im (Flaschen-) Bauch. Wer auf dem Weg zur Traumfigur nicht auf VITA COLA verzichten m\u00f6chte, f\u00fcr den ist die zuckerfreie genau die Richtige.Kalorienarmes, koffeinhaltiges Erfrischungsgetr\u00e4nk mitS\u00fc\u00dfungsmitteln und Vitamin C.<\/p>\n","protected":false},"featured_media":1751,"comment_status":"open","ping_status":"closed","template":"","meta":[],"product_cat":[49],"product_tag":[],"yoast_head":"<!-- This site is optimized with the Yoast SEO plugin v19.14 - https:\/\/yoast.com\/wordpress\/plugins\/seo\/ -->\n<title>Vita 1,00 Cola Original zuckerfrei PET - Getr\u00e4nke Schl\u00fcter Onlineshop<\/title>\n<meta name=\"robots\" content=\"noindex, follow, max-snippet:-1, max-image-preview:large, max-video-preview:-1\" \/>\n<meta property=\"og:locale\" content=\"de_DE\" \/>\n<meta property=\"og:type\" content=\"article\" \/>\n<meta property=\"og:title\" content=\"Vita 1,00 Cola Original zuckerfrei PET - Getr\u00e4nke Schl\u00fcter Onlineshop\" \/>\n<meta property=\"og:description\" content=\"12\/1,00 PET Mehrweg Die zuckerfreie Variante erfrischt wie der Klassiker mit dem typischen Citrus-Kick, punktet dabei aber mit weniger Kalorien im (Flaschen-) Bauch. Wer auf dem Weg zur Traumfigur nicht auf VITA COLA verzichten m\u00f6chte, f\u00fcr den ist die zuckerfreie genau die Richtige.Kalorienarmes, koffeinhaltiges Erfrischungsgetr\u00e4nk mitS\u00fc\u00dfungsmitteln und Vitamin C.\" \/>\n<meta property=\"og:url\" content=\"https:\/\/shop.merolution.de\/index.php\/product\/vita-100-cola-original-zuckerfrei-pet\/\" \/>\n<meta property=\"og:site_name\" content=\"Getr\u00e4nke Schl\u00fcter Onlineshop\" \/>\n<meta property=\"og:image\" content=\"https:\/\/shop.merolution.de\/wp-content\/uploads\/2020\/05\/1426aPic1S1369626884_zz_Vita-Cola-LOgo-Mini__A__3577-aid-4398s.gif\" \/>\n\t<meta property=\"og:image:width\" content=\"100\" \/>\n\t<meta property=\"og:image:height\" content=\"100\" \/>\n\t<meta property=\"og:image:type\" content=\"image\/gif\" \/>\n<meta name=\"twitter:card\" content=\"summary_large_image\" \/>\n<script type=\"application\/ld+json\" class=\"yoast-schema-graph\">{\"@context\":\"https:\/\/schema.org\",\"@graph\":[{\"@type\":\"WebPage\",\"@id\":\"https:\/\/shop.merolution.de\/index.php\/product\/vita-100-cola-original-zuckerfrei-pet\/\",\"url\":\"https:\/\/shop.merolution.de\/index.php\/product\/vita-100-cola-original-zuckerfrei-pet\/\",\"name\":\"Vita 1,00 Cola Original zuckerfrei PET - Getr\u00e4nke Schl\u00fcter Onlineshop\",\"isPartOf\":{\"@id\":\"https:\/\/shop.merolution.de\/#website\"},\"datePublished\":\"2020-05-28T09:57:52+00:00\",\"dateModified\":\"2020-05-28T09:57:52+00:00\",\"breadcrumb\":{\"@id\":\"https:\/\/shop.merolution.de\/index.php\/product\/vita-100-cola-original-zuckerfrei-pet\/#breadcrumb\"},\"inLanguage\":\"de\",\"potentialAction\":[{\"@type\":\"ReadAction\",\"target\":[\"https:\/\/shop.merolution.de\/index.php\/product\/vita-100-cola-original-zuckerfrei-pet\/\"]}]},{\"@type\":\"BreadcrumbList\",\"@id\":\"https:\/\/shop.merolution.de\/index.php\/product\/vita-100-cola-original-zuckerfrei-pet\/#breadcrumb\",\"itemListElement\":[{\"@type\":\"ListItem\",\"position\":1,\"name\":\"Home\",\"item\":\"https:\/\/shop.merolution.de\/\"},{\"@type\":\"ListItem\",\"position\":2,\"name\":\"Shop\",\"item\":\"https:\/\/shop.merolution.de\/\"},{\"@type\":\"ListItem\",\"position\":3,\"name\":\"Vita 1,00 Cola Original zuckerfrei PET\"}]},{\"@type\":\"WebSite\",\"@id\":\"https:\/\/shop.merolution.de\/#website\",\"url\":\"https:\/\/shop.merolution.de\/\",\"name\":\"Getr\u00e4nke Schl\u00fcter Onlineshop\",\"description\":\"Ihr Getr\u00e4nke-Partner in Hannover\",\"potentialAction\":[{\"@type\":\"SearchAction\",\"target\":{\"@type\":\"EntryPoint\",\"urlTemplate\":\"https:\/\/shop.merolution.de\/?s={search_term_string}\"},\"query-input\":\"required name=search_term_string\"}],\"inLanguage\":\"de\"}]}<\/script>\n<!-- \/ Yoast SEO plugin. -->","yoast_head_json":{"title":"Vita 1,00 Cola Original zuckerfrei PET - Getr\u00e4nke Schl\u00fcter Onlineshop","robots":{"index":"noindex","follow":"follow","max-snippet":"max-snippet:-1","max-image-preview":"max-image-preview:large","max-video-preview":"max-video-preview:-1"},"og_locale":"de_DE","og_type":"article","og_title":"Vita 1,00 Cola Original zuckerfrei PET - Getr\u00e4nke Schl\u00fcter Onlineshop","og_description":"12\/1,00 PET Mehrweg Die zuckerfreie Variante erfrischt wie der Klassiker mit dem typischen Citrus-Kick, punktet dabei aber mit weniger Kalorien im (Flaschen-) Bauch. Wer auf dem Weg zur Traumfigur nicht auf VITA COLA verzichten m\u00f6chte, f\u00fcr den ist die zuckerfreie genau die Richtige.Kalorienarmes, koffeinhaltiges Erfrischungsgetr\u00e4nk mitS\u00fc\u00dfungsmitteln und Vitamin C.","og_url":"https:\/\/shop.merolution.de\/index.php\/product\/vita-100-cola-original-zuckerfrei-pet\/","og_site_name":"Getr\u00e4nke Schl\u00fcter Onlineshop","og_image":[{"width":100,"height":100,"url":"https:\/\/shop.merolution.de\/wp-content\/uploads\/2020\/05\/1426aPic1S1369626884_zz_Vita-Cola-LOgo-Mini__A__3577-aid-4398s.gif","type":"image\/gif"}],"twitter_card":"summary_large_image","schema":{"@context":"https:\/\/schema.org","@graph":[{"@type":"WebPage","@id":"https:\/\/shop.merolution.de\/index.php\/product\/vita-100-cola-original-zuckerfrei-pet\/","url":"https:\/\/shop.merolution.de\/index.php\/product\/vita-100-cola-original-zuckerfrei-pet\/","name":"Vita 1,00 Cola Original zuckerfrei PET - Getr\u00e4nke Schl\u00fcter Onlineshop","isPartOf":{"@id":"https:\/\/shop.merolution.de\/#website"},"datePublished":"2020-05-28T09:57:52+00:00","dateModified":"2020-05-28T09:57:52+00:00","breadcrumb":{"@id":"https:\/\/shop.merolution.de\/index.php\/product\/vita-100-cola-original-zuckerfrei-pet\/#breadcrumb"},"inLanguage":"de","potentialAction":[{"@type":"ReadAction","target":["https:\/\/shop.merolution.de\/index.php\/product\/vita-100-cola-original-zuckerfrei-pet\/"]}]},{"@type":"BreadcrumbList","@id":"https:\/\/shop.merolution.de\/index.php\/product\/vita-100-cola-original-zuckerfrei-pet\/#breadcrumb","itemListElement":[{"@type":"ListItem","position":1,"name":"Home","item":"https:\/\/shop.merolution.de\/"},{"@type":"ListItem","position":2,"name":"Shop","item":"https:\/\/shop.merolution.de\/"},{"@type":"ListItem","position":3,"name":"Vita 1,00 Cola Original zuckerfrei PET"}]},{"@type":"WebSite","@id":"https:\/\/shop.merolution.de\/#website","url":"https:\/\/shop.merolution.de\/","name":"Getr\u00e4nke Schl\u00fcter Onlineshop","description":"Ihr Getr\u00e4nke-Partner in Hannover","potentialAction":[{"@type":"SearchAction","target":{"@type":"EntryPoint","urlTemplate":"https:\/\/shop.merolution.de\/?s={search_term_string}"},"query-input":"required name=search_term_string"}],"inLanguage":"de"}]}},"_links":{"self":[{"href":"https:\/\/shop.merolution.de\/index.php\/wp-json\/wp\/v2\/product\/1750"}],"collection":[{"href":"https:\/\/shop.merolution.de\/index.php\/wp-json\/wp\/v2\/product"}],"about":[{"href":"https:\/\/shop.merolution.de\/index.php\/wp-json\/wp\/v2\/types\/product"}],"replies":[{"embeddable":true,"href":"https:\/\/shop.merolution.de\/index.php\/wp-json\/wp\/v2\/comments?post=1750"}],"wp:featuredmedia":[{"embeddable":true,"href":"https:\/\/shop.merolution.de\/index.php\/wp-json\/wp\/v2\/media\/1751"}],"wp:attachment":[{"href":"https:\/\/shop.merolution.de\/index.php\/wp-json\/wp\/v2\/media?parent=1750"}],"wp:term":[{"taxonomy":"product_cat","embeddable":true,"href":"https:\/\/shop.merolution.de\/index.php\/wp-json\/wp\/v2\/product_cat?post=1750"},{"taxonomy":"product_tag","embeddable":true,"href":"https:\/\/shop.merolution.de\/index.php\/wp-json\/wp\/v2\/product_tag?post=1750"}],"curies":[{"name":"wp","href":"https:\/\/api.w.org\/{rel}","templated":true}]}}