{"id":1819,"date":"2020-05-28T09:58:01","date_gmt":"2020-05-28T09:58:01","guid":{"rendered":"https:\/\/shop.merolution.de\/index.php\/product\/schweppes-100-fruity-citrus-orange-neu-2018\/"},"modified":"2020-05-28T09:58:01","modified_gmt":"2020-05-28T09:58:01","slug":"schweppes-100-fruity-citrus-orange-neu-2018","status":"publish","type":"product","link":"https:\/\/shop.merolution.de\/index.php\/product\/schweppes-100-fruity-citrus-orange-neu-2018\/","title":{"rendered":"Schweppes 1,00 Fruity Citrus &#038; Orange (NEU 2018)"},"content":{"rendered":"<p>06\/1,00 &#8211; PET-Mehrweg &#8211; Zutaten: Wasser, Zucker, Mehrfruchtsaft aus Fruchtsaftkonzentraten (Orangensaft 2%, Limettensaft 0,5%, Grapefruitsaft 0,5%), Kohlens\u00e4ure, Orangenextrakt, S\u00e4uerungsmittel Citronens\u00e4ure, Antioxidationsmittel Ascorbins\u00e4ure, nat\u00fcrliche Citrus-Aromen (Orange, Grapefruit, Limette, Mandarine) mit anderen nat\u00fcrlichen Aromen, modifizierte St\u00e4rke, Stabilisator Glycerinester aus Wurzelharz &#8211; \u0080 2,40 Pfand<\/p>\n","protected":false},"excerpt":{"rendered":"<p>06\/1,00 &#8211; Der fruchtig-frische Mix aus Orange, Limette, Grapefruit und einem Hauch Orangenschale macht Schweppes Fruity Citrus &#038; Orange zu einer herbs\u00fc\u00dfen Erfrischung. Ideal f\u00fcr den erwachsenen Geschmack \u0096 ganz ohne k\u00fcnstliche Konservierungs- oder Farbstoffe. Erfrischungsgetr\u00e4nk mit 3% Fruchtsaft aus Fruchtsaftkonzentraten und Citrusgeschmack &#8211; PET-Mehrweg &#8211; \u0080 2,40 Pfand<\/p>\n","protected":false},"featured_media":1820,"comment_status":"open","ping_status":"closed","template":"","meta":[],"product_cat":[49],"product_tag":[],"yoast_head":"<!-- This site is optimized with the Yoast SEO plugin v19.14 - https:\/\/yoast.com\/wordpress\/plugins\/seo\/ -->\n<title>Schweppes 1,00 Fruity Citrus &amp; Orange (NEU 2018) - Getr\u00e4nke Schl\u00fcter Onlineshop<\/title>\n<meta name=\"robots\" content=\"noindex, follow, max-snippet:-1, max-image-preview:large, max-video-preview:-1\" \/>\n<meta property=\"og:locale\" content=\"de_DE\" \/>\n<meta property=\"og:type\" content=\"article\" \/>\n<meta property=\"og:title\" content=\"Schweppes 1,00 Fruity Citrus &amp; Orange (NEU 2018) - Getr\u00e4nke Schl\u00fcter Onlineshop\" \/>\n<meta property=\"og:description\" content=\"06\/1,00 - Der fruchtig-frische Mix aus Orange, Limette, Grapefruit und einem Hauch Orangenschale macht Schweppes Fruity Citrus &amp; Orange zu einer herbs\u00fc\u00dfen Erfrischung. Ideal f\u00fcr den erwachsenen Geschmack \u0096 ganz ohne k\u00fcnstliche Konservierungs- oder Farbstoffe. Erfrischungsgetr\u00e4nk mit 3% Fruchtsaft aus Fruchtsaftkonzentraten und Citrusgeschmack - PET-Mehrweg - \u0080 2,40 Pfand\" \/>\n<meta property=\"og:url\" content=\"https:\/\/shop.merolution.de\/index.php\/product\/schweppes-100-fruity-citrus-orange-neu-2018\/\" \/>\n<meta property=\"og:site_name\" content=\"Getr\u00e4nke Schl\u00fcter Onlineshop\" \/>\n<meta property=\"og:image\" content=\"https:\/\/shop.merolution.de\/wp-content\/uploads\/2020\/05\/schweppeslogo300dpi-aid-4573s.jpg\" \/>\n\t<meta property=\"og:image:width\" content=\"150\" \/>\n\t<meta property=\"og:image:height\" content=\"163\" \/>\n\t<meta property=\"og:image:type\" content=\"image\/jpeg\" \/>\n<meta name=\"twitter:card\" content=\"summary_large_image\" \/>\n<script type=\"application\/ld+json\" class=\"yoast-schema-graph\">{\"@context\":\"https:\/\/schema.org\",\"@graph\":[{\"@type\":\"WebPage\",\"@id\":\"https:\/\/shop.merolution.de\/index.php\/product\/schweppes-100-fruity-citrus-orange-neu-2018\/\",\"url\":\"https:\/\/shop.merolution.de\/index.php\/product\/schweppes-100-fruity-citrus-orange-neu-2018\/\",\"name\":\"Schweppes 1,00 Fruity Citrus & Orange (NEU 2018) - Getr\u00e4nke Schl\u00fcter Onlineshop\",\"isPartOf\":{\"@id\":\"https:\/\/shop.merolution.de\/#website\"},\"datePublished\":\"2020-05-28T09:58:01+00:00\",\"dateModified\":\"2020-05-28T09:58:01+00:00\",\"breadcrumb\":{\"@id\":\"https:\/\/shop.merolution.de\/index.php\/product\/schweppes-100-fruity-citrus-orange-neu-2018\/#breadcrumb\"},\"inLanguage\":\"de\",\"potentialAction\":[{\"@type\":\"ReadAction\",\"target\":[\"https:\/\/shop.merolution.de\/index.php\/product\/schweppes-100-fruity-citrus-orange-neu-2018\/\"]}]},{\"@type\":\"BreadcrumbList\",\"@id\":\"https:\/\/shop.merolution.de\/index.php\/product\/schweppes-100-fruity-citrus-orange-neu-2018\/#breadcrumb\",\"itemListElement\":[{\"@type\":\"ListItem\",\"position\":1,\"name\":\"Home\",\"item\":\"https:\/\/shop.merolution.de\/\"},{\"@type\":\"ListItem\",\"position\":2,\"name\":\"Shop\",\"item\":\"https:\/\/shop.merolution.de\/\"},{\"@type\":\"ListItem\",\"position\":3,\"name\":\"Schweppes 1,00 Fruity Citrus &#038; Orange (NEU 2018)\"}]},{\"@type\":\"WebSite\",\"@id\":\"https:\/\/shop.merolution.de\/#website\",\"url\":\"https:\/\/shop.merolution.de\/\",\"name\":\"Getr\u00e4nke Schl\u00fcter Onlineshop\",\"description\":\"Ihr Getr\u00e4nke-Partner in Hannover\",\"potentialAction\":[{\"@type\":\"SearchAction\",\"target\":{\"@type\":\"EntryPoint\",\"urlTemplate\":\"https:\/\/shop.merolution.de\/?s={search_term_string}\"},\"query-input\":\"required name=search_term_string\"}],\"inLanguage\":\"de\"}]}<\/script>\n<!-- \/ Yoast SEO plugin. -->","yoast_head_json":{"title":"Schweppes 1,00 Fruity Citrus & Orange (NEU 2018) - Getr\u00e4nke Schl\u00fcter Onlineshop","robots":{"index":"noindex","follow":"follow","max-snippet":"max-snippet:-1","max-image-preview":"max-image-preview:large","max-video-preview":"max-video-preview:-1"},"og_locale":"de_DE","og_type":"article","og_title":"Schweppes 1,00 Fruity Citrus & Orange (NEU 2018) - Getr\u00e4nke Schl\u00fcter Onlineshop","og_description":"06\/1,00 - Der fruchtig-frische Mix aus Orange, Limette, Grapefruit und einem Hauch Orangenschale macht Schweppes Fruity Citrus & Orange zu einer herbs\u00fc\u00dfen Erfrischung. Ideal f\u00fcr den erwachsenen Geschmack \u0096 ganz ohne k\u00fcnstliche Konservierungs- oder Farbstoffe. Erfrischungsgetr\u00e4nk mit 3% Fruchtsaft aus Fruchtsaftkonzentraten und Citrusgeschmack - PET-Mehrweg - \u0080 2,40 Pfand","og_url":"https:\/\/shop.merolution.de\/index.php\/product\/schweppes-100-fruity-citrus-orange-neu-2018\/","og_site_name":"Getr\u00e4nke Schl\u00fcter Onlineshop","og_image":[{"width":150,"height":163,"url":"https:\/\/shop.merolution.de\/wp-content\/uploads\/2020\/05\/schweppeslogo300dpi-aid-4573s.jpg","type":"image\/jpeg"}],"twitter_card":"summary_large_image","schema":{"@context":"https:\/\/schema.org","@graph":[{"@type":"WebPage","@id":"https:\/\/shop.merolution.de\/index.php\/product\/schweppes-100-fruity-citrus-orange-neu-2018\/","url":"https:\/\/shop.merolution.de\/index.php\/product\/schweppes-100-fruity-citrus-orange-neu-2018\/","name":"Schweppes 1,00 Fruity Citrus & Orange (NEU 2018) - Getr\u00e4nke Schl\u00fcter Onlineshop","isPartOf":{"@id":"https:\/\/shop.merolution.de\/#website"},"datePublished":"2020-05-28T09:58:01+00:00","dateModified":"2020-05-28T09:58:01+00:00","breadcrumb":{"@id":"https:\/\/shop.merolution.de\/index.php\/product\/schweppes-100-fruity-citrus-orange-neu-2018\/#breadcrumb"},"inLanguage":"de","potentialAction":[{"@type":"ReadAction","target":["https:\/\/shop.merolution.de\/index.php\/product\/schweppes-100-fruity-citrus-orange-neu-2018\/"]}]},{"@type":"BreadcrumbList","@id":"https:\/\/shop.merolution.de\/index.php\/product\/schweppes-100-fruity-citrus-orange-neu-2018\/#breadcrumb","itemListElement":[{"@type":"ListItem","position":1,"name":"Home","item":"https:\/\/shop.merolution.de\/"},{"@type":"ListItem","position":2,"name":"Shop","item":"https:\/\/shop.merolution.de\/"},{"@type":"ListItem","position":3,"name":"Schweppes 1,00 Fruity Citrus &#038; Orange (NEU 2018)"}]},{"@type":"WebSite","@id":"https:\/\/shop.merolution.de\/#website","url":"https:\/\/shop.merolution.de\/","name":"Getr\u00e4nke Schl\u00fcter Onlineshop","description":"Ihr Getr\u00e4nke-Partner in Hannover","potentialAction":[{"@type":"SearchAction","target":{"@type":"EntryPoint","urlTemplate":"https:\/\/shop.merolution.de\/?s={search_term_string}"},"query-input":"required name=search_term_string"}],"inLanguage":"de"}]}},"_links":{"self":[{"href":"https:\/\/shop.merolution.de\/index.php\/wp-json\/wp\/v2\/product\/1819"}],"collection":[{"href":"https:\/\/shop.merolution.de\/index.php\/wp-json\/wp\/v2\/product"}],"about":[{"href":"https:\/\/shop.merolution.de\/index.php\/wp-json\/wp\/v2\/types\/product"}],"replies":[{"embeddable":true,"href":"https:\/\/shop.merolution.de\/index.php\/wp-json\/wp\/v2\/comments?post=1819"}],"wp:featuredmedia":[{"embeddable":true,"href":"https:\/\/shop.merolution.de\/index.php\/wp-json\/wp\/v2\/media\/1820"}],"wp:attachment":[{"href":"https:\/\/shop.merolution.de\/index.php\/wp-json\/wp\/v2\/media?parent=1819"}],"wp:term":[{"taxonomy":"product_cat","embeddable":true,"href":"https:\/\/shop.merolution.de\/index.php\/wp-json\/wp\/v2\/product_cat?post=1819"},{"taxonomy":"product_tag","embeddable":true,"href":"https:\/\/shop.merolution.de\/index.php\/wp-json\/wp\/v2\/product_tag?post=1819"}],"curies":[{"name":"wp","href":"https:\/\/api.w.org\/{rel}","templated":true}]}}