{"id":1833,"date":"2020-05-28T09:58:03","date_gmt":"2020-05-28T09:58:03","guid":{"rendered":"https:\/\/shop.merolution.de\/index.php\/product\/deit-tropische-fruechte-pet-12-100\/"},"modified":"2020-05-28T09:58:03","modified_gmt":"2020-05-28T09:58:03","slug":"deit-tropische-fruechte-pet-12-100","status":"publish","type":"product","link":"https:\/\/shop.merolution.de\/index.php\/product\/deit-tropische-fruechte-pet-12-100\/","title":{"rendered":"Deit tropische Fr\u00fcchte PET &#8211; 12\/1,00"},"content":{"rendered":"<p>12*1,00 tropische Fr\u00fcchte von Deit &#8211; umweltfreundlich PET Mehrweg &#8211; EUR 3,30 Pfand -Kalorinarmes Erfrischungsgetr\u00e4nk.Mit S\u00fc\u00dfungsmitteln. Mit Zusatz von 4 Vitaminen.Inhalt: Nat\u00fcrliches Mineralwasser, Kohlens\u00e4ure, S\u00e4uerungsmittel Zitronens\u00e4ure, Zitronensaftkonzentrat, S\u00e4uerungsregulator Natriumcitrate, S\u00fc\u00dfungsmittel Natriumcyclamat, Acesulfam-K, Aspartam, Saccharin-Natrium und Sucralose, nat\u00fcrliches Aroma. Vitaminmischung (Pantothenat, Vitamin B6, Biotin, Vitamin B12)Enth\u00e4lt eine Phenylalaninquelle.<\/p>\n","protected":false},"excerpt":{"rendered":"<p>12&#215;1,00 Deit tropische Fr\u00fcchte &#8211; umweltfreundlich PET Mehrweg &#8211; EUR 3,30 Pfand &#8211;<\/p>\n","protected":false},"featured_media":1834,"comment_status":"open","ping_status":"closed","template":"","meta":[],"product_cat":[50],"product_tag":[],"yoast_head":"<!-- This site is optimized with the Yoast SEO plugin v19.14 - https:\/\/yoast.com\/wordpress\/plugins\/seo\/ -->\n<title>Deit tropische Fr\u00fcchte PET - 12\/1,00 - Getr\u00e4nke Schl\u00fcter Onlineshop<\/title>\n<meta name=\"robots\" content=\"noindex, follow, max-snippet:-1, max-image-preview:large, max-video-preview:-1\" \/>\n<meta property=\"og:locale\" content=\"de_DE\" \/>\n<meta property=\"og:type\" content=\"article\" \/>\n<meta property=\"og:title\" content=\"Deit tropische Fr\u00fcchte PET - 12\/1,00 - Getr\u00e4nke Schl\u00fcter Onlineshop\" \/>\n<meta property=\"og:description\" content=\"12x1,00 Deit tropische Fr\u00fcchte - umweltfreundlich PET Mehrweg - EUR 3,30 Pfand -\" \/>\n<meta property=\"og:url\" content=\"https:\/\/shop.merolution.de\/index.php\/product\/deit-tropische-fruechte-pet-12-100\/\" \/>\n<meta property=\"og:site_name\" content=\"Getr\u00e4nke Schl\u00fcter Onlineshop\" \/>\n<meta property=\"og:image\" content=\"https:\/\/shop.merolution.de\/wp-content\/uploads\/2020\/05\/deit-tropische-fruechte-kastenabbildung-12-x-10-l-pet.jpg\" \/>\n\t<meta property=\"og:image:width\" content=\"150\" \/>\n\t<meta property=\"og:image:height\" content=\"100\" \/>\n\t<meta property=\"og:image:type\" content=\"image\/jpeg\" \/>\n<meta name=\"twitter:card\" content=\"summary_large_image\" \/>\n<script type=\"application\/ld+json\" class=\"yoast-schema-graph\">{\"@context\":\"https:\/\/schema.org\",\"@graph\":[{\"@type\":\"WebPage\",\"@id\":\"https:\/\/shop.merolution.de\/index.php\/product\/deit-tropische-fruechte-pet-12-100\/\",\"url\":\"https:\/\/shop.merolution.de\/index.php\/product\/deit-tropische-fruechte-pet-12-100\/\",\"name\":\"Deit tropische Fr\u00fcchte PET - 12\/1,00 - Getr\u00e4nke Schl\u00fcter Onlineshop\",\"isPartOf\":{\"@id\":\"https:\/\/shop.merolution.de\/#website\"},\"datePublished\":\"2020-05-28T09:58:03+00:00\",\"dateModified\":\"2020-05-28T09:58:03+00:00\",\"breadcrumb\":{\"@id\":\"https:\/\/shop.merolution.de\/index.php\/product\/deit-tropische-fruechte-pet-12-100\/#breadcrumb\"},\"inLanguage\":\"de\",\"potentialAction\":[{\"@type\":\"ReadAction\",\"target\":[\"https:\/\/shop.merolution.de\/index.php\/product\/deit-tropische-fruechte-pet-12-100\/\"]}]},{\"@type\":\"BreadcrumbList\",\"@id\":\"https:\/\/shop.merolution.de\/index.php\/product\/deit-tropische-fruechte-pet-12-100\/#breadcrumb\",\"itemListElement\":[{\"@type\":\"ListItem\",\"position\":1,\"name\":\"Home\",\"item\":\"https:\/\/shop.merolution.de\/\"},{\"@type\":\"ListItem\",\"position\":2,\"name\":\"Shop\",\"item\":\"https:\/\/shop.merolution.de\/\"},{\"@type\":\"ListItem\",\"position\":3,\"name\":\"Deit tropische Fr\u00fcchte PET &#8211; 12\/1,00\"}]},{\"@type\":\"WebSite\",\"@id\":\"https:\/\/shop.merolution.de\/#website\",\"url\":\"https:\/\/shop.merolution.de\/\",\"name\":\"Getr\u00e4nke Schl\u00fcter Onlineshop\",\"description\":\"Ihr Getr\u00e4nke-Partner in Hannover\",\"potentialAction\":[{\"@type\":\"SearchAction\",\"target\":{\"@type\":\"EntryPoint\",\"urlTemplate\":\"https:\/\/shop.merolution.de\/?s={search_term_string}\"},\"query-input\":\"required name=search_term_string\"}],\"inLanguage\":\"de\"}]}<\/script>\n<!-- \/ Yoast SEO plugin. -->","yoast_head_json":{"title":"Deit tropische Fr\u00fcchte PET - 12\/1,00 - Getr\u00e4nke Schl\u00fcter Onlineshop","robots":{"index":"noindex","follow":"follow","max-snippet":"max-snippet:-1","max-image-preview":"max-image-preview:large","max-video-preview":"max-video-preview:-1"},"og_locale":"de_DE","og_type":"article","og_title":"Deit tropische Fr\u00fcchte PET - 12\/1,00 - Getr\u00e4nke Schl\u00fcter Onlineshop","og_description":"12x1,00 Deit tropische Fr\u00fcchte - umweltfreundlich PET Mehrweg - EUR 3,30 Pfand -","og_url":"https:\/\/shop.merolution.de\/index.php\/product\/deit-tropische-fruechte-pet-12-100\/","og_site_name":"Getr\u00e4nke Schl\u00fcter Onlineshop","og_image":[{"width":150,"height":100,"url":"https:\/\/shop.merolution.de\/wp-content\/uploads\/2020\/05\/deit-tropische-fruechte-kastenabbildung-12-x-10-l-pet.jpg","type":"image\/jpeg"}],"twitter_card":"summary_large_image","schema":{"@context":"https:\/\/schema.org","@graph":[{"@type":"WebPage","@id":"https:\/\/shop.merolution.de\/index.php\/product\/deit-tropische-fruechte-pet-12-100\/","url":"https:\/\/shop.merolution.de\/index.php\/product\/deit-tropische-fruechte-pet-12-100\/","name":"Deit tropische Fr\u00fcchte PET - 12\/1,00 - Getr\u00e4nke Schl\u00fcter Onlineshop","isPartOf":{"@id":"https:\/\/shop.merolution.de\/#website"},"datePublished":"2020-05-28T09:58:03+00:00","dateModified":"2020-05-28T09:58:03+00:00","breadcrumb":{"@id":"https:\/\/shop.merolution.de\/index.php\/product\/deit-tropische-fruechte-pet-12-100\/#breadcrumb"},"inLanguage":"de","potentialAction":[{"@type":"ReadAction","target":["https:\/\/shop.merolution.de\/index.php\/product\/deit-tropische-fruechte-pet-12-100\/"]}]},{"@type":"BreadcrumbList","@id":"https:\/\/shop.merolution.de\/index.php\/product\/deit-tropische-fruechte-pet-12-100\/#breadcrumb","itemListElement":[{"@type":"ListItem","position":1,"name":"Home","item":"https:\/\/shop.merolution.de\/"},{"@type":"ListItem","position":2,"name":"Shop","item":"https:\/\/shop.merolution.de\/"},{"@type":"ListItem","position":3,"name":"Deit tropische Fr\u00fcchte PET &#8211; 12\/1,00"}]},{"@type":"WebSite","@id":"https:\/\/shop.merolution.de\/#website","url":"https:\/\/shop.merolution.de\/","name":"Getr\u00e4nke Schl\u00fcter Onlineshop","description":"Ihr Getr\u00e4nke-Partner in Hannover","potentialAction":[{"@type":"SearchAction","target":{"@type":"EntryPoint","urlTemplate":"https:\/\/shop.merolution.de\/?s={search_term_string}"},"query-input":"required name=search_term_string"}],"inLanguage":"de"}]}},"_links":{"self":[{"href":"https:\/\/shop.merolution.de\/index.php\/wp-json\/wp\/v2\/product\/1833"}],"collection":[{"href":"https:\/\/shop.merolution.de\/index.php\/wp-json\/wp\/v2\/product"}],"about":[{"href":"https:\/\/shop.merolution.de\/index.php\/wp-json\/wp\/v2\/types\/product"}],"replies":[{"embeddable":true,"href":"https:\/\/shop.merolution.de\/index.php\/wp-json\/wp\/v2\/comments?post=1833"}],"wp:featuredmedia":[{"embeddable":true,"href":"https:\/\/shop.merolution.de\/index.php\/wp-json\/wp\/v2\/media\/1834"}],"wp:attachment":[{"href":"https:\/\/shop.merolution.de\/index.php\/wp-json\/wp\/v2\/media?parent=1833"}],"wp:term":[{"taxonomy":"product_cat","embeddable":true,"href":"https:\/\/shop.merolution.de\/index.php\/wp-json\/wp\/v2\/product_cat?post=1833"},{"taxonomy":"product_tag","embeddable":true,"href":"https:\/\/shop.merolution.de\/index.php\/wp-json\/wp\/v2\/product_tag?post=1833"}],"curies":[{"name":"wp","href":"https:\/\/api.w.org\/{rel}","templated":true}]}}