{"id":1953,"date":"2020-05-28T09:58:20","date_gmt":"2020-05-28T09:58:20","guid":{"rendered":"https:\/\/shop.merolution.de\/index.php\/product\/sylt-quelle-075-gourmet-still\/"},"modified":"2020-05-28T09:58:20","modified_gmt":"2020-05-28T09:58:20","slug":"sylt-quelle-075-gourmet-still","status":"publish","type":"product","link":"https:\/\/shop.merolution.de\/index.php\/product\/sylt-quelle-075-gourmet-still\/","title":{"rendered":"Sylt Quelle 0,75 Gourmet still"},"content":{"rendered":"<p>08\/0,75 &#8211; Mineralwasser ohne Kohlens\u00e4ure &#8211; Die Sylt Quelle ist ein Mineralwasser herausragender Qualit\u00e4t, besonders der nat\u00fcrliche Jodgehalt macht das Wasser so kostbar. Jod, unverzichtbar f\u00fcr die gesunde Entwicklung, f\u00fcr Wachstum und Stoffwechsel, kommt im menschlichen K\u00f6rper nat\u00fcrlich nicht vor und muss mit der Nahrung aufgenommen werden. Der hohe Magnesiumanteil und der relativ geringe Natriumgehalt machen aus der Sylt-Quelle einen wahren Gesundbrunnen.<\/p>\n","protected":false},"excerpt":{"rendered":"<p>08\/0,75 &#8211; Mineralwasser ohne Kohlens\u00e4ure &#8211; Die Sylt Quelle ist ein Mineralwasser herausragender Qualit\u00e4t, besonders der nat\u00fcrliche Jodgehalt macht das Wasser so kostbar. Jod, unverzichtbar f\u00fcr die gesunde Entwicklung, f\u00fcr Wachstum und Stoffwechsel, kommt im menschlichen K\u00f6rper nat\u00fcrlich nicht vor und muss mit der Nahrung aufgenommen werden. Der hohe Magnesiumanteil und der relativ geringe Natriumgehalt machen aus der Sylt-Quelle einen wahren Gesundbrunnen.<\/p>\n","protected":false},"featured_media":1954,"comment_status":"open","ping_status":"closed","template":"","meta":[],"product_cat":[55],"product_tag":[],"yoast_head":"<!-- This site is optimized with the Yoast SEO plugin v19.14 - https:\/\/yoast.com\/wordpress\/plugins\/seo\/ -->\n<title>Sylt Quelle 0,75 Gourmet still - Getr\u00e4nke Schl\u00fcter Onlineshop<\/title>\n<meta name=\"robots\" content=\"noindex, follow, max-snippet:-1, max-image-preview:large, max-video-preview:-1\" \/>\n<meta property=\"og:locale\" content=\"de_DE\" \/>\n<meta property=\"og:type\" content=\"article\" \/>\n<meta property=\"og:title\" content=\"Sylt Quelle 0,75 Gourmet still - Getr\u00e4nke Schl\u00fcter Onlineshop\" \/>\n<meta property=\"og:description\" content=\"08\/0,75 - Mineralwasser ohne Kohlens\u00e4ure - Die Sylt Quelle ist ein Mineralwasser herausragender Qualit\u00e4t, besonders der nat\u00fcrliche Jodgehalt macht das Wasser so kostbar. Jod, unverzichtbar f\u00fcr die gesunde Entwicklung, f\u00fcr Wachstum und Stoffwechsel, kommt im menschlichen K\u00f6rper nat\u00fcrlich nicht vor und muss mit der Nahrung aufgenommen werden. Der hohe Magnesiumanteil und der relativ geringe Natriumgehalt machen aus der Sylt-Quelle einen wahren Gesundbrunnen.\" \/>\n<meta property=\"og:url\" content=\"https:\/\/shop.merolution.de\/index.php\/product\/sylt-quelle-075-gourmet-still\/\" \/>\n<meta property=\"og:site_name\" content=\"Getr\u00e4nke Schl\u00fcter Onlineshop\" \/>\n<meta property=\"og:image\" content=\"https:\/\/shop.merolution.de\/wp-content\/uploads\/2020\/05\/sq-flasche-2013-075-still-ohneglas.jpeg\" \/>\n\t<meta property=\"og:image:width\" content=\"150\" \/>\n\t<meta property=\"og:image:height\" content=\"434\" \/>\n\t<meta property=\"og:image:type\" content=\"image\/jpeg\" \/>\n<meta name=\"twitter:card\" content=\"summary_large_image\" \/>\n<script type=\"application\/ld+json\" class=\"yoast-schema-graph\">{\"@context\":\"https:\/\/schema.org\",\"@graph\":[{\"@type\":\"WebPage\",\"@id\":\"https:\/\/shop.merolution.de\/index.php\/product\/sylt-quelle-075-gourmet-still\/\",\"url\":\"https:\/\/shop.merolution.de\/index.php\/product\/sylt-quelle-075-gourmet-still\/\",\"name\":\"Sylt Quelle 0,75 Gourmet still - Getr\u00e4nke Schl\u00fcter Onlineshop\",\"isPartOf\":{\"@id\":\"https:\/\/shop.merolution.de\/#website\"},\"datePublished\":\"2020-05-28T09:58:20+00:00\",\"dateModified\":\"2020-05-28T09:58:20+00:00\",\"breadcrumb\":{\"@id\":\"https:\/\/shop.merolution.de\/index.php\/product\/sylt-quelle-075-gourmet-still\/#breadcrumb\"},\"inLanguage\":\"de\",\"potentialAction\":[{\"@type\":\"ReadAction\",\"target\":[\"https:\/\/shop.merolution.de\/index.php\/product\/sylt-quelle-075-gourmet-still\/\"]}]},{\"@type\":\"BreadcrumbList\",\"@id\":\"https:\/\/shop.merolution.de\/index.php\/product\/sylt-quelle-075-gourmet-still\/#breadcrumb\",\"itemListElement\":[{\"@type\":\"ListItem\",\"position\":1,\"name\":\"Home\",\"item\":\"https:\/\/shop.merolution.de\/\"},{\"@type\":\"ListItem\",\"position\":2,\"name\":\"Shop\",\"item\":\"https:\/\/shop.merolution.de\/\"},{\"@type\":\"ListItem\",\"position\":3,\"name\":\"Sylt Quelle 0,75 Gourmet still\"}]},{\"@type\":\"WebSite\",\"@id\":\"https:\/\/shop.merolution.de\/#website\",\"url\":\"https:\/\/shop.merolution.de\/\",\"name\":\"Getr\u00e4nke Schl\u00fcter Onlineshop\",\"description\":\"Ihr Getr\u00e4nke-Partner in Hannover\",\"potentialAction\":[{\"@type\":\"SearchAction\",\"target\":{\"@type\":\"EntryPoint\",\"urlTemplate\":\"https:\/\/shop.merolution.de\/?s={search_term_string}\"},\"query-input\":\"required name=search_term_string\"}],\"inLanguage\":\"de\"}]}<\/script>\n<!-- \/ Yoast SEO plugin. -->","yoast_head_json":{"title":"Sylt Quelle 0,75 Gourmet still - Getr\u00e4nke Schl\u00fcter Onlineshop","robots":{"index":"noindex","follow":"follow","max-snippet":"max-snippet:-1","max-image-preview":"max-image-preview:large","max-video-preview":"max-video-preview:-1"},"og_locale":"de_DE","og_type":"article","og_title":"Sylt Quelle 0,75 Gourmet still - Getr\u00e4nke Schl\u00fcter Onlineshop","og_description":"08\/0,75 - Mineralwasser ohne Kohlens\u00e4ure - Die Sylt Quelle ist ein Mineralwasser herausragender Qualit\u00e4t, besonders der nat\u00fcrliche Jodgehalt macht das Wasser so kostbar. Jod, unverzichtbar f\u00fcr die gesunde Entwicklung, f\u00fcr Wachstum und Stoffwechsel, kommt im menschlichen K\u00f6rper nat\u00fcrlich nicht vor und muss mit der Nahrung aufgenommen werden. Der hohe Magnesiumanteil und der relativ geringe Natriumgehalt machen aus der Sylt-Quelle einen wahren Gesundbrunnen.","og_url":"https:\/\/shop.merolution.de\/index.php\/product\/sylt-quelle-075-gourmet-still\/","og_site_name":"Getr\u00e4nke Schl\u00fcter Onlineshop","og_image":[{"width":150,"height":434,"url":"https:\/\/shop.merolution.de\/wp-content\/uploads\/2020\/05\/sq-flasche-2013-075-still-ohneglas.jpeg","type":"image\/jpeg"}],"twitter_card":"summary_large_image","schema":{"@context":"https:\/\/schema.org","@graph":[{"@type":"WebPage","@id":"https:\/\/shop.merolution.de\/index.php\/product\/sylt-quelle-075-gourmet-still\/","url":"https:\/\/shop.merolution.de\/index.php\/product\/sylt-quelle-075-gourmet-still\/","name":"Sylt Quelle 0,75 Gourmet still - Getr\u00e4nke Schl\u00fcter Onlineshop","isPartOf":{"@id":"https:\/\/shop.merolution.de\/#website"},"datePublished":"2020-05-28T09:58:20+00:00","dateModified":"2020-05-28T09:58:20+00:00","breadcrumb":{"@id":"https:\/\/shop.merolution.de\/index.php\/product\/sylt-quelle-075-gourmet-still\/#breadcrumb"},"inLanguage":"de","potentialAction":[{"@type":"ReadAction","target":["https:\/\/shop.merolution.de\/index.php\/product\/sylt-quelle-075-gourmet-still\/"]}]},{"@type":"BreadcrumbList","@id":"https:\/\/shop.merolution.de\/index.php\/product\/sylt-quelle-075-gourmet-still\/#breadcrumb","itemListElement":[{"@type":"ListItem","position":1,"name":"Home","item":"https:\/\/shop.merolution.de\/"},{"@type":"ListItem","position":2,"name":"Shop","item":"https:\/\/shop.merolution.de\/"},{"@type":"ListItem","position":3,"name":"Sylt Quelle 0,75 Gourmet still"}]},{"@type":"WebSite","@id":"https:\/\/shop.merolution.de\/#website","url":"https:\/\/shop.merolution.de\/","name":"Getr\u00e4nke Schl\u00fcter Onlineshop","description":"Ihr Getr\u00e4nke-Partner in Hannover","potentialAction":[{"@type":"SearchAction","target":{"@type":"EntryPoint","urlTemplate":"https:\/\/shop.merolution.de\/?s={search_term_string}"},"query-input":"required name=search_term_string"}],"inLanguage":"de"}]}},"_links":{"self":[{"href":"https:\/\/shop.merolution.de\/index.php\/wp-json\/wp\/v2\/product\/1953"}],"collection":[{"href":"https:\/\/shop.merolution.de\/index.php\/wp-json\/wp\/v2\/product"}],"about":[{"href":"https:\/\/shop.merolution.de\/index.php\/wp-json\/wp\/v2\/types\/product"}],"replies":[{"embeddable":true,"href":"https:\/\/shop.merolution.de\/index.php\/wp-json\/wp\/v2\/comments?post=1953"}],"wp:featuredmedia":[{"embeddable":true,"href":"https:\/\/shop.merolution.de\/index.php\/wp-json\/wp\/v2\/media\/1954"}],"wp:attachment":[{"href":"https:\/\/shop.merolution.de\/index.php\/wp-json\/wp\/v2\/media?parent=1953"}],"wp:term":[{"taxonomy":"product_cat","embeddable":true,"href":"https:\/\/shop.merolution.de\/index.php\/wp-json\/wp\/v2\/product_cat?post=1953"},{"taxonomy":"product_tag","embeddable":true,"href":"https:\/\/shop.merolution.de\/index.php\/wp-json\/wp\/v2\/product_tag?post=1953"}],"curies":[{"name":"wp","href":"https:\/\/api.w.org\/{rel}","templated":true}]}}