{"id":1971,"date":"2020-05-28T09:58:22","date_gmt":"2020-05-28T09:58:22","guid":{"rendered":"https:\/\/shop.merolution.de\/index.php\/product\/evian-mineralwasser-glasflasche-20-050-eur-650-pfand\/"},"modified":"2020-05-28T09:58:22","modified_gmt":"2020-05-28T09:58:22","slug":"evian-mineralwasser-glasflasche-20-050-eur-650-pfand","status":"publish","type":"product","link":"https:\/\/shop.merolution.de\/index.php\/product\/evian-mineralwasser-glasflasche-20-050-eur-650-pfand\/","title":{"rendered":"Evian Mineralwasser GLASFLASCHE &#8211; 20\/0,50 (+ EUR 6,50 Pfand)"},"content":{"rendered":"<p>20\/0,50 &#8211; Evian ohne Kohlens\u00e4ure (still\/naturell) &#8211; Franz\u00f6sisches Mineralwasser aus den Alpen &#8211; Dieses nat\u00fcrliche Mineralwasser ohne Kohlens\u00e4ure entspringt aus der \u00c9vian-les-Bains Quelle, einem Badekurort in den franz\u00f6sischen Alpen. Die Quelle ist umgeben von einem 70.000 ha gro\u00dfen Naturschutzgebiet.15 Jahre durch das Gestein der franz\u00f6sischen Alpen gefiltert, bietet das natriumarme evian durch seine ausgewogene Mineralisierung ein pures Geschmackserlebnis &#8211; Mehrweg Glas &#8211; Kronkorken &#8211; Pfand \u0080 6,50 (\u0080 0,25\/Flasche)<\/p>\n","protected":false},"excerpt":{"rendered":"<p>20\/0,50 &#8211; Evian ohne Kohlens\u00e4ure (still\/naturell) &#8211; Franz\u00f6sisches Mineralwasser aus den Alpen &#8211; Mehrweg Glas &#8211; Kronkorken &#8211; Pfand \u0080 6,50 (\u0080 0,25\/Flasche)<\/p>\n","protected":false},"featured_media":1972,"comment_status":"open","ping_status":"closed","template":"","meta":[],"product_cat":[56],"product_tag":[],"yoast_head":"<!-- This site is optimized with the Yoast SEO plugin v19.14 - https:\/\/yoast.com\/wordpress\/plugins\/seo\/ -->\n<title>Evian Mineralwasser GLASFLASCHE - 20\/0,50 (+ EUR 6,50 Pfand) - Getr\u00e4nke Schl\u00fcter Onlineshop<\/title>\n<meta name=\"robots\" content=\"noindex, follow, max-snippet:-1, max-image-preview:large, max-video-preview:-1\" \/>\n<meta property=\"og:locale\" content=\"de_DE\" \/>\n<meta property=\"og:type\" content=\"article\" \/>\n<meta property=\"og:title\" content=\"Evian Mineralwasser GLASFLASCHE - 20\/0,50 (+ EUR 6,50 Pfand) - Getr\u00e4nke Schl\u00fcter Onlineshop\" \/>\n<meta property=\"og:description\" content=\"20\/0,50 - Evian ohne Kohlens\u00e4ure (still\/naturell) - Franz\u00f6sisches Mineralwasser aus den Alpen - Mehrweg Glas - Kronkorken - Pfand \u0080 6,50 (\u0080 0,25\/Flasche)\" \/>\n<meta property=\"og:url\" content=\"https:\/\/shop.merolution.de\/index.php\/product\/evian-mineralwasser-glasflasche-20-050-eur-650-pfand\/\" \/>\n<meta property=\"og:site_name\" content=\"Getr\u00e4nke Schl\u00fcter Onlineshop\" \/>\n<meta property=\"og:image\" content=\"https:\/\/shop.merolution.de\/wp-content\/uploads\/2020\/05\/image56fd80072bb5a-md6prev-aid-1535s.jpg\" \/>\n\t<meta property=\"og:image:width\" content=\"150\" \/>\n\t<meta property=\"og:image:height\" content=\"122\" \/>\n\t<meta property=\"og:image:type\" content=\"image\/jpeg\" \/>\n<meta name=\"twitter:card\" content=\"summary_large_image\" \/>\n<script type=\"application\/ld+json\" class=\"yoast-schema-graph\">{\"@context\":\"https:\/\/schema.org\",\"@graph\":[{\"@type\":\"WebPage\",\"@id\":\"https:\/\/shop.merolution.de\/index.php\/product\/evian-mineralwasser-glasflasche-20-050-eur-650-pfand\/\",\"url\":\"https:\/\/shop.merolution.de\/index.php\/product\/evian-mineralwasser-glasflasche-20-050-eur-650-pfand\/\",\"name\":\"Evian Mineralwasser GLASFLASCHE - 20\/0,50 (+ EUR 6,50 Pfand) - Getr\u00e4nke Schl\u00fcter Onlineshop\",\"isPartOf\":{\"@id\":\"https:\/\/shop.merolution.de\/#website\"},\"datePublished\":\"2020-05-28T09:58:22+00:00\",\"dateModified\":\"2020-05-28T09:58:22+00:00\",\"breadcrumb\":{\"@id\":\"https:\/\/shop.merolution.de\/index.php\/product\/evian-mineralwasser-glasflasche-20-050-eur-650-pfand\/#breadcrumb\"},\"inLanguage\":\"de\",\"potentialAction\":[{\"@type\":\"ReadAction\",\"target\":[\"https:\/\/shop.merolution.de\/index.php\/product\/evian-mineralwasser-glasflasche-20-050-eur-650-pfand\/\"]}]},{\"@type\":\"BreadcrumbList\",\"@id\":\"https:\/\/shop.merolution.de\/index.php\/product\/evian-mineralwasser-glasflasche-20-050-eur-650-pfand\/#breadcrumb\",\"itemListElement\":[{\"@type\":\"ListItem\",\"position\":1,\"name\":\"Home\",\"item\":\"https:\/\/shop.merolution.de\/\"},{\"@type\":\"ListItem\",\"position\":2,\"name\":\"Shop\",\"item\":\"https:\/\/shop.merolution.de\/\"},{\"@type\":\"ListItem\",\"position\":3,\"name\":\"Evian Mineralwasser GLASFLASCHE &#8211; 20\/0,50 (+ EUR 6,50 Pfand)\"}]},{\"@type\":\"WebSite\",\"@id\":\"https:\/\/shop.merolution.de\/#website\",\"url\":\"https:\/\/shop.merolution.de\/\",\"name\":\"Getr\u00e4nke Schl\u00fcter Onlineshop\",\"description\":\"Ihr Getr\u00e4nke-Partner in Hannover\",\"potentialAction\":[{\"@type\":\"SearchAction\",\"target\":{\"@type\":\"EntryPoint\",\"urlTemplate\":\"https:\/\/shop.merolution.de\/?s={search_term_string}\"},\"query-input\":\"required name=search_term_string\"}],\"inLanguage\":\"de\"}]}<\/script>\n<!-- \/ Yoast SEO plugin. -->","yoast_head_json":{"title":"Evian Mineralwasser GLASFLASCHE - 20\/0,50 (+ EUR 6,50 Pfand) - Getr\u00e4nke Schl\u00fcter Onlineshop","robots":{"index":"noindex","follow":"follow","max-snippet":"max-snippet:-1","max-image-preview":"max-image-preview:large","max-video-preview":"max-video-preview:-1"},"og_locale":"de_DE","og_type":"article","og_title":"Evian Mineralwasser GLASFLASCHE - 20\/0,50 (+ EUR 6,50 Pfand) - Getr\u00e4nke Schl\u00fcter Onlineshop","og_description":"20\/0,50 - Evian ohne Kohlens\u00e4ure (still\/naturell) - Franz\u00f6sisches Mineralwasser aus den Alpen - Mehrweg Glas - Kronkorken - Pfand \u0080 6,50 (\u0080 0,25\/Flasche)","og_url":"https:\/\/shop.merolution.de\/index.php\/product\/evian-mineralwasser-glasflasche-20-050-eur-650-pfand\/","og_site_name":"Getr\u00e4nke Schl\u00fcter Onlineshop","og_image":[{"width":150,"height":122,"url":"https:\/\/shop.merolution.de\/wp-content\/uploads\/2020\/05\/image56fd80072bb5a-md6prev-aid-1535s.jpg","type":"image\/jpeg"}],"twitter_card":"summary_large_image","schema":{"@context":"https:\/\/schema.org","@graph":[{"@type":"WebPage","@id":"https:\/\/shop.merolution.de\/index.php\/product\/evian-mineralwasser-glasflasche-20-050-eur-650-pfand\/","url":"https:\/\/shop.merolution.de\/index.php\/product\/evian-mineralwasser-glasflasche-20-050-eur-650-pfand\/","name":"Evian Mineralwasser GLASFLASCHE - 20\/0,50 (+ EUR 6,50 Pfand) - Getr\u00e4nke Schl\u00fcter Onlineshop","isPartOf":{"@id":"https:\/\/shop.merolution.de\/#website"},"datePublished":"2020-05-28T09:58:22+00:00","dateModified":"2020-05-28T09:58:22+00:00","breadcrumb":{"@id":"https:\/\/shop.merolution.de\/index.php\/product\/evian-mineralwasser-glasflasche-20-050-eur-650-pfand\/#breadcrumb"},"inLanguage":"de","potentialAction":[{"@type":"ReadAction","target":["https:\/\/shop.merolution.de\/index.php\/product\/evian-mineralwasser-glasflasche-20-050-eur-650-pfand\/"]}]},{"@type":"BreadcrumbList","@id":"https:\/\/shop.merolution.de\/index.php\/product\/evian-mineralwasser-glasflasche-20-050-eur-650-pfand\/#breadcrumb","itemListElement":[{"@type":"ListItem","position":1,"name":"Home","item":"https:\/\/shop.merolution.de\/"},{"@type":"ListItem","position":2,"name":"Shop","item":"https:\/\/shop.merolution.de\/"},{"@type":"ListItem","position":3,"name":"Evian Mineralwasser GLASFLASCHE &#8211; 20\/0,50 (+ EUR 6,50 Pfand)"}]},{"@type":"WebSite","@id":"https:\/\/shop.merolution.de\/#website","url":"https:\/\/shop.merolution.de\/","name":"Getr\u00e4nke Schl\u00fcter Onlineshop","description":"Ihr Getr\u00e4nke-Partner in Hannover","potentialAction":[{"@type":"SearchAction","target":{"@type":"EntryPoint","urlTemplate":"https:\/\/shop.merolution.de\/?s={search_term_string}"},"query-input":"required name=search_term_string"}],"inLanguage":"de"}]}},"_links":{"self":[{"href":"https:\/\/shop.merolution.de\/index.php\/wp-json\/wp\/v2\/product\/1971"}],"collection":[{"href":"https:\/\/shop.merolution.de\/index.php\/wp-json\/wp\/v2\/product"}],"about":[{"href":"https:\/\/shop.merolution.de\/index.php\/wp-json\/wp\/v2\/types\/product"}],"replies":[{"embeddable":true,"href":"https:\/\/shop.merolution.de\/index.php\/wp-json\/wp\/v2\/comments?post=1971"}],"wp:featuredmedia":[{"embeddable":true,"href":"https:\/\/shop.merolution.de\/index.php\/wp-json\/wp\/v2\/media\/1972"}],"wp:attachment":[{"href":"https:\/\/shop.merolution.de\/index.php\/wp-json\/wp\/v2\/media?parent=1971"}],"wp:term":[{"taxonomy":"product_cat","embeddable":true,"href":"https:\/\/shop.merolution.de\/index.php\/wp-json\/wp\/v2\/product_cat?post=1971"},{"taxonomy":"product_tag","embeddable":true,"href":"https:\/\/shop.merolution.de\/index.php\/wp-json\/wp\/v2\/product_tag?post=1971"}],"curies":[{"name":"wp","href":"https:\/\/api.w.org\/{rel}","templated":true}]}}