{"id":2005,"date":"2020-05-28T09:58:27","date_gmt":"2020-05-28T09:58:27","guid":{"rendered":"https:\/\/shop.merolution.de\/index.php\/product\/rogaska-heilwasser\/"},"modified":"2020-05-28T09:58:27","modified_gmt":"2020-05-28T09:58:27","slug":"rogaska-heilwasser","status":"publish","type":"product","link":"https:\/\/shop.merolution.de\/index.php\/product\/rogaska-heilwasser\/","title":{"rendered":"Rogaska Heilwasser"},"content":{"rendered":"<p>06\/1,00 &#8211; Heilwasser (Fertig-Arzneimittel) &#8211; Glas Mehrweg &#8211; \u0080 2,40 Pfand &#8211; Fertigarzneimittel Rogaska Heilwasser aus der Donatquelle ist ein Fertig-Arzneimittel mit der Zulassungsnummer 6326643.00.00. Anwendungsgebiete:- Vorbeugung und Behandlung von Magnesiummangelzust\u00e4nden,- zur F\u00f6rderung der Funktion des Magens.Gegenanzeigen:- St\u00f6rungen im S\u00e4uren-\/Basenhaushalt (Alkalose),- Neigung zu Infektsteinen und Infektion der Harnwege mit E-coli,- schwere Erkrankungen der Atemwege (Ventilationsst\u00f6rungen).Wechselwirkungen:Die Aufnahme und Ausscheidung von Medikamenten kann beeinflu\u00dft werden. Fragen Sie Ihren Arzt oder \u00c4rztin.Dosierungsanleitung und Art der Anwendung:Die Anwendung soll in einer Dosierung von 300 ml pro Tag erfolgen, die in Trinkportionen von dreimal 100 ml jeweils zu den Mahlzeiten eingenommen werden sollen.\u00dcberdosierung:Versehentliche oder beabsichtigte \u00dcberdosierung kann zu (erw\u00fcnschtem) Durchfall f\u00fchren (Informationen \u00fcbernommen vom Hersteller).<\/p>\n","protected":false},"excerpt":{"rendered":"<p>06\/1,00 &#8211; Heilwasser (Fertig-Arzneimittel) &#8211; Glas Mehrweg &#8211; \u0080 2,40 Pfand &#8211;<\/p>\n","protected":false},"featured_media":2006,"comment_status":"open","ping_status":"closed","template":"","meta":[],"product_cat":[57],"product_tag":[],"yoast_head":"<!-- This site is optimized with the Yoast SEO plugin v19.14 - https:\/\/yoast.com\/wordpress\/plugins\/seo\/ -->\n<title>Rogaska Heilwasser - Getr\u00e4nke Schl\u00fcter Onlineshop<\/title>\n<meta name=\"robots\" content=\"noindex, follow, max-snippet:-1, max-image-preview:large, max-video-preview:-1\" \/>\n<meta property=\"og:locale\" content=\"de_DE\" \/>\n<meta property=\"og:type\" content=\"article\" \/>\n<meta property=\"og:title\" content=\"Rogaska Heilwasser - Getr\u00e4nke Schl\u00fcter Onlineshop\" \/>\n<meta property=\"og:description\" content=\"06\/1,00 - Heilwasser (Fertig-Arzneimittel) - Glas Mehrweg - \u0080 2,40 Pfand -\" \/>\n<meta property=\"og:url\" content=\"https:\/\/shop.merolution.de\/index.php\/product\/rogaska-heilwasser\/\" \/>\n<meta property=\"og:site_name\" content=\"Getr\u00e4nke Schl\u00fcter Onlineshop\" \/>\n<meta property=\"og:image\" content=\"https:\/\/shop.merolution.de\/wp-content\/uploads\/2020\/05\/rogaska_heilwasser_1l_600x6002x.jpg\" \/>\n\t<meta property=\"og:image:width\" content=\"150\" \/>\n\t<meta property=\"og:image:height\" content=\"150\" \/>\n\t<meta property=\"og:image:type\" content=\"image\/jpeg\" \/>\n<meta name=\"twitter:card\" content=\"summary_large_image\" \/>\n<meta name=\"twitter:label1\" content=\"Gesch\u00e4tzte Lesezeit\" \/>\n\t<meta name=\"twitter:data1\" content=\"1\u00a0Minute\" \/>\n<script type=\"application\/ld+json\" class=\"yoast-schema-graph\">{\"@context\":\"https:\/\/schema.org\",\"@graph\":[{\"@type\":\"WebPage\",\"@id\":\"https:\/\/shop.merolution.de\/index.php\/product\/rogaska-heilwasser\/\",\"url\":\"https:\/\/shop.merolution.de\/index.php\/product\/rogaska-heilwasser\/\",\"name\":\"Rogaska Heilwasser - Getr\u00e4nke Schl\u00fcter Onlineshop\",\"isPartOf\":{\"@id\":\"https:\/\/shop.merolution.de\/#website\"},\"datePublished\":\"2020-05-28T09:58:27+00:00\",\"dateModified\":\"2020-05-28T09:58:27+00:00\",\"breadcrumb\":{\"@id\":\"https:\/\/shop.merolution.de\/index.php\/product\/rogaska-heilwasser\/#breadcrumb\"},\"inLanguage\":\"de\",\"potentialAction\":[{\"@type\":\"ReadAction\",\"target\":[\"https:\/\/shop.merolution.de\/index.php\/product\/rogaska-heilwasser\/\"]}]},{\"@type\":\"BreadcrumbList\",\"@id\":\"https:\/\/shop.merolution.de\/index.php\/product\/rogaska-heilwasser\/#breadcrumb\",\"itemListElement\":[{\"@type\":\"ListItem\",\"position\":1,\"name\":\"Home\",\"item\":\"https:\/\/shop.merolution.de\/\"},{\"@type\":\"ListItem\",\"position\":2,\"name\":\"Shop\",\"item\":\"https:\/\/shop.merolution.de\/\"},{\"@type\":\"ListItem\",\"position\":3,\"name\":\"Rogaska Heilwasser\"}]},{\"@type\":\"WebSite\",\"@id\":\"https:\/\/shop.merolution.de\/#website\",\"url\":\"https:\/\/shop.merolution.de\/\",\"name\":\"Getr\u00e4nke Schl\u00fcter Onlineshop\",\"description\":\"Ihr Getr\u00e4nke-Partner in Hannover\",\"potentialAction\":[{\"@type\":\"SearchAction\",\"target\":{\"@type\":\"EntryPoint\",\"urlTemplate\":\"https:\/\/shop.merolution.de\/?s={search_term_string}\"},\"query-input\":\"required name=search_term_string\"}],\"inLanguage\":\"de\"}]}<\/script>\n<!-- \/ Yoast SEO plugin. -->","yoast_head_json":{"title":"Rogaska Heilwasser - Getr\u00e4nke Schl\u00fcter Onlineshop","robots":{"index":"noindex","follow":"follow","max-snippet":"max-snippet:-1","max-image-preview":"max-image-preview:large","max-video-preview":"max-video-preview:-1"},"og_locale":"de_DE","og_type":"article","og_title":"Rogaska Heilwasser - Getr\u00e4nke Schl\u00fcter Onlineshop","og_description":"06\/1,00 - Heilwasser (Fertig-Arzneimittel) - Glas Mehrweg - \u0080 2,40 Pfand -","og_url":"https:\/\/shop.merolution.de\/index.php\/product\/rogaska-heilwasser\/","og_site_name":"Getr\u00e4nke Schl\u00fcter Onlineshop","og_image":[{"width":150,"height":150,"url":"https:\/\/shop.merolution.de\/wp-content\/uploads\/2020\/05\/rogaska_heilwasser_1l_600x6002x.jpg","type":"image\/jpeg"}],"twitter_card":"summary_large_image","twitter_misc":{"Gesch\u00e4tzte Lesezeit":"1\u00a0Minute"},"schema":{"@context":"https:\/\/schema.org","@graph":[{"@type":"WebPage","@id":"https:\/\/shop.merolution.de\/index.php\/product\/rogaska-heilwasser\/","url":"https:\/\/shop.merolution.de\/index.php\/product\/rogaska-heilwasser\/","name":"Rogaska Heilwasser - Getr\u00e4nke Schl\u00fcter Onlineshop","isPartOf":{"@id":"https:\/\/shop.merolution.de\/#website"},"datePublished":"2020-05-28T09:58:27+00:00","dateModified":"2020-05-28T09:58:27+00:00","breadcrumb":{"@id":"https:\/\/shop.merolution.de\/index.php\/product\/rogaska-heilwasser\/#breadcrumb"},"inLanguage":"de","potentialAction":[{"@type":"ReadAction","target":["https:\/\/shop.merolution.de\/index.php\/product\/rogaska-heilwasser\/"]}]},{"@type":"BreadcrumbList","@id":"https:\/\/shop.merolution.de\/index.php\/product\/rogaska-heilwasser\/#breadcrumb","itemListElement":[{"@type":"ListItem","position":1,"name":"Home","item":"https:\/\/shop.merolution.de\/"},{"@type":"ListItem","position":2,"name":"Shop","item":"https:\/\/shop.merolution.de\/"},{"@type":"ListItem","position":3,"name":"Rogaska Heilwasser"}]},{"@type":"WebSite","@id":"https:\/\/shop.merolution.de\/#website","url":"https:\/\/shop.merolution.de\/","name":"Getr\u00e4nke Schl\u00fcter Onlineshop","description":"Ihr Getr\u00e4nke-Partner in Hannover","potentialAction":[{"@type":"SearchAction","target":{"@type":"EntryPoint","urlTemplate":"https:\/\/shop.merolution.de\/?s={search_term_string}"},"query-input":"required name=search_term_string"}],"inLanguage":"de"}]}},"_links":{"self":[{"href":"https:\/\/shop.merolution.de\/index.php\/wp-json\/wp\/v2\/product\/2005"}],"collection":[{"href":"https:\/\/shop.merolution.de\/index.php\/wp-json\/wp\/v2\/product"}],"about":[{"href":"https:\/\/shop.merolution.de\/index.php\/wp-json\/wp\/v2\/types\/product"}],"replies":[{"embeddable":true,"href":"https:\/\/shop.merolution.de\/index.php\/wp-json\/wp\/v2\/comments?post=2005"}],"wp:featuredmedia":[{"embeddable":true,"href":"https:\/\/shop.merolution.de\/index.php\/wp-json\/wp\/v2\/media\/2006"}],"wp:attachment":[{"href":"https:\/\/shop.merolution.de\/index.php\/wp-json\/wp\/v2\/media?parent=2005"}],"wp:term":[{"taxonomy":"product_cat","embeddable":true,"href":"https:\/\/shop.merolution.de\/index.php\/wp-json\/wp\/v2\/product_cat?post=2005"},{"taxonomy":"product_tag","embeddable":true,"href":"https:\/\/shop.merolution.de\/index.php\/wp-json\/wp\/v2\/product_tag?post=2005"}],"curies":[{"name":"wp","href":"https:\/\/api.w.org\/{rel}","templated":true}]}}