{"id":2009,"date":"2020-05-28T09:58:28","date_gmt":"2020-05-28T09:58:28","guid":{"rendered":"https:\/\/shop.merolution.de\/index.php\/product\/lauretana-wasser-still-6-100\/"},"modified":"2020-05-28T09:58:28","modified_gmt":"2020-05-28T09:58:28","slug":"lauretana-wasser-still-6-100","status":"publish","type":"product","link":"https:\/\/shop.merolution.de\/index.php\/product\/lauretana-wasser-still-6-100\/","title":{"rendered":"Lauretana Wasser still &#8211; 6\/1,00"},"content":{"rendered":"<p>06\/1,00 &#8211; Nat\u00fcrliches Mineralwasser (das leichteste Wasser Europas) ohne Kohlens\u00e4ure (still, naturell) &#8211; Glas Mehrweg &#8211; Schraubverschluss &#8211; \u0080 2,40 Pfand Die Lauretana-Quelle liegt in \u00fcber 4600 Meter H\u00f6he, an der Grenze zwischen der Schweiz und Italien. Das fl\u00fcssig gewordene Gletscherwasser dringt in den Stein und \u00fcberwindet eine Strecke von \u00fcber 30 Kilometern, bevor es auf 1050 Metern im kleinen \u00d6rtchen Graglia\/Piemont als artesische Quelle zutage tritt. Dem LAURETANA-Wasser wird eine besonders entschlackende Wirkung zugesprochen. Von allen Quell- und Mineralw\u00e4ssern in Europa enth\u00e4lt LAURETANA den geringsten Mineralstoffgehalt von nur 14 Milligramm pro Liter. Studien haben bewiesen, dass LAURETANA die Nieren diuretisch anregt und wegen seiner geringen Mineralisierung f\u00fcr S\u00e4uglinge bestens geeignet ist.<\/p>\n","protected":false},"excerpt":{"rendered":"<p>06\/1,00 &#8211; Nat\u00fcrliches Mineralwasser (das leichteste Wasser Europas) ohne Kohlens\u00e4ure (still, naturell) &#8211; Glas Mehrweg &#8211; Schraubverschluss &#8211; \u0080 2,40 Pfand<\/p>\n","protected":false},"featured_media":2010,"comment_status":"open","ping_status":"closed","template":"","meta":[],"product_cat":[58],"product_tag":[],"yoast_head":"<!-- This site is optimized with the Yoast SEO plugin v19.14 - https:\/\/yoast.com\/wordpress\/plugins\/seo\/ -->\n<title>Lauretana Wasser still - 6\/1,00 - Getr\u00e4nke Schl\u00fcter Onlineshop<\/title>\n<meta name=\"robots\" content=\"noindex, follow, max-snippet:-1, max-image-preview:large, max-video-preview:-1\" \/>\n<meta property=\"og:locale\" content=\"de_DE\" \/>\n<meta property=\"og:type\" content=\"article\" \/>\n<meta property=\"og:title\" content=\"Lauretana Wasser still - 6\/1,00 - Getr\u00e4nke Schl\u00fcter Onlineshop\" \/>\n<meta property=\"og:description\" content=\"06\/1,00 - Nat\u00fcrliches Mineralwasser (das leichteste Wasser Europas) ohne Kohlens\u00e4ure (still, naturell) - Glas Mehrweg - Schraubverschluss - \u0080 2,40 Pfand\" \/>\n<meta property=\"og:url\" content=\"https:\/\/shop.merolution.de\/index.php\/product\/lauretana-wasser-still-6-100\/\" \/>\n<meta property=\"og:site_name\" content=\"Getr\u00e4nke Schl\u00fcter Onlineshop\" \/>\n<meta property=\"og:image\" content=\"https:\/\/shop.merolution.de\/wp-content\/uploads\/2020\/05\/lau-wasserkiste6-210.jpg\" \/>\n\t<meta property=\"og:image:width\" content=\"150\" \/>\n\t<meta property=\"og:image:height\" content=\"210\" \/>\n\t<meta property=\"og:image:type\" content=\"image\/jpeg\" \/>\n<meta name=\"twitter:card\" content=\"summary_large_image\" \/>\n<meta name=\"twitter:label1\" content=\"Gesch\u00e4tzte Lesezeit\" \/>\n\t<meta name=\"twitter:data1\" content=\"1\u00a0Minute\" \/>\n<script type=\"application\/ld+json\" class=\"yoast-schema-graph\">{\"@context\":\"https:\/\/schema.org\",\"@graph\":[{\"@type\":\"WebPage\",\"@id\":\"https:\/\/shop.merolution.de\/index.php\/product\/lauretana-wasser-still-6-100\/\",\"url\":\"https:\/\/shop.merolution.de\/index.php\/product\/lauretana-wasser-still-6-100\/\",\"name\":\"Lauretana Wasser still - 6\/1,00 - Getr\u00e4nke Schl\u00fcter Onlineshop\",\"isPartOf\":{\"@id\":\"https:\/\/shop.merolution.de\/#website\"},\"datePublished\":\"2020-05-28T09:58:28+00:00\",\"dateModified\":\"2020-05-28T09:58:28+00:00\",\"breadcrumb\":{\"@id\":\"https:\/\/shop.merolution.de\/index.php\/product\/lauretana-wasser-still-6-100\/#breadcrumb\"},\"inLanguage\":\"de\",\"potentialAction\":[{\"@type\":\"ReadAction\",\"target\":[\"https:\/\/shop.merolution.de\/index.php\/product\/lauretana-wasser-still-6-100\/\"]}]},{\"@type\":\"BreadcrumbList\",\"@id\":\"https:\/\/shop.merolution.de\/index.php\/product\/lauretana-wasser-still-6-100\/#breadcrumb\",\"itemListElement\":[{\"@type\":\"ListItem\",\"position\":1,\"name\":\"Home\",\"item\":\"https:\/\/shop.merolution.de\/\"},{\"@type\":\"ListItem\",\"position\":2,\"name\":\"Shop\",\"item\":\"https:\/\/shop.merolution.de\/\"},{\"@type\":\"ListItem\",\"position\":3,\"name\":\"Lauretana Wasser still &#8211; 6\/1,00\"}]},{\"@type\":\"WebSite\",\"@id\":\"https:\/\/shop.merolution.de\/#website\",\"url\":\"https:\/\/shop.merolution.de\/\",\"name\":\"Getr\u00e4nke Schl\u00fcter Onlineshop\",\"description\":\"Ihr Getr\u00e4nke-Partner in Hannover\",\"potentialAction\":[{\"@type\":\"SearchAction\",\"target\":{\"@type\":\"EntryPoint\",\"urlTemplate\":\"https:\/\/shop.merolution.de\/?s={search_term_string}\"},\"query-input\":\"required name=search_term_string\"}],\"inLanguage\":\"de\"}]}<\/script>\n<!-- \/ Yoast SEO plugin. -->","yoast_head_json":{"title":"Lauretana Wasser still - 6\/1,00 - Getr\u00e4nke Schl\u00fcter Onlineshop","robots":{"index":"noindex","follow":"follow","max-snippet":"max-snippet:-1","max-image-preview":"max-image-preview:large","max-video-preview":"max-video-preview:-1"},"og_locale":"de_DE","og_type":"article","og_title":"Lauretana Wasser still - 6\/1,00 - Getr\u00e4nke Schl\u00fcter Onlineshop","og_description":"06\/1,00 - Nat\u00fcrliches Mineralwasser (das leichteste Wasser Europas) ohne Kohlens\u00e4ure (still, naturell) - Glas Mehrweg - Schraubverschluss - \u0080 2,40 Pfand","og_url":"https:\/\/shop.merolution.de\/index.php\/product\/lauretana-wasser-still-6-100\/","og_site_name":"Getr\u00e4nke Schl\u00fcter Onlineshop","og_image":[{"width":150,"height":210,"url":"https:\/\/shop.merolution.de\/wp-content\/uploads\/2020\/05\/lau-wasserkiste6-210.jpg","type":"image\/jpeg"}],"twitter_card":"summary_large_image","twitter_misc":{"Gesch\u00e4tzte Lesezeit":"1\u00a0Minute"},"schema":{"@context":"https:\/\/schema.org","@graph":[{"@type":"WebPage","@id":"https:\/\/shop.merolution.de\/index.php\/product\/lauretana-wasser-still-6-100\/","url":"https:\/\/shop.merolution.de\/index.php\/product\/lauretana-wasser-still-6-100\/","name":"Lauretana Wasser still - 6\/1,00 - Getr\u00e4nke Schl\u00fcter Onlineshop","isPartOf":{"@id":"https:\/\/shop.merolution.de\/#website"},"datePublished":"2020-05-28T09:58:28+00:00","dateModified":"2020-05-28T09:58:28+00:00","breadcrumb":{"@id":"https:\/\/shop.merolution.de\/index.php\/product\/lauretana-wasser-still-6-100\/#breadcrumb"},"inLanguage":"de","potentialAction":[{"@type":"ReadAction","target":["https:\/\/shop.merolution.de\/index.php\/product\/lauretana-wasser-still-6-100\/"]}]},{"@type":"BreadcrumbList","@id":"https:\/\/shop.merolution.de\/index.php\/product\/lauretana-wasser-still-6-100\/#breadcrumb","itemListElement":[{"@type":"ListItem","position":1,"name":"Home","item":"https:\/\/shop.merolution.de\/"},{"@type":"ListItem","position":2,"name":"Shop","item":"https:\/\/shop.merolution.de\/"},{"@type":"ListItem","position":3,"name":"Lauretana Wasser still &#8211; 6\/1,00"}]},{"@type":"WebSite","@id":"https:\/\/shop.merolution.de\/#website","url":"https:\/\/shop.merolution.de\/","name":"Getr\u00e4nke Schl\u00fcter Onlineshop","description":"Ihr Getr\u00e4nke-Partner in Hannover","potentialAction":[{"@type":"SearchAction","target":{"@type":"EntryPoint","urlTemplate":"https:\/\/shop.merolution.de\/?s={search_term_string}"},"query-input":"required name=search_term_string"}],"inLanguage":"de"}]}},"_links":{"self":[{"href":"https:\/\/shop.merolution.de\/index.php\/wp-json\/wp\/v2\/product\/2009"}],"collection":[{"href":"https:\/\/shop.merolution.de\/index.php\/wp-json\/wp\/v2\/product"}],"about":[{"href":"https:\/\/shop.merolution.de\/index.php\/wp-json\/wp\/v2\/types\/product"}],"replies":[{"embeddable":true,"href":"https:\/\/shop.merolution.de\/index.php\/wp-json\/wp\/v2\/comments?post=2009"}],"wp:featuredmedia":[{"embeddable":true,"href":"https:\/\/shop.merolution.de\/index.php\/wp-json\/wp\/v2\/media\/2010"}],"wp:attachment":[{"href":"https:\/\/shop.merolution.de\/index.php\/wp-json\/wp\/v2\/media?parent=2009"}],"wp:term":[{"taxonomy":"product_cat","embeddable":true,"href":"https:\/\/shop.merolution.de\/index.php\/wp-json\/wp\/v2\/product_cat?post=2009"},{"taxonomy":"product_tag","embeddable":true,"href":"https:\/\/shop.merolution.de\/index.php\/wp-json\/wp\/v2\/product_tag?post=2009"}],"curies":[{"name":"wp","href":"https:\/\/api.w.org\/{rel}","templated":true}]}}