{"id":2029,"date":"2020-05-28T09:58:30","date_gmt":"2020-05-28T09:58:30","guid":{"rendered":"https:\/\/shop.merolution.de\/index.php\/product\/san-pellegrino-suprema-100-6er-glas-06-100\/"},"modified":"2020-05-28T09:58:30","modified_gmt":"2020-05-28T09:58:30","slug":"san-pellegrino-suprema-100-6er-glas-06-100","status":"publish","type":"product","link":"https:\/\/shop.merolution.de\/index.php\/product\/san-pellegrino-suprema-100-6er-glas-06-100\/","title":{"rendered":"San Pellegrino Suprema 1,00 6er Glas &#8211; 06\/1,00"},"content":{"rendered":"<p>06\/1,00 &#8211; Die Reise dauert 30 Jahre von San Pellegrino durch die Alpen Auf diesem Weg wird das Wasser durch den Kontakt mit unterirdischen Gesteinsschichten nat\u00fcrlich mit Mineralsalzen und Spurenelementen wie Kalzium und Magnesium angereichert. Sein charakteristisches Sprudeln und seine \u0084Perlage\u0093 erh\u00e4lt San Pellegrino schlie\u00dflich durch die Zugabe nat\u00fcrlicher Kohlens\u00e4ure. Das perfekt ausbalancierte CO-2 schenkt dem Wasser eine feine S\u00e4ure, die den angenehmen Geschmack und Geruch akzentuiert. Dies und die leicht bittere Note im Abgang verleiht dem nun sprudelnden Wasser seinen besonderen Charakter, der San Pellegrino \u00fcberall auf der Welt bekannt und unverwechselbar macht<\/p>\n","protected":false},"excerpt":{"rendered":"<p>06\/1,00 &#8211; Mineralwasser aus San Pellegrino (n\u00f6rdlich von Bergamo in den Ausl\u00e4ufern der italienischen Alpen) mit feiner Kohlens\u00e4ure &#8211; Glas Mehrweg &#8211; handliche Kiste &#8211; Schraubverschluss &#8211; Pfand: \u0080 2,40<\/p>\n","protected":false},"featured_media":2030,"comment_status":"open","ping_status":"closed","template":"","meta":[],"product_cat":[58],"product_tag":[],"yoast_head":"<!-- This site is optimized with the Yoast SEO plugin v19.14 - https:\/\/yoast.com\/wordpress\/plugins\/seo\/ -->\n<title>San Pellegrino Suprema 1,00 6er Glas - 06\/1,00 - Getr\u00e4nke Schl\u00fcter Onlineshop<\/title>\n<meta name=\"robots\" content=\"noindex, follow, max-snippet:-1, max-image-preview:large, max-video-preview:-1\" \/>\n<meta property=\"og:locale\" content=\"de_DE\" \/>\n<meta property=\"og:type\" content=\"article\" \/>\n<meta property=\"og:title\" content=\"San Pellegrino Suprema 1,00 6er Glas - 06\/1,00 - Getr\u00e4nke Schl\u00fcter Onlineshop\" \/>\n<meta property=\"og:description\" content=\"06\/1,00 - Mineralwasser aus San Pellegrino (n\u00f6rdlich von Bergamo in den Ausl\u00e4ufern der italienischen Alpen) mit feiner Kohlens\u00e4ure - Glas Mehrweg - handliche Kiste - Schraubverschluss - Pfand: \u0080 2,40\" \/>\n<meta property=\"og:url\" content=\"https:\/\/shop.merolution.de\/index.php\/product\/san-pellegrino-suprema-100-6er-glas-06-100\/\" \/>\n<meta property=\"og:site_name\" content=\"Getr\u00e4nke Schl\u00fcter Onlineshop\" \/>\n<meta property=\"og:image\" content=\"https:\/\/shop.merolution.de\/wp-content\/uploads\/2020\/05\/san-pellegrino-suprema-kiste.jpg\" \/>\n\t<meta property=\"og:image:width\" content=\"150\" \/>\n\t<meta property=\"og:image:height\" content=\"150\" \/>\n\t<meta property=\"og:image:type\" content=\"image\/jpeg\" \/>\n<meta name=\"twitter:card\" content=\"summary_large_image\" \/>\n<script type=\"application\/ld+json\" class=\"yoast-schema-graph\">{\"@context\":\"https:\/\/schema.org\",\"@graph\":[{\"@type\":\"WebPage\",\"@id\":\"https:\/\/shop.merolution.de\/index.php\/product\/san-pellegrino-suprema-100-6er-glas-06-100\/\",\"url\":\"https:\/\/shop.merolution.de\/index.php\/product\/san-pellegrino-suprema-100-6er-glas-06-100\/\",\"name\":\"San Pellegrino Suprema 1,00 6er Glas - 06\/1,00 - Getr\u00e4nke Schl\u00fcter Onlineshop\",\"isPartOf\":{\"@id\":\"https:\/\/shop.merolution.de\/#website\"},\"datePublished\":\"2020-05-28T09:58:30+00:00\",\"dateModified\":\"2020-05-28T09:58:30+00:00\",\"breadcrumb\":{\"@id\":\"https:\/\/shop.merolution.de\/index.php\/product\/san-pellegrino-suprema-100-6er-glas-06-100\/#breadcrumb\"},\"inLanguage\":\"de\",\"potentialAction\":[{\"@type\":\"ReadAction\",\"target\":[\"https:\/\/shop.merolution.de\/index.php\/product\/san-pellegrino-suprema-100-6er-glas-06-100\/\"]}]},{\"@type\":\"BreadcrumbList\",\"@id\":\"https:\/\/shop.merolution.de\/index.php\/product\/san-pellegrino-suprema-100-6er-glas-06-100\/#breadcrumb\",\"itemListElement\":[{\"@type\":\"ListItem\",\"position\":1,\"name\":\"Home\",\"item\":\"https:\/\/shop.merolution.de\/\"},{\"@type\":\"ListItem\",\"position\":2,\"name\":\"Shop\",\"item\":\"https:\/\/shop.merolution.de\/\"},{\"@type\":\"ListItem\",\"position\":3,\"name\":\"San Pellegrino Suprema 1,00 6er Glas &#8211; 06\/1,00\"}]},{\"@type\":\"WebSite\",\"@id\":\"https:\/\/shop.merolution.de\/#website\",\"url\":\"https:\/\/shop.merolution.de\/\",\"name\":\"Getr\u00e4nke Schl\u00fcter Onlineshop\",\"description\":\"Ihr Getr\u00e4nke-Partner in Hannover\",\"potentialAction\":[{\"@type\":\"SearchAction\",\"target\":{\"@type\":\"EntryPoint\",\"urlTemplate\":\"https:\/\/shop.merolution.de\/?s={search_term_string}\"},\"query-input\":\"required name=search_term_string\"}],\"inLanguage\":\"de\"}]}<\/script>\n<!-- \/ Yoast SEO plugin. -->","yoast_head_json":{"title":"San Pellegrino Suprema 1,00 6er Glas - 06\/1,00 - Getr\u00e4nke Schl\u00fcter Onlineshop","robots":{"index":"noindex","follow":"follow","max-snippet":"max-snippet:-1","max-image-preview":"max-image-preview:large","max-video-preview":"max-video-preview:-1"},"og_locale":"de_DE","og_type":"article","og_title":"San Pellegrino Suprema 1,00 6er Glas - 06\/1,00 - Getr\u00e4nke Schl\u00fcter Onlineshop","og_description":"06\/1,00 - Mineralwasser aus San Pellegrino (n\u00f6rdlich von Bergamo in den Ausl\u00e4ufern der italienischen Alpen) mit feiner Kohlens\u00e4ure - Glas Mehrweg - handliche Kiste - Schraubverschluss - Pfand: \u0080 2,40","og_url":"https:\/\/shop.merolution.de\/index.php\/product\/san-pellegrino-suprema-100-6er-glas-06-100\/","og_site_name":"Getr\u00e4nke Schl\u00fcter Onlineshop","og_image":[{"width":150,"height":150,"url":"https:\/\/shop.merolution.de\/wp-content\/uploads\/2020\/05\/san-pellegrino-suprema-kiste.jpg","type":"image\/jpeg"}],"twitter_card":"summary_large_image","schema":{"@context":"https:\/\/schema.org","@graph":[{"@type":"WebPage","@id":"https:\/\/shop.merolution.de\/index.php\/product\/san-pellegrino-suprema-100-6er-glas-06-100\/","url":"https:\/\/shop.merolution.de\/index.php\/product\/san-pellegrino-suprema-100-6er-glas-06-100\/","name":"San Pellegrino Suprema 1,00 6er Glas - 06\/1,00 - Getr\u00e4nke Schl\u00fcter Onlineshop","isPartOf":{"@id":"https:\/\/shop.merolution.de\/#website"},"datePublished":"2020-05-28T09:58:30+00:00","dateModified":"2020-05-28T09:58:30+00:00","breadcrumb":{"@id":"https:\/\/shop.merolution.de\/index.php\/product\/san-pellegrino-suprema-100-6er-glas-06-100\/#breadcrumb"},"inLanguage":"de","potentialAction":[{"@type":"ReadAction","target":["https:\/\/shop.merolution.de\/index.php\/product\/san-pellegrino-suprema-100-6er-glas-06-100\/"]}]},{"@type":"BreadcrumbList","@id":"https:\/\/shop.merolution.de\/index.php\/product\/san-pellegrino-suprema-100-6er-glas-06-100\/#breadcrumb","itemListElement":[{"@type":"ListItem","position":1,"name":"Home","item":"https:\/\/shop.merolution.de\/"},{"@type":"ListItem","position":2,"name":"Shop","item":"https:\/\/shop.merolution.de\/"},{"@type":"ListItem","position":3,"name":"San Pellegrino Suprema 1,00 6er Glas &#8211; 06\/1,00"}]},{"@type":"WebSite","@id":"https:\/\/shop.merolution.de\/#website","url":"https:\/\/shop.merolution.de\/","name":"Getr\u00e4nke Schl\u00fcter Onlineshop","description":"Ihr Getr\u00e4nke-Partner in Hannover","potentialAction":[{"@type":"SearchAction","target":{"@type":"EntryPoint","urlTemplate":"https:\/\/shop.merolution.de\/?s={search_term_string}"},"query-input":"required name=search_term_string"}],"inLanguage":"de"}]}},"_links":{"self":[{"href":"https:\/\/shop.merolution.de\/index.php\/wp-json\/wp\/v2\/product\/2029"}],"collection":[{"href":"https:\/\/shop.merolution.de\/index.php\/wp-json\/wp\/v2\/product"}],"about":[{"href":"https:\/\/shop.merolution.de\/index.php\/wp-json\/wp\/v2\/types\/product"}],"replies":[{"embeddable":true,"href":"https:\/\/shop.merolution.de\/index.php\/wp-json\/wp\/v2\/comments?post=2029"}],"wp:featuredmedia":[{"embeddable":true,"href":"https:\/\/shop.merolution.de\/index.php\/wp-json\/wp\/v2\/media\/2030"}],"wp:attachment":[{"href":"https:\/\/shop.merolution.de\/index.php\/wp-json\/wp\/v2\/media?parent=2029"}],"wp:term":[{"taxonomy":"product_cat","embeddable":true,"href":"https:\/\/shop.merolution.de\/index.php\/wp-json\/wp\/v2\/product_cat?post=2029"},{"taxonomy":"product_tag","embeddable":true,"href":"https:\/\/shop.merolution.de\/index.php\/wp-json\/wp\/v2\/product_tag?post=2029"}],"curies":[{"name":"wp","href":"https:\/\/api.w.org\/{rel}","templated":true}]}}