{"id":2037,"date":"2020-05-28T09:58:32","date_gmt":"2020-05-28T09:58:32","guid":{"rendered":"https:\/\/shop.merolution.de\/index.php\/product\/acqua-morelli-sparkling-12-075\/"},"modified":"2020-05-28T09:58:32","modified_gmt":"2020-05-28T09:58:32","slug":"acqua-morelli-sparkling-12-075","status":"publish","type":"product","link":"https:\/\/shop.merolution.de\/index.php\/product\/acqua-morelli-sparkling-12-075\/","title":{"rendered":"Acqua Morelli Sparkling ** &#8211; 12\/0,75"},"content":{"rendered":"<p>12\/0,75 &#8211; Acqua Morelli Sparkling aus Italien &#8211; Mineralwasser aus der Quelle Bauda in einem naturbelassenen Buchenwald in der N\u00e4he der Bergformationen von Ollano in der &#8222;Alpi Marittime&#8220; in der Region Ligurien. Das hier gewonnene ACQUA MORELLI ben\u00f6tigt gut 75 Jahre, bis es durch die vielz\u00e4hligen Gesteinsschichten ans Tageslicht sprudelt. Erst 1.000 Meter \u00fcber dem Meeresspiegel offenbart sich dann der einmalige Charakter des Premium-Mineralwassers \u0096 urspr\u00fcnglich, frisch und von einer ganz besonderen Reinheit &#8211; Glas Gourmetflasche &#8211; Pfand \u0080 3,30 &#8211;<\/p>\n","protected":false},"excerpt":{"rendered":"<p>12\/0,75 &#8211; Acqua Morelli Sparkling &#8211; Mineralwasser mit Kohlens\u00e4ure &#8211; Gourmetflasche &#8211; Pfand \u0080 3,30<\/p>\n","protected":false},"featured_media":2038,"comment_status":"open","ping_status":"closed","template":"","meta":[],"product_cat":[58],"product_tag":[],"yoast_head":"<!-- This site is optimized with the Yoast SEO plugin v19.14 - https:\/\/yoast.com\/wordpress\/plugins\/seo\/ -->\n<title>Acqua Morelli Sparkling ** - 12\/0,75 - Getr\u00e4nke Schl\u00fcter Onlineshop<\/title>\n<meta name=\"robots\" content=\"noindex, follow, max-snippet:-1, max-image-preview:large, max-video-preview:-1\" \/>\n<meta property=\"og:locale\" content=\"de_DE\" \/>\n<meta property=\"og:type\" content=\"article\" \/>\n<meta property=\"og:title\" content=\"Acqua Morelli Sparkling ** - 12\/0,75 - Getr\u00e4nke Schl\u00fcter Onlineshop\" \/>\n<meta property=\"og:description\" content=\"12\/0,75 - Acqua Morelli Sparkling - Mineralwasser mit Kohlens\u00e4ure - Gourmetflasche - Pfand \u0080 3,30\" \/>\n<meta property=\"og:url\" content=\"https:\/\/shop.merolution.de\/index.php\/product\/acqua-morelli-sparkling-12-075\/\" \/>\n<meta property=\"og:site_name\" content=\"Getr\u00e4nke Schl\u00fcter Onlineshop\" \/>\n<meta property=\"og:image\" content=\"https:\/\/shop.merolution.de\/wp-content\/uploads\/2020\/05\/bottles-cocktails-aid-4531s.jpg\" \/>\n\t<meta property=\"og:image:width\" content=\"150\" \/>\n\t<meta property=\"og:image:height\" content=\"150\" \/>\n\t<meta property=\"og:image:type\" content=\"image\/jpeg\" \/>\n<meta name=\"twitter:card\" content=\"summary_large_image\" \/>\n<script type=\"application\/ld+json\" class=\"yoast-schema-graph\">{\"@context\":\"https:\/\/schema.org\",\"@graph\":[{\"@type\":\"WebPage\",\"@id\":\"https:\/\/shop.merolution.de\/index.php\/product\/acqua-morelli-sparkling-12-075\/\",\"url\":\"https:\/\/shop.merolution.de\/index.php\/product\/acqua-morelli-sparkling-12-075\/\",\"name\":\"Acqua Morelli Sparkling ** - 12\/0,75 - Getr\u00e4nke Schl\u00fcter Onlineshop\",\"isPartOf\":{\"@id\":\"https:\/\/shop.merolution.de\/#website\"},\"datePublished\":\"2020-05-28T09:58:32+00:00\",\"dateModified\":\"2020-05-28T09:58:32+00:00\",\"breadcrumb\":{\"@id\":\"https:\/\/shop.merolution.de\/index.php\/product\/acqua-morelli-sparkling-12-075\/#breadcrumb\"},\"inLanguage\":\"de\",\"potentialAction\":[{\"@type\":\"ReadAction\",\"target\":[\"https:\/\/shop.merolution.de\/index.php\/product\/acqua-morelli-sparkling-12-075\/\"]}]},{\"@type\":\"BreadcrumbList\",\"@id\":\"https:\/\/shop.merolution.de\/index.php\/product\/acqua-morelli-sparkling-12-075\/#breadcrumb\",\"itemListElement\":[{\"@type\":\"ListItem\",\"position\":1,\"name\":\"Home\",\"item\":\"https:\/\/shop.merolution.de\/\"},{\"@type\":\"ListItem\",\"position\":2,\"name\":\"Shop\",\"item\":\"https:\/\/shop.merolution.de\/\"},{\"@type\":\"ListItem\",\"position\":3,\"name\":\"Acqua Morelli Sparkling ** &#8211; 12\/0,75\"}]},{\"@type\":\"WebSite\",\"@id\":\"https:\/\/shop.merolution.de\/#website\",\"url\":\"https:\/\/shop.merolution.de\/\",\"name\":\"Getr\u00e4nke Schl\u00fcter Onlineshop\",\"description\":\"Ihr Getr\u00e4nke-Partner in Hannover\",\"potentialAction\":[{\"@type\":\"SearchAction\",\"target\":{\"@type\":\"EntryPoint\",\"urlTemplate\":\"https:\/\/shop.merolution.de\/?s={search_term_string}\"},\"query-input\":\"required name=search_term_string\"}],\"inLanguage\":\"de\"}]}<\/script>\n<!-- \/ Yoast SEO plugin. -->","yoast_head_json":{"title":"Acqua Morelli Sparkling ** - 12\/0,75 - Getr\u00e4nke Schl\u00fcter Onlineshop","robots":{"index":"noindex","follow":"follow","max-snippet":"max-snippet:-1","max-image-preview":"max-image-preview:large","max-video-preview":"max-video-preview:-1"},"og_locale":"de_DE","og_type":"article","og_title":"Acqua Morelli Sparkling ** - 12\/0,75 - Getr\u00e4nke Schl\u00fcter Onlineshop","og_description":"12\/0,75 - Acqua Morelli Sparkling - Mineralwasser mit Kohlens\u00e4ure - Gourmetflasche - Pfand \u0080 3,30","og_url":"https:\/\/shop.merolution.de\/index.php\/product\/acqua-morelli-sparkling-12-075\/","og_site_name":"Getr\u00e4nke Schl\u00fcter Onlineshop","og_image":[{"width":150,"height":150,"url":"https:\/\/shop.merolution.de\/wp-content\/uploads\/2020\/05\/bottles-cocktails-aid-4531s.jpg","type":"image\/jpeg"}],"twitter_card":"summary_large_image","schema":{"@context":"https:\/\/schema.org","@graph":[{"@type":"WebPage","@id":"https:\/\/shop.merolution.de\/index.php\/product\/acqua-morelli-sparkling-12-075\/","url":"https:\/\/shop.merolution.de\/index.php\/product\/acqua-morelli-sparkling-12-075\/","name":"Acqua Morelli Sparkling ** - 12\/0,75 - Getr\u00e4nke Schl\u00fcter Onlineshop","isPartOf":{"@id":"https:\/\/shop.merolution.de\/#website"},"datePublished":"2020-05-28T09:58:32+00:00","dateModified":"2020-05-28T09:58:32+00:00","breadcrumb":{"@id":"https:\/\/shop.merolution.de\/index.php\/product\/acqua-morelli-sparkling-12-075\/#breadcrumb"},"inLanguage":"de","potentialAction":[{"@type":"ReadAction","target":["https:\/\/shop.merolution.de\/index.php\/product\/acqua-morelli-sparkling-12-075\/"]}]},{"@type":"BreadcrumbList","@id":"https:\/\/shop.merolution.de\/index.php\/product\/acqua-morelli-sparkling-12-075\/#breadcrumb","itemListElement":[{"@type":"ListItem","position":1,"name":"Home","item":"https:\/\/shop.merolution.de\/"},{"@type":"ListItem","position":2,"name":"Shop","item":"https:\/\/shop.merolution.de\/"},{"@type":"ListItem","position":3,"name":"Acqua Morelli Sparkling ** &#8211; 12\/0,75"}]},{"@type":"WebSite","@id":"https:\/\/shop.merolution.de\/#website","url":"https:\/\/shop.merolution.de\/","name":"Getr\u00e4nke Schl\u00fcter Onlineshop","description":"Ihr Getr\u00e4nke-Partner in Hannover","potentialAction":[{"@type":"SearchAction","target":{"@type":"EntryPoint","urlTemplate":"https:\/\/shop.merolution.de\/?s={search_term_string}"},"query-input":"required name=search_term_string"}],"inLanguage":"de"}]}},"_links":{"self":[{"href":"https:\/\/shop.merolution.de\/index.php\/wp-json\/wp\/v2\/product\/2037"}],"collection":[{"href":"https:\/\/shop.merolution.de\/index.php\/wp-json\/wp\/v2\/product"}],"about":[{"href":"https:\/\/shop.merolution.de\/index.php\/wp-json\/wp\/v2\/types\/product"}],"replies":[{"embeddable":true,"href":"https:\/\/shop.merolution.de\/index.php\/wp-json\/wp\/v2\/comments?post=2037"}],"wp:featuredmedia":[{"embeddable":true,"href":"https:\/\/shop.merolution.de\/index.php\/wp-json\/wp\/v2\/media\/2038"}],"wp:attachment":[{"href":"https:\/\/shop.merolution.de\/index.php\/wp-json\/wp\/v2\/media?parent=2037"}],"wp:term":[{"taxonomy":"product_cat","embeddable":true,"href":"https:\/\/shop.merolution.de\/index.php\/wp-json\/wp\/v2\/product_cat?post=2037"},{"taxonomy":"product_tag","embeddable":true,"href":"https:\/\/shop.merolution.de\/index.php\/wp-json\/wp\/v2\/product_tag?post=2037"}],"curies":[{"name":"wp","href":"https:\/\/api.w.org\/{rel}","templated":true}]}}