{"id":2041,"date":"2020-05-28T09:58:32","date_gmt":"2020-05-28T09:58:32","guid":{"rendered":"https:\/\/shop.merolution.de\/index.php\/product\/plose-07l-gourmet-frizzante\/"},"modified":"2020-05-28T09:58:32","modified_gmt":"2020-05-28T09:58:32","slug":"plose-07l-gourmet-frizzante","status":"publish","type":"product","link":"https:\/\/shop.merolution.de\/index.php\/product\/plose-07l-gourmet-frizzante\/","title":{"rendered":"Plose 0,7L Gourmet Frizzante **"},"content":{"rendered":"<p>12\/0,70 &#8211; S\u00fcdtiroler Mineralwasser mit Kohlens\u00e4ure &#8211; Glas Mehrweg &#8211; Schraubverschluss &#8211; \u0080 3,30 Pfand &#8211; Plose ist ein besonders weiches, leichtes und mineralstoffarmes Mineralwasser, das mit einer hom\u00f6opathischen Behandlung harmoniert. Der extrem niedrige Trockenr\u00fcckstand von nur 22mg\/l bew\u00e4hrte sich bei der Einnahme von Globuli. Die Wirkstoffe der Arznei werden durch den geringen Gehalt an Mineralstoffen im Wasser nicht beeinflusst.Eine weitere, wichtige Eigenschaft des Plose Mineralwassers ist ein pH-Wert von 6,6. Er entspricht dem idealen Wert menschlicher Zellen. Ein pH-Wert unter 6,0 w\u00fcrde den menschlichen K\u00f6rper zu sehr ans\u00e4uern, ein pH-Wert \u00fcber 6,8 bewirkt die Oxidierung der Zellen und dadurch einen beschleunigten Alterungsprozess. Die Einnahme der hom\u00f6opathischen Arznei in Kombination mit Plose Mineralwasser belastet den menschlichen K\u00f6rper also nicht negativ.Unterst\u00fctzend kommt hinzu, dass der nat\u00fcrliche Sauerstoffgehalt des Plose Mineralwassers den Zellstoffwechsel in Gang h\u00e4lt und positiv auf die k\u00f6rperliche und geistige Leistungsf\u00e4higkeit einwirkt (Informationen \u00fcbernommen vom Hersteller).<\/p>\n","protected":false},"excerpt":{"rendered":"<p>12\/0,70 &#8211; S\u00fcdtiroler Mineralwasser mit Kohlens\u00e4ure &#8211; Glas Mehrweg &#8211; Schraubverschluss &#8211; \u0080 3,30 Pfand<\/p>\n","protected":false},"featured_media":2042,"comment_status":"open","ping_status":"closed","template":"","meta":[],"product_cat":[58],"product_tag":[],"yoast_head":"<!-- This site is optimized with the Yoast SEO plugin v19.14 - https:\/\/yoast.com\/wordpress\/plugins\/seo\/ -->\n<title>Plose 0,7L Gourmet Frizzante ** - Getr\u00e4nke Schl\u00fcter Onlineshop<\/title>\n<meta name=\"robots\" content=\"noindex, follow, max-snippet:-1, max-image-preview:large, max-video-preview:-1\" \/>\n<meta property=\"og:locale\" content=\"de_DE\" \/>\n<meta property=\"og:type\" content=\"article\" \/>\n<meta property=\"og:title\" content=\"Plose 0,7L Gourmet Frizzante ** - Getr\u00e4nke Schl\u00fcter Onlineshop\" \/>\n<meta property=\"og:description\" content=\"12\/0,70 - S\u00fcdtiroler Mineralwasser mit Kohlens\u00e4ure - Glas Mehrweg - Schraubverschluss - \u0080 3,30 Pfand\" \/>\n<meta property=\"og:url\" content=\"https:\/\/shop.merolution.de\/index.php\/product\/plose-07l-gourmet-frizzante\/\" \/>\n<meta property=\"og:site_name\" content=\"Getr\u00e4nke Schl\u00fcter Onlineshop\" \/>\n<meta property=\"og:image\" content=\"https:\/\/shop.merolution.de\/wp-content\/uploads\/2020\/05\/logo-plose-quelle-ag-web-aid-4597s.jpg\" \/>\n\t<meta property=\"og:image:width\" content=\"150\" \/>\n\t<meta property=\"og:image:height\" content=\"109\" \/>\n\t<meta property=\"og:image:type\" content=\"image\/jpeg\" \/>\n<meta name=\"twitter:card\" content=\"summary_large_image\" \/>\n<meta name=\"twitter:label1\" content=\"Gesch\u00e4tzte Lesezeit\" \/>\n\t<meta name=\"twitter:data1\" content=\"1\u00a0Minute\" \/>\n<script type=\"application\/ld+json\" class=\"yoast-schema-graph\">{\"@context\":\"https:\/\/schema.org\",\"@graph\":[{\"@type\":\"WebPage\",\"@id\":\"https:\/\/shop.merolution.de\/index.php\/product\/plose-07l-gourmet-frizzante\/\",\"url\":\"https:\/\/shop.merolution.de\/index.php\/product\/plose-07l-gourmet-frizzante\/\",\"name\":\"Plose 0,7L Gourmet Frizzante ** - Getr\u00e4nke Schl\u00fcter Onlineshop\",\"isPartOf\":{\"@id\":\"https:\/\/shop.merolution.de\/#website\"},\"datePublished\":\"2020-05-28T09:58:32+00:00\",\"dateModified\":\"2020-05-28T09:58:32+00:00\",\"breadcrumb\":{\"@id\":\"https:\/\/shop.merolution.de\/index.php\/product\/plose-07l-gourmet-frizzante\/#breadcrumb\"},\"inLanguage\":\"de\",\"potentialAction\":[{\"@type\":\"ReadAction\",\"target\":[\"https:\/\/shop.merolution.de\/index.php\/product\/plose-07l-gourmet-frizzante\/\"]}]},{\"@type\":\"BreadcrumbList\",\"@id\":\"https:\/\/shop.merolution.de\/index.php\/product\/plose-07l-gourmet-frizzante\/#breadcrumb\",\"itemListElement\":[{\"@type\":\"ListItem\",\"position\":1,\"name\":\"Home\",\"item\":\"https:\/\/shop.merolution.de\/\"},{\"@type\":\"ListItem\",\"position\":2,\"name\":\"Shop\",\"item\":\"https:\/\/shop.merolution.de\/\"},{\"@type\":\"ListItem\",\"position\":3,\"name\":\"Plose 0,7L Gourmet Frizzante **\"}]},{\"@type\":\"WebSite\",\"@id\":\"https:\/\/shop.merolution.de\/#website\",\"url\":\"https:\/\/shop.merolution.de\/\",\"name\":\"Getr\u00e4nke Schl\u00fcter Onlineshop\",\"description\":\"Ihr Getr\u00e4nke-Partner in Hannover\",\"potentialAction\":[{\"@type\":\"SearchAction\",\"target\":{\"@type\":\"EntryPoint\",\"urlTemplate\":\"https:\/\/shop.merolution.de\/?s={search_term_string}\"},\"query-input\":\"required name=search_term_string\"}],\"inLanguage\":\"de\"}]}<\/script>\n<!-- \/ Yoast SEO plugin. -->","yoast_head_json":{"title":"Plose 0,7L Gourmet Frizzante ** - Getr\u00e4nke Schl\u00fcter Onlineshop","robots":{"index":"noindex","follow":"follow","max-snippet":"max-snippet:-1","max-image-preview":"max-image-preview:large","max-video-preview":"max-video-preview:-1"},"og_locale":"de_DE","og_type":"article","og_title":"Plose 0,7L Gourmet Frizzante ** - Getr\u00e4nke Schl\u00fcter Onlineshop","og_description":"12\/0,70 - S\u00fcdtiroler Mineralwasser mit Kohlens\u00e4ure - Glas Mehrweg - Schraubverschluss - \u0080 3,30 Pfand","og_url":"https:\/\/shop.merolution.de\/index.php\/product\/plose-07l-gourmet-frizzante\/","og_site_name":"Getr\u00e4nke Schl\u00fcter Onlineshop","og_image":[{"width":150,"height":109,"url":"https:\/\/shop.merolution.de\/wp-content\/uploads\/2020\/05\/logo-plose-quelle-ag-web-aid-4597s.jpg","type":"image\/jpeg"}],"twitter_card":"summary_large_image","twitter_misc":{"Gesch\u00e4tzte Lesezeit":"1\u00a0Minute"},"schema":{"@context":"https:\/\/schema.org","@graph":[{"@type":"WebPage","@id":"https:\/\/shop.merolution.de\/index.php\/product\/plose-07l-gourmet-frizzante\/","url":"https:\/\/shop.merolution.de\/index.php\/product\/plose-07l-gourmet-frizzante\/","name":"Plose 0,7L Gourmet Frizzante ** - Getr\u00e4nke Schl\u00fcter Onlineshop","isPartOf":{"@id":"https:\/\/shop.merolution.de\/#website"},"datePublished":"2020-05-28T09:58:32+00:00","dateModified":"2020-05-28T09:58:32+00:00","breadcrumb":{"@id":"https:\/\/shop.merolution.de\/index.php\/product\/plose-07l-gourmet-frizzante\/#breadcrumb"},"inLanguage":"de","potentialAction":[{"@type":"ReadAction","target":["https:\/\/shop.merolution.de\/index.php\/product\/plose-07l-gourmet-frizzante\/"]}]},{"@type":"BreadcrumbList","@id":"https:\/\/shop.merolution.de\/index.php\/product\/plose-07l-gourmet-frizzante\/#breadcrumb","itemListElement":[{"@type":"ListItem","position":1,"name":"Home","item":"https:\/\/shop.merolution.de\/"},{"@type":"ListItem","position":2,"name":"Shop","item":"https:\/\/shop.merolution.de\/"},{"@type":"ListItem","position":3,"name":"Plose 0,7L Gourmet Frizzante **"}]},{"@type":"WebSite","@id":"https:\/\/shop.merolution.de\/#website","url":"https:\/\/shop.merolution.de\/","name":"Getr\u00e4nke Schl\u00fcter Onlineshop","description":"Ihr Getr\u00e4nke-Partner in Hannover","potentialAction":[{"@type":"SearchAction","target":{"@type":"EntryPoint","urlTemplate":"https:\/\/shop.merolution.de\/?s={search_term_string}"},"query-input":"required name=search_term_string"}],"inLanguage":"de"}]}},"_links":{"self":[{"href":"https:\/\/shop.merolution.de\/index.php\/wp-json\/wp\/v2\/product\/2041"}],"collection":[{"href":"https:\/\/shop.merolution.de\/index.php\/wp-json\/wp\/v2\/product"}],"about":[{"href":"https:\/\/shop.merolution.de\/index.php\/wp-json\/wp\/v2\/types\/product"}],"replies":[{"embeddable":true,"href":"https:\/\/shop.merolution.de\/index.php\/wp-json\/wp\/v2\/comments?post=2041"}],"wp:featuredmedia":[{"embeddable":true,"href":"https:\/\/shop.merolution.de\/index.php\/wp-json\/wp\/v2\/media\/2042"}],"wp:attachment":[{"href":"https:\/\/shop.merolution.de\/index.php\/wp-json\/wp\/v2\/media?parent=2041"}],"wp:term":[{"taxonomy":"product_cat","embeddable":true,"href":"https:\/\/shop.merolution.de\/index.php\/wp-json\/wp\/v2\/product_cat?post=2041"},{"taxonomy":"product_tag","embeddable":true,"href":"https:\/\/shop.merolution.de\/index.php\/wp-json\/wp\/v2\/product_tag?post=2041"}],"curies":[{"name":"wp","href":"https:\/\/api.w.org\/{rel}","templated":true}]}}