{"id":2043,"date":"2020-05-28T09:58:32","date_gmt":"2020-05-28T09:58:32","guid":{"rendered":"https:\/\/shop.merolution.de\/index.php\/product\/schweppes-020-soda-water-24-020\/"},"modified":"2020-05-28T09:58:32","modified_gmt":"2020-05-28T09:58:32","slug":"schweppes-020-soda-water-24-020","status":"publish","type":"product","link":"https:\/\/shop.merolution.de\/index.php\/product\/schweppes-020-soda-water-24-020\/","title":{"rendered":"Schweppes 0,20 Soda Water &#8211; 24\/0,20"},"content":{"rendered":"<p>24\/0,20 &#8211; Das Jahr 1783: Da erfand Jacob Schweppe einen Apparat f\u00fcr die Versetzung von Wasser mit Kohlens\u00e4ure. Der Grundstein f\u00fcr eine der ersten Marken der Welt war gelegt. Die hohe Qualit\u00e4t des Wassers sowie die spezielle Kombination aus Kohlens\u00e4ure und Natriumbicarbonat machen Schweppes Soda Water zu einem authentischen Erlebnis. Pur oder in der vollen Entfaltung mit hochwertigen Spirituosen wie Rum, Gin oder Whiskey Zutaten: Wasser, Kohlens\u00e4ure, Natriumhydrogencarbonat &#8211; Glas Mehrweg &#8211; \u0080 5,10 Pfand<\/p>\n","protected":false},"excerpt":{"rendered":"<p>24&#215;0,20 Schweppes Soda Water f\u00fcr vollendeten Genuss. Mineralwasser kennt unsere Erde seit Jahrmillionen \u0096 Soda-Wasser \u0084erst\u0093 seit 1783. &#8211; Glas Mehrweg &#8211; \u0080 5,10 Pfand<\/p>\n","protected":false},"featured_media":2044,"comment_status":"open","ping_status":"closed","template":"","meta":[],"product_cat":[59],"product_tag":[],"yoast_head":"<!-- This site is optimized with the Yoast SEO plugin v19.14 - https:\/\/yoast.com\/wordpress\/plugins\/seo\/ -->\n<title>Schweppes 0,20 Soda Water - 24\/0,20 - Getr\u00e4nke Schl\u00fcter Onlineshop<\/title>\n<meta name=\"robots\" content=\"noindex, follow, max-snippet:-1, max-image-preview:large, max-video-preview:-1\" \/>\n<meta property=\"og:locale\" content=\"de_DE\" \/>\n<meta property=\"og:type\" content=\"article\" \/>\n<meta property=\"og:title\" content=\"Schweppes 0,20 Soda Water - 24\/0,20 - Getr\u00e4nke Schl\u00fcter Onlineshop\" \/>\n<meta property=\"og:description\" content=\"24x0,20 Schweppes Soda Water f\u00fcr vollendeten Genuss. Mineralwasser kennt unsere Erde seit Jahrmillionen \u0096 Soda-Wasser \u0084erst\u0093 seit 1783. - Glas Mehrweg - \u0080 5,10 Pfand\" \/>\n<meta property=\"og:url\" content=\"https:\/\/shop.merolution.de\/index.php\/product\/schweppes-020-soda-water-24-020\/\" \/>\n<meta property=\"og:site_name\" content=\"Getr\u00e4nke Schl\u00fcter Onlineshop\" \/>\n<meta property=\"og:image\" content=\"https:\/\/shop.merolution.de\/wp-content\/uploads\/2020\/05\/p-24x02l-sw-mw-g1-aid-1359s.jpg\" \/>\n\t<meta property=\"og:image:width\" content=\"150\" \/>\n\t<meta property=\"og:image:height\" content=\"122\" \/>\n\t<meta property=\"og:image:type\" content=\"image\/jpeg\" \/>\n<meta name=\"twitter:card\" content=\"summary_large_image\" \/>\n<script type=\"application\/ld+json\" class=\"yoast-schema-graph\">{\"@context\":\"https:\/\/schema.org\",\"@graph\":[{\"@type\":\"WebPage\",\"@id\":\"https:\/\/shop.merolution.de\/index.php\/product\/schweppes-020-soda-water-24-020\/\",\"url\":\"https:\/\/shop.merolution.de\/index.php\/product\/schweppes-020-soda-water-24-020\/\",\"name\":\"Schweppes 0,20 Soda Water - 24\/0,20 - Getr\u00e4nke Schl\u00fcter Onlineshop\",\"isPartOf\":{\"@id\":\"https:\/\/shop.merolution.de\/#website\"},\"datePublished\":\"2020-05-28T09:58:32+00:00\",\"dateModified\":\"2020-05-28T09:58:32+00:00\",\"breadcrumb\":{\"@id\":\"https:\/\/shop.merolution.de\/index.php\/product\/schweppes-020-soda-water-24-020\/#breadcrumb\"},\"inLanguage\":\"de\",\"potentialAction\":[{\"@type\":\"ReadAction\",\"target\":[\"https:\/\/shop.merolution.de\/index.php\/product\/schweppes-020-soda-water-24-020\/\"]}]},{\"@type\":\"BreadcrumbList\",\"@id\":\"https:\/\/shop.merolution.de\/index.php\/product\/schweppes-020-soda-water-24-020\/#breadcrumb\",\"itemListElement\":[{\"@type\":\"ListItem\",\"position\":1,\"name\":\"Home\",\"item\":\"https:\/\/shop.merolution.de\/\"},{\"@type\":\"ListItem\",\"position\":2,\"name\":\"Shop\",\"item\":\"https:\/\/shop.merolution.de\/\"},{\"@type\":\"ListItem\",\"position\":3,\"name\":\"Schweppes 0,20 Soda Water &#8211; 24\/0,20\"}]},{\"@type\":\"WebSite\",\"@id\":\"https:\/\/shop.merolution.de\/#website\",\"url\":\"https:\/\/shop.merolution.de\/\",\"name\":\"Getr\u00e4nke Schl\u00fcter Onlineshop\",\"description\":\"Ihr Getr\u00e4nke-Partner in Hannover\",\"potentialAction\":[{\"@type\":\"SearchAction\",\"target\":{\"@type\":\"EntryPoint\",\"urlTemplate\":\"https:\/\/shop.merolution.de\/?s={search_term_string}\"},\"query-input\":\"required name=search_term_string\"}],\"inLanguage\":\"de\"}]}<\/script>\n<!-- \/ Yoast SEO plugin. -->","yoast_head_json":{"title":"Schweppes 0,20 Soda Water - 24\/0,20 - Getr\u00e4nke Schl\u00fcter Onlineshop","robots":{"index":"noindex","follow":"follow","max-snippet":"max-snippet:-1","max-image-preview":"max-image-preview:large","max-video-preview":"max-video-preview:-1"},"og_locale":"de_DE","og_type":"article","og_title":"Schweppes 0,20 Soda Water - 24\/0,20 - Getr\u00e4nke Schl\u00fcter Onlineshop","og_description":"24x0,20 Schweppes Soda Water f\u00fcr vollendeten Genuss. Mineralwasser kennt unsere Erde seit Jahrmillionen \u0096 Soda-Wasser \u0084erst\u0093 seit 1783. - Glas Mehrweg - \u0080 5,10 Pfand","og_url":"https:\/\/shop.merolution.de\/index.php\/product\/schweppes-020-soda-water-24-020\/","og_site_name":"Getr\u00e4nke Schl\u00fcter Onlineshop","og_image":[{"width":150,"height":122,"url":"https:\/\/shop.merolution.de\/wp-content\/uploads\/2020\/05\/p-24x02l-sw-mw-g1-aid-1359s.jpg","type":"image\/jpeg"}],"twitter_card":"summary_large_image","schema":{"@context":"https:\/\/schema.org","@graph":[{"@type":"WebPage","@id":"https:\/\/shop.merolution.de\/index.php\/product\/schweppes-020-soda-water-24-020\/","url":"https:\/\/shop.merolution.de\/index.php\/product\/schweppes-020-soda-water-24-020\/","name":"Schweppes 0,20 Soda Water - 24\/0,20 - Getr\u00e4nke Schl\u00fcter Onlineshop","isPartOf":{"@id":"https:\/\/shop.merolution.de\/#website"},"datePublished":"2020-05-28T09:58:32+00:00","dateModified":"2020-05-28T09:58:32+00:00","breadcrumb":{"@id":"https:\/\/shop.merolution.de\/index.php\/product\/schweppes-020-soda-water-24-020\/#breadcrumb"},"inLanguage":"de","potentialAction":[{"@type":"ReadAction","target":["https:\/\/shop.merolution.de\/index.php\/product\/schweppes-020-soda-water-24-020\/"]}]},{"@type":"BreadcrumbList","@id":"https:\/\/shop.merolution.de\/index.php\/product\/schweppes-020-soda-water-24-020\/#breadcrumb","itemListElement":[{"@type":"ListItem","position":1,"name":"Home","item":"https:\/\/shop.merolution.de\/"},{"@type":"ListItem","position":2,"name":"Shop","item":"https:\/\/shop.merolution.de\/"},{"@type":"ListItem","position":3,"name":"Schweppes 0,20 Soda Water &#8211; 24\/0,20"}]},{"@type":"WebSite","@id":"https:\/\/shop.merolution.de\/#website","url":"https:\/\/shop.merolution.de\/","name":"Getr\u00e4nke Schl\u00fcter Onlineshop","description":"Ihr Getr\u00e4nke-Partner in Hannover","potentialAction":[{"@type":"SearchAction","target":{"@type":"EntryPoint","urlTemplate":"https:\/\/shop.merolution.de\/?s={search_term_string}"},"query-input":"required name=search_term_string"}],"inLanguage":"de"}]}},"_links":{"self":[{"href":"https:\/\/shop.merolution.de\/index.php\/wp-json\/wp\/v2\/product\/2043"}],"collection":[{"href":"https:\/\/shop.merolution.de\/index.php\/wp-json\/wp\/v2\/product"}],"about":[{"href":"https:\/\/shop.merolution.de\/index.php\/wp-json\/wp\/v2\/types\/product"}],"replies":[{"embeddable":true,"href":"https:\/\/shop.merolution.de\/index.php\/wp-json\/wp\/v2\/comments?post=2043"}],"wp:featuredmedia":[{"embeddable":true,"href":"https:\/\/shop.merolution.de\/index.php\/wp-json\/wp\/v2\/media\/2044"}],"wp:attachment":[{"href":"https:\/\/shop.merolution.de\/index.php\/wp-json\/wp\/v2\/media?parent=2043"}],"wp:term":[{"taxonomy":"product_cat","embeddable":true,"href":"https:\/\/shop.merolution.de\/index.php\/wp-json\/wp\/v2\/product_cat?post=2043"},{"taxonomy":"product_tag","embeddable":true,"href":"https:\/\/shop.merolution.de\/index.php\/wp-json\/wp\/v2\/product_tag?post=2043"}],"curies":[{"name":"wp","href":"https:\/\/api.w.org\/{rel}","templated":true}]}}