{"id":2045,"date":"2020-05-28T09:58:33","date_gmt":"2020-05-28T09:58:33","guid":{"rendered":"https:\/\/shop.merolution.de\/index.php\/product\/schweppes-020-indian-tonic-water-24-020\/"},"modified":"2020-05-28T09:58:33","modified_gmt":"2020-05-28T09:58:33","slug":"schweppes-020-indian-tonic-water-24-020","status":"publish","type":"product","link":"https:\/\/shop.merolution.de\/index.php\/product\/schweppes-020-indian-tonic-water-24-020\/","title":{"rendered":"Schweppes 0,20 Indian Tonic Water &#8211; 24\/0,20"},"content":{"rendered":"<p>24*0,20 Schweppes Indian Tonicwater &#8211; Ein wahrer Kosmopolit. International gesch\u00e4tzt f\u00fcr seinen charismatischen Auftritt und seinen souver\u00e4nen Geschmack. Eben Indian Tonic Water! Aber warum \u0093Indian\u0094? Das 1870 eingef\u00fchrte Indian Tonic Water setzte sich besonders schnell bei den Briten in Indien durch, da das enthaltene Chinin vorbeugend gegen Malaria wirkt. Heute wirkt der Klassiker vor allem erfrischend. Anders. Pur oder als Longdrink, wie Gin- oder Wodka-Tonic Erfrischungsgetr\u00e4nk, chininhaltig. Zutaten: Wasser, Zucker, Kohlens\u00e4ure, S\u00e4uerungsmittel Citronens\u00e4ure, nat\u00fcrliches Aroma, Aroma Chinin &#8211; Glas Mehrweg &#8211; \u0080 5,10 Pfand<\/p>\n","protected":false},"excerpt":{"rendered":"<p>24&#215;0,20 Schweppes Indian Tonic Water f\u00fcr stilvollen Genuss. &#8211; Glas Mehrweg &#8211; \u0080 5,10 Pfand<\/p>\n","protected":false},"featured_media":2046,"comment_status":"open","ping_status":"closed","template":"","meta":[],"product_cat":[59],"product_tag":[],"yoast_head":"<!-- This site is optimized with the Yoast SEO plugin v19.14 - https:\/\/yoast.com\/wordpress\/plugins\/seo\/ -->\n<title>Schweppes 0,20 Indian Tonic Water - 24\/0,20 - Getr\u00e4nke Schl\u00fcter Onlineshop<\/title>\n<meta name=\"robots\" content=\"noindex, follow, max-snippet:-1, max-image-preview:large, max-video-preview:-1\" \/>\n<meta property=\"og:locale\" content=\"de_DE\" \/>\n<meta property=\"og:type\" content=\"article\" \/>\n<meta property=\"og:title\" content=\"Schweppes 0,20 Indian Tonic Water - 24\/0,20 - Getr\u00e4nke Schl\u00fcter Onlineshop\" \/>\n<meta property=\"og:description\" content=\"24x0,20 Schweppes Indian Tonic Water f\u00fcr stilvollen Genuss. - Glas Mehrweg - \u0080 5,10 Pfand\" \/>\n<meta property=\"og:url\" content=\"https:\/\/shop.merolution.de\/index.php\/product\/schweppes-020-indian-tonic-water-24-020\/\" \/>\n<meta property=\"og:site_name\" content=\"Getr\u00e4nke Schl\u00fcter Onlineshop\" \/>\n<meta property=\"og:image\" content=\"https:\/\/shop.merolution.de\/wp-content\/uploads\/2020\/05\/p-24x02l-tw-mw-g-aid-1360s.jpg\" \/>\n\t<meta property=\"og:image:width\" content=\"150\" \/>\n\t<meta property=\"og:image:height\" content=\"118\" \/>\n\t<meta property=\"og:image:type\" content=\"image\/jpeg\" \/>\n<meta name=\"twitter:card\" content=\"summary_large_image\" \/>\n<script type=\"application\/ld+json\" class=\"yoast-schema-graph\">{\"@context\":\"https:\/\/schema.org\",\"@graph\":[{\"@type\":\"WebPage\",\"@id\":\"https:\/\/shop.merolution.de\/index.php\/product\/schweppes-020-indian-tonic-water-24-020\/\",\"url\":\"https:\/\/shop.merolution.de\/index.php\/product\/schweppes-020-indian-tonic-water-24-020\/\",\"name\":\"Schweppes 0,20 Indian Tonic Water - 24\/0,20 - Getr\u00e4nke Schl\u00fcter Onlineshop\",\"isPartOf\":{\"@id\":\"https:\/\/shop.merolution.de\/#website\"},\"datePublished\":\"2020-05-28T09:58:33+00:00\",\"dateModified\":\"2020-05-28T09:58:33+00:00\",\"breadcrumb\":{\"@id\":\"https:\/\/shop.merolution.de\/index.php\/product\/schweppes-020-indian-tonic-water-24-020\/#breadcrumb\"},\"inLanguage\":\"de\",\"potentialAction\":[{\"@type\":\"ReadAction\",\"target\":[\"https:\/\/shop.merolution.de\/index.php\/product\/schweppes-020-indian-tonic-water-24-020\/\"]}]},{\"@type\":\"BreadcrumbList\",\"@id\":\"https:\/\/shop.merolution.de\/index.php\/product\/schweppes-020-indian-tonic-water-24-020\/#breadcrumb\",\"itemListElement\":[{\"@type\":\"ListItem\",\"position\":1,\"name\":\"Home\",\"item\":\"https:\/\/shop.merolution.de\/\"},{\"@type\":\"ListItem\",\"position\":2,\"name\":\"Shop\",\"item\":\"https:\/\/shop.merolution.de\/\"},{\"@type\":\"ListItem\",\"position\":3,\"name\":\"Schweppes 0,20 Indian Tonic Water &#8211; 24\/0,20\"}]},{\"@type\":\"WebSite\",\"@id\":\"https:\/\/shop.merolution.de\/#website\",\"url\":\"https:\/\/shop.merolution.de\/\",\"name\":\"Getr\u00e4nke Schl\u00fcter Onlineshop\",\"description\":\"Ihr Getr\u00e4nke-Partner in Hannover\",\"potentialAction\":[{\"@type\":\"SearchAction\",\"target\":{\"@type\":\"EntryPoint\",\"urlTemplate\":\"https:\/\/shop.merolution.de\/?s={search_term_string}\"},\"query-input\":\"required name=search_term_string\"}],\"inLanguage\":\"de\"}]}<\/script>\n<!-- \/ Yoast SEO plugin. -->","yoast_head_json":{"title":"Schweppes 0,20 Indian Tonic Water - 24\/0,20 - Getr\u00e4nke Schl\u00fcter Onlineshop","robots":{"index":"noindex","follow":"follow","max-snippet":"max-snippet:-1","max-image-preview":"max-image-preview:large","max-video-preview":"max-video-preview:-1"},"og_locale":"de_DE","og_type":"article","og_title":"Schweppes 0,20 Indian Tonic Water - 24\/0,20 - Getr\u00e4nke Schl\u00fcter Onlineshop","og_description":"24x0,20 Schweppes Indian Tonic Water f\u00fcr stilvollen Genuss. - Glas Mehrweg - \u0080 5,10 Pfand","og_url":"https:\/\/shop.merolution.de\/index.php\/product\/schweppes-020-indian-tonic-water-24-020\/","og_site_name":"Getr\u00e4nke Schl\u00fcter Onlineshop","og_image":[{"width":150,"height":118,"url":"https:\/\/shop.merolution.de\/wp-content\/uploads\/2020\/05\/p-24x02l-tw-mw-g-aid-1360s.jpg","type":"image\/jpeg"}],"twitter_card":"summary_large_image","schema":{"@context":"https:\/\/schema.org","@graph":[{"@type":"WebPage","@id":"https:\/\/shop.merolution.de\/index.php\/product\/schweppes-020-indian-tonic-water-24-020\/","url":"https:\/\/shop.merolution.de\/index.php\/product\/schweppes-020-indian-tonic-water-24-020\/","name":"Schweppes 0,20 Indian Tonic Water - 24\/0,20 - Getr\u00e4nke Schl\u00fcter Onlineshop","isPartOf":{"@id":"https:\/\/shop.merolution.de\/#website"},"datePublished":"2020-05-28T09:58:33+00:00","dateModified":"2020-05-28T09:58:33+00:00","breadcrumb":{"@id":"https:\/\/shop.merolution.de\/index.php\/product\/schweppes-020-indian-tonic-water-24-020\/#breadcrumb"},"inLanguage":"de","potentialAction":[{"@type":"ReadAction","target":["https:\/\/shop.merolution.de\/index.php\/product\/schweppes-020-indian-tonic-water-24-020\/"]}]},{"@type":"BreadcrumbList","@id":"https:\/\/shop.merolution.de\/index.php\/product\/schweppes-020-indian-tonic-water-24-020\/#breadcrumb","itemListElement":[{"@type":"ListItem","position":1,"name":"Home","item":"https:\/\/shop.merolution.de\/"},{"@type":"ListItem","position":2,"name":"Shop","item":"https:\/\/shop.merolution.de\/"},{"@type":"ListItem","position":3,"name":"Schweppes 0,20 Indian Tonic Water &#8211; 24\/0,20"}]},{"@type":"WebSite","@id":"https:\/\/shop.merolution.de\/#website","url":"https:\/\/shop.merolution.de\/","name":"Getr\u00e4nke Schl\u00fcter Onlineshop","description":"Ihr Getr\u00e4nke-Partner in Hannover","potentialAction":[{"@type":"SearchAction","target":{"@type":"EntryPoint","urlTemplate":"https:\/\/shop.merolution.de\/?s={search_term_string}"},"query-input":"required name=search_term_string"}],"inLanguage":"de"}]}},"_links":{"self":[{"href":"https:\/\/shop.merolution.de\/index.php\/wp-json\/wp\/v2\/product\/2045"}],"collection":[{"href":"https:\/\/shop.merolution.de\/index.php\/wp-json\/wp\/v2\/product"}],"about":[{"href":"https:\/\/shop.merolution.de\/index.php\/wp-json\/wp\/v2\/types\/product"}],"replies":[{"embeddable":true,"href":"https:\/\/shop.merolution.de\/index.php\/wp-json\/wp\/v2\/comments?post=2045"}],"wp:featuredmedia":[{"embeddable":true,"href":"https:\/\/shop.merolution.de\/index.php\/wp-json\/wp\/v2\/media\/2046"}],"wp:attachment":[{"href":"https:\/\/shop.merolution.de\/index.php\/wp-json\/wp\/v2\/media?parent=2045"}],"wp:term":[{"taxonomy":"product_cat","embeddable":true,"href":"https:\/\/shop.merolution.de\/index.php\/wp-json\/wp\/v2\/product_cat?post=2045"},{"taxonomy":"product_tag","embeddable":true,"href":"https:\/\/shop.merolution.de\/index.php\/wp-json\/wp\/v2\/product_tag?post=2045"}],"curies":[{"name":"wp","href":"https:\/\/api.w.org\/{rel}","templated":true}]}}