{"id":2127,"date":"2020-05-28T09:58:44","date_gmt":"2020-05-28T09:58:44","guid":{"rendered":"https:\/\/shop.merolution.de\/index.php\/product\/schweppes-100-dry-tonic-water-pet-06-100\/"},"modified":"2020-05-28T09:58:44","modified_gmt":"2020-05-28T09:58:44","slug":"schweppes-100-dry-tonic-water-pet-06-100","status":"publish","type":"product","link":"https:\/\/shop.merolution.de\/index.php\/product\/schweppes-100-dry-tonic-water-pet-06-100\/","title":{"rendered":"Schweppes 1,00 dry Tonic Water PET &#8211; 06\/1,00"},"content":{"rendered":"<p>06*1,00 Schweppes dry tonicwater &#8211; Diese Komposition, verfeinert mit Kohlens\u00e4ure und nat\u00fcrlichen Aromen von Zitrone, Orange und Grapefruit, haben wir zusammen mit Barkeepern entwickelt, um neben unserem Indian Tonic Water f\u00fcr noch mehr Vielfalt an der Bar zu sorgen. Ob pur oder in Longdrinks wie dem Klassiker Gin &#038; Tonic ein einzigartig prickelnder Genuss. Mit seinem betont bitteren Charakter und den angenehmen Fruchtnoten harmoniert Schweppes Dry Tonic Water besonders mit modernen, floralen Gins. Schweppes Dry Tonic Water ist exklusiv in der Gastronomie erh\u00e4ltlich &#8211; Erfrischungsgetr\u00e4nk, chininhaltig &#8211; Zutaten: Wasser, Zucker, Kohlens\u00e4ure, S\u00e4uerungsmittel Citronens\u00e4ure, nat\u00fcrliches Aroma (Zitrone, Orange, Grapefruit), Aroma Chinin &#8211; PET-Mehrweg &#8211; \u0080 2,40 Pfand<\/p>\n","protected":false},"excerpt":{"rendered":"<p>06&#215;1,00 Schweppes dry Tonic Water &#8211; Nie war bitter so trocken. Schweppes Dry Tonic Water erlangt seinen besonders erfrischend bitteren Geschmack durch mehr Chinin und weniger S\u00fc\u00dfe im Vergleich zum klassischen Indian Tonic Water. PET-Mehrweg &#8211; \u0080 2,40 Pfand<\/p>\n","protected":false},"featured_media":2128,"comment_status":"open","ping_status":"closed","template":"","meta":[],"product_cat":[59],"product_tag":[],"yoast_head":"<!-- This site is optimized with the Yoast SEO plugin v19.14 - https:\/\/yoast.com\/wordpress\/plugins\/seo\/ -->\n<title>Schweppes 1,00 dry Tonic Water PET - 06\/1,00 - Getr\u00e4nke Schl\u00fcter Onlineshop<\/title>\n<meta name=\"robots\" content=\"noindex, follow, max-snippet:-1, max-image-preview:large, max-video-preview:-1\" \/>\n<meta property=\"og:locale\" content=\"de_DE\" \/>\n<meta property=\"og:type\" content=\"article\" \/>\n<meta property=\"og:title\" content=\"Schweppes 1,00 dry Tonic Water PET - 06\/1,00 - Getr\u00e4nke Schl\u00fcter Onlineshop\" \/>\n<meta property=\"og:description\" content=\"06x1,00 Schweppes dry Tonic Water - Nie war bitter so trocken. Schweppes Dry Tonic Water erlangt seinen besonders erfrischend bitteren Geschmack durch mehr Chinin und weniger S\u00fc\u00dfe im Vergleich zum klassischen Indian Tonic Water. PET-Mehrweg - \u0080 2,40 Pfand\" \/>\n<meta property=\"og:url\" content=\"https:\/\/shop.merolution.de\/index.php\/product\/schweppes-100-dry-tonic-water-pet-06-100\/\" \/>\n<meta property=\"og:site_name\" content=\"Getr\u00e4nke Schl\u00fcter Onlineshop\" \/>\n<meta property=\"og:image\" content=\"https:\/\/shop.merolution.de\/wp-content\/uploads\/2020\/05\/de_pim_256258001002_01.png\" \/>\n\t<meta property=\"og:image:width\" content=\"150\" \/>\n\t<meta property=\"og:image:height\" content=\"150\" \/>\n\t<meta property=\"og:image:type\" content=\"image\/png\" \/>\n<meta name=\"twitter:card\" content=\"summary_large_image\" \/>\n<meta name=\"twitter:label1\" content=\"Gesch\u00e4tzte Lesezeit\" \/>\n\t<meta name=\"twitter:data1\" content=\"1\u00a0Minute\" \/>\n<script type=\"application\/ld+json\" class=\"yoast-schema-graph\">{\"@context\":\"https:\/\/schema.org\",\"@graph\":[{\"@type\":\"WebPage\",\"@id\":\"https:\/\/shop.merolution.de\/index.php\/product\/schweppes-100-dry-tonic-water-pet-06-100\/\",\"url\":\"https:\/\/shop.merolution.de\/index.php\/product\/schweppes-100-dry-tonic-water-pet-06-100\/\",\"name\":\"Schweppes 1,00 dry Tonic Water PET - 06\/1,00 - Getr\u00e4nke Schl\u00fcter Onlineshop\",\"isPartOf\":{\"@id\":\"https:\/\/shop.merolution.de\/#website\"},\"datePublished\":\"2020-05-28T09:58:44+00:00\",\"dateModified\":\"2020-05-28T09:58:44+00:00\",\"breadcrumb\":{\"@id\":\"https:\/\/shop.merolution.de\/index.php\/product\/schweppes-100-dry-tonic-water-pet-06-100\/#breadcrumb\"},\"inLanguage\":\"de\",\"potentialAction\":[{\"@type\":\"ReadAction\",\"target\":[\"https:\/\/shop.merolution.de\/index.php\/product\/schweppes-100-dry-tonic-water-pet-06-100\/\"]}]},{\"@type\":\"BreadcrumbList\",\"@id\":\"https:\/\/shop.merolution.de\/index.php\/product\/schweppes-100-dry-tonic-water-pet-06-100\/#breadcrumb\",\"itemListElement\":[{\"@type\":\"ListItem\",\"position\":1,\"name\":\"Home\",\"item\":\"https:\/\/shop.merolution.de\/\"},{\"@type\":\"ListItem\",\"position\":2,\"name\":\"Shop\",\"item\":\"https:\/\/shop.merolution.de\/\"},{\"@type\":\"ListItem\",\"position\":3,\"name\":\"Schweppes 1,00 dry Tonic Water PET &#8211; 06\/1,00\"}]},{\"@type\":\"WebSite\",\"@id\":\"https:\/\/shop.merolution.de\/#website\",\"url\":\"https:\/\/shop.merolution.de\/\",\"name\":\"Getr\u00e4nke Schl\u00fcter Onlineshop\",\"description\":\"Ihr Getr\u00e4nke-Partner in Hannover\",\"potentialAction\":[{\"@type\":\"SearchAction\",\"target\":{\"@type\":\"EntryPoint\",\"urlTemplate\":\"https:\/\/shop.merolution.de\/?s={search_term_string}\"},\"query-input\":\"required name=search_term_string\"}],\"inLanguage\":\"de\"}]}<\/script>\n<!-- \/ Yoast SEO plugin. -->","yoast_head_json":{"title":"Schweppes 1,00 dry Tonic Water PET - 06\/1,00 - Getr\u00e4nke Schl\u00fcter Onlineshop","robots":{"index":"noindex","follow":"follow","max-snippet":"max-snippet:-1","max-image-preview":"max-image-preview:large","max-video-preview":"max-video-preview:-1"},"og_locale":"de_DE","og_type":"article","og_title":"Schweppes 1,00 dry Tonic Water PET - 06\/1,00 - Getr\u00e4nke Schl\u00fcter Onlineshop","og_description":"06x1,00 Schweppes dry Tonic Water - Nie war bitter so trocken. Schweppes Dry Tonic Water erlangt seinen besonders erfrischend bitteren Geschmack durch mehr Chinin und weniger S\u00fc\u00dfe im Vergleich zum klassischen Indian Tonic Water. PET-Mehrweg - \u0080 2,40 Pfand","og_url":"https:\/\/shop.merolution.de\/index.php\/product\/schweppes-100-dry-tonic-water-pet-06-100\/","og_site_name":"Getr\u00e4nke Schl\u00fcter Onlineshop","og_image":[{"width":150,"height":150,"url":"https:\/\/shop.merolution.de\/wp-content\/uploads\/2020\/05\/de_pim_256258001002_01.png","type":"image\/png"}],"twitter_card":"summary_large_image","twitter_misc":{"Gesch\u00e4tzte Lesezeit":"1\u00a0Minute"},"schema":{"@context":"https:\/\/schema.org","@graph":[{"@type":"WebPage","@id":"https:\/\/shop.merolution.de\/index.php\/product\/schweppes-100-dry-tonic-water-pet-06-100\/","url":"https:\/\/shop.merolution.de\/index.php\/product\/schweppes-100-dry-tonic-water-pet-06-100\/","name":"Schweppes 1,00 dry Tonic Water PET - 06\/1,00 - Getr\u00e4nke Schl\u00fcter Onlineshop","isPartOf":{"@id":"https:\/\/shop.merolution.de\/#website"},"datePublished":"2020-05-28T09:58:44+00:00","dateModified":"2020-05-28T09:58:44+00:00","breadcrumb":{"@id":"https:\/\/shop.merolution.de\/index.php\/product\/schweppes-100-dry-tonic-water-pet-06-100\/#breadcrumb"},"inLanguage":"de","potentialAction":[{"@type":"ReadAction","target":["https:\/\/shop.merolution.de\/index.php\/product\/schweppes-100-dry-tonic-water-pet-06-100\/"]}]},{"@type":"BreadcrumbList","@id":"https:\/\/shop.merolution.de\/index.php\/product\/schweppes-100-dry-tonic-water-pet-06-100\/#breadcrumb","itemListElement":[{"@type":"ListItem","position":1,"name":"Home","item":"https:\/\/shop.merolution.de\/"},{"@type":"ListItem","position":2,"name":"Shop","item":"https:\/\/shop.merolution.de\/"},{"@type":"ListItem","position":3,"name":"Schweppes 1,00 dry Tonic Water PET &#8211; 06\/1,00"}]},{"@type":"WebSite","@id":"https:\/\/shop.merolution.de\/#website","url":"https:\/\/shop.merolution.de\/","name":"Getr\u00e4nke Schl\u00fcter Onlineshop","description":"Ihr Getr\u00e4nke-Partner in Hannover","potentialAction":[{"@type":"SearchAction","target":{"@type":"EntryPoint","urlTemplate":"https:\/\/shop.merolution.de\/?s={search_term_string}"},"query-input":"required name=search_term_string"}],"inLanguage":"de"}]}},"_links":{"self":[{"href":"https:\/\/shop.merolution.de\/index.php\/wp-json\/wp\/v2\/product\/2127"}],"collection":[{"href":"https:\/\/shop.merolution.de\/index.php\/wp-json\/wp\/v2\/product"}],"about":[{"href":"https:\/\/shop.merolution.de\/index.php\/wp-json\/wp\/v2\/types\/product"}],"replies":[{"embeddable":true,"href":"https:\/\/shop.merolution.de\/index.php\/wp-json\/wp\/v2\/comments?post=2127"}],"wp:featuredmedia":[{"embeddable":true,"href":"https:\/\/shop.merolution.de\/index.php\/wp-json\/wp\/v2\/media\/2128"}],"wp:attachment":[{"href":"https:\/\/shop.merolution.de\/index.php\/wp-json\/wp\/v2\/media?parent=2127"}],"wp:term":[{"taxonomy":"product_cat","embeddable":true,"href":"https:\/\/shop.merolution.de\/index.php\/wp-json\/wp\/v2\/product_cat?post=2127"},{"taxonomy":"product_tag","embeddable":true,"href":"https:\/\/shop.merolution.de\/index.php\/wp-json\/wp\/v2\/product_tag?post=2127"}],"curies":[{"name":"wp","href":"https:\/\/api.w.org\/{rel}","templated":true}]}}