{"id":2141,"date":"2020-05-28T09:58:46","date_gmt":"2020-05-28T09:58:46","guid":{"rendered":"https:\/\/shop.merolution.de\/index.php\/product\/st-leonards-vollmondabfuellung-aqua-luna-06-100\/"},"modified":"2020-05-28T09:58:46","modified_gmt":"2020-05-28T09:58:46","slug":"st-leonards-vollmondabfuellung-aqua-luna-06-100","status":"publish","type":"product","link":"https:\/\/shop.merolution.de\/index.php\/product\/st-leonards-vollmondabfuellung-aqua-luna-06-100\/","title":{"rendered":"St. Leonards Vollmondabf\u00fcllung (Aqua Luna) &#8211; 06\/1,00"},"content":{"rendered":"<p>06+1,00 Vollmondabf\u00fcllung &#8211; Quellwasser, 1 Liter, ohne Kohlens\u00e4ure, am Vollmondtag abgef\u00fcllt direkt am Quellort Bad Leonhardspfunzen, Stephanskirchen. Originaltext des Herstellers: Unter dem Einfluss des Mondes: Vollmond ist bei uns immer ein besonderer Tag, die Mondquelle wird zur \u0084Vollmondabf\u00fcllung\u0093. Besonders interessant: Vom speziellen Abf\u00fclltag beeinflusst, steigt der energetische Wert der Mondquelle um das Dreifache. Dieser Unterschied kann auch geschmacklich wahrgenommen werden. \u00dcbrigens\u0085. wurden bei den bioenergetischen Frequenzmessungen der Vollmondabf\u00fcllung 61 positive Frequenzen gefunden, die K\u00f6rper, Seele und Geist unterst\u00fctzen k\u00f6nnen.* Rechtlich und schulmedizinisch nicht anerkannt.<\/p>\n","protected":false},"excerpt":{"rendered":"<p>0x\/1,00 Vollmondabf\u00fcllung &#8211; Quellwasser, 1 Liter, ohne Kohlens\u00e4ure, am Vollmondtag abgef\u00fcllt direkt am Quellort Bad Leonhardspfunzen, Stephanskirchen &#8211; Glas Mehrweg &#8211; Schraubverschluss &#8211; Pfand: \u0080 2,40 &#8211; Fr\u00fcher wurde bei Vollmond die Saat ges\u00e4t &#8211; heute wird bei Vollmond abgef\u00fcllt.<\/p>\n","protected":false},"featured_media":2142,"comment_status":"open","ping_status":"closed","template":"","meta":[],"product_cat":[60],"product_tag":[],"yoast_head":"<!-- This site is optimized with the Yoast SEO plugin v19.14 - https:\/\/yoast.com\/wordpress\/plugins\/seo\/ -->\n<title>St. Leonards Vollmondabf\u00fcllung (Aqua Luna) - 06\/1,00 - Getr\u00e4nke Schl\u00fcter Onlineshop<\/title>\n<meta name=\"robots\" content=\"noindex, follow, max-snippet:-1, max-image-preview:large, max-video-preview:-1\" \/>\n<meta property=\"og:locale\" content=\"de_DE\" \/>\n<meta property=\"og:type\" content=\"article\" \/>\n<meta property=\"og:title\" content=\"St. Leonards Vollmondabf\u00fcllung (Aqua Luna) - 06\/1,00 - Getr\u00e4nke Schl\u00fcter Onlineshop\" \/>\n<meta property=\"og:description\" content=\"0x\/1,00 Vollmondabf\u00fcllung - Quellwasser, 1 Liter, ohne Kohlens\u00e4ure, am Vollmondtag abgef\u00fcllt direkt am Quellort Bad Leonhardspfunzen, Stephanskirchen - Glas Mehrweg - Schraubverschluss - Pfand: \u0080 2,40 - Fr\u00fcher wurde bei Vollmond die Saat ges\u00e4t - heute wird bei Vollmond abgef\u00fcllt.\" \/>\n<meta property=\"og:url\" content=\"https:\/\/shop.merolution.de\/index.php\/product\/st-leonards-vollmondabfuellung-aqua-luna-06-100\/\" \/>\n<meta property=\"og:site_name\" content=\"Getr\u00e4nke Schl\u00fcter Onlineshop\" \/>\n<meta property=\"og:image\" content=\"https:\/\/shop.merolution.de\/wp-content\/uploads\/2020\/05\/1472aPic1S1549717662_zz_SYS03DBPic-1.jpg\" \/>\n\t<meta property=\"og:image:width\" content=\"40\" \/>\n\t<meta property=\"og:image:height\" content=\"100\" \/>\n\t<meta property=\"og:image:type\" content=\"image\/jpeg\" \/>\n<meta name=\"twitter:card\" content=\"summary_large_image\" \/>\n<script type=\"application\/ld+json\" class=\"yoast-schema-graph\">{\"@context\":\"https:\/\/schema.org\",\"@graph\":[{\"@type\":\"WebPage\",\"@id\":\"https:\/\/shop.merolution.de\/index.php\/product\/st-leonards-vollmondabfuellung-aqua-luna-06-100\/\",\"url\":\"https:\/\/shop.merolution.de\/index.php\/product\/st-leonards-vollmondabfuellung-aqua-luna-06-100\/\",\"name\":\"St. Leonards Vollmondabf\u00fcllung (Aqua Luna) - 06\/1,00 - Getr\u00e4nke Schl\u00fcter Onlineshop\",\"isPartOf\":{\"@id\":\"https:\/\/shop.merolution.de\/#website\"},\"datePublished\":\"2020-05-28T09:58:46+00:00\",\"dateModified\":\"2020-05-28T09:58:46+00:00\",\"breadcrumb\":{\"@id\":\"https:\/\/shop.merolution.de\/index.php\/product\/st-leonards-vollmondabfuellung-aqua-luna-06-100\/#breadcrumb\"},\"inLanguage\":\"de\",\"potentialAction\":[{\"@type\":\"ReadAction\",\"target\":[\"https:\/\/shop.merolution.de\/index.php\/product\/st-leonards-vollmondabfuellung-aqua-luna-06-100\/\"]}]},{\"@type\":\"BreadcrumbList\",\"@id\":\"https:\/\/shop.merolution.de\/index.php\/product\/st-leonards-vollmondabfuellung-aqua-luna-06-100\/#breadcrumb\",\"itemListElement\":[{\"@type\":\"ListItem\",\"position\":1,\"name\":\"Home\",\"item\":\"https:\/\/shop.merolution.de\/\"},{\"@type\":\"ListItem\",\"position\":2,\"name\":\"Shop\",\"item\":\"https:\/\/shop.merolution.de\/\"},{\"@type\":\"ListItem\",\"position\":3,\"name\":\"St. Leonards Vollmondabf\u00fcllung (Aqua Luna) &#8211; 06\/1,00\"}]},{\"@type\":\"WebSite\",\"@id\":\"https:\/\/shop.merolution.de\/#website\",\"url\":\"https:\/\/shop.merolution.de\/\",\"name\":\"Getr\u00e4nke Schl\u00fcter Onlineshop\",\"description\":\"Ihr Getr\u00e4nke-Partner in Hannover\",\"potentialAction\":[{\"@type\":\"SearchAction\",\"target\":{\"@type\":\"EntryPoint\",\"urlTemplate\":\"https:\/\/shop.merolution.de\/?s={search_term_string}\"},\"query-input\":\"required name=search_term_string\"}],\"inLanguage\":\"de\"}]}<\/script>\n<!-- \/ Yoast SEO plugin. -->","yoast_head_json":{"title":"St. Leonards Vollmondabf\u00fcllung (Aqua Luna) - 06\/1,00 - Getr\u00e4nke Schl\u00fcter Onlineshop","robots":{"index":"noindex","follow":"follow","max-snippet":"max-snippet:-1","max-image-preview":"max-image-preview:large","max-video-preview":"max-video-preview:-1"},"og_locale":"de_DE","og_type":"article","og_title":"St. Leonards Vollmondabf\u00fcllung (Aqua Luna) - 06\/1,00 - Getr\u00e4nke Schl\u00fcter Onlineshop","og_description":"0x\/1,00 Vollmondabf\u00fcllung - Quellwasser, 1 Liter, ohne Kohlens\u00e4ure, am Vollmondtag abgef\u00fcllt direkt am Quellort Bad Leonhardspfunzen, Stephanskirchen - Glas Mehrweg - Schraubverschluss - Pfand: \u0080 2,40 - Fr\u00fcher wurde bei Vollmond die Saat ges\u00e4t - heute wird bei Vollmond abgef\u00fcllt.","og_url":"https:\/\/shop.merolution.de\/index.php\/product\/st-leonards-vollmondabfuellung-aqua-luna-06-100\/","og_site_name":"Getr\u00e4nke Schl\u00fcter Onlineshop","og_image":[{"width":40,"height":100,"url":"https:\/\/shop.merolution.de\/wp-content\/uploads\/2020\/05\/1472aPic1S1549717662_zz_SYS03DBPic-1.jpg","type":"image\/jpeg"}],"twitter_card":"summary_large_image","schema":{"@context":"https:\/\/schema.org","@graph":[{"@type":"WebPage","@id":"https:\/\/shop.merolution.de\/index.php\/product\/st-leonards-vollmondabfuellung-aqua-luna-06-100\/","url":"https:\/\/shop.merolution.de\/index.php\/product\/st-leonards-vollmondabfuellung-aqua-luna-06-100\/","name":"St. Leonards Vollmondabf\u00fcllung (Aqua Luna) - 06\/1,00 - Getr\u00e4nke Schl\u00fcter Onlineshop","isPartOf":{"@id":"https:\/\/shop.merolution.de\/#website"},"datePublished":"2020-05-28T09:58:46+00:00","dateModified":"2020-05-28T09:58:46+00:00","breadcrumb":{"@id":"https:\/\/shop.merolution.de\/index.php\/product\/st-leonards-vollmondabfuellung-aqua-luna-06-100\/#breadcrumb"},"inLanguage":"de","potentialAction":[{"@type":"ReadAction","target":["https:\/\/shop.merolution.de\/index.php\/product\/st-leonards-vollmondabfuellung-aqua-luna-06-100\/"]}]},{"@type":"BreadcrumbList","@id":"https:\/\/shop.merolution.de\/index.php\/product\/st-leonards-vollmondabfuellung-aqua-luna-06-100\/#breadcrumb","itemListElement":[{"@type":"ListItem","position":1,"name":"Home","item":"https:\/\/shop.merolution.de\/"},{"@type":"ListItem","position":2,"name":"Shop","item":"https:\/\/shop.merolution.de\/"},{"@type":"ListItem","position":3,"name":"St. Leonards Vollmondabf\u00fcllung (Aqua Luna) &#8211; 06\/1,00"}]},{"@type":"WebSite","@id":"https:\/\/shop.merolution.de\/#website","url":"https:\/\/shop.merolution.de\/","name":"Getr\u00e4nke Schl\u00fcter Onlineshop","description":"Ihr Getr\u00e4nke-Partner in Hannover","potentialAction":[{"@type":"SearchAction","target":{"@type":"EntryPoint","urlTemplate":"https:\/\/shop.merolution.de\/?s={search_term_string}"},"query-input":"required name=search_term_string"}],"inLanguage":"de"}]}},"_links":{"self":[{"href":"https:\/\/shop.merolution.de\/index.php\/wp-json\/wp\/v2\/product\/2141"}],"collection":[{"href":"https:\/\/shop.merolution.de\/index.php\/wp-json\/wp\/v2\/product"}],"about":[{"href":"https:\/\/shop.merolution.de\/index.php\/wp-json\/wp\/v2\/types\/product"}],"replies":[{"embeddable":true,"href":"https:\/\/shop.merolution.de\/index.php\/wp-json\/wp\/v2\/comments?post=2141"}],"wp:featuredmedia":[{"embeddable":true,"href":"https:\/\/shop.merolution.de\/index.php\/wp-json\/wp\/v2\/media\/2142"}],"wp:attachment":[{"href":"https:\/\/shop.merolution.de\/index.php\/wp-json\/wp\/v2\/media?parent=2141"}],"wp:term":[{"taxonomy":"product_cat","embeddable":true,"href":"https:\/\/shop.merolution.de\/index.php\/wp-json\/wp\/v2\/product_cat?post=2141"},{"taxonomy":"product_tag","embeddable":true,"href":"https:\/\/shop.merolution.de\/index.php\/wp-json\/wp\/v2\/product_tag?post=2141"}],"curies":[{"name":"wp","href":"https:\/\/api.w.org\/{rel}","templated":true}]}}