{"id":2162,"date":"2020-05-28T09:58:48","date_gmt":"2020-05-28T09:58:48","guid":{"rendered":"https:\/\/shop.merolution.de\/index.php\/product\/st-leonards-lichtquelle-quellwasser-06-100\/"},"modified":"2020-05-28T09:58:48","modified_gmt":"2020-05-28T09:58:48","slug":"st-leonards-lichtquelle-quellwasser-06-100","status":"publish","type":"product","link":"https:\/\/shop.merolution.de\/index.php\/product\/st-leonards-lichtquelle-quellwasser-06-100\/","title":{"rendered":"St. Leonards Lichtquelle Quellwasser &#8211; 06\/1,00"},"content":{"rendered":"<p>06*1,00 Lichtquelle &#8211; 1 Liter Quellwasser ohne Kohlens\u00e4ure, t\u00e4glich abgef\u00fcllt am Quellort Bad Leonhardspfunzen, Stephanskirchen &#8211; Originaltext des Herstellers: Das Licht in sich entdecken: Den biophysikalischen Messungen zufolge enth\u00e4lt die Lichtquelle alle 7 Frequenzen des Lichts.Beim Regenbogen werden dieses Spektralfarben sichtbar. F\u00fcr uns bei St. Leonhards ist die Lichtquelle immer wieder eine Erinnerung, auch in Stre\u00dfsituationen oder Stimmungstiefs das innere Licht zu bewahren.Wie auch die anderen W\u00e4sser hat die Lichtquelle einen artesischen Ursprung und ist eine eigene Quelle mit einem spezifischen Profil. Dieses zeigt sich als geschmacklicher Unterschied beim Sensorik-Test.<\/p>\n","protected":false},"excerpt":{"rendered":"<p>06&#215;1,00 Lichtquelle &#8211; 1 Liter Quellwasser ohne Kohlens\u00e4ure, t\u00e4glich abgef\u00fcllt am Quellort Bad Leonhardspfunzen, Stephanskirchen &#8211; Glas Mehrweg &#8211; Schraubverschluss &#8211; Pfand: \u0080 2,40<\/p>\n","protected":false},"featured_media":2163,"comment_status":"open","ping_status":"closed","template":"","meta":[],"product_cat":[60],"product_tag":[],"yoast_head":"<!-- This site is optimized with the Yoast SEO plugin v19.14 - https:\/\/yoast.com\/wordpress\/plugins\/seo\/ -->\n<title>St. Leonards Lichtquelle Quellwasser - 06\/1,00 - Getr\u00e4nke Schl\u00fcter Onlineshop<\/title>\n<meta name=\"robots\" content=\"noindex, follow, max-snippet:-1, max-image-preview:large, max-video-preview:-1\" \/>\n<meta property=\"og:locale\" content=\"de_DE\" \/>\n<meta property=\"og:type\" content=\"article\" \/>\n<meta property=\"og:title\" content=\"St. Leonards Lichtquelle Quellwasser - 06\/1,00 - Getr\u00e4nke Schl\u00fcter Onlineshop\" \/>\n<meta property=\"og:description\" content=\"06x1,00 Lichtquelle - 1 Liter Quellwasser ohne Kohlens\u00e4ure, t\u00e4glich abgef\u00fcllt am Quellort Bad Leonhardspfunzen, Stephanskirchen - Glas Mehrweg - Schraubverschluss - Pfand: \u0080 2,40\" \/>\n<meta property=\"og:url\" content=\"https:\/\/shop.merolution.de\/index.php\/product\/st-leonards-lichtquelle-quellwasser-06-100\/\" \/>\n<meta property=\"og:site_name\" content=\"Getr\u00e4nke Schl\u00fcter Onlineshop\" \/>\n<meta property=\"og:image\" content=\"https:\/\/shop.merolution.de\/wp-content\/uploads\/2020\/05\/1610aPic1S2100781509_zz_SYS03DBPic-3.jpg\" \/>\n\t<meta property=\"og:image:width\" content=\"40\" \/>\n\t<meta property=\"og:image:height\" content=\"100\" \/>\n\t<meta property=\"og:image:type\" content=\"image\/jpeg\" \/>\n<meta name=\"twitter:card\" content=\"summary_large_image\" \/>\n<script type=\"application\/ld+json\" class=\"yoast-schema-graph\">{\"@context\":\"https:\/\/schema.org\",\"@graph\":[{\"@type\":\"WebPage\",\"@id\":\"https:\/\/shop.merolution.de\/index.php\/product\/st-leonards-lichtquelle-quellwasser-06-100\/\",\"url\":\"https:\/\/shop.merolution.de\/index.php\/product\/st-leonards-lichtquelle-quellwasser-06-100\/\",\"name\":\"St. Leonards Lichtquelle Quellwasser - 06\/1,00 - Getr\u00e4nke Schl\u00fcter Onlineshop\",\"isPartOf\":{\"@id\":\"https:\/\/shop.merolution.de\/#website\"},\"datePublished\":\"2020-05-28T09:58:48+00:00\",\"dateModified\":\"2020-05-28T09:58:48+00:00\",\"breadcrumb\":{\"@id\":\"https:\/\/shop.merolution.de\/index.php\/product\/st-leonards-lichtquelle-quellwasser-06-100\/#breadcrumb\"},\"inLanguage\":\"de\",\"potentialAction\":[{\"@type\":\"ReadAction\",\"target\":[\"https:\/\/shop.merolution.de\/index.php\/product\/st-leonards-lichtquelle-quellwasser-06-100\/\"]}]},{\"@type\":\"BreadcrumbList\",\"@id\":\"https:\/\/shop.merolution.de\/index.php\/product\/st-leonards-lichtquelle-quellwasser-06-100\/#breadcrumb\",\"itemListElement\":[{\"@type\":\"ListItem\",\"position\":1,\"name\":\"Home\",\"item\":\"https:\/\/shop.merolution.de\/\"},{\"@type\":\"ListItem\",\"position\":2,\"name\":\"Shop\",\"item\":\"https:\/\/shop.merolution.de\/\"},{\"@type\":\"ListItem\",\"position\":3,\"name\":\"St. Leonards Lichtquelle Quellwasser &#8211; 06\/1,00\"}]},{\"@type\":\"WebSite\",\"@id\":\"https:\/\/shop.merolution.de\/#website\",\"url\":\"https:\/\/shop.merolution.de\/\",\"name\":\"Getr\u00e4nke Schl\u00fcter Onlineshop\",\"description\":\"Ihr Getr\u00e4nke-Partner in Hannover\",\"potentialAction\":[{\"@type\":\"SearchAction\",\"target\":{\"@type\":\"EntryPoint\",\"urlTemplate\":\"https:\/\/shop.merolution.de\/?s={search_term_string}\"},\"query-input\":\"required name=search_term_string\"}],\"inLanguage\":\"de\"}]}<\/script>\n<!-- \/ Yoast SEO plugin. -->","yoast_head_json":{"title":"St. Leonards Lichtquelle Quellwasser - 06\/1,00 - Getr\u00e4nke Schl\u00fcter Onlineshop","robots":{"index":"noindex","follow":"follow","max-snippet":"max-snippet:-1","max-image-preview":"max-image-preview:large","max-video-preview":"max-video-preview:-1"},"og_locale":"de_DE","og_type":"article","og_title":"St. Leonards Lichtquelle Quellwasser - 06\/1,00 - Getr\u00e4nke Schl\u00fcter Onlineshop","og_description":"06x1,00 Lichtquelle - 1 Liter Quellwasser ohne Kohlens\u00e4ure, t\u00e4glich abgef\u00fcllt am Quellort Bad Leonhardspfunzen, Stephanskirchen - Glas Mehrweg - Schraubverschluss - Pfand: \u0080 2,40","og_url":"https:\/\/shop.merolution.de\/index.php\/product\/st-leonards-lichtquelle-quellwasser-06-100\/","og_site_name":"Getr\u00e4nke Schl\u00fcter Onlineshop","og_image":[{"width":40,"height":100,"url":"https:\/\/shop.merolution.de\/wp-content\/uploads\/2020\/05\/1610aPic1S2100781509_zz_SYS03DBPic-3.jpg","type":"image\/jpeg"}],"twitter_card":"summary_large_image","schema":{"@context":"https:\/\/schema.org","@graph":[{"@type":"WebPage","@id":"https:\/\/shop.merolution.de\/index.php\/product\/st-leonards-lichtquelle-quellwasser-06-100\/","url":"https:\/\/shop.merolution.de\/index.php\/product\/st-leonards-lichtquelle-quellwasser-06-100\/","name":"St. Leonards Lichtquelle Quellwasser - 06\/1,00 - Getr\u00e4nke Schl\u00fcter Onlineshop","isPartOf":{"@id":"https:\/\/shop.merolution.de\/#website"},"datePublished":"2020-05-28T09:58:48+00:00","dateModified":"2020-05-28T09:58:48+00:00","breadcrumb":{"@id":"https:\/\/shop.merolution.de\/index.php\/product\/st-leonards-lichtquelle-quellwasser-06-100\/#breadcrumb"},"inLanguage":"de","potentialAction":[{"@type":"ReadAction","target":["https:\/\/shop.merolution.de\/index.php\/product\/st-leonards-lichtquelle-quellwasser-06-100\/"]}]},{"@type":"BreadcrumbList","@id":"https:\/\/shop.merolution.de\/index.php\/product\/st-leonards-lichtquelle-quellwasser-06-100\/#breadcrumb","itemListElement":[{"@type":"ListItem","position":1,"name":"Home","item":"https:\/\/shop.merolution.de\/"},{"@type":"ListItem","position":2,"name":"Shop","item":"https:\/\/shop.merolution.de\/"},{"@type":"ListItem","position":3,"name":"St. Leonards Lichtquelle Quellwasser &#8211; 06\/1,00"}]},{"@type":"WebSite","@id":"https:\/\/shop.merolution.de\/#website","url":"https:\/\/shop.merolution.de\/","name":"Getr\u00e4nke Schl\u00fcter Onlineshop","description":"Ihr Getr\u00e4nke-Partner in Hannover","potentialAction":[{"@type":"SearchAction","target":{"@type":"EntryPoint","urlTemplate":"https:\/\/shop.merolution.de\/?s={search_term_string}"},"query-input":"required name=search_term_string"}],"inLanguage":"de"}]}},"_links":{"self":[{"href":"https:\/\/shop.merolution.de\/index.php\/wp-json\/wp\/v2\/product\/2162"}],"collection":[{"href":"https:\/\/shop.merolution.de\/index.php\/wp-json\/wp\/v2\/product"}],"about":[{"href":"https:\/\/shop.merolution.de\/index.php\/wp-json\/wp\/v2\/types\/product"}],"replies":[{"embeddable":true,"href":"https:\/\/shop.merolution.de\/index.php\/wp-json\/wp\/v2\/comments?post=2162"}],"wp:featuredmedia":[{"embeddable":true,"href":"https:\/\/shop.merolution.de\/index.php\/wp-json\/wp\/v2\/media\/2163"}],"wp:attachment":[{"href":"https:\/\/shop.merolution.de\/index.php\/wp-json\/wp\/v2\/media?parent=2162"}],"wp:term":[{"taxonomy":"product_cat","embeddable":true,"href":"https:\/\/shop.merolution.de\/index.php\/wp-json\/wp\/v2\/product_cat?post=2162"},{"taxonomy":"product_tag","embeddable":true,"href":"https:\/\/shop.merolution.de\/index.php\/wp-json\/wp\/v2\/product_tag?post=2162"}],"curies":[{"name":"wp","href":"https:\/\/api.w.org\/{rel}","templated":true}]}}