{"id":2164,"date":"2020-05-28T09:58:49","date_gmt":"2020-05-28T09:58:49","guid":{"rendered":"https:\/\/shop.merolution.de\/index.php\/product\/selters-025-gourmet-naturell-24-025\/"},"modified":"2020-05-28T09:58:49","modified_gmt":"2020-05-28T09:58:49","slug":"selters-025-gourmet-naturell-24-025","status":"publish","type":"product","link":"https:\/\/shop.merolution.de\/index.php\/product\/selters-025-gourmet-naturell-24-025\/","title":{"rendered":"Selters 0,25 Gourmet naturell ** &#8211; 24\/0,25"},"content":{"rendered":"<p>24\/0,25 &#8211; Selters Mineralwasser ohne Kohlens\u00e4ure &#8211; Ganz ohne Kohlens\u00e4ure still nat\u00fcrlich, eignet sich SELTERS Naturell als hervorragende Begleitung f\u00fcr feine Tischkultur oder zum Wein und Kaffee. Seine dezente Mineralisierung rundet zum Beispiel den kr\u00e4ftigen Geschmackseindruck stark gew\u00fcrzter Speisen bek\u00f6mmlich ab.Als idealer Weinbegleiter ausgezeichnet l\u00e4sst SELTERS NATURELL z.B. im Barrique ausgebaute, kraftvolle Wei\u00df- und Rotweine mit ausgepr\u00e4gter S\u00e4ure bestens zur Geltung kommen.- Glas Mehrweg Kronkorken &#8211; Pfand \u0080 5,10<\/p>\n","protected":false},"excerpt":{"rendered":"<p>24\/0,25 &#8211; Selters &#8211; Mineralwasser ohne Kohlens\u00e4ure &#8211; Glas Mehrweg Kronkorken &#8211; Pfand \u0080 5,10<\/p>\n","protected":false},"featured_media":2165,"comment_status":"open","ping_status":"closed","template":"","meta":[],"product_cat":[60],"product_tag":[],"yoast_head":"<!-- This site is optimized with the Yoast SEO plugin v19.14 - https:\/\/yoast.com\/wordpress\/plugins\/seo\/ -->\n<title>Selters 0,25 Gourmet naturell ** - 24\/0,25 - Getr\u00e4nke Schl\u00fcter Onlineshop<\/title>\n<meta name=\"robots\" content=\"noindex, follow, max-snippet:-1, max-image-preview:large, max-video-preview:-1\" \/>\n<meta property=\"og:locale\" content=\"de_DE\" \/>\n<meta property=\"og:type\" content=\"article\" \/>\n<meta property=\"og:title\" content=\"Selters 0,25 Gourmet naturell ** - 24\/0,25 - Getr\u00e4nke Schl\u00fcter Onlineshop\" \/>\n<meta property=\"og:description\" content=\"24\/0,25 - Selters - Mineralwasser ohne Kohlens\u00e4ure - Glas Mehrweg Kronkorken - Pfand \u0080 5,10\" \/>\n<meta property=\"og:url\" content=\"https:\/\/shop.merolution.de\/index.php\/product\/selters-025-gourmet-naturell-24-025\/\" \/>\n<meta property=\"og:site_name\" content=\"Getr\u00e4nke Schl\u00fcter Onlineshop\" \/>\n<meta property=\"og:image\" content=\"https:\/\/shop.merolution.de\/wp-content\/uploads\/2020\/05\/selters-logo-klein-aid-1644s.jpg\" \/>\n\t<meta property=\"og:image:width\" content=\"150\" \/>\n\t<meta property=\"og:image:height\" content=\"62\" \/>\n\t<meta property=\"og:image:type\" content=\"image\/jpeg\" \/>\n<meta name=\"twitter:card\" content=\"summary_large_image\" \/>\n<script type=\"application\/ld+json\" class=\"yoast-schema-graph\">{\"@context\":\"https:\/\/schema.org\",\"@graph\":[{\"@type\":\"WebPage\",\"@id\":\"https:\/\/shop.merolution.de\/index.php\/product\/selters-025-gourmet-naturell-24-025\/\",\"url\":\"https:\/\/shop.merolution.de\/index.php\/product\/selters-025-gourmet-naturell-24-025\/\",\"name\":\"Selters 0,25 Gourmet naturell ** - 24\/0,25 - Getr\u00e4nke Schl\u00fcter Onlineshop\",\"isPartOf\":{\"@id\":\"https:\/\/shop.merolution.de\/#website\"},\"datePublished\":\"2020-05-28T09:58:49+00:00\",\"dateModified\":\"2020-05-28T09:58:49+00:00\",\"breadcrumb\":{\"@id\":\"https:\/\/shop.merolution.de\/index.php\/product\/selters-025-gourmet-naturell-24-025\/#breadcrumb\"},\"inLanguage\":\"de\",\"potentialAction\":[{\"@type\":\"ReadAction\",\"target\":[\"https:\/\/shop.merolution.de\/index.php\/product\/selters-025-gourmet-naturell-24-025\/\"]}]},{\"@type\":\"BreadcrumbList\",\"@id\":\"https:\/\/shop.merolution.de\/index.php\/product\/selters-025-gourmet-naturell-24-025\/#breadcrumb\",\"itemListElement\":[{\"@type\":\"ListItem\",\"position\":1,\"name\":\"Home\",\"item\":\"https:\/\/shop.merolution.de\/\"},{\"@type\":\"ListItem\",\"position\":2,\"name\":\"Shop\",\"item\":\"https:\/\/shop.merolution.de\/\"},{\"@type\":\"ListItem\",\"position\":3,\"name\":\"Selters 0,25 Gourmet naturell ** &#8211; 24\/0,25\"}]},{\"@type\":\"WebSite\",\"@id\":\"https:\/\/shop.merolution.de\/#website\",\"url\":\"https:\/\/shop.merolution.de\/\",\"name\":\"Getr\u00e4nke Schl\u00fcter Onlineshop\",\"description\":\"Ihr Getr\u00e4nke-Partner in Hannover\",\"potentialAction\":[{\"@type\":\"SearchAction\",\"target\":{\"@type\":\"EntryPoint\",\"urlTemplate\":\"https:\/\/shop.merolution.de\/?s={search_term_string}\"},\"query-input\":\"required name=search_term_string\"}],\"inLanguage\":\"de\"}]}<\/script>\n<!-- \/ Yoast SEO plugin. -->","yoast_head_json":{"title":"Selters 0,25 Gourmet naturell ** - 24\/0,25 - Getr\u00e4nke Schl\u00fcter Onlineshop","robots":{"index":"noindex","follow":"follow","max-snippet":"max-snippet:-1","max-image-preview":"max-image-preview:large","max-video-preview":"max-video-preview:-1"},"og_locale":"de_DE","og_type":"article","og_title":"Selters 0,25 Gourmet naturell ** - 24\/0,25 - Getr\u00e4nke Schl\u00fcter Onlineshop","og_description":"24\/0,25 - Selters - Mineralwasser ohne Kohlens\u00e4ure - Glas Mehrweg Kronkorken - Pfand \u0080 5,10","og_url":"https:\/\/shop.merolution.de\/index.php\/product\/selters-025-gourmet-naturell-24-025\/","og_site_name":"Getr\u00e4nke Schl\u00fcter Onlineshop","og_image":[{"width":150,"height":62,"url":"https:\/\/shop.merolution.de\/wp-content\/uploads\/2020\/05\/selters-logo-klein-aid-1644s.jpg","type":"image\/jpeg"}],"twitter_card":"summary_large_image","schema":{"@context":"https:\/\/schema.org","@graph":[{"@type":"WebPage","@id":"https:\/\/shop.merolution.de\/index.php\/product\/selters-025-gourmet-naturell-24-025\/","url":"https:\/\/shop.merolution.de\/index.php\/product\/selters-025-gourmet-naturell-24-025\/","name":"Selters 0,25 Gourmet naturell ** - 24\/0,25 - Getr\u00e4nke Schl\u00fcter Onlineshop","isPartOf":{"@id":"https:\/\/shop.merolution.de\/#website"},"datePublished":"2020-05-28T09:58:49+00:00","dateModified":"2020-05-28T09:58:49+00:00","breadcrumb":{"@id":"https:\/\/shop.merolution.de\/index.php\/product\/selters-025-gourmet-naturell-24-025\/#breadcrumb"},"inLanguage":"de","potentialAction":[{"@type":"ReadAction","target":["https:\/\/shop.merolution.de\/index.php\/product\/selters-025-gourmet-naturell-24-025\/"]}]},{"@type":"BreadcrumbList","@id":"https:\/\/shop.merolution.de\/index.php\/product\/selters-025-gourmet-naturell-24-025\/#breadcrumb","itemListElement":[{"@type":"ListItem","position":1,"name":"Home","item":"https:\/\/shop.merolution.de\/"},{"@type":"ListItem","position":2,"name":"Shop","item":"https:\/\/shop.merolution.de\/"},{"@type":"ListItem","position":3,"name":"Selters 0,25 Gourmet naturell ** &#8211; 24\/0,25"}]},{"@type":"WebSite","@id":"https:\/\/shop.merolution.de\/#website","url":"https:\/\/shop.merolution.de\/","name":"Getr\u00e4nke Schl\u00fcter Onlineshop","description":"Ihr Getr\u00e4nke-Partner in Hannover","potentialAction":[{"@type":"SearchAction","target":{"@type":"EntryPoint","urlTemplate":"https:\/\/shop.merolution.de\/?s={search_term_string}"},"query-input":"required name=search_term_string"}],"inLanguage":"de"}]}},"_links":{"self":[{"href":"https:\/\/shop.merolution.de\/index.php\/wp-json\/wp\/v2\/product\/2164"}],"collection":[{"href":"https:\/\/shop.merolution.de\/index.php\/wp-json\/wp\/v2\/product"}],"about":[{"href":"https:\/\/shop.merolution.de\/index.php\/wp-json\/wp\/v2\/types\/product"}],"replies":[{"embeddable":true,"href":"https:\/\/shop.merolution.de\/index.php\/wp-json\/wp\/v2\/comments?post=2164"}],"wp:featuredmedia":[{"embeddable":true,"href":"https:\/\/shop.merolution.de\/index.php\/wp-json\/wp\/v2\/media\/2165"}],"wp:attachment":[{"href":"https:\/\/shop.merolution.de\/index.php\/wp-json\/wp\/v2\/media?parent=2164"}],"wp:term":[{"taxonomy":"product_cat","embeddable":true,"href":"https:\/\/shop.merolution.de\/index.php\/wp-json\/wp\/v2\/product_cat?post=2164"},{"taxonomy":"product_tag","embeddable":true,"href":"https:\/\/shop.merolution.de\/index.php\/wp-json\/wp\/v2\/product_tag?post=2164"}],"curies":[{"name":"wp","href":"https:\/\/api.w.org\/{rel}","templated":true}]}}