{"id":2168,"date":"2020-05-28T09:58:49","date_gmt":"2020-05-28T09:58:49","guid":{"rendered":"https:\/\/shop.merolution.de\/index.php\/product\/st-leonards-sonnenquelle-quellwasser-06-100\/"},"modified":"2020-05-28T09:58:49","modified_gmt":"2020-05-28T09:58:49","slug":"st-leonards-sonnenquelle-quellwasser-06-100","status":"publish","type":"product","link":"https:\/\/shop.merolution.de\/index.php\/product\/st-leonards-sonnenquelle-quellwasser-06-100\/","title":{"rendered":"St. Leonards Sonnenquelle Quellwasser &#8211; 06\/1,00"},"content":{"rendered":"<p>06\/1,00 &#8211; Quellwasser, 1 Liter, ohne Kohlens\u00e4ure, abgef\u00fcllt direkt am Quellort: Bad Leonhardspfunzen, Stephanskirchen.Originaltext des Herstellers: Mit Sonne im Herzen &#8211; Die Sonnenquelle hat ihren Namen verdient: Bioenergetische Messungen haben ergeben, dass diese Quelle besonders viele Frequenzen im Bereich des Herzens aufweist. Das warme Orange der Sonnenquelle erinnert uns hier bei St. Leonhards t\u00e4glich daran, dass mit Sonne im Herzen alles leichter geht &#8211; In Liebe und Dankbarkeit &#8211; Wussten Sie \u00fcbrigens, dass diese Worte, die auf allen unseren W\u00e4ssern zu lesen sind, zu den energetisch st\u00e4rksten geh\u00f6ren? Der ber\u00fchmte Wasserforscher Masaru Emoto hat dies mit seinen Kristallen eindrucksvoll gezeigt.<\/p>\n","protected":false},"excerpt":{"rendered":"<p>06\/1,00 &#8211; Quellwasser, 1 Liter, ohne Kohlens\u00e4ure, abgef\u00fcllt direkt am Quellort: Bad Leonhardspfunzen, Stephanskirchen &#8211; Glas Mehrweg &#8211; Schraubverschluss &#8211; Pfand: \u0080 2,40<\/p>\n","protected":false},"featured_media":2169,"comment_status":"open","ping_status":"closed","template":"","meta":[],"product_cat":[60],"product_tag":[],"yoast_head":"<!-- This site is optimized with the Yoast SEO plugin v19.14 - https:\/\/yoast.com\/wordpress\/plugins\/seo\/ -->\n<title>St. Leonards Sonnenquelle Quellwasser - 06\/1,00 - Getr\u00e4nke Schl\u00fcter Onlineshop<\/title>\n<meta name=\"robots\" content=\"noindex, follow, max-snippet:-1, max-image-preview:large, max-video-preview:-1\" \/>\n<meta property=\"og:locale\" content=\"de_DE\" \/>\n<meta property=\"og:type\" content=\"article\" \/>\n<meta property=\"og:title\" content=\"St. Leonards Sonnenquelle Quellwasser - 06\/1,00 - Getr\u00e4nke Schl\u00fcter Onlineshop\" \/>\n<meta property=\"og:description\" content=\"06\/1,00 - Quellwasser, 1 Liter, ohne Kohlens\u00e4ure, abgef\u00fcllt direkt am Quellort: Bad Leonhardspfunzen, Stephanskirchen - Glas Mehrweg - Schraubverschluss - Pfand: \u0080 2,40\" \/>\n<meta property=\"og:url\" content=\"https:\/\/shop.merolution.de\/index.php\/product\/st-leonards-sonnenquelle-quellwasser-06-100\/\" \/>\n<meta property=\"og:site_name\" content=\"Getr\u00e4nke Schl\u00fcter Onlineshop\" \/>\n<meta property=\"og:image\" content=\"https:\/\/shop.merolution.de\/wp-content\/uploads\/2020\/05\/1647aPic1S1247394119_zz_SYS03DBPic.jpg\" \/>\n\t<meta property=\"og:image:width\" content=\"40\" \/>\n\t<meta property=\"og:image:height\" content=\"100\" \/>\n\t<meta property=\"og:image:type\" content=\"image\/jpeg\" \/>\n<meta name=\"twitter:card\" content=\"summary_large_image\" \/>\n<meta name=\"twitter:label1\" content=\"Gesch\u00e4tzte Lesezeit\" \/>\n\t<meta name=\"twitter:data1\" content=\"1\u00a0Minute\" \/>\n<script type=\"application\/ld+json\" class=\"yoast-schema-graph\">{\"@context\":\"https:\/\/schema.org\",\"@graph\":[{\"@type\":\"WebPage\",\"@id\":\"https:\/\/shop.merolution.de\/index.php\/product\/st-leonards-sonnenquelle-quellwasser-06-100\/\",\"url\":\"https:\/\/shop.merolution.de\/index.php\/product\/st-leonards-sonnenquelle-quellwasser-06-100\/\",\"name\":\"St. Leonards Sonnenquelle Quellwasser - 06\/1,00 - Getr\u00e4nke Schl\u00fcter Onlineshop\",\"isPartOf\":{\"@id\":\"https:\/\/shop.merolution.de\/#website\"},\"datePublished\":\"2020-05-28T09:58:49+00:00\",\"dateModified\":\"2020-05-28T09:58:49+00:00\",\"breadcrumb\":{\"@id\":\"https:\/\/shop.merolution.de\/index.php\/product\/st-leonards-sonnenquelle-quellwasser-06-100\/#breadcrumb\"},\"inLanguage\":\"de\",\"potentialAction\":[{\"@type\":\"ReadAction\",\"target\":[\"https:\/\/shop.merolution.de\/index.php\/product\/st-leonards-sonnenquelle-quellwasser-06-100\/\"]}]},{\"@type\":\"BreadcrumbList\",\"@id\":\"https:\/\/shop.merolution.de\/index.php\/product\/st-leonards-sonnenquelle-quellwasser-06-100\/#breadcrumb\",\"itemListElement\":[{\"@type\":\"ListItem\",\"position\":1,\"name\":\"Home\",\"item\":\"https:\/\/shop.merolution.de\/\"},{\"@type\":\"ListItem\",\"position\":2,\"name\":\"Shop\",\"item\":\"https:\/\/shop.merolution.de\/\"},{\"@type\":\"ListItem\",\"position\":3,\"name\":\"St. Leonards Sonnenquelle Quellwasser &#8211; 06\/1,00\"}]},{\"@type\":\"WebSite\",\"@id\":\"https:\/\/shop.merolution.de\/#website\",\"url\":\"https:\/\/shop.merolution.de\/\",\"name\":\"Getr\u00e4nke Schl\u00fcter Onlineshop\",\"description\":\"Ihr Getr\u00e4nke-Partner in Hannover\",\"potentialAction\":[{\"@type\":\"SearchAction\",\"target\":{\"@type\":\"EntryPoint\",\"urlTemplate\":\"https:\/\/shop.merolution.de\/?s={search_term_string}\"},\"query-input\":\"required name=search_term_string\"}],\"inLanguage\":\"de\"}]}<\/script>\n<!-- \/ Yoast SEO plugin. -->","yoast_head_json":{"title":"St. Leonards Sonnenquelle Quellwasser - 06\/1,00 - Getr\u00e4nke Schl\u00fcter Onlineshop","robots":{"index":"noindex","follow":"follow","max-snippet":"max-snippet:-1","max-image-preview":"max-image-preview:large","max-video-preview":"max-video-preview:-1"},"og_locale":"de_DE","og_type":"article","og_title":"St. Leonards Sonnenquelle Quellwasser - 06\/1,00 - Getr\u00e4nke Schl\u00fcter Onlineshop","og_description":"06\/1,00 - Quellwasser, 1 Liter, ohne Kohlens\u00e4ure, abgef\u00fcllt direkt am Quellort: Bad Leonhardspfunzen, Stephanskirchen - Glas Mehrweg - Schraubverschluss - Pfand: \u0080 2,40","og_url":"https:\/\/shop.merolution.de\/index.php\/product\/st-leonards-sonnenquelle-quellwasser-06-100\/","og_site_name":"Getr\u00e4nke Schl\u00fcter Onlineshop","og_image":[{"width":40,"height":100,"url":"https:\/\/shop.merolution.de\/wp-content\/uploads\/2020\/05\/1647aPic1S1247394119_zz_SYS03DBPic.jpg","type":"image\/jpeg"}],"twitter_card":"summary_large_image","twitter_misc":{"Gesch\u00e4tzte Lesezeit":"1\u00a0Minute"},"schema":{"@context":"https:\/\/schema.org","@graph":[{"@type":"WebPage","@id":"https:\/\/shop.merolution.de\/index.php\/product\/st-leonards-sonnenquelle-quellwasser-06-100\/","url":"https:\/\/shop.merolution.de\/index.php\/product\/st-leonards-sonnenquelle-quellwasser-06-100\/","name":"St. Leonards Sonnenquelle Quellwasser - 06\/1,00 - Getr\u00e4nke Schl\u00fcter Onlineshop","isPartOf":{"@id":"https:\/\/shop.merolution.de\/#website"},"datePublished":"2020-05-28T09:58:49+00:00","dateModified":"2020-05-28T09:58:49+00:00","breadcrumb":{"@id":"https:\/\/shop.merolution.de\/index.php\/product\/st-leonards-sonnenquelle-quellwasser-06-100\/#breadcrumb"},"inLanguage":"de","potentialAction":[{"@type":"ReadAction","target":["https:\/\/shop.merolution.de\/index.php\/product\/st-leonards-sonnenquelle-quellwasser-06-100\/"]}]},{"@type":"BreadcrumbList","@id":"https:\/\/shop.merolution.de\/index.php\/product\/st-leonards-sonnenquelle-quellwasser-06-100\/#breadcrumb","itemListElement":[{"@type":"ListItem","position":1,"name":"Home","item":"https:\/\/shop.merolution.de\/"},{"@type":"ListItem","position":2,"name":"Shop","item":"https:\/\/shop.merolution.de\/"},{"@type":"ListItem","position":3,"name":"St. Leonards Sonnenquelle Quellwasser &#8211; 06\/1,00"}]},{"@type":"WebSite","@id":"https:\/\/shop.merolution.de\/#website","url":"https:\/\/shop.merolution.de\/","name":"Getr\u00e4nke Schl\u00fcter Onlineshop","description":"Ihr Getr\u00e4nke-Partner in Hannover","potentialAction":[{"@type":"SearchAction","target":{"@type":"EntryPoint","urlTemplate":"https:\/\/shop.merolution.de\/?s={search_term_string}"},"query-input":"required name=search_term_string"}],"inLanguage":"de"}]}},"_links":{"self":[{"href":"https:\/\/shop.merolution.de\/index.php\/wp-json\/wp\/v2\/product\/2168"}],"collection":[{"href":"https:\/\/shop.merolution.de\/index.php\/wp-json\/wp\/v2\/product"}],"about":[{"href":"https:\/\/shop.merolution.de\/index.php\/wp-json\/wp\/v2\/types\/product"}],"replies":[{"embeddable":true,"href":"https:\/\/shop.merolution.de\/index.php\/wp-json\/wp\/v2\/comments?post=2168"}],"wp:featuredmedia":[{"embeddable":true,"href":"https:\/\/shop.merolution.de\/index.php\/wp-json\/wp\/v2\/media\/2169"}],"wp:attachment":[{"href":"https:\/\/shop.merolution.de\/index.php\/wp-json\/wp\/v2\/media?parent=2168"}],"wp:term":[{"taxonomy":"product_cat","embeddable":true,"href":"https:\/\/shop.merolution.de\/index.php\/wp-json\/wp\/v2\/product_cat?post=2168"},{"taxonomy":"product_tag","embeddable":true,"href":"https:\/\/shop.merolution.de\/index.php\/wp-json\/wp\/v2\/product_tag?post=2168"}],"curies":[{"name":"wp","href":"https:\/\/api.w.org\/{rel}","templated":true}]}}