{"id":2224,"date":"2020-05-28T09:58:57","date_gmt":"2020-05-28T09:58:57","guid":{"rendered":"https:\/\/shop.merolution.de\/index.php\/product\/foerstina-05-mineralwasser-medium-pet-12-050\/"},"modified":"2020-05-28T09:58:57","modified_gmt":"2020-05-28T09:58:57","slug":"foerstina-05-mineralwasser-medium-pet-12-050","status":"publish","type":"product","link":"https:\/\/shop.merolution.de\/index.php\/product\/foerstina-05-mineralwasser-medium-pet-12-050\/","title":{"rendered":"F\u00f6rstina 0,5 Mineralwasser medium pet &#8211; 12\/0,50"},"content":{"rendered":"<p>12\/0,50 (Mehrweg) Ein sanftes Mineralwasser der Spitzenklasse. Von h\u00f6chster Reinheit aus den unber\u00fchrten Tiefen der Rh\u00f6n und mit einem hohen Anteil wertvoller Mineralien. Dennoch ist der Natrium-Anteil \u00e4u\u00dferst gering &#8211; eine seltene Kombination. Ideal f\u00fcr Sport und Freizeit. Wer F\u00f6rstina Sprudel genie\u00dft, der versorgt sich gleich mit zwei wichtigen Mineralien: Calcium und Magnesium im optimalen Verh\u00e4ltnis.<\/p>\n","protected":false},"excerpt":{"rendered":"<p>12\/0,50 (Mehrweg) F\u00f6rstina-Sprudel Premium medium \u0096mit viel Magnesium und Calcium. Sanft und erfrischend. PET Mehrweg &#8211; Pfand: \u0080 3,30Ein sanftes Mineralwasser der Spitzenklasse. Von h\u00f6chster Reinheit aus den unber\u00fchrten Tiefen der Rh\u00f6n und mit einem hohen Anteil wertvoller Mineralien. Dennoch ist der Natrium-Anteil \u00e4u\u00dferst gering &#8211; eine seltene Kombination. Ideal f\u00fcr Sport und Freizeit. Wer F\u00f6rstina Sprudel genie\u00dft, der versorgt sich gleich mit zwei wichtigen Mineralien: Calcium und Magnesium im optimalen Verh\u00e4ltnis.<\/p>\n","protected":false},"featured_media":2225,"comment_status":"open","ping_status":"closed","template":"","meta":[],"product_cat":[61],"product_tag":[],"yoast_head":"<!-- This site is optimized with the Yoast SEO plugin v19.14 - https:\/\/yoast.com\/wordpress\/plugins\/seo\/ -->\n<title>F\u00f6rstina 0,5 Mineralwasser medium pet - 12\/0,50 - Getr\u00e4nke Schl\u00fcter Onlineshop<\/title>\n<meta name=\"robots\" content=\"noindex, follow, max-snippet:-1, max-image-preview:large, max-video-preview:-1\" \/>\n<meta property=\"og:locale\" content=\"de_DE\" \/>\n<meta property=\"og:type\" content=\"article\" \/>\n<meta property=\"og:title\" content=\"F\u00f6rstina 0,5 Mineralwasser medium pet - 12\/0,50 - Getr\u00e4nke Schl\u00fcter Onlineshop\" \/>\n<meta property=\"og:description\" content=\"12\/0,50 (Mehrweg) F\u00f6rstina-Sprudel Premium medium \u0096mit viel Magnesium und Calcium. Sanft und erfrischend. PET Mehrweg - Pfand: \u0080 3,30Ein sanftes Mineralwasser der Spitzenklasse. Von h\u00f6chster Reinheit aus den unber\u00fchrten Tiefen der Rh\u00f6n und mit einem hohen Anteil wertvoller Mineralien. Dennoch ist der Natrium-Anteil \u00e4u\u00dferst gering - eine seltene Kombination. Ideal f\u00fcr Sport und Freizeit. Wer F\u00f6rstina Sprudel genie\u00dft, der versorgt sich gleich mit zwei wichtigen Mineralien: Calcium und Magnesium im optimalen Verh\u00e4ltnis.\" \/>\n<meta property=\"og:url\" content=\"https:\/\/shop.merolution.de\/index.php\/product\/foerstina-05-mineralwasser-medium-pet-12-050\/\" \/>\n<meta property=\"og:site_name\" content=\"Getr\u00e4nke Schl\u00fcter Onlineshop\" \/>\n<meta property=\"og:image\" content=\"https:\/\/shop.merolution.de\/wp-content\/uploads\/2020\/05\/1544aPic1S612963926_zz_02C5-PET-Foerstina-still-Ka_.jpg\" \/>\n\t<meta property=\"og:image:width\" content=\"150\" \/>\n\t<meta property=\"og:image:height\" content=\"150\" \/>\n\t<meta property=\"og:image:type\" content=\"image\/jpeg\" \/>\n<meta name=\"twitter:card\" content=\"summary_large_image\" \/>\n<script type=\"application\/ld+json\" class=\"yoast-schema-graph\">{\"@context\":\"https:\/\/schema.org\",\"@graph\":[{\"@type\":\"WebPage\",\"@id\":\"https:\/\/shop.merolution.de\/index.php\/product\/foerstina-05-mineralwasser-medium-pet-12-050\/\",\"url\":\"https:\/\/shop.merolution.de\/index.php\/product\/foerstina-05-mineralwasser-medium-pet-12-050\/\",\"name\":\"F\u00f6rstina 0,5 Mineralwasser medium pet - 12\/0,50 - Getr\u00e4nke Schl\u00fcter Onlineshop\",\"isPartOf\":{\"@id\":\"https:\/\/shop.merolution.de\/#website\"},\"datePublished\":\"2020-05-28T09:58:57+00:00\",\"dateModified\":\"2020-05-28T09:58:57+00:00\",\"breadcrumb\":{\"@id\":\"https:\/\/shop.merolution.de\/index.php\/product\/foerstina-05-mineralwasser-medium-pet-12-050\/#breadcrumb\"},\"inLanguage\":\"de\",\"potentialAction\":[{\"@type\":\"ReadAction\",\"target\":[\"https:\/\/shop.merolution.de\/index.php\/product\/foerstina-05-mineralwasser-medium-pet-12-050\/\"]}]},{\"@type\":\"BreadcrumbList\",\"@id\":\"https:\/\/shop.merolution.de\/index.php\/product\/foerstina-05-mineralwasser-medium-pet-12-050\/#breadcrumb\",\"itemListElement\":[{\"@type\":\"ListItem\",\"position\":1,\"name\":\"Home\",\"item\":\"https:\/\/shop.merolution.de\/\"},{\"@type\":\"ListItem\",\"position\":2,\"name\":\"Shop\",\"item\":\"https:\/\/shop.merolution.de\/\"},{\"@type\":\"ListItem\",\"position\":3,\"name\":\"F\u00f6rstina 0,5 Mineralwasser medium pet &#8211; 12\/0,50\"}]},{\"@type\":\"WebSite\",\"@id\":\"https:\/\/shop.merolution.de\/#website\",\"url\":\"https:\/\/shop.merolution.de\/\",\"name\":\"Getr\u00e4nke Schl\u00fcter Onlineshop\",\"description\":\"Ihr Getr\u00e4nke-Partner in Hannover\",\"potentialAction\":[{\"@type\":\"SearchAction\",\"target\":{\"@type\":\"EntryPoint\",\"urlTemplate\":\"https:\/\/shop.merolution.de\/?s={search_term_string}\"},\"query-input\":\"required name=search_term_string\"}],\"inLanguage\":\"de\"}]}<\/script>\n<!-- \/ Yoast SEO plugin. -->","yoast_head_json":{"title":"F\u00f6rstina 0,5 Mineralwasser medium pet - 12\/0,50 - Getr\u00e4nke Schl\u00fcter Onlineshop","robots":{"index":"noindex","follow":"follow","max-snippet":"max-snippet:-1","max-image-preview":"max-image-preview:large","max-video-preview":"max-video-preview:-1"},"og_locale":"de_DE","og_type":"article","og_title":"F\u00f6rstina 0,5 Mineralwasser medium pet - 12\/0,50 - Getr\u00e4nke Schl\u00fcter Onlineshop","og_description":"12\/0,50 (Mehrweg) F\u00f6rstina-Sprudel Premium medium \u0096mit viel Magnesium und Calcium. Sanft und erfrischend. PET Mehrweg - Pfand: \u0080 3,30Ein sanftes Mineralwasser der Spitzenklasse. Von h\u00f6chster Reinheit aus den unber\u00fchrten Tiefen der Rh\u00f6n und mit einem hohen Anteil wertvoller Mineralien. Dennoch ist der Natrium-Anteil \u00e4u\u00dferst gering - eine seltene Kombination. Ideal f\u00fcr Sport und Freizeit. Wer F\u00f6rstina Sprudel genie\u00dft, der versorgt sich gleich mit zwei wichtigen Mineralien: Calcium und Magnesium im optimalen Verh\u00e4ltnis.","og_url":"https:\/\/shop.merolution.de\/index.php\/product\/foerstina-05-mineralwasser-medium-pet-12-050\/","og_site_name":"Getr\u00e4nke Schl\u00fcter Onlineshop","og_image":[{"width":150,"height":150,"url":"https:\/\/shop.merolution.de\/wp-content\/uploads\/2020\/05\/1544aPic1S612963926_zz_02C5-PET-Foerstina-still-Ka_.jpg","type":"image\/jpeg"}],"twitter_card":"summary_large_image","schema":{"@context":"https:\/\/schema.org","@graph":[{"@type":"WebPage","@id":"https:\/\/shop.merolution.de\/index.php\/product\/foerstina-05-mineralwasser-medium-pet-12-050\/","url":"https:\/\/shop.merolution.de\/index.php\/product\/foerstina-05-mineralwasser-medium-pet-12-050\/","name":"F\u00f6rstina 0,5 Mineralwasser medium pet - 12\/0,50 - Getr\u00e4nke Schl\u00fcter Onlineshop","isPartOf":{"@id":"https:\/\/shop.merolution.de\/#website"},"datePublished":"2020-05-28T09:58:57+00:00","dateModified":"2020-05-28T09:58:57+00:00","breadcrumb":{"@id":"https:\/\/shop.merolution.de\/index.php\/product\/foerstina-05-mineralwasser-medium-pet-12-050\/#breadcrumb"},"inLanguage":"de","potentialAction":[{"@type":"ReadAction","target":["https:\/\/shop.merolution.de\/index.php\/product\/foerstina-05-mineralwasser-medium-pet-12-050\/"]}]},{"@type":"BreadcrumbList","@id":"https:\/\/shop.merolution.de\/index.php\/product\/foerstina-05-mineralwasser-medium-pet-12-050\/#breadcrumb","itemListElement":[{"@type":"ListItem","position":1,"name":"Home","item":"https:\/\/shop.merolution.de\/"},{"@type":"ListItem","position":2,"name":"Shop","item":"https:\/\/shop.merolution.de\/"},{"@type":"ListItem","position":3,"name":"F\u00f6rstina 0,5 Mineralwasser medium pet &#8211; 12\/0,50"}]},{"@type":"WebSite","@id":"https:\/\/shop.merolution.de\/#website","url":"https:\/\/shop.merolution.de\/","name":"Getr\u00e4nke Schl\u00fcter Onlineshop","description":"Ihr Getr\u00e4nke-Partner in Hannover","potentialAction":[{"@type":"SearchAction","target":{"@type":"EntryPoint","urlTemplate":"https:\/\/shop.merolution.de\/?s={search_term_string}"},"query-input":"required name=search_term_string"}],"inLanguage":"de"}]}},"_links":{"self":[{"href":"https:\/\/shop.merolution.de\/index.php\/wp-json\/wp\/v2\/product\/2224"}],"collection":[{"href":"https:\/\/shop.merolution.de\/index.php\/wp-json\/wp\/v2\/product"}],"about":[{"href":"https:\/\/shop.merolution.de\/index.php\/wp-json\/wp\/v2\/types\/product"}],"replies":[{"embeddable":true,"href":"https:\/\/shop.merolution.de\/index.php\/wp-json\/wp\/v2\/comments?post=2224"}],"wp:featuredmedia":[{"embeddable":true,"href":"https:\/\/shop.merolution.de\/index.php\/wp-json\/wp\/v2\/media\/2225"}],"wp:attachment":[{"href":"https:\/\/shop.merolution.de\/index.php\/wp-json\/wp\/v2\/media?parent=2224"}],"wp:term":[{"taxonomy":"product_cat","embeddable":true,"href":"https:\/\/shop.merolution.de\/index.php\/wp-json\/wp\/v2\/product_cat?post=2224"},{"taxonomy":"product_tag","embeddable":true,"href":"https:\/\/shop.merolution.de\/index.php\/wp-json\/wp\/v2\/product_tag?post=2224"}],"curies":[{"name":"wp","href":"https:\/\/api.w.org\/{rel}","templated":true}]}}