{"id":2407,"date":"2020-05-28T09:59:25","date_gmt":"2020-05-28T09:59:25","guid":{"rendered":"https:\/\/shop.merolution.de\/index.php\/product\/creydt-kinderpunsch-alkoholfrei\/"},"modified":"2020-05-28T09:59:25","modified_gmt":"2020-05-28T09:59:25","slug":"creydt-kinderpunsch-alkoholfrei","status":"publish","type":"product","link":"https:\/\/shop.merolution.de\/index.php\/product\/creydt-kinderpunsch-alkoholfrei\/","title":{"rendered":"Creydt Kinderpunsch alkoholfrei **"},"content":{"rendered":"<p>06\/1,00 &#8211; Kinderpunsch alkoholfrei fertig gemischt mit Zuckerzusatz &#8211; in der umweltfreundlichen Glas-Mehrwegflasche &#8211; Pfand: \u0080 2,40 &#8211; Wussten Sie, dass der Kinder-Punsch w\u00e4hrend der Weihnachtszeit neben des klassischen Gl\u00fchweins, zu den beliebtesten Getr\u00e4nken z\u00e4hlt? Fruchtig beerig schmeckt dieser Punsch sowohl bei Zimmertemperatur als auch erw\u00e4rmt vorz\u00fcglich! Da der Kinderpunsch keinen Alkohol enth\u00e4lt, kann die herrliche Kombination aus verschiedenen Fr\u00fcchten von Jedem ohne Bedenken genossen werden &#8211; Zutaten: Wasser, Apfelsaft*, Holunderbeersaft*, Zucker, Johannisbeersaft*, Aromen* aus Fruchtsaftkonzentraten<\/p>\n","protected":false},"excerpt":{"rendered":"<p>06\/1,00 &#8211; Kinderpunsch alkoholfrei fertig gemischt mit Zuckerzusatz &#8211; in der umweltfreundlichen Glas-Mehrwegflasche &#8211; Pfand: \u0080 2,40 &#8211; Zutaten: Wasser, Apfelsaft*, Holunderbeersaft*, Zucker, Johannisbeersaft*, Aromen* aus Fruchtsaftkonzentraten<\/p>\n","protected":false},"featured_media":2408,"comment_status":"open","ping_status":"closed","template":"","meta":[],"product_cat":[63],"product_tag":[],"yoast_head":"<!-- This site is optimized with the Yoast SEO plugin v19.14 - https:\/\/yoast.com\/wordpress\/plugins\/seo\/ -->\n<title>Creydt Kinderpunsch alkoholfrei ** - Getr\u00e4nke Schl\u00fcter Onlineshop<\/title>\n<meta name=\"robots\" content=\"noindex, follow, max-snippet:-1, max-image-preview:large, max-video-preview:-1\" \/>\n<meta property=\"og:locale\" content=\"de_DE\" \/>\n<meta property=\"og:type\" content=\"article\" \/>\n<meta property=\"og:title\" content=\"Creydt Kinderpunsch alkoholfrei ** - Getr\u00e4nke Schl\u00fcter Onlineshop\" \/>\n<meta property=\"og:description\" content=\"06\/1,00 - Kinderpunsch alkoholfrei fertig gemischt mit Zuckerzusatz - in der umweltfreundlichen Glas-Mehrwegflasche - Pfand: \u0080 2,40 - Zutaten: Wasser, Apfelsaft*, Holunderbeersaft*, Zucker, Johannisbeersaft*, Aromen* aus Fruchtsaftkonzentraten\" \/>\n<meta property=\"og:url\" content=\"https:\/\/shop.merolution.de\/index.php\/product\/creydt-kinderpunsch-alkoholfrei\/\" \/>\n<meta property=\"og:site_name\" content=\"Getr\u00e4nke Schl\u00fcter Onlineshop\" \/>\n<meta property=\"og:image\" content=\"https:\/\/shop.merolution.de\/wp-content\/uploads\/2020\/05\/kinderpunsch-1l-lg-f6-aid-3429s.jpg\" \/>\n\t<meta property=\"og:image:width\" content=\"150\" \/>\n\t<meta property=\"og:image:height\" content=\"526\" \/>\n\t<meta property=\"og:image:type\" content=\"image\/jpeg\" \/>\n<meta name=\"twitter:card\" content=\"summary_large_image\" \/>\n<script type=\"application\/ld+json\" class=\"yoast-schema-graph\">{\"@context\":\"https:\/\/schema.org\",\"@graph\":[{\"@type\":\"WebPage\",\"@id\":\"https:\/\/shop.merolution.de\/index.php\/product\/creydt-kinderpunsch-alkoholfrei\/\",\"url\":\"https:\/\/shop.merolution.de\/index.php\/product\/creydt-kinderpunsch-alkoholfrei\/\",\"name\":\"Creydt Kinderpunsch alkoholfrei ** - Getr\u00e4nke Schl\u00fcter Onlineshop\",\"isPartOf\":{\"@id\":\"https:\/\/shop.merolution.de\/#website\"},\"datePublished\":\"2020-05-28T09:59:25+00:00\",\"dateModified\":\"2020-05-28T09:59:25+00:00\",\"breadcrumb\":{\"@id\":\"https:\/\/shop.merolution.de\/index.php\/product\/creydt-kinderpunsch-alkoholfrei\/#breadcrumb\"},\"inLanguage\":\"de\",\"potentialAction\":[{\"@type\":\"ReadAction\",\"target\":[\"https:\/\/shop.merolution.de\/index.php\/product\/creydt-kinderpunsch-alkoholfrei\/\"]}]},{\"@type\":\"BreadcrumbList\",\"@id\":\"https:\/\/shop.merolution.de\/index.php\/product\/creydt-kinderpunsch-alkoholfrei\/#breadcrumb\",\"itemListElement\":[{\"@type\":\"ListItem\",\"position\":1,\"name\":\"Home\",\"item\":\"https:\/\/shop.merolution.de\/\"},{\"@type\":\"ListItem\",\"position\":2,\"name\":\"Shop\",\"item\":\"https:\/\/shop.merolution.de\/\"},{\"@type\":\"ListItem\",\"position\":3,\"name\":\"Creydt Kinderpunsch alkoholfrei **\"}]},{\"@type\":\"WebSite\",\"@id\":\"https:\/\/shop.merolution.de\/#website\",\"url\":\"https:\/\/shop.merolution.de\/\",\"name\":\"Getr\u00e4nke Schl\u00fcter Onlineshop\",\"description\":\"Ihr Getr\u00e4nke-Partner in Hannover\",\"potentialAction\":[{\"@type\":\"SearchAction\",\"target\":{\"@type\":\"EntryPoint\",\"urlTemplate\":\"https:\/\/shop.merolution.de\/?s={search_term_string}\"},\"query-input\":\"required name=search_term_string\"}],\"inLanguage\":\"de\"}]}<\/script>\n<!-- \/ Yoast SEO plugin. -->","yoast_head_json":{"title":"Creydt Kinderpunsch alkoholfrei ** - Getr\u00e4nke Schl\u00fcter Onlineshop","robots":{"index":"noindex","follow":"follow","max-snippet":"max-snippet:-1","max-image-preview":"max-image-preview:large","max-video-preview":"max-video-preview:-1"},"og_locale":"de_DE","og_type":"article","og_title":"Creydt Kinderpunsch alkoholfrei ** - Getr\u00e4nke Schl\u00fcter Onlineshop","og_description":"06\/1,00 - Kinderpunsch alkoholfrei fertig gemischt mit Zuckerzusatz - in der umweltfreundlichen Glas-Mehrwegflasche - Pfand: \u0080 2,40 - Zutaten: Wasser, Apfelsaft*, Holunderbeersaft*, Zucker, Johannisbeersaft*, Aromen* aus Fruchtsaftkonzentraten","og_url":"https:\/\/shop.merolution.de\/index.php\/product\/creydt-kinderpunsch-alkoholfrei\/","og_site_name":"Getr\u00e4nke Schl\u00fcter Onlineshop","og_image":[{"width":150,"height":526,"url":"https:\/\/shop.merolution.de\/wp-content\/uploads\/2020\/05\/kinderpunsch-1l-lg-f6-aid-3429s.jpg","type":"image\/jpeg"}],"twitter_card":"summary_large_image","schema":{"@context":"https:\/\/schema.org","@graph":[{"@type":"WebPage","@id":"https:\/\/shop.merolution.de\/index.php\/product\/creydt-kinderpunsch-alkoholfrei\/","url":"https:\/\/shop.merolution.de\/index.php\/product\/creydt-kinderpunsch-alkoholfrei\/","name":"Creydt Kinderpunsch alkoholfrei ** - Getr\u00e4nke Schl\u00fcter Onlineshop","isPartOf":{"@id":"https:\/\/shop.merolution.de\/#website"},"datePublished":"2020-05-28T09:59:25+00:00","dateModified":"2020-05-28T09:59:25+00:00","breadcrumb":{"@id":"https:\/\/shop.merolution.de\/index.php\/product\/creydt-kinderpunsch-alkoholfrei\/#breadcrumb"},"inLanguage":"de","potentialAction":[{"@type":"ReadAction","target":["https:\/\/shop.merolution.de\/index.php\/product\/creydt-kinderpunsch-alkoholfrei\/"]}]},{"@type":"BreadcrumbList","@id":"https:\/\/shop.merolution.de\/index.php\/product\/creydt-kinderpunsch-alkoholfrei\/#breadcrumb","itemListElement":[{"@type":"ListItem","position":1,"name":"Home","item":"https:\/\/shop.merolution.de\/"},{"@type":"ListItem","position":2,"name":"Shop","item":"https:\/\/shop.merolution.de\/"},{"@type":"ListItem","position":3,"name":"Creydt Kinderpunsch alkoholfrei **"}]},{"@type":"WebSite","@id":"https:\/\/shop.merolution.de\/#website","url":"https:\/\/shop.merolution.de\/","name":"Getr\u00e4nke Schl\u00fcter Onlineshop","description":"Ihr Getr\u00e4nke-Partner in Hannover","potentialAction":[{"@type":"SearchAction","target":{"@type":"EntryPoint","urlTemplate":"https:\/\/shop.merolution.de\/?s={search_term_string}"},"query-input":"required name=search_term_string"}],"inLanguage":"de"}]}},"_links":{"self":[{"href":"https:\/\/shop.merolution.de\/index.php\/wp-json\/wp\/v2\/product\/2407"}],"collection":[{"href":"https:\/\/shop.merolution.de\/index.php\/wp-json\/wp\/v2\/product"}],"about":[{"href":"https:\/\/shop.merolution.de\/index.php\/wp-json\/wp\/v2\/types\/product"}],"replies":[{"embeddable":true,"href":"https:\/\/shop.merolution.de\/index.php\/wp-json\/wp\/v2\/comments?post=2407"}],"wp:featuredmedia":[{"embeddable":true,"href":"https:\/\/shop.merolution.de\/index.php\/wp-json\/wp\/v2\/media\/2408"}],"wp:attachment":[{"href":"https:\/\/shop.merolution.de\/index.php\/wp-json\/wp\/v2\/media?parent=2407"}],"wp:term":[{"taxonomy":"product_cat","embeddable":true,"href":"https:\/\/shop.merolution.de\/index.php\/wp-json\/wp\/v2\/product_cat?post=2407"},{"taxonomy":"product_tag","embeddable":true,"href":"https:\/\/shop.merolution.de\/index.php\/wp-json\/wp\/v2\/product_tag?post=2407"}],"curies":[{"name":"wp","href":"https:\/\/api.w.org\/{rel}","templated":true}]}}