{"id":2465,"date":"2020-05-28T09:59:33","date_gmt":"2020-05-28T09:59:33","guid":{"rendered":"https:\/\/shop.merolution.de\/index.php\/product\/creydt-cranberry-punsch-alkoholfrei-06-100\/"},"modified":"2020-05-28T09:59:33","modified_gmt":"2020-05-28T09:59:33","slug":"creydt-cranberry-punsch-alkoholfrei-06-100","status":"publish","type":"product","link":"https:\/\/shop.merolution.de\/index.php\/product\/creydt-cranberry-punsch-alkoholfrei-06-100\/","title":{"rendered":"Creydt Cranberry-Punsch alkoholfrei ** &#8211; 06\/1,00"},"content":{"rendered":"<p>06*1,00 Creydt Cranberrypunsch fertig gemischt alkoholfrei mit Zuckerzusatz &#8211; in der umweltfreundlichen Glas-Mehrweg-Flasche &#8211; Pfand: \u0080 2,40 &#8211; Wussten Sie, dass Cranberrys absolute Power\u00adpakete sind? Selten findet man so viele wertvolle Inhaltsstoffe vereint in einer Frucht. Die Natur hat hier ein ganz besonderes Fr\u00fcchtchen erschaffen. Abgestimmt mit Orangen- und Holunderbeersaft sowie feinen Aromen ergibt dies die herrlich schmeckende Komposition des Cranberry-Punsches. Leicht erhitzt ist er ein wahrer Genuss zur Winterzeit &#8211; Zutaten: Wasser, Cranberrysaft*, Orangensaft*, Zucker, Holunderbeersaft*, Aromen* aus Saftkonzentraten<\/p>\n","protected":false},"excerpt":{"rendered":"<p>06&#215;1,00 Creydt Cranberrypunsch fertig gemischt alkoholfrei mit Zuckerzusatz &#8211; in der umweltfreundlichen Glas-Mehrweg-Flasche &#8211; Pfand: \u0080 2,40 &#8211; Ein wahrer Genuss zur Winterzeit &#8211; Zutaten: Wasser, Cranberrysaft*, Orangensaft*, Zucker, Holunderbeersaft*, Aromen* aus Saftkonzentraten<\/p>\n","protected":false},"featured_media":2466,"comment_status":"open","ping_status":"closed","template":"","meta":[],"product_cat":[63],"product_tag":[],"yoast_head":"<!-- This site is optimized with the Yoast SEO plugin v19.14 - https:\/\/yoast.com\/wordpress\/plugins\/seo\/ -->\n<title>Creydt Cranberry-Punsch alkoholfrei ** - 06\/1,00 - Getr\u00e4nke Schl\u00fcter Onlineshop<\/title>\n<meta name=\"robots\" content=\"noindex, follow, max-snippet:-1, max-image-preview:large, max-video-preview:-1\" \/>\n<meta property=\"og:locale\" content=\"de_DE\" \/>\n<meta property=\"og:type\" content=\"article\" \/>\n<meta property=\"og:title\" content=\"Creydt Cranberry-Punsch alkoholfrei ** - 06\/1,00 - Getr\u00e4nke Schl\u00fcter Onlineshop\" \/>\n<meta property=\"og:description\" content=\"06x1,00 Creydt Cranberrypunsch fertig gemischt alkoholfrei mit Zuckerzusatz - in der umweltfreundlichen Glas-Mehrweg-Flasche - Pfand: \u0080 2,40 - Ein wahrer Genuss zur Winterzeit - Zutaten: Wasser, Cranberrysaft*, Orangensaft*, Zucker, Holunderbeersaft*, Aromen* aus Saftkonzentraten\" \/>\n<meta property=\"og:url\" content=\"https:\/\/shop.merolution.de\/index.php\/product\/creydt-cranberry-punsch-alkoholfrei-06-100\/\" \/>\n<meta property=\"og:site_name\" content=\"Getr\u00e4nke Schl\u00fcter Onlineshop\" \/>\n<meta property=\"og:image\" content=\"https:\/\/shop.merolution.de\/wp-content\/uploads\/2020\/05\/cranberrypunsch-1l-lg-f6-aid-4124s.jpg\" \/>\n\t<meta property=\"og:image:width\" content=\"150\" \/>\n\t<meta property=\"og:image:height\" content=\"526\" \/>\n\t<meta property=\"og:image:type\" content=\"image\/jpeg\" \/>\n<meta name=\"twitter:card\" content=\"summary_large_image\" \/>\n<script type=\"application\/ld+json\" class=\"yoast-schema-graph\">{\"@context\":\"https:\/\/schema.org\",\"@graph\":[{\"@type\":\"WebPage\",\"@id\":\"https:\/\/shop.merolution.de\/index.php\/product\/creydt-cranberry-punsch-alkoholfrei-06-100\/\",\"url\":\"https:\/\/shop.merolution.de\/index.php\/product\/creydt-cranberry-punsch-alkoholfrei-06-100\/\",\"name\":\"Creydt Cranberry-Punsch alkoholfrei ** - 06\/1,00 - Getr\u00e4nke Schl\u00fcter Onlineshop\",\"isPartOf\":{\"@id\":\"https:\/\/shop.merolution.de\/#website\"},\"datePublished\":\"2020-05-28T09:59:33+00:00\",\"dateModified\":\"2020-05-28T09:59:33+00:00\",\"breadcrumb\":{\"@id\":\"https:\/\/shop.merolution.de\/index.php\/product\/creydt-cranberry-punsch-alkoholfrei-06-100\/#breadcrumb\"},\"inLanguage\":\"de\",\"potentialAction\":[{\"@type\":\"ReadAction\",\"target\":[\"https:\/\/shop.merolution.de\/index.php\/product\/creydt-cranberry-punsch-alkoholfrei-06-100\/\"]}]},{\"@type\":\"BreadcrumbList\",\"@id\":\"https:\/\/shop.merolution.de\/index.php\/product\/creydt-cranberry-punsch-alkoholfrei-06-100\/#breadcrumb\",\"itemListElement\":[{\"@type\":\"ListItem\",\"position\":1,\"name\":\"Home\",\"item\":\"https:\/\/shop.merolution.de\/\"},{\"@type\":\"ListItem\",\"position\":2,\"name\":\"Shop\",\"item\":\"https:\/\/shop.merolution.de\/\"},{\"@type\":\"ListItem\",\"position\":3,\"name\":\"Creydt Cranberry-Punsch alkoholfrei ** &#8211; 06\/1,00\"}]},{\"@type\":\"WebSite\",\"@id\":\"https:\/\/shop.merolution.de\/#website\",\"url\":\"https:\/\/shop.merolution.de\/\",\"name\":\"Getr\u00e4nke Schl\u00fcter Onlineshop\",\"description\":\"Ihr Getr\u00e4nke-Partner in Hannover\",\"potentialAction\":[{\"@type\":\"SearchAction\",\"target\":{\"@type\":\"EntryPoint\",\"urlTemplate\":\"https:\/\/shop.merolution.de\/?s={search_term_string}\"},\"query-input\":\"required name=search_term_string\"}],\"inLanguage\":\"de\"}]}<\/script>\n<!-- \/ Yoast SEO plugin. -->","yoast_head_json":{"title":"Creydt Cranberry-Punsch alkoholfrei ** - 06\/1,00 - Getr\u00e4nke Schl\u00fcter Onlineshop","robots":{"index":"noindex","follow":"follow","max-snippet":"max-snippet:-1","max-image-preview":"max-image-preview:large","max-video-preview":"max-video-preview:-1"},"og_locale":"de_DE","og_type":"article","og_title":"Creydt Cranberry-Punsch alkoholfrei ** - 06\/1,00 - Getr\u00e4nke Schl\u00fcter Onlineshop","og_description":"06x1,00 Creydt Cranberrypunsch fertig gemischt alkoholfrei mit Zuckerzusatz - in der umweltfreundlichen Glas-Mehrweg-Flasche - Pfand: \u0080 2,40 - Ein wahrer Genuss zur Winterzeit - Zutaten: Wasser, Cranberrysaft*, Orangensaft*, Zucker, Holunderbeersaft*, Aromen* aus Saftkonzentraten","og_url":"https:\/\/shop.merolution.de\/index.php\/product\/creydt-cranberry-punsch-alkoholfrei-06-100\/","og_site_name":"Getr\u00e4nke Schl\u00fcter Onlineshop","og_image":[{"width":150,"height":526,"url":"https:\/\/shop.merolution.de\/wp-content\/uploads\/2020\/05\/cranberrypunsch-1l-lg-f6-aid-4124s.jpg","type":"image\/jpeg"}],"twitter_card":"summary_large_image","schema":{"@context":"https:\/\/schema.org","@graph":[{"@type":"WebPage","@id":"https:\/\/shop.merolution.de\/index.php\/product\/creydt-cranberry-punsch-alkoholfrei-06-100\/","url":"https:\/\/shop.merolution.de\/index.php\/product\/creydt-cranberry-punsch-alkoholfrei-06-100\/","name":"Creydt Cranberry-Punsch alkoholfrei ** - 06\/1,00 - Getr\u00e4nke Schl\u00fcter Onlineshop","isPartOf":{"@id":"https:\/\/shop.merolution.de\/#website"},"datePublished":"2020-05-28T09:59:33+00:00","dateModified":"2020-05-28T09:59:33+00:00","breadcrumb":{"@id":"https:\/\/shop.merolution.de\/index.php\/product\/creydt-cranberry-punsch-alkoholfrei-06-100\/#breadcrumb"},"inLanguage":"de","potentialAction":[{"@type":"ReadAction","target":["https:\/\/shop.merolution.de\/index.php\/product\/creydt-cranberry-punsch-alkoholfrei-06-100\/"]}]},{"@type":"BreadcrumbList","@id":"https:\/\/shop.merolution.de\/index.php\/product\/creydt-cranberry-punsch-alkoholfrei-06-100\/#breadcrumb","itemListElement":[{"@type":"ListItem","position":1,"name":"Home","item":"https:\/\/shop.merolution.de\/"},{"@type":"ListItem","position":2,"name":"Shop","item":"https:\/\/shop.merolution.de\/"},{"@type":"ListItem","position":3,"name":"Creydt Cranberry-Punsch alkoholfrei ** &#8211; 06\/1,00"}]},{"@type":"WebSite","@id":"https:\/\/shop.merolution.de\/#website","url":"https:\/\/shop.merolution.de\/","name":"Getr\u00e4nke Schl\u00fcter Onlineshop","description":"Ihr Getr\u00e4nke-Partner in Hannover","potentialAction":[{"@type":"SearchAction","target":{"@type":"EntryPoint","urlTemplate":"https:\/\/shop.merolution.de\/?s={search_term_string}"},"query-input":"required name=search_term_string"}],"inLanguage":"de"}]}},"_links":{"self":[{"href":"https:\/\/shop.merolution.de\/index.php\/wp-json\/wp\/v2\/product\/2465"}],"collection":[{"href":"https:\/\/shop.merolution.de\/index.php\/wp-json\/wp\/v2\/product"}],"about":[{"href":"https:\/\/shop.merolution.de\/index.php\/wp-json\/wp\/v2\/types\/product"}],"replies":[{"embeddable":true,"href":"https:\/\/shop.merolution.de\/index.php\/wp-json\/wp\/v2\/comments?post=2465"}],"wp:featuredmedia":[{"embeddable":true,"href":"https:\/\/shop.merolution.de\/index.php\/wp-json\/wp\/v2\/media\/2466"}],"wp:attachment":[{"href":"https:\/\/shop.merolution.de\/index.php\/wp-json\/wp\/v2\/media?parent=2465"}],"wp:term":[{"taxonomy":"product_cat","embeddable":true,"href":"https:\/\/shop.merolution.de\/index.php\/wp-json\/wp\/v2\/product_cat?post=2465"},{"taxonomy":"product_tag","embeddable":true,"href":"https:\/\/shop.merolution.de\/index.php\/wp-json\/wp\/v2\/product_tag?post=2465"}],"curies":[{"name":"wp","href":"https:\/\/api.w.org\/{rel}","templated":true}]}}