{"id":2467,"date":"2020-05-28T09:59:34","date_gmt":"2020-05-28T09:59:34","guid":{"rendered":"https:\/\/shop.merolution.de\/index.php\/product\/creydt-apfel-gluehwein-06-100\/"},"modified":"2020-05-28T09:59:34","modified_gmt":"2020-05-28T09:59:34","slug":"creydt-apfel-gluehwein-06-100","status":"publish","type":"product","link":"https:\/\/shop.merolution.de\/index.php\/product\/creydt-apfel-gluehwein-06-100\/","title":{"rendered":"Creydt Apfel-Gl\u00fchwein ** &#8211; 06\/1,00"},"content":{"rendered":"<p>06\/1,00 &#8211; Apfelgl\u00fchwein &#8211; Gl\u00fchwein aus \u00c4pfeln fertig gemischt mit Gew\u00fcrzen &#8211; in er umweltfreundlichen Glas-Mehrweg-Flasche &#8211; Pfand \u0080 2,40 &#8211; Zutaten: Wasser, Apfel-Tischwein, Zucker, Gew\u00fcrze, Aromen &#8211; enth\u00e4lt Sulfite &#8212; Wussten Sie, dass die Temperatur des Apfel-Gl\u00fchweins bei der Zubereitung 80\u00b0C nicht \u00fcberschreiten sollte? Der enthaltene Alkohol verdampft ab 78\u00b0C und die Gew\u00fcrze ver\u00e4ndern ihren Geschmack. Um das vollmundige Zusammenspiel aus Apfel und den winterlichen Aromen zu genie\u00dfen, sollte der Apfel-Gl\u00fchwein nur leicht und behutsam erw\u00e4rmt werden.\u0093<\/p>\n","protected":false},"excerpt":{"rendered":"<p>06&#215;1,00 Creydt Apfelgl\u00fchwein mit 8vol% Alkohol &#8211; Gl\u00fchwein aus \u00c4pfeln fertig gemischt mit Gew\u00fcrzen &#8211; in er umweltfreundlichen Glas-Mehrweg-Flasche &#8211; Pfand \u0080 2,40<\/p>\n","protected":false},"featured_media":2468,"comment_status":"open","ping_status":"closed","template":"","meta":[],"product_cat":[63],"product_tag":[],"yoast_head":"<!-- This site is optimized with the Yoast SEO plugin v19.14 - https:\/\/yoast.com\/wordpress\/plugins\/seo\/ -->\n<title>Creydt Apfel-Gl\u00fchwein ** - 06\/1,00 - Getr\u00e4nke Schl\u00fcter Onlineshop<\/title>\n<meta name=\"robots\" content=\"noindex, follow, max-snippet:-1, max-image-preview:large, max-video-preview:-1\" \/>\n<meta property=\"og:locale\" content=\"de_DE\" \/>\n<meta property=\"og:type\" content=\"article\" \/>\n<meta property=\"og:title\" content=\"Creydt Apfel-Gl\u00fchwein ** - 06\/1,00 - Getr\u00e4nke Schl\u00fcter Onlineshop\" \/>\n<meta property=\"og:description\" content=\"06x1,00 Creydt Apfelgl\u00fchwein mit 8vol% Alkohol - Gl\u00fchwein aus \u00c4pfeln fertig gemischt mit Gew\u00fcrzen - in er umweltfreundlichen Glas-Mehrweg-Flasche - Pfand \u0080 2,40\" \/>\n<meta property=\"og:url\" content=\"https:\/\/shop.merolution.de\/index.php\/product\/creydt-apfel-gluehwein-06-100\/\" \/>\n<meta property=\"og:site_name\" content=\"Getr\u00e4nke Schl\u00fcter Onlineshop\" \/>\n<meta property=\"og:image\" content=\"https:\/\/shop.merolution.de\/wp-content\/uploads\/2020\/05\/apfelgluehwein-1l-lg-f-aid-4125s.jpg\" \/>\n\t<meta property=\"og:image:width\" content=\"150\" \/>\n\t<meta property=\"og:image:height\" content=\"526\" \/>\n\t<meta property=\"og:image:type\" content=\"image\/jpeg\" \/>\n<meta name=\"twitter:card\" content=\"summary_large_image\" \/>\n<script type=\"application\/ld+json\" class=\"yoast-schema-graph\">{\"@context\":\"https:\/\/schema.org\",\"@graph\":[{\"@type\":\"WebPage\",\"@id\":\"https:\/\/shop.merolution.de\/index.php\/product\/creydt-apfel-gluehwein-06-100\/\",\"url\":\"https:\/\/shop.merolution.de\/index.php\/product\/creydt-apfel-gluehwein-06-100\/\",\"name\":\"Creydt Apfel-Gl\u00fchwein ** - 06\/1,00 - Getr\u00e4nke Schl\u00fcter Onlineshop\",\"isPartOf\":{\"@id\":\"https:\/\/shop.merolution.de\/#website\"},\"datePublished\":\"2020-05-28T09:59:34+00:00\",\"dateModified\":\"2020-05-28T09:59:34+00:00\",\"breadcrumb\":{\"@id\":\"https:\/\/shop.merolution.de\/index.php\/product\/creydt-apfel-gluehwein-06-100\/#breadcrumb\"},\"inLanguage\":\"de\",\"potentialAction\":[{\"@type\":\"ReadAction\",\"target\":[\"https:\/\/shop.merolution.de\/index.php\/product\/creydt-apfel-gluehwein-06-100\/\"]}]},{\"@type\":\"BreadcrumbList\",\"@id\":\"https:\/\/shop.merolution.de\/index.php\/product\/creydt-apfel-gluehwein-06-100\/#breadcrumb\",\"itemListElement\":[{\"@type\":\"ListItem\",\"position\":1,\"name\":\"Home\",\"item\":\"https:\/\/shop.merolution.de\/\"},{\"@type\":\"ListItem\",\"position\":2,\"name\":\"Shop\",\"item\":\"https:\/\/shop.merolution.de\/\"},{\"@type\":\"ListItem\",\"position\":3,\"name\":\"Creydt Apfel-Gl\u00fchwein ** &#8211; 06\/1,00\"}]},{\"@type\":\"WebSite\",\"@id\":\"https:\/\/shop.merolution.de\/#website\",\"url\":\"https:\/\/shop.merolution.de\/\",\"name\":\"Getr\u00e4nke Schl\u00fcter Onlineshop\",\"description\":\"Ihr Getr\u00e4nke-Partner in Hannover\",\"potentialAction\":[{\"@type\":\"SearchAction\",\"target\":{\"@type\":\"EntryPoint\",\"urlTemplate\":\"https:\/\/shop.merolution.de\/?s={search_term_string}\"},\"query-input\":\"required name=search_term_string\"}],\"inLanguage\":\"de\"}]}<\/script>\n<!-- \/ Yoast SEO plugin. -->","yoast_head_json":{"title":"Creydt Apfel-Gl\u00fchwein ** - 06\/1,00 - Getr\u00e4nke Schl\u00fcter Onlineshop","robots":{"index":"noindex","follow":"follow","max-snippet":"max-snippet:-1","max-image-preview":"max-image-preview:large","max-video-preview":"max-video-preview:-1"},"og_locale":"de_DE","og_type":"article","og_title":"Creydt Apfel-Gl\u00fchwein ** - 06\/1,00 - Getr\u00e4nke Schl\u00fcter Onlineshop","og_description":"06x1,00 Creydt Apfelgl\u00fchwein mit 8vol% Alkohol - Gl\u00fchwein aus \u00c4pfeln fertig gemischt mit Gew\u00fcrzen - in er umweltfreundlichen Glas-Mehrweg-Flasche - Pfand \u0080 2,40","og_url":"https:\/\/shop.merolution.de\/index.php\/product\/creydt-apfel-gluehwein-06-100\/","og_site_name":"Getr\u00e4nke Schl\u00fcter Onlineshop","og_image":[{"width":150,"height":526,"url":"https:\/\/shop.merolution.de\/wp-content\/uploads\/2020\/05\/apfelgluehwein-1l-lg-f-aid-4125s.jpg","type":"image\/jpeg"}],"twitter_card":"summary_large_image","schema":{"@context":"https:\/\/schema.org","@graph":[{"@type":"WebPage","@id":"https:\/\/shop.merolution.de\/index.php\/product\/creydt-apfel-gluehwein-06-100\/","url":"https:\/\/shop.merolution.de\/index.php\/product\/creydt-apfel-gluehwein-06-100\/","name":"Creydt Apfel-Gl\u00fchwein ** - 06\/1,00 - Getr\u00e4nke Schl\u00fcter Onlineshop","isPartOf":{"@id":"https:\/\/shop.merolution.de\/#website"},"datePublished":"2020-05-28T09:59:34+00:00","dateModified":"2020-05-28T09:59:34+00:00","breadcrumb":{"@id":"https:\/\/shop.merolution.de\/index.php\/product\/creydt-apfel-gluehwein-06-100\/#breadcrumb"},"inLanguage":"de","potentialAction":[{"@type":"ReadAction","target":["https:\/\/shop.merolution.de\/index.php\/product\/creydt-apfel-gluehwein-06-100\/"]}]},{"@type":"BreadcrumbList","@id":"https:\/\/shop.merolution.de\/index.php\/product\/creydt-apfel-gluehwein-06-100\/#breadcrumb","itemListElement":[{"@type":"ListItem","position":1,"name":"Home","item":"https:\/\/shop.merolution.de\/"},{"@type":"ListItem","position":2,"name":"Shop","item":"https:\/\/shop.merolution.de\/"},{"@type":"ListItem","position":3,"name":"Creydt Apfel-Gl\u00fchwein ** &#8211; 06\/1,00"}]},{"@type":"WebSite","@id":"https:\/\/shop.merolution.de\/#website","url":"https:\/\/shop.merolution.de\/","name":"Getr\u00e4nke Schl\u00fcter Onlineshop","description":"Ihr Getr\u00e4nke-Partner in Hannover","potentialAction":[{"@type":"SearchAction","target":{"@type":"EntryPoint","urlTemplate":"https:\/\/shop.merolution.de\/?s={search_term_string}"},"query-input":"required name=search_term_string"}],"inLanguage":"de"}]}},"_links":{"self":[{"href":"https:\/\/shop.merolution.de\/index.php\/wp-json\/wp\/v2\/product\/2467"}],"collection":[{"href":"https:\/\/shop.merolution.de\/index.php\/wp-json\/wp\/v2\/product"}],"about":[{"href":"https:\/\/shop.merolution.de\/index.php\/wp-json\/wp\/v2\/types\/product"}],"replies":[{"embeddable":true,"href":"https:\/\/shop.merolution.de\/index.php\/wp-json\/wp\/v2\/comments?post=2467"}],"wp:featuredmedia":[{"embeddable":true,"href":"https:\/\/shop.merolution.de\/index.php\/wp-json\/wp\/v2\/media\/2468"}],"wp:attachment":[{"href":"https:\/\/shop.merolution.de\/index.php\/wp-json\/wp\/v2\/media?parent=2467"}],"wp:term":[{"taxonomy":"product_cat","embeddable":true,"href":"https:\/\/shop.merolution.de\/index.php\/wp-json\/wp\/v2\/product_cat?post=2467"},{"taxonomy":"product_tag","embeddable":true,"href":"https:\/\/shop.merolution.de\/index.php\/wp-json\/wp\/v2\/product_tag?post=2467"}],"curies":[{"name":"wp","href":"https:\/\/api.w.org\/{rel}","templated":true}]}}