{"id":2489,"date":"2020-05-28T09:59:37","date_gmt":"2020-05-28T09:59:37","guid":{"rendered":"https:\/\/shop.merolution.de\/index.php\/product\/creydt-erdbeer\/"},"modified":"2020-05-28T09:59:37","modified_gmt":"2020-05-28T09:59:37","slug":"creydt-erdbeer","status":"publish","type":"product","link":"https:\/\/shop.merolution.de\/index.php\/product\/creydt-erdbeer\/","title":{"rendered":"Creydt Erdbeer **"},"content":{"rendered":"<p>06\/1,00 &#8211; Erdbeer-Nektar &#8211; Fruchtgehalt 40% &#8211; Glas Mehrweg &#8211; Schraubverschluss &#8211; Pfand: \u0080 2,40 &#8211; Wussten Sie, dass Erdbeeren schon in der Steinzeit eine wichtige Nahrungsquelle waren? Und dass die Erdbeere botanisch gesehen nicht zu den Beeren, sondern zu den Sammelnussfr\u00fcchten z\u00e4hlt? Diese Erdbeeren wachsen in einem famili\u00e4r gef\u00fchrten Betrieb an der Weser. Das ist Feinschmecker-Qualit\u00e4t, die man schmecken kann &#8211; Zutaten: Wasser, Erdbeerpuree<\/p>\n","protected":false},"excerpt":{"rendered":"<p>06\/1,00 &#8211; Erdbeer-Nektar &#8211; Fruchtgehalt 40% &#8211; Glas Mehrweg &#8211; Schraubverschluss &#8211; Pfand: \u0080 2,40 &#8211; Wussten Sie, dass Erdbeeren schon in der Steinzeit eine wichtige Nahrungsquelle waren? Und dass die Erdbeere botanisch gesehen nicht zu den Beeren, sondern zu den Sammelnussfr\u00fcchten z\u00e4hlt? Diese Erdbeeren wachsen in einem famili\u00e4r gef\u00fchrten Betrieb an der Weser. Das ist Feinschmecker-Qualit\u00e4t, die man schmecken kann &#8211; Zutaten: Wasser, Erdbeerpuree<\/p>\n","protected":false},"featured_media":2490,"comment_status":"open","ping_status":"closed","template":"","meta":[],"product_cat":[63],"product_tag":[],"yoast_head":"<!-- This site is optimized with the Yoast SEO plugin v19.14 - https:\/\/yoast.com\/wordpress\/plugins\/seo\/ -->\n<title>Creydt Erdbeer ** - Getr\u00e4nke Schl\u00fcter Onlineshop<\/title>\n<meta name=\"robots\" content=\"noindex, follow, max-snippet:-1, max-image-preview:large, max-video-preview:-1\" \/>\n<meta property=\"og:locale\" content=\"de_DE\" \/>\n<meta property=\"og:type\" content=\"article\" \/>\n<meta property=\"og:title\" content=\"Creydt Erdbeer ** - Getr\u00e4nke Schl\u00fcter Onlineshop\" \/>\n<meta property=\"og:description\" content=\"06\/1,00 - Erdbeer-Nektar - Fruchtgehalt 40% - Glas Mehrweg - Schraubverschluss - Pfand: \u0080 2,40 - Wussten Sie, dass Erdbeeren schon in der Steinzeit eine wichtige Nahrungsquelle waren? Und dass die Erdbeere botanisch gesehen nicht zu den Beeren, sondern zu den Sammelnussfr\u00fcchten z\u00e4hlt? Diese Erdbeeren wachsen in einem famili\u00e4r gef\u00fchrten Betrieb an der Weser. Das ist Feinschmecker-Qualit\u00e4t, die man schmecken kann - Zutaten: Wasser, Erdbeerpuree\" \/>\n<meta property=\"og:url\" content=\"https:\/\/shop.merolution.de\/index.php\/product\/creydt-erdbeer\/\" \/>\n<meta property=\"og:site_name\" content=\"Getr\u00e4nke Schl\u00fcter Onlineshop\" \/>\n<meta property=\"og:image\" content=\"https:\/\/shop.merolution.de\/wp-content\/uploads\/2020\/05\/erdbeernektar-1l-lg-aid-4448s.jpg\" \/>\n\t<meta property=\"og:image:width\" content=\"150\" \/>\n\t<meta property=\"og:image:height\" content=\"526\" \/>\n\t<meta property=\"og:image:type\" content=\"image\/jpeg\" \/>\n<meta name=\"twitter:card\" content=\"summary_large_image\" \/>\n<script type=\"application\/ld+json\" class=\"yoast-schema-graph\">{\"@context\":\"https:\/\/schema.org\",\"@graph\":[{\"@type\":\"WebPage\",\"@id\":\"https:\/\/shop.merolution.de\/index.php\/product\/creydt-erdbeer\/\",\"url\":\"https:\/\/shop.merolution.de\/index.php\/product\/creydt-erdbeer\/\",\"name\":\"Creydt Erdbeer ** - Getr\u00e4nke Schl\u00fcter Onlineshop\",\"isPartOf\":{\"@id\":\"https:\/\/shop.merolution.de\/#website\"},\"datePublished\":\"2020-05-28T09:59:37+00:00\",\"dateModified\":\"2020-05-28T09:59:37+00:00\",\"breadcrumb\":{\"@id\":\"https:\/\/shop.merolution.de\/index.php\/product\/creydt-erdbeer\/#breadcrumb\"},\"inLanguage\":\"de\",\"potentialAction\":[{\"@type\":\"ReadAction\",\"target\":[\"https:\/\/shop.merolution.de\/index.php\/product\/creydt-erdbeer\/\"]}]},{\"@type\":\"BreadcrumbList\",\"@id\":\"https:\/\/shop.merolution.de\/index.php\/product\/creydt-erdbeer\/#breadcrumb\",\"itemListElement\":[{\"@type\":\"ListItem\",\"position\":1,\"name\":\"Home\",\"item\":\"https:\/\/shop.merolution.de\/\"},{\"@type\":\"ListItem\",\"position\":2,\"name\":\"Shop\",\"item\":\"https:\/\/shop.merolution.de\/\"},{\"@type\":\"ListItem\",\"position\":3,\"name\":\"Creydt Erdbeer **\"}]},{\"@type\":\"WebSite\",\"@id\":\"https:\/\/shop.merolution.de\/#website\",\"url\":\"https:\/\/shop.merolution.de\/\",\"name\":\"Getr\u00e4nke Schl\u00fcter Onlineshop\",\"description\":\"Ihr Getr\u00e4nke-Partner in Hannover\",\"potentialAction\":[{\"@type\":\"SearchAction\",\"target\":{\"@type\":\"EntryPoint\",\"urlTemplate\":\"https:\/\/shop.merolution.de\/?s={search_term_string}\"},\"query-input\":\"required name=search_term_string\"}],\"inLanguage\":\"de\"}]}<\/script>\n<!-- \/ Yoast SEO plugin. -->","yoast_head_json":{"title":"Creydt Erdbeer ** - Getr\u00e4nke Schl\u00fcter Onlineshop","robots":{"index":"noindex","follow":"follow","max-snippet":"max-snippet:-1","max-image-preview":"max-image-preview:large","max-video-preview":"max-video-preview:-1"},"og_locale":"de_DE","og_type":"article","og_title":"Creydt Erdbeer ** - Getr\u00e4nke Schl\u00fcter Onlineshop","og_description":"06\/1,00 - Erdbeer-Nektar - Fruchtgehalt 40% - Glas Mehrweg - Schraubverschluss - Pfand: \u0080 2,40 - Wussten Sie, dass Erdbeeren schon in der Steinzeit eine wichtige Nahrungsquelle waren? Und dass die Erdbeere botanisch gesehen nicht zu den Beeren, sondern zu den Sammelnussfr\u00fcchten z\u00e4hlt? Diese Erdbeeren wachsen in einem famili\u00e4r gef\u00fchrten Betrieb an der Weser. Das ist Feinschmecker-Qualit\u00e4t, die man schmecken kann - Zutaten: Wasser, Erdbeerpuree","og_url":"https:\/\/shop.merolution.de\/index.php\/product\/creydt-erdbeer\/","og_site_name":"Getr\u00e4nke Schl\u00fcter Onlineshop","og_image":[{"width":150,"height":526,"url":"https:\/\/shop.merolution.de\/wp-content\/uploads\/2020\/05\/erdbeernektar-1l-lg-aid-4448s.jpg","type":"image\/jpeg"}],"twitter_card":"summary_large_image","schema":{"@context":"https:\/\/schema.org","@graph":[{"@type":"WebPage","@id":"https:\/\/shop.merolution.de\/index.php\/product\/creydt-erdbeer\/","url":"https:\/\/shop.merolution.de\/index.php\/product\/creydt-erdbeer\/","name":"Creydt Erdbeer ** - Getr\u00e4nke Schl\u00fcter Onlineshop","isPartOf":{"@id":"https:\/\/shop.merolution.de\/#website"},"datePublished":"2020-05-28T09:59:37+00:00","dateModified":"2020-05-28T09:59:37+00:00","breadcrumb":{"@id":"https:\/\/shop.merolution.de\/index.php\/product\/creydt-erdbeer\/#breadcrumb"},"inLanguage":"de","potentialAction":[{"@type":"ReadAction","target":["https:\/\/shop.merolution.de\/index.php\/product\/creydt-erdbeer\/"]}]},{"@type":"BreadcrumbList","@id":"https:\/\/shop.merolution.de\/index.php\/product\/creydt-erdbeer\/#breadcrumb","itemListElement":[{"@type":"ListItem","position":1,"name":"Home","item":"https:\/\/shop.merolution.de\/"},{"@type":"ListItem","position":2,"name":"Shop","item":"https:\/\/shop.merolution.de\/"},{"@type":"ListItem","position":3,"name":"Creydt Erdbeer **"}]},{"@type":"WebSite","@id":"https:\/\/shop.merolution.de\/#website","url":"https:\/\/shop.merolution.de\/","name":"Getr\u00e4nke Schl\u00fcter Onlineshop","description":"Ihr Getr\u00e4nke-Partner in Hannover","potentialAction":[{"@type":"SearchAction","target":{"@type":"EntryPoint","urlTemplate":"https:\/\/shop.merolution.de\/?s={search_term_string}"},"query-input":"required name=search_term_string"}],"inLanguage":"de"}]}},"_links":{"self":[{"href":"https:\/\/shop.merolution.de\/index.php\/wp-json\/wp\/v2\/product\/2489"}],"collection":[{"href":"https:\/\/shop.merolution.de\/index.php\/wp-json\/wp\/v2\/product"}],"about":[{"href":"https:\/\/shop.merolution.de\/index.php\/wp-json\/wp\/v2\/types\/product"}],"replies":[{"embeddable":true,"href":"https:\/\/shop.merolution.de\/index.php\/wp-json\/wp\/v2\/comments?post=2489"}],"wp:featuredmedia":[{"embeddable":true,"href":"https:\/\/shop.merolution.de\/index.php\/wp-json\/wp\/v2\/media\/2490"}],"wp:attachment":[{"href":"https:\/\/shop.merolution.de\/index.php\/wp-json\/wp\/v2\/media?parent=2489"}],"wp:term":[{"taxonomy":"product_cat","embeddable":true,"href":"https:\/\/shop.merolution.de\/index.php\/wp-json\/wp\/v2\/product_cat?post=2489"},{"taxonomy":"product_tag","embeddable":true,"href":"https:\/\/shop.merolution.de\/index.php\/wp-json\/wp\/v2\/product_tag?post=2489"}],"curies":[{"name":"wp","href":"https:\/\/api.w.org\/{rel}","templated":true}]}}