{"id":2517,"date":"2020-05-28T09:59:41","date_gmt":"2020-05-28T09:59:41","guid":{"rendered":"https:\/\/shop.merolution.de\/index.php\/product\/creydt-apfelsaft-trueb-100-06-100\/"},"modified":"2020-05-28T09:59:41","modified_gmt":"2020-05-28T09:59:41","slug":"creydt-apfelsaft-trueb-100-06-100","status":"publish","type":"product","link":"https:\/\/shop.merolution.de\/index.php\/product\/creydt-apfelsaft-trueb-100-06-100\/","title":{"rendered":"Creydt Apfelsaft tr\u00fcb 100% &#8211; 06\/1,00"},"content":{"rendered":"<p>06*1,00 Creydt naturtr\u00fcber Apfelsaft mit 100% Fruchtgehalt ohne Zuckerzusatz &#8211; in der umweltfreundlichen Glas-Mehrweg-Flasche &#8211; Pfand \u0080 2,40 &#8211; Zutaten: 100% Apfelsaft &#8212; \u0084Wussten Sie, dass auch klarer Apfelsaft bevor er gesch\u00f6nt und gefiltert wird immer naturtr\u00fcb ist, also Frucht\u00adbestand\u00adteile enth\u00e4lt? Creydt erwendet regionale Streu\u00adobst-Land\u00e4pfel aus einem Umkreis von ca. 100 km. Und wenn die Natur eine Pause ben\u00f6tigt, deckt die Kelterei den Bedarf aus anderen Regionen Deutschlands &#8211; Zutaten: 100% Apfelsaft<\/p>\n","protected":false},"excerpt":{"rendered":"<p>06&#215;1,00 Creydt naturtr\u00fcber Apfelsaft mit 100% Fruchtgehalt ohne Zuckerzusatz &#8211; in der umweltfreundlichen Glas-Mehrweg-Flasche &#8211; Pfand \u0080 2,40<\/p>\n","protected":false},"featured_media":2518,"comment_status":"open","ping_status":"closed","template":"","meta":[],"product_cat":[64],"product_tag":[],"yoast_head":"<!-- This site is optimized with the Yoast SEO plugin v19.14 - https:\/\/yoast.com\/wordpress\/plugins\/seo\/ -->\n<title>Creydt Apfelsaft tr\u00fcb 100% - 06\/1,00 - Getr\u00e4nke Schl\u00fcter Onlineshop<\/title>\n<meta name=\"robots\" content=\"noindex, follow, max-snippet:-1, max-image-preview:large, max-video-preview:-1\" \/>\n<meta property=\"og:locale\" content=\"de_DE\" \/>\n<meta property=\"og:type\" content=\"article\" \/>\n<meta property=\"og:title\" content=\"Creydt Apfelsaft tr\u00fcb 100% - 06\/1,00 - Getr\u00e4nke Schl\u00fcter Onlineshop\" \/>\n<meta property=\"og:description\" content=\"06x1,00 Creydt naturtr\u00fcber Apfelsaft mit 100% Fruchtgehalt ohne Zuckerzusatz - in der umweltfreundlichen Glas-Mehrweg-Flasche - Pfand \u0080 2,40\" \/>\n<meta property=\"og:url\" content=\"https:\/\/shop.merolution.de\/index.php\/product\/creydt-apfelsaft-trueb-100-06-100\/\" \/>\n<meta property=\"og:site_name\" content=\"Getr\u00e4nke Schl\u00fcter Onlineshop\" \/>\n<meta property=\"og:image\" content=\"https:\/\/shop.merolution.de\/wp-content\/uploads\/2020\/05\/apfelsaft-natur-1l-lg-aid-3361s.jpg\" \/>\n\t<meta property=\"og:image:width\" content=\"150\" \/>\n\t<meta property=\"og:image:height\" content=\"526\" \/>\n\t<meta property=\"og:image:type\" content=\"image\/jpeg\" \/>\n<meta name=\"twitter:card\" content=\"summary_large_image\" \/>\n<script type=\"application\/ld+json\" class=\"yoast-schema-graph\">{\"@context\":\"https:\/\/schema.org\",\"@graph\":[{\"@type\":\"WebPage\",\"@id\":\"https:\/\/shop.merolution.de\/index.php\/product\/creydt-apfelsaft-trueb-100-06-100\/\",\"url\":\"https:\/\/shop.merolution.de\/index.php\/product\/creydt-apfelsaft-trueb-100-06-100\/\",\"name\":\"Creydt Apfelsaft tr\u00fcb 100% - 06\/1,00 - Getr\u00e4nke Schl\u00fcter Onlineshop\",\"isPartOf\":{\"@id\":\"https:\/\/shop.merolution.de\/#website\"},\"datePublished\":\"2020-05-28T09:59:41+00:00\",\"dateModified\":\"2020-05-28T09:59:41+00:00\",\"breadcrumb\":{\"@id\":\"https:\/\/shop.merolution.de\/index.php\/product\/creydt-apfelsaft-trueb-100-06-100\/#breadcrumb\"},\"inLanguage\":\"de\",\"potentialAction\":[{\"@type\":\"ReadAction\",\"target\":[\"https:\/\/shop.merolution.de\/index.php\/product\/creydt-apfelsaft-trueb-100-06-100\/\"]}]},{\"@type\":\"BreadcrumbList\",\"@id\":\"https:\/\/shop.merolution.de\/index.php\/product\/creydt-apfelsaft-trueb-100-06-100\/#breadcrumb\",\"itemListElement\":[{\"@type\":\"ListItem\",\"position\":1,\"name\":\"Home\",\"item\":\"https:\/\/shop.merolution.de\/\"},{\"@type\":\"ListItem\",\"position\":2,\"name\":\"Shop\",\"item\":\"https:\/\/shop.merolution.de\/\"},{\"@type\":\"ListItem\",\"position\":3,\"name\":\"Creydt Apfelsaft tr\u00fcb 100% &#8211; 06\/1,00\"}]},{\"@type\":\"WebSite\",\"@id\":\"https:\/\/shop.merolution.de\/#website\",\"url\":\"https:\/\/shop.merolution.de\/\",\"name\":\"Getr\u00e4nke Schl\u00fcter Onlineshop\",\"description\":\"Ihr Getr\u00e4nke-Partner in Hannover\",\"potentialAction\":[{\"@type\":\"SearchAction\",\"target\":{\"@type\":\"EntryPoint\",\"urlTemplate\":\"https:\/\/shop.merolution.de\/?s={search_term_string}\"},\"query-input\":\"required name=search_term_string\"}],\"inLanguage\":\"de\"}]}<\/script>\n<!-- \/ Yoast SEO plugin. -->","yoast_head_json":{"title":"Creydt Apfelsaft tr\u00fcb 100% - 06\/1,00 - Getr\u00e4nke Schl\u00fcter Onlineshop","robots":{"index":"noindex","follow":"follow","max-snippet":"max-snippet:-1","max-image-preview":"max-image-preview:large","max-video-preview":"max-video-preview:-1"},"og_locale":"de_DE","og_type":"article","og_title":"Creydt Apfelsaft tr\u00fcb 100% - 06\/1,00 - Getr\u00e4nke Schl\u00fcter Onlineshop","og_description":"06x1,00 Creydt naturtr\u00fcber Apfelsaft mit 100% Fruchtgehalt ohne Zuckerzusatz - in der umweltfreundlichen Glas-Mehrweg-Flasche - Pfand \u0080 2,40","og_url":"https:\/\/shop.merolution.de\/index.php\/product\/creydt-apfelsaft-trueb-100-06-100\/","og_site_name":"Getr\u00e4nke Schl\u00fcter Onlineshop","og_image":[{"width":150,"height":526,"url":"https:\/\/shop.merolution.de\/wp-content\/uploads\/2020\/05\/apfelsaft-natur-1l-lg-aid-3361s.jpg","type":"image\/jpeg"}],"twitter_card":"summary_large_image","schema":{"@context":"https:\/\/schema.org","@graph":[{"@type":"WebPage","@id":"https:\/\/shop.merolution.de\/index.php\/product\/creydt-apfelsaft-trueb-100-06-100\/","url":"https:\/\/shop.merolution.de\/index.php\/product\/creydt-apfelsaft-trueb-100-06-100\/","name":"Creydt Apfelsaft tr\u00fcb 100% - 06\/1,00 - Getr\u00e4nke Schl\u00fcter Onlineshop","isPartOf":{"@id":"https:\/\/shop.merolution.de\/#website"},"datePublished":"2020-05-28T09:59:41+00:00","dateModified":"2020-05-28T09:59:41+00:00","breadcrumb":{"@id":"https:\/\/shop.merolution.de\/index.php\/product\/creydt-apfelsaft-trueb-100-06-100\/#breadcrumb"},"inLanguage":"de","potentialAction":[{"@type":"ReadAction","target":["https:\/\/shop.merolution.de\/index.php\/product\/creydt-apfelsaft-trueb-100-06-100\/"]}]},{"@type":"BreadcrumbList","@id":"https:\/\/shop.merolution.de\/index.php\/product\/creydt-apfelsaft-trueb-100-06-100\/#breadcrumb","itemListElement":[{"@type":"ListItem","position":1,"name":"Home","item":"https:\/\/shop.merolution.de\/"},{"@type":"ListItem","position":2,"name":"Shop","item":"https:\/\/shop.merolution.de\/"},{"@type":"ListItem","position":3,"name":"Creydt Apfelsaft tr\u00fcb 100% &#8211; 06\/1,00"}]},{"@type":"WebSite","@id":"https:\/\/shop.merolution.de\/#website","url":"https:\/\/shop.merolution.de\/","name":"Getr\u00e4nke Schl\u00fcter Onlineshop","description":"Ihr Getr\u00e4nke-Partner in Hannover","potentialAction":[{"@type":"SearchAction","target":{"@type":"EntryPoint","urlTemplate":"https:\/\/shop.merolution.de\/?s={search_term_string}"},"query-input":"required name=search_term_string"}],"inLanguage":"de"}]}},"_links":{"self":[{"href":"https:\/\/shop.merolution.de\/index.php\/wp-json\/wp\/v2\/product\/2517"}],"collection":[{"href":"https:\/\/shop.merolution.de\/index.php\/wp-json\/wp\/v2\/product"}],"about":[{"href":"https:\/\/shop.merolution.de\/index.php\/wp-json\/wp\/v2\/types\/product"}],"replies":[{"embeddable":true,"href":"https:\/\/shop.merolution.de\/index.php\/wp-json\/wp\/v2\/comments?post=2517"}],"wp:featuredmedia":[{"embeddable":true,"href":"https:\/\/shop.merolution.de\/index.php\/wp-json\/wp\/v2\/media\/2518"}],"wp:attachment":[{"href":"https:\/\/shop.merolution.de\/index.php\/wp-json\/wp\/v2\/media?parent=2517"}],"wp:term":[{"taxonomy":"product_cat","embeddable":true,"href":"https:\/\/shop.merolution.de\/index.php\/wp-json\/wp\/v2\/product_cat?post=2517"},{"taxonomy":"product_tag","embeddable":true,"href":"https:\/\/shop.merolution.de\/index.php\/wp-json\/wp\/v2\/product_tag?post=2517"}],"curies":[{"name":"wp","href":"https:\/\/api.w.org\/{rel}","templated":true}]}}