{"id":2523,"date":"2020-05-28T09:59:42","date_gmt":"2020-05-28T09:59:42","guid":{"rendered":"https:\/\/shop.merolution.de\/index.php\/product\/creydt-winter-apfel-alkoholfrei-06-100\/"},"modified":"2020-05-28T09:59:42","modified_gmt":"2020-05-28T09:59:42","slug":"creydt-winter-apfel-alkoholfrei-06-100","status":"publish","type":"product","link":"https:\/\/shop.merolution.de\/index.php\/product\/creydt-winter-apfel-alkoholfrei-06-100\/","title":{"rendered":"Creydt Winter Apfel alkoholfrei ** &#8211; 06\/1,00"},"content":{"rendered":"<p>06*1,00 Winterapfel von Creydt &#8211; fertig gemischt ohne Alkohol mit mind. 70% Fruchtanteil &#8211; in der umweltfreundlichen Glas-Mehrweg-Flasche &#8211; Pfand \u0080 2,40 &#8211; Wussten Sie, dass keine andere Frucht so eng verkn\u00fcpft mit Weihnachten ist, wie der Apfel? In fr\u00fcheren Jahrhunderten waren \u00c4pfel ein beliebter Christ\u00adbaum\u00adschmuck. Der Apfel und die Winterzeit bilden ein perfektes Paar, das man auch herrlich als Punsch genie\u00dfen kann. Ohne Alkohol ist der Winter-Apfel ein wohl\u00adschmeckender Genuss f\u00fcr Jeden. An kalten Tagen ist unser Winter-Apfel erhitzt ein k\u00f6stlicher W\u00e4rme\u00adbringer. Einfach nur schonend erw\u00e4rmen und \u00adgenie\u00dfen! &#8211; Zutaten: Apfelsaft, Wasser, Zucker, Aromen<\/p>\n","protected":false},"excerpt":{"rendered":"<p>06&#215;1,00 Creydt Winterapfel &#8211; fertig gemischt ohne Alkohol mit mind. 70% Fruchtanteil &#8211; in der umweltfreundlichen Glas-Mehrweg-Flasche &#8211; Pfand \u0080 2,40 &#8211; Zutaten: Apfelsaft, Wasser, Zucker, Aromen<\/p>\n","protected":false},"featured_media":2524,"comment_status":"open","ping_status":"closed","template":"","meta":[],"product_cat":[64],"product_tag":[],"yoast_head":"<!-- This site is optimized with the Yoast SEO plugin v19.14 - https:\/\/yoast.com\/wordpress\/plugins\/seo\/ -->\n<title>Creydt Winter Apfel alkoholfrei ** - 06\/1,00 - Getr\u00e4nke Schl\u00fcter Onlineshop<\/title>\n<meta name=\"robots\" content=\"noindex, follow, max-snippet:-1, max-image-preview:large, max-video-preview:-1\" \/>\n<meta property=\"og:locale\" content=\"de_DE\" \/>\n<meta property=\"og:type\" content=\"article\" \/>\n<meta property=\"og:title\" content=\"Creydt Winter Apfel alkoholfrei ** - 06\/1,00 - Getr\u00e4nke Schl\u00fcter Onlineshop\" \/>\n<meta property=\"og:description\" content=\"06x1,00 Creydt Winterapfel - fertig gemischt ohne Alkohol mit mind. 70% Fruchtanteil - in der umweltfreundlichen Glas-Mehrweg-Flasche - Pfand \u0080 2,40 - Zutaten: Apfelsaft, Wasser, Zucker, Aromen\" \/>\n<meta property=\"og:url\" content=\"https:\/\/shop.merolution.de\/index.php\/product\/creydt-winter-apfel-alkoholfrei-06-100\/\" \/>\n<meta property=\"og:site_name\" content=\"Getr\u00e4nke Schl\u00fcter Onlineshop\" \/>\n<meta property=\"og:image\" content=\"https:\/\/shop.merolution.de\/wp-content\/uploads\/2020\/05\/winterapfel-1l-lg-f-aid-4121s.jpg\" \/>\n\t<meta property=\"og:image:width\" content=\"150\" \/>\n\t<meta property=\"og:image:height\" content=\"526\" \/>\n\t<meta property=\"og:image:type\" content=\"image\/jpeg\" \/>\n<meta name=\"twitter:card\" content=\"summary_large_image\" \/>\n<meta name=\"twitter:label1\" content=\"Gesch\u00e4tzte Lesezeit\" \/>\n\t<meta name=\"twitter:data1\" content=\"1\u00a0Minute\" \/>\n<script type=\"application\/ld+json\" class=\"yoast-schema-graph\">{\"@context\":\"https:\/\/schema.org\",\"@graph\":[{\"@type\":\"WebPage\",\"@id\":\"https:\/\/shop.merolution.de\/index.php\/product\/creydt-winter-apfel-alkoholfrei-06-100\/\",\"url\":\"https:\/\/shop.merolution.de\/index.php\/product\/creydt-winter-apfel-alkoholfrei-06-100\/\",\"name\":\"Creydt Winter Apfel alkoholfrei ** - 06\/1,00 - Getr\u00e4nke Schl\u00fcter Onlineshop\",\"isPartOf\":{\"@id\":\"https:\/\/shop.merolution.de\/#website\"},\"datePublished\":\"2020-05-28T09:59:42+00:00\",\"dateModified\":\"2020-05-28T09:59:42+00:00\",\"breadcrumb\":{\"@id\":\"https:\/\/shop.merolution.de\/index.php\/product\/creydt-winter-apfel-alkoholfrei-06-100\/#breadcrumb\"},\"inLanguage\":\"de\",\"potentialAction\":[{\"@type\":\"ReadAction\",\"target\":[\"https:\/\/shop.merolution.de\/index.php\/product\/creydt-winter-apfel-alkoholfrei-06-100\/\"]}]},{\"@type\":\"BreadcrumbList\",\"@id\":\"https:\/\/shop.merolution.de\/index.php\/product\/creydt-winter-apfel-alkoholfrei-06-100\/#breadcrumb\",\"itemListElement\":[{\"@type\":\"ListItem\",\"position\":1,\"name\":\"Home\",\"item\":\"https:\/\/shop.merolution.de\/\"},{\"@type\":\"ListItem\",\"position\":2,\"name\":\"Shop\",\"item\":\"https:\/\/shop.merolution.de\/\"},{\"@type\":\"ListItem\",\"position\":3,\"name\":\"Creydt Winter Apfel alkoholfrei ** &#8211; 06\/1,00\"}]},{\"@type\":\"WebSite\",\"@id\":\"https:\/\/shop.merolution.de\/#website\",\"url\":\"https:\/\/shop.merolution.de\/\",\"name\":\"Getr\u00e4nke Schl\u00fcter Onlineshop\",\"description\":\"Ihr Getr\u00e4nke-Partner in Hannover\",\"potentialAction\":[{\"@type\":\"SearchAction\",\"target\":{\"@type\":\"EntryPoint\",\"urlTemplate\":\"https:\/\/shop.merolution.de\/?s={search_term_string}\"},\"query-input\":\"required name=search_term_string\"}],\"inLanguage\":\"de\"}]}<\/script>\n<!-- \/ Yoast SEO plugin. -->","yoast_head_json":{"title":"Creydt Winter Apfel alkoholfrei ** - 06\/1,00 - Getr\u00e4nke Schl\u00fcter Onlineshop","robots":{"index":"noindex","follow":"follow","max-snippet":"max-snippet:-1","max-image-preview":"max-image-preview:large","max-video-preview":"max-video-preview:-1"},"og_locale":"de_DE","og_type":"article","og_title":"Creydt Winter Apfel alkoholfrei ** - 06\/1,00 - Getr\u00e4nke Schl\u00fcter Onlineshop","og_description":"06x1,00 Creydt Winterapfel - fertig gemischt ohne Alkohol mit mind. 70% Fruchtanteil - in der umweltfreundlichen Glas-Mehrweg-Flasche - Pfand \u0080 2,40 - Zutaten: Apfelsaft, Wasser, Zucker, Aromen","og_url":"https:\/\/shop.merolution.de\/index.php\/product\/creydt-winter-apfel-alkoholfrei-06-100\/","og_site_name":"Getr\u00e4nke Schl\u00fcter Onlineshop","og_image":[{"width":150,"height":526,"url":"https:\/\/shop.merolution.de\/wp-content\/uploads\/2020\/05\/winterapfel-1l-lg-f-aid-4121s.jpg","type":"image\/jpeg"}],"twitter_card":"summary_large_image","twitter_misc":{"Gesch\u00e4tzte Lesezeit":"1\u00a0Minute"},"schema":{"@context":"https:\/\/schema.org","@graph":[{"@type":"WebPage","@id":"https:\/\/shop.merolution.de\/index.php\/product\/creydt-winter-apfel-alkoholfrei-06-100\/","url":"https:\/\/shop.merolution.de\/index.php\/product\/creydt-winter-apfel-alkoholfrei-06-100\/","name":"Creydt Winter Apfel alkoholfrei ** - 06\/1,00 - Getr\u00e4nke Schl\u00fcter Onlineshop","isPartOf":{"@id":"https:\/\/shop.merolution.de\/#website"},"datePublished":"2020-05-28T09:59:42+00:00","dateModified":"2020-05-28T09:59:42+00:00","breadcrumb":{"@id":"https:\/\/shop.merolution.de\/index.php\/product\/creydt-winter-apfel-alkoholfrei-06-100\/#breadcrumb"},"inLanguage":"de","potentialAction":[{"@type":"ReadAction","target":["https:\/\/shop.merolution.de\/index.php\/product\/creydt-winter-apfel-alkoholfrei-06-100\/"]}]},{"@type":"BreadcrumbList","@id":"https:\/\/shop.merolution.de\/index.php\/product\/creydt-winter-apfel-alkoholfrei-06-100\/#breadcrumb","itemListElement":[{"@type":"ListItem","position":1,"name":"Home","item":"https:\/\/shop.merolution.de\/"},{"@type":"ListItem","position":2,"name":"Shop","item":"https:\/\/shop.merolution.de\/"},{"@type":"ListItem","position":3,"name":"Creydt Winter Apfel alkoholfrei ** &#8211; 06\/1,00"}]},{"@type":"WebSite","@id":"https:\/\/shop.merolution.de\/#website","url":"https:\/\/shop.merolution.de\/","name":"Getr\u00e4nke Schl\u00fcter Onlineshop","description":"Ihr Getr\u00e4nke-Partner in Hannover","potentialAction":[{"@type":"SearchAction","target":{"@type":"EntryPoint","urlTemplate":"https:\/\/shop.merolution.de\/?s={search_term_string}"},"query-input":"required name=search_term_string"}],"inLanguage":"de"}]}},"_links":{"self":[{"href":"https:\/\/shop.merolution.de\/index.php\/wp-json\/wp\/v2\/product\/2523"}],"collection":[{"href":"https:\/\/shop.merolution.de\/index.php\/wp-json\/wp\/v2\/product"}],"about":[{"href":"https:\/\/shop.merolution.de\/index.php\/wp-json\/wp\/v2\/types\/product"}],"replies":[{"embeddable":true,"href":"https:\/\/shop.merolution.de\/index.php\/wp-json\/wp\/v2\/comments?post=2523"}],"wp:featuredmedia":[{"embeddable":true,"href":"https:\/\/shop.merolution.de\/index.php\/wp-json\/wp\/v2\/media\/2524"}],"wp:attachment":[{"href":"https:\/\/shop.merolution.de\/index.php\/wp-json\/wp\/v2\/media?parent=2523"}],"wp:term":[{"taxonomy":"product_cat","embeddable":true,"href":"https:\/\/shop.merolution.de\/index.php\/wp-json\/wp\/v2\/product_cat?post=2523"},{"taxonomy":"product_tag","embeddable":true,"href":"https:\/\/shop.merolution.de\/index.php\/wp-json\/wp\/v2\/product_tag?post=2523"}],"curies":[{"name":"wp","href":"https:\/\/api.w.org\/{rel}","templated":true}]}}