{"id":2551,"date":"2020-05-28T09:59:45","date_gmt":"2020-05-28T09:59:45","guid":{"rendered":"https:\/\/shop.merolution.de\/index.php\/product\/loeffler-10-fruechte-korb-roter-multi-100-06-100\/"},"modified":"2020-05-28T09:59:45","modified_gmt":"2020-05-28T09:59:45","slug":"loeffler-10-fruechte-korb-roter-multi-100-06-100","status":"publish","type":"product","link":"https:\/\/shop.merolution.de\/index.php\/product\/loeffler-10-fruechte-korb-roter-multi-100-06-100\/","title":{"rendered":"L\u00f6ffler 1,0 Fr\u00fcchte-Korb (roter Multi) 100% &#8211; 06\/1,00"},"content":{"rendered":"<p>06\/1,00 Loeffler Multivitamin mit roten Beerenfr\u00fcchten Das Besondere an diesem roten Multi ist die Fruchtkombination aus 8 leckeren, heimischen Fr\u00fcchten + 10 Vitaminen sowie einer Extraportion Magnesium. Organisch gebundenes Magnesium ist vom K\u00f6rper besonders gut aufzunehmen und zu verwerten. Es sollte t\u00e4glich ausreichend in unserer Nahrung vorhanden sein, denn es ist wichtig f\u00fcr unsere Muskeln, Nerven und das Knochenger\u00fcst. Ohne Zuckerzusatz Glyk\u00e4mischer Index: 51 WeightControlPoints: 0,8 <\/p>\n","protected":false},"excerpt":{"rendered":"<p>06&#215;1,00 L\u00f6ffler roter Multifrucht &#8211; Glas Mehrweg &#8211; Pfand: \u0080 2,40 Ohne Zuckerzusatz Glyk\u00e4mischer Index: 51 WeightControlPoints: 0,8 <\/p>\n","protected":false},"featured_media":2552,"comment_status":"open","ping_status":"closed","template":"","meta":[],"product_cat":[67],"product_tag":[],"yoast_head":"<!-- This site is optimized with the Yoast SEO plugin v19.14 - https:\/\/yoast.com\/wordpress\/plugins\/seo\/ -->\n<title>L\u00f6ffler 1,0 Fr\u00fcchte-Korb (roter Multi) 100% - 06\/1,00 - Getr\u00e4nke Schl\u00fcter Onlineshop<\/title>\n<meta name=\"robots\" content=\"noindex, follow, max-snippet:-1, max-image-preview:large, max-video-preview:-1\" \/>\n<meta property=\"og:locale\" content=\"de_DE\" \/>\n<meta property=\"og:type\" content=\"article\" \/>\n<meta property=\"og:title\" content=\"L\u00f6ffler 1,0 Fr\u00fcchte-Korb (roter Multi) 100% - 06\/1,00 - Getr\u00e4nke Schl\u00fcter Onlineshop\" \/>\n<meta property=\"og:description\" content=\"06x1,00 L\u00f6ffler roter Multifrucht - Glas Mehrweg - Pfand: \u0080 2,40 Ohne Zuckerzusatz Glyk\u00e4mischer Index: 51 WeightControlPoints: 0,8\" \/>\n<meta property=\"og:url\" content=\"https:\/\/shop.merolution.de\/index.php\/product\/loeffler-10-fruechte-korb-roter-multi-100-06-100\/\" \/>\n<meta property=\"og:site_name\" content=\"Getr\u00e4nke Schl\u00fcter Onlineshop\" \/>\n<meta property=\"og:image\" content=\"https:\/\/shop.merolution.de\/wp-content\/uploads\/2020\/05\/multi-rot-saft.jpg\" \/>\n\t<meta property=\"og:image:width\" content=\"150\" \/>\n\t<meta property=\"og:image:height\" content=\"300\" \/>\n\t<meta property=\"og:image:type\" content=\"image\/jpeg\" \/>\n<meta name=\"twitter:card\" content=\"summary_large_image\" \/>\n<script type=\"application\/ld+json\" class=\"yoast-schema-graph\">{\"@context\":\"https:\/\/schema.org\",\"@graph\":[{\"@type\":\"WebPage\",\"@id\":\"https:\/\/shop.merolution.de\/index.php\/product\/loeffler-10-fruechte-korb-roter-multi-100-06-100\/\",\"url\":\"https:\/\/shop.merolution.de\/index.php\/product\/loeffler-10-fruechte-korb-roter-multi-100-06-100\/\",\"name\":\"L\u00f6ffler 1,0 Fr\u00fcchte-Korb (roter Multi) 100% - 06\/1,00 - Getr\u00e4nke Schl\u00fcter Onlineshop\",\"isPartOf\":{\"@id\":\"https:\/\/shop.merolution.de\/#website\"},\"datePublished\":\"2020-05-28T09:59:45+00:00\",\"dateModified\":\"2020-05-28T09:59:45+00:00\",\"breadcrumb\":{\"@id\":\"https:\/\/shop.merolution.de\/index.php\/product\/loeffler-10-fruechte-korb-roter-multi-100-06-100\/#breadcrumb\"},\"inLanguage\":\"de\",\"potentialAction\":[{\"@type\":\"ReadAction\",\"target\":[\"https:\/\/shop.merolution.de\/index.php\/product\/loeffler-10-fruechte-korb-roter-multi-100-06-100\/\"]}]},{\"@type\":\"BreadcrumbList\",\"@id\":\"https:\/\/shop.merolution.de\/index.php\/product\/loeffler-10-fruechte-korb-roter-multi-100-06-100\/#breadcrumb\",\"itemListElement\":[{\"@type\":\"ListItem\",\"position\":1,\"name\":\"Home\",\"item\":\"https:\/\/shop.merolution.de\/\"},{\"@type\":\"ListItem\",\"position\":2,\"name\":\"Shop\",\"item\":\"https:\/\/shop.merolution.de\/\"},{\"@type\":\"ListItem\",\"position\":3,\"name\":\"L\u00f6ffler 1,0 Fr\u00fcchte-Korb (roter Multi) 100% &#8211; 06\/1,00\"}]},{\"@type\":\"WebSite\",\"@id\":\"https:\/\/shop.merolution.de\/#website\",\"url\":\"https:\/\/shop.merolution.de\/\",\"name\":\"Getr\u00e4nke Schl\u00fcter Onlineshop\",\"description\":\"Ihr Getr\u00e4nke-Partner in Hannover\",\"potentialAction\":[{\"@type\":\"SearchAction\",\"target\":{\"@type\":\"EntryPoint\",\"urlTemplate\":\"https:\/\/shop.merolution.de\/?s={search_term_string}\"},\"query-input\":\"required name=search_term_string\"}],\"inLanguage\":\"de\"}]}<\/script>\n<!-- \/ Yoast SEO plugin. -->","yoast_head_json":{"title":"L\u00f6ffler 1,0 Fr\u00fcchte-Korb (roter Multi) 100% - 06\/1,00 - Getr\u00e4nke Schl\u00fcter Onlineshop","robots":{"index":"noindex","follow":"follow","max-snippet":"max-snippet:-1","max-image-preview":"max-image-preview:large","max-video-preview":"max-video-preview:-1"},"og_locale":"de_DE","og_type":"article","og_title":"L\u00f6ffler 1,0 Fr\u00fcchte-Korb (roter Multi) 100% - 06\/1,00 - Getr\u00e4nke Schl\u00fcter Onlineshop","og_description":"06x1,00 L\u00f6ffler roter Multifrucht - Glas Mehrweg - Pfand: \u0080 2,40 Ohne Zuckerzusatz Glyk\u00e4mischer Index: 51 WeightControlPoints: 0,8","og_url":"https:\/\/shop.merolution.de\/index.php\/product\/loeffler-10-fruechte-korb-roter-multi-100-06-100\/","og_site_name":"Getr\u00e4nke Schl\u00fcter Onlineshop","og_image":[{"width":150,"height":300,"url":"https:\/\/shop.merolution.de\/wp-content\/uploads\/2020\/05\/multi-rot-saft.jpg","type":"image\/jpeg"}],"twitter_card":"summary_large_image","schema":{"@context":"https:\/\/schema.org","@graph":[{"@type":"WebPage","@id":"https:\/\/shop.merolution.de\/index.php\/product\/loeffler-10-fruechte-korb-roter-multi-100-06-100\/","url":"https:\/\/shop.merolution.de\/index.php\/product\/loeffler-10-fruechte-korb-roter-multi-100-06-100\/","name":"L\u00f6ffler 1,0 Fr\u00fcchte-Korb (roter Multi) 100% - 06\/1,00 - Getr\u00e4nke Schl\u00fcter Onlineshop","isPartOf":{"@id":"https:\/\/shop.merolution.de\/#website"},"datePublished":"2020-05-28T09:59:45+00:00","dateModified":"2020-05-28T09:59:45+00:00","breadcrumb":{"@id":"https:\/\/shop.merolution.de\/index.php\/product\/loeffler-10-fruechte-korb-roter-multi-100-06-100\/#breadcrumb"},"inLanguage":"de","potentialAction":[{"@type":"ReadAction","target":["https:\/\/shop.merolution.de\/index.php\/product\/loeffler-10-fruechte-korb-roter-multi-100-06-100\/"]}]},{"@type":"BreadcrumbList","@id":"https:\/\/shop.merolution.de\/index.php\/product\/loeffler-10-fruechte-korb-roter-multi-100-06-100\/#breadcrumb","itemListElement":[{"@type":"ListItem","position":1,"name":"Home","item":"https:\/\/shop.merolution.de\/"},{"@type":"ListItem","position":2,"name":"Shop","item":"https:\/\/shop.merolution.de\/"},{"@type":"ListItem","position":3,"name":"L\u00f6ffler 1,0 Fr\u00fcchte-Korb (roter Multi) 100% &#8211; 06\/1,00"}]},{"@type":"WebSite","@id":"https:\/\/shop.merolution.de\/#website","url":"https:\/\/shop.merolution.de\/","name":"Getr\u00e4nke Schl\u00fcter Onlineshop","description":"Ihr Getr\u00e4nke-Partner in Hannover","potentialAction":[{"@type":"SearchAction","target":{"@type":"EntryPoint","urlTemplate":"https:\/\/shop.merolution.de\/?s={search_term_string}"},"query-input":"required name=search_term_string"}],"inLanguage":"de"}]}},"_links":{"self":[{"href":"https:\/\/shop.merolution.de\/index.php\/wp-json\/wp\/v2\/product\/2551"}],"collection":[{"href":"https:\/\/shop.merolution.de\/index.php\/wp-json\/wp\/v2\/product"}],"about":[{"href":"https:\/\/shop.merolution.de\/index.php\/wp-json\/wp\/v2\/types\/product"}],"replies":[{"embeddable":true,"href":"https:\/\/shop.merolution.de\/index.php\/wp-json\/wp\/v2\/comments?post=2551"}],"wp:featuredmedia":[{"embeddable":true,"href":"https:\/\/shop.merolution.de\/index.php\/wp-json\/wp\/v2\/media\/2552"}],"wp:attachment":[{"href":"https:\/\/shop.merolution.de\/index.php\/wp-json\/wp\/v2\/media?parent=2551"}],"wp:term":[{"taxonomy":"product_cat","embeddable":true,"href":"https:\/\/shop.merolution.de\/index.php\/wp-json\/wp\/v2\/product_cat?post=2551"},{"taxonomy":"product_tag","embeddable":true,"href":"https:\/\/shop.merolution.de\/index.php\/wp-json\/wp\/v2\/product_tag?post=2551"}],"curies":[{"name":"wp","href":"https:\/\/api.w.org\/{rel}","templated":true}]}}