{"id":2561,"date":"2020-05-28T09:59:47","date_gmt":"2020-05-28T09:59:47","guid":{"rendered":"https:\/\/shop.merolution.de\/index.php\/product\/loeffler-02-frucht-aktiv-3er-pack-03-02-einweg\/"},"modified":"2020-05-28T09:59:47","modified_gmt":"2020-05-28T09:59:47","slug":"loeffler-02-frucht-aktiv-3er-pack-03-02-einweg","status":"publish","type":"product","link":"https:\/\/shop.merolution.de\/index.php\/product\/loeffler-02-frucht-aktiv-3er-pack-03-02-einweg\/","title":{"rendered":"L\u00f6ffler 0,2 Frucht aktiv 3er-Pack &#8211; 03\/0,2 Einweg"},"content":{"rendered":"<p>03\/0,20 &#8211; aus \u00c4pfeln \u0096 Orangen \u0096 Ananas \u0096 Pfirsichen \u0096 Bananen \u0096 Mangos \u0096Williams Christ Birnen \u0096 Karotten \u0096 Kiwi\u0091s \u0096 Zitronen+ alle wichtigen, gesundheitsf\u00f6rdernden Vitalstoffe (Mikron\u00e4hrstoffe) Vitamin A, B1 bis B12, C und E \u0096 lebenswichtig f\u00fcr die Versorgung aller K\u00f6rperzellen 90 mg Magnesium und Spurenelemente \u0096 gut f\u00fcr Herz, Nerven, Muskulatur und Knochen 300 mg wertvolle Omega 3-Fetts\u00e4uren \u0096 gut f\u00fcr Herz und Kreislauf 420 mg Polyphenole (= sekund\u00e4re Pflanzenstoffe) &#8211; haben eine antioxidative Wirkung und gut zur St\u00e4rkung der Leistungsf\u00e4higkeit der Zellen Coenzym Q10 \u0096 gut f\u00fcr den Herzmuskel und aktiviert 95% der K\u00f6rperenergie L-Carnitin \u0096 gut f\u00fcr die Fettverbrennung Ballaststoffe \u0096 gut f\u00fcr den Darm und die Verdauung= Frucht aktiv &#8230; Ihre Tagesportion Gesundheit&#8230; und noch 3 weitere gute Gr\u00fcnde f\u00fcr Frucht aktiv: Frucht aktiv hilft Ihren t\u00e4glichen Fr\u00fcchtekonsum zu steigern. Ganz einfach &#8211; ohne l\u00e4stiges Waschen, Sch\u00e4len und Schneiden. Frucht aktiv ist nat\u00fcrlich ohne Zuckerzusatz, ohne Konservierungs- stoffe und unge\u00f6ffnet ohne K\u00fchlung haltbar. Frucht aktiv leistet einen wesentlichen Beitrag zu einem ausgeglichenen S\u00e4ure-Basen-Haushalt und sch\u00fctzt somit Ihren K\u00f6rper vor \u00dcbers\u00e4uerung.<\/p>\n","protected":false},"excerpt":{"rendered":"<p>03\/0,20 &#8211; Ihre Tagesportion Obst aus 10 Fr\u00fcchten &#8211; ohne Zuckerzusatz, ohne Konservierungsstoffe aus 300g Obst und Gem\u00fcse pro Flasche 0,2L Aus 300 g Fr\u00fcchten &#8211; frisch p\u00fcriert \u0096 in nur einer Flasche.Aus \u00c4pfeln \u0096 Orangen \u0096 Ananas \u0096 Pfirsichen \u0096 Bananen \u0096 Mangos \u0096 Williams Birnen \u0096 Karotten \u0096 Kiwis \u0096 ZitronenFrucht aktiv basiert auf rein pflanzlichen Zutaten, daher ist Frucht aktiv f\u00fcr Vegetarier und Veganer sehr gut geeignet und empfehlenswert.Ohne Zuckerzusatz WeightControlPoints: 1,1<\/p>\n","protected":false},"featured_media":2562,"comment_status":"open","ping_status":"closed","template":"","meta":[],"product_cat":[67],"product_tag":[],"yoast_head":"<!-- This site is optimized with the Yoast SEO plugin v19.14 - https:\/\/yoast.com\/wordpress\/plugins\/seo\/ -->\n<title>L\u00f6ffler 0,2 Frucht aktiv 3er-Pack - 03\/0,2 Einweg - Getr\u00e4nke Schl\u00fcter Onlineshop<\/title>\n<meta name=\"robots\" content=\"noindex, follow, max-snippet:-1, max-image-preview:large, max-video-preview:-1\" \/>\n<meta property=\"og:locale\" content=\"de_DE\" \/>\n<meta property=\"og:type\" content=\"article\" \/>\n<meta property=\"og:title\" content=\"L\u00f6ffler 0,2 Frucht aktiv 3er-Pack - 03\/0,2 Einweg - Getr\u00e4nke Schl\u00fcter Onlineshop\" \/>\n<meta property=\"og:description\" content=\"03\/0,20 - Ihre Tagesportion Obst aus 10 Fr\u00fcchten - ohne Zuckerzusatz, ohne Konservierungsstoffe aus 300g Obst und Gem\u00fcse pro Flasche 0,2L Aus 300 g Fr\u00fcchten - frisch p\u00fcriert \u0096 in nur einer Flasche.Aus \u00c4pfeln \u0096 Orangen \u0096 Ananas \u0096 Pfirsichen \u0096 Bananen \u0096 Mangos \u0096 Williams Birnen \u0096 Karotten \u0096 Kiwis \u0096 ZitronenFrucht aktiv basiert auf rein pflanzlichen Zutaten, daher ist Frucht aktiv f\u00fcr Vegetarier und Veganer sehr gut geeignet und empfehlenswert.Ohne Zuckerzusatz WeightControlPoints: 1,1\" \/>\n<meta property=\"og:url\" content=\"https:\/\/shop.merolution.de\/index.php\/product\/loeffler-02-frucht-aktiv-3er-pack-03-02-einweg\/\" \/>\n<meta property=\"og:site_name\" content=\"Getr\u00e4nke Schl\u00fcter Onlineshop\" \/>\n<meta property=\"og:image\" content=\"https:\/\/shop.merolution.de\/wp-content\/uploads\/2020\/05\/fa-links-aid-4294s.jpg\" \/>\n\t<meta property=\"og:image:width\" content=\"78\" \/>\n\t<meta property=\"og:image:height\" content=\"215\" \/>\n\t<meta property=\"og:image:type\" content=\"image\/jpeg\" \/>\n<meta name=\"twitter:card\" content=\"summary_large_image\" \/>\n<meta name=\"twitter:label1\" content=\"Gesch\u00e4tzte Lesezeit\" \/>\n\t<meta name=\"twitter:data1\" content=\"1\u00a0Minute\" \/>\n<script type=\"application\/ld+json\" class=\"yoast-schema-graph\">{\"@context\":\"https:\/\/schema.org\",\"@graph\":[{\"@type\":\"WebPage\",\"@id\":\"https:\/\/shop.merolution.de\/index.php\/product\/loeffler-02-frucht-aktiv-3er-pack-03-02-einweg\/\",\"url\":\"https:\/\/shop.merolution.de\/index.php\/product\/loeffler-02-frucht-aktiv-3er-pack-03-02-einweg\/\",\"name\":\"L\u00f6ffler 0,2 Frucht aktiv 3er-Pack - 03\/0,2 Einweg - Getr\u00e4nke Schl\u00fcter Onlineshop\",\"isPartOf\":{\"@id\":\"https:\/\/shop.merolution.de\/#website\"},\"datePublished\":\"2020-05-28T09:59:47+00:00\",\"dateModified\":\"2020-05-28T09:59:47+00:00\",\"breadcrumb\":{\"@id\":\"https:\/\/shop.merolution.de\/index.php\/product\/loeffler-02-frucht-aktiv-3er-pack-03-02-einweg\/#breadcrumb\"},\"inLanguage\":\"de\",\"potentialAction\":[{\"@type\":\"ReadAction\",\"target\":[\"https:\/\/shop.merolution.de\/index.php\/product\/loeffler-02-frucht-aktiv-3er-pack-03-02-einweg\/\"]}]},{\"@type\":\"BreadcrumbList\",\"@id\":\"https:\/\/shop.merolution.de\/index.php\/product\/loeffler-02-frucht-aktiv-3er-pack-03-02-einweg\/#breadcrumb\",\"itemListElement\":[{\"@type\":\"ListItem\",\"position\":1,\"name\":\"Home\",\"item\":\"https:\/\/shop.merolution.de\/\"},{\"@type\":\"ListItem\",\"position\":2,\"name\":\"Shop\",\"item\":\"https:\/\/shop.merolution.de\/\"},{\"@type\":\"ListItem\",\"position\":3,\"name\":\"L\u00f6ffler 0,2 Frucht aktiv 3er-Pack &#8211; 03\/0,2 Einweg\"}]},{\"@type\":\"WebSite\",\"@id\":\"https:\/\/shop.merolution.de\/#website\",\"url\":\"https:\/\/shop.merolution.de\/\",\"name\":\"Getr\u00e4nke Schl\u00fcter Onlineshop\",\"description\":\"Ihr Getr\u00e4nke-Partner in Hannover\",\"potentialAction\":[{\"@type\":\"SearchAction\",\"target\":{\"@type\":\"EntryPoint\",\"urlTemplate\":\"https:\/\/shop.merolution.de\/?s={search_term_string}\"},\"query-input\":\"required name=search_term_string\"}],\"inLanguage\":\"de\"}]}<\/script>\n<!-- \/ Yoast SEO plugin. -->","yoast_head_json":{"title":"L\u00f6ffler 0,2 Frucht aktiv 3er-Pack - 03\/0,2 Einweg - Getr\u00e4nke Schl\u00fcter Onlineshop","robots":{"index":"noindex","follow":"follow","max-snippet":"max-snippet:-1","max-image-preview":"max-image-preview:large","max-video-preview":"max-video-preview:-1"},"og_locale":"de_DE","og_type":"article","og_title":"L\u00f6ffler 0,2 Frucht aktiv 3er-Pack - 03\/0,2 Einweg - Getr\u00e4nke Schl\u00fcter Onlineshop","og_description":"03\/0,20 - Ihre Tagesportion Obst aus 10 Fr\u00fcchten - ohne Zuckerzusatz, ohne Konservierungsstoffe aus 300g Obst und Gem\u00fcse pro Flasche 0,2L Aus 300 g Fr\u00fcchten - frisch p\u00fcriert \u0096 in nur einer Flasche.Aus \u00c4pfeln \u0096 Orangen \u0096 Ananas \u0096 Pfirsichen \u0096 Bananen \u0096 Mangos \u0096 Williams Birnen \u0096 Karotten \u0096 Kiwis \u0096 ZitronenFrucht aktiv basiert auf rein pflanzlichen Zutaten, daher ist Frucht aktiv f\u00fcr Vegetarier und Veganer sehr gut geeignet und empfehlenswert.Ohne Zuckerzusatz WeightControlPoints: 1,1","og_url":"https:\/\/shop.merolution.de\/index.php\/product\/loeffler-02-frucht-aktiv-3er-pack-03-02-einweg\/","og_site_name":"Getr\u00e4nke Schl\u00fcter Onlineshop","og_image":[{"width":78,"height":215,"url":"https:\/\/shop.merolution.de\/wp-content\/uploads\/2020\/05\/fa-links-aid-4294s.jpg","type":"image\/jpeg"}],"twitter_card":"summary_large_image","twitter_misc":{"Gesch\u00e4tzte Lesezeit":"1\u00a0Minute"},"schema":{"@context":"https:\/\/schema.org","@graph":[{"@type":"WebPage","@id":"https:\/\/shop.merolution.de\/index.php\/product\/loeffler-02-frucht-aktiv-3er-pack-03-02-einweg\/","url":"https:\/\/shop.merolution.de\/index.php\/product\/loeffler-02-frucht-aktiv-3er-pack-03-02-einweg\/","name":"L\u00f6ffler 0,2 Frucht aktiv 3er-Pack - 03\/0,2 Einweg - Getr\u00e4nke Schl\u00fcter Onlineshop","isPartOf":{"@id":"https:\/\/shop.merolution.de\/#website"},"datePublished":"2020-05-28T09:59:47+00:00","dateModified":"2020-05-28T09:59:47+00:00","breadcrumb":{"@id":"https:\/\/shop.merolution.de\/index.php\/product\/loeffler-02-frucht-aktiv-3er-pack-03-02-einweg\/#breadcrumb"},"inLanguage":"de","potentialAction":[{"@type":"ReadAction","target":["https:\/\/shop.merolution.de\/index.php\/product\/loeffler-02-frucht-aktiv-3er-pack-03-02-einweg\/"]}]},{"@type":"BreadcrumbList","@id":"https:\/\/shop.merolution.de\/index.php\/product\/loeffler-02-frucht-aktiv-3er-pack-03-02-einweg\/#breadcrumb","itemListElement":[{"@type":"ListItem","position":1,"name":"Home","item":"https:\/\/shop.merolution.de\/"},{"@type":"ListItem","position":2,"name":"Shop","item":"https:\/\/shop.merolution.de\/"},{"@type":"ListItem","position":3,"name":"L\u00f6ffler 0,2 Frucht aktiv 3er-Pack &#8211; 03\/0,2 Einweg"}]},{"@type":"WebSite","@id":"https:\/\/shop.merolution.de\/#website","url":"https:\/\/shop.merolution.de\/","name":"Getr\u00e4nke Schl\u00fcter Onlineshop","description":"Ihr Getr\u00e4nke-Partner in Hannover","potentialAction":[{"@type":"SearchAction","target":{"@type":"EntryPoint","urlTemplate":"https:\/\/shop.merolution.de\/?s={search_term_string}"},"query-input":"required name=search_term_string"}],"inLanguage":"de"}]}},"_links":{"self":[{"href":"https:\/\/shop.merolution.de\/index.php\/wp-json\/wp\/v2\/product\/2561"}],"collection":[{"href":"https:\/\/shop.merolution.de\/index.php\/wp-json\/wp\/v2\/product"}],"about":[{"href":"https:\/\/shop.merolution.de\/index.php\/wp-json\/wp\/v2\/types\/product"}],"replies":[{"embeddable":true,"href":"https:\/\/shop.merolution.de\/index.php\/wp-json\/wp\/v2\/comments?post=2561"}],"wp:featuredmedia":[{"embeddable":true,"href":"https:\/\/shop.merolution.de\/index.php\/wp-json\/wp\/v2\/media\/2562"}],"wp:attachment":[{"href":"https:\/\/shop.merolution.de\/index.php\/wp-json\/wp\/v2\/media?parent=2561"}],"wp:term":[{"taxonomy":"product_cat","embeddable":true,"href":"https:\/\/shop.merolution.de\/index.php\/wp-json\/wp\/v2\/product_cat?post=2561"},{"taxonomy":"product_tag","embeddable":true,"href":"https:\/\/shop.merolution.de\/index.php\/wp-json\/wp\/v2\/product_tag?post=2561"}],"curies":[{"name":"wp","href":"https:\/\/api.w.org\/{rel}","templated":true}]}}