{"id":2563,"date":"2020-05-28T09:59:47","date_gmt":"2020-05-28T09:59:47","guid":{"rendered":"https:\/\/shop.merolution.de\/index.php\/product\/becker-10-apfelsinen-direktsaft-100-06-100\/"},"modified":"2020-05-28T09:59:47","modified_gmt":"2020-05-28T09:59:47","slug":"becker-10-apfelsinen-direktsaft-100-06-100","status":"publish","type":"product","link":"https:\/\/shop.merolution.de\/index.php\/product\/becker-10-apfelsinen-direktsaft-100-06-100\/","title":{"rendered":"Becker 1,0 Apfelsinen-Direktsaft 100% &#8211; 06\/1,00"},"content":{"rendered":"<p>06\/1,00 &#8211; Direktsaft aus Apfelsinen (Orangen) &#8211; 100% Fruchtanteil &#8211; ohne Farbstoffe &#8211; ohne Konservierungsstoffe, ohne Zuckerzusatz &#8211; Mehrweg Glas, Schraubverschluss &#8211; \u0080 2,40 Pfand: Inhalt: 100% Apfelsinen-Direktsaft<\/p>\n","protected":false},"excerpt":{"rendered":"<p>06&#215;1,00 beckers bester Direktsaft aus Apfelsinen (Orangen) mit etwas Fruchtfleisch &#8211; 100% Fruchtanteil &#8211; ohne Farbstoffe &#8211; ohne Konservierungsstoffe, ohne Zuckerzusatz &#8211; Mehrweg Glas, Schraubverschluss &#8211; \u0080 2,40<\/p>\n","protected":false},"featured_media":2564,"comment_status":"open","ping_status":"closed","template":"","meta":[],"product_cat":[68],"product_tag":[],"yoast_head":"<!-- This site is optimized with the Yoast SEO plugin v19.14 - https:\/\/yoast.com\/wordpress\/plugins\/seo\/ -->\n<title>Becker 1,0 Apfelsinen-Direktsaft 100% - 06\/1,00 - Getr\u00e4nke Schl\u00fcter Onlineshop<\/title>\n<meta name=\"robots\" content=\"noindex, follow, max-snippet:-1, max-image-preview:large, max-video-preview:-1\" \/>\n<meta property=\"og:locale\" content=\"de_DE\" \/>\n<meta property=\"og:type\" content=\"article\" \/>\n<meta property=\"og:title\" content=\"Becker 1,0 Apfelsinen-Direktsaft 100% - 06\/1,00 - Getr\u00e4nke Schl\u00fcter Onlineshop\" \/>\n<meta property=\"og:description\" content=\"06x1,00 beckers bester Direktsaft aus Apfelsinen (Orangen) mit etwas Fruchtfleisch - 100% Fruchtanteil - ohne Farbstoffe - ohne Konservierungsstoffe, ohne Zuckerzusatz - Mehrweg Glas, Schraubverschluss - \u0080 2,40\" \/>\n<meta property=\"og:url\" content=\"https:\/\/shop.merolution.de\/index.php\/product\/becker-10-apfelsinen-direktsaft-100-06-100\/\" \/>\n<meta property=\"og:site_name\" content=\"Getr\u00e4nke Schl\u00fcter Onlineshop\" \/>\n<meta property=\"og:image\" content=\"https:\/\/shop.merolution.de\/wp-content\/uploads\/2020\/05\/kiste-apfelsine.jpg\" \/>\n\t<meta property=\"og:image:width\" content=\"150\" \/>\n\t<meta property=\"og:image:height\" content=\"161\" \/>\n\t<meta property=\"og:image:type\" content=\"image\/jpeg\" \/>\n<meta name=\"twitter:card\" content=\"summary_large_image\" \/>\n<script type=\"application\/ld+json\" class=\"yoast-schema-graph\">{\"@context\":\"https:\/\/schema.org\",\"@graph\":[{\"@type\":\"WebPage\",\"@id\":\"https:\/\/shop.merolution.de\/index.php\/product\/becker-10-apfelsinen-direktsaft-100-06-100\/\",\"url\":\"https:\/\/shop.merolution.de\/index.php\/product\/becker-10-apfelsinen-direktsaft-100-06-100\/\",\"name\":\"Becker 1,0 Apfelsinen-Direktsaft 100% - 06\/1,00 - Getr\u00e4nke Schl\u00fcter Onlineshop\",\"isPartOf\":{\"@id\":\"https:\/\/shop.merolution.de\/#website\"},\"datePublished\":\"2020-05-28T09:59:47+00:00\",\"dateModified\":\"2020-05-28T09:59:47+00:00\",\"breadcrumb\":{\"@id\":\"https:\/\/shop.merolution.de\/index.php\/product\/becker-10-apfelsinen-direktsaft-100-06-100\/#breadcrumb\"},\"inLanguage\":\"de\",\"potentialAction\":[{\"@type\":\"ReadAction\",\"target\":[\"https:\/\/shop.merolution.de\/index.php\/product\/becker-10-apfelsinen-direktsaft-100-06-100\/\"]}]},{\"@type\":\"BreadcrumbList\",\"@id\":\"https:\/\/shop.merolution.de\/index.php\/product\/becker-10-apfelsinen-direktsaft-100-06-100\/#breadcrumb\",\"itemListElement\":[{\"@type\":\"ListItem\",\"position\":1,\"name\":\"Home\",\"item\":\"https:\/\/shop.merolution.de\/\"},{\"@type\":\"ListItem\",\"position\":2,\"name\":\"Shop\",\"item\":\"https:\/\/shop.merolution.de\/\"},{\"@type\":\"ListItem\",\"position\":3,\"name\":\"Becker 1,0 Apfelsinen-Direktsaft 100% &#8211; 06\/1,00\"}]},{\"@type\":\"WebSite\",\"@id\":\"https:\/\/shop.merolution.de\/#website\",\"url\":\"https:\/\/shop.merolution.de\/\",\"name\":\"Getr\u00e4nke Schl\u00fcter Onlineshop\",\"description\":\"Ihr Getr\u00e4nke-Partner in Hannover\",\"potentialAction\":[{\"@type\":\"SearchAction\",\"target\":{\"@type\":\"EntryPoint\",\"urlTemplate\":\"https:\/\/shop.merolution.de\/?s={search_term_string}\"},\"query-input\":\"required name=search_term_string\"}],\"inLanguage\":\"de\"}]}<\/script>\n<!-- \/ Yoast SEO plugin. -->","yoast_head_json":{"title":"Becker 1,0 Apfelsinen-Direktsaft 100% - 06\/1,00 - Getr\u00e4nke Schl\u00fcter Onlineshop","robots":{"index":"noindex","follow":"follow","max-snippet":"max-snippet:-1","max-image-preview":"max-image-preview:large","max-video-preview":"max-video-preview:-1"},"og_locale":"de_DE","og_type":"article","og_title":"Becker 1,0 Apfelsinen-Direktsaft 100% - 06\/1,00 - Getr\u00e4nke Schl\u00fcter Onlineshop","og_description":"06x1,00 beckers bester Direktsaft aus Apfelsinen (Orangen) mit etwas Fruchtfleisch - 100% Fruchtanteil - ohne Farbstoffe - ohne Konservierungsstoffe, ohne Zuckerzusatz - Mehrweg Glas, Schraubverschluss - \u0080 2,40","og_url":"https:\/\/shop.merolution.de\/index.php\/product\/becker-10-apfelsinen-direktsaft-100-06-100\/","og_site_name":"Getr\u00e4nke Schl\u00fcter Onlineshop","og_image":[{"width":150,"height":161,"url":"https:\/\/shop.merolution.de\/wp-content\/uploads\/2020\/05\/kiste-apfelsine.jpg","type":"image\/jpeg"}],"twitter_card":"summary_large_image","schema":{"@context":"https:\/\/schema.org","@graph":[{"@type":"WebPage","@id":"https:\/\/shop.merolution.de\/index.php\/product\/becker-10-apfelsinen-direktsaft-100-06-100\/","url":"https:\/\/shop.merolution.de\/index.php\/product\/becker-10-apfelsinen-direktsaft-100-06-100\/","name":"Becker 1,0 Apfelsinen-Direktsaft 100% - 06\/1,00 - Getr\u00e4nke Schl\u00fcter Onlineshop","isPartOf":{"@id":"https:\/\/shop.merolution.de\/#website"},"datePublished":"2020-05-28T09:59:47+00:00","dateModified":"2020-05-28T09:59:47+00:00","breadcrumb":{"@id":"https:\/\/shop.merolution.de\/index.php\/product\/becker-10-apfelsinen-direktsaft-100-06-100\/#breadcrumb"},"inLanguage":"de","potentialAction":[{"@type":"ReadAction","target":["https:\/\/shop.merolution.de\/index.php\/product\/becker-10-apfelsinen-direktsaft-100-06-100\/"]}]},{"@type":"BreadcrumbList","@id":"https:\/\/shop.merolution.de\/index.php\/product\/becker-10-apfelsinen-direktsaft-100-06-100\/#breadcrumb","itemListElement":[{"@type":"ListItem","position":1,"name":"Home","item":"https:\/\/shop.merolution.de\/"},{"@type":"ListItem","position":2,"name":"Shop","item":"https:\/\/shop.merolution.de\/"},{"@type":"ListItem","position":3,"name":"Becker 1,0 Apfelsinen-Direktsaft 100% &#8211; 06\/1,00"}]},{"@type":"WebSite","@id":"https:\/\/shop.merolution.de\/#website","url":"https:\/\/shop.merolution.de\/","name":"Getr\u00e4nke Schl\u00fcter Onlineshop","description":"Ihr Getr\u00e4nke-Partner in Hannover","potentialAction":[{"@type":"SearchAction","target":{"@type":"EntryPoint","urlTemplate":"https:\/\/shop.merolution.de\/?s={search_term_string}"},"query-input":"required name=search_term_string"}],"inLanguage":"de"}]}},"_links":{"self":[{"href":"https:\/\/shop.merolution.de\/index.php\/wp-json\/wp\/v2\/product\/2563"}],"collection":[{"href":"https:\/\/shop.merolution.de\/index.php\/wp-json\/wp\/v2\/product"}],"about":[{"href":"https:\/\/shop.merolution.de\/index.php\/wp-json\/wp\/v2\/types\/product"}],"replies":[{"embeddable":true,"href":"https:\/\/shop.merolution.de\/index.php\/wp-json\/wp\/v2\/comments?post=2563"}],"wp:featuredmedia":[{"embeddable":true,"href":"https:\/\/shop.merolution.de\/index.php\/wp-json\/wp\/v2\/media\/2564"}],"wp:attachment":[{"href":"https:\/\/shop.merolution.de\/index.php\/wp-json\/wp\/v2\/media?parent=2563"}],"wp:term":[{"taxonomy":"product_cat","embeddable":true,"href":"https:\/\/shop.merolution.de\/index.php\/wp-json\/wp\/v2\/product_cat?post=2563"},{"taxonomy":"product_tag","embeddable":true,"href":"https:\/\/shop.merolution.de\/index.php\/wp-json\/wp\/v2\/product_tag?post=2563"}],"curies":[{"name":"wp","href":"https:\/\/api.w.org\/{rel}","templated":true}]}}