{"id":2583,"date":"2020-05-28T09:59:50","date_gmt":"2020-05-28T09:59:50","guid":{"rendered":"https:\/\/shop.merolution.de\/index.php\/product\/creydt-rhabarber-nektar-06-100\/"},"modified":"2020-05-28T09:59:50","modified_gmt":"2020-05-28T09:59:50","slug":"creydt-rhabarber-nektar-06-100","status":"publish","type":"product","link":"https:\/\/shop.merolution.de\/index.php\/product\/creydt-rhabarber-nektar-06-100\/","title":{"rendered":"Creydt Rhabarber-Nektar &#8211; 06\/1,00"},"content":{"rendered":"<p>06*1,00 Creydt Rhabarbernektar mit 60% Gem\u00fcseanteil &#8211; in der umweltfreundlichen Mehrweg-Flasche &#8211; Pfand \u0080 2,40 &#8211; Wussten Sie, dass Rhabarber kein Obst, sondern ein Gem\u00fcse ist? Er z\u00e4hlt zu den Kn\u00f6terichgew\u00e4chsen und ist mit Sauerampfer verwandt. Dieser erfrischende Nektar wird ausschlie\u00dflich aus frischen Rhabarber-Stangen hergestellt. Pur oder als Schorle ist er gerade im Sommer ein k\u00f6stlicher Genuss. Das ist Qualit\u00e4t, die man schmecken kann &#8211; Zutaten: Rhabarbersaft, Zucker, Aroniasaft aus Aroniasaftkonzentrat<\/p>\n","protected":false},"excerpt":{"rendered":"<p>06\/1,00 Creydt Rhabarbernektar mit 60% Gem\u00fcseanteil &#8211; in der umweltfreundlichen Mehrweg-Flasche &#8211; Pfand \u0080 2,40 &#8211; &#8211; Zutaten: Rhabarbersaft, Zucker, Aroniasaft aus Aroniasaftkonzentrat<\/p>\n","protected":false},"featured_media":2584,"comment_status":"open","ping_status":"closed","template":"","meta":[],"product_cat":[69],"product_tag":[],"yoast_head":"<!-- This site is optimized with the Yoast SEO plugin v19.14 - https:\/\/yoast.com\/wordpress\/plugins\/seo\/ -->\n<title>Creydt Rhabarber-Nektar - 06\/1,00 - Getr\u00e4nke Schl\u00fcter Onlineshop<\/title>\n<meta name=\"robots\" content=\"noindex, follow, max-snippet:-1, max-image-preview:large, max-video-preview:-1\" \/>\n<meta property=\"og:locale\" content=\"de_DE\" \/>\n<meta property=\"og:type\" content=\"article\" \/>\n<meta property=\"og:title\" content=\"Creydt Rhabarber-Nektar - 06\/1,00 - Getr\u00e4nke Schl\u00fcter Onlineshop\" \/>\n<meta property=\"og:description\" content=\"06\/1,00 Creydt Rhabarbernektar mit 60% Gem\u00fcseanteil - in der umweltfreundlichen Mehrweg-Flasche - Pfand \u0080 2,40 - - Zutaten: Rhabarbersaft, Zucker, Aroniasaft aus Aroniasaftkonzentrat\" \/>\n<meta property=\"og:url\" content=\"https:\/\/shop.merolution.de\/index.php\/product\/creydt-rhabarber-nektar-06-100\/\" \/>\n<meta property=\"og:site_name\" content=\"Getr\u00e4nke Schl\u00fcter Onlineshop\" \/>\n<meta property=\"og:image\" content=\"https:\/\/shop.merolution.de\/wp-content\/uploads\/2020\/05\/rhabarbernektar-1l-lg-aid-3339s.jpg\" \/>\n\t<meta property=\"og:image:width\" content=\"150\" \/>\n\t<meta property=\"og:image:height\" content=\"526\" \/>\n\t<meta property=\"og:image:type\" content=\"image\/jpeg\" \/>\n<meta name=\"twitter:card\" content=\"summary_large_image\" \/>\n<script type=\"application\/ld+json\" class=\"yoast-schema-graph\">{\"@context\":\"https:\/\/schema.org\",\"@graph\":[{\"@type\":\"WebPage\",\"@id\":\"https:\/\/shop.merolution.de\/index.php\/product\/creydt-rhabarber-nektar-06-100\/\",\"url\":\"https:\/\/shop.merolution.de\/index.php\/product\/creydt-rhabarber-nektar-06-100\/\",\"name\":\"Creydt Rhabarber-Nektar - 06\/1,00 - Getr\u00e4nke Schl\u00fcter Onlineshop\",\"isPartOf\":{\"@id\":\"https:\/\/shop.merolution.de\/#website\"},\"datePublished\":\"2020-05-28T09:59:50+00:00\",\"dateModified\":\"2020-05-28T09:59:50+00:00\",\"breadcrumb\":{\"@id\":\"https:\/\/shop.merolution.de\/index.php\/product\/creydt-rhabarber-nektar-06-100\/#breadcrumb\"},\"inLanguage\":\"de\",\"potentialAction\":[{\"@type\":\"ReadAction\",\"target\":[\"https:\/\/shop.merolution.de\/index.php\/product\/creydt-rhabarber-nektar-06-100\/\"]}]},{\"@type\":\"BreadcrumbList\",\"@id\":\"https:\/\/shop.merolution.de\/index.php\/product\/creydt-rhabarber-nektar-06-100\/#breadcrumb\",\"itemListElement\":[{\"@type\":\"ListItem\",\"position\":1,\"name\":\"Home\",\"item\":\"https:\/\/shop.merolution.de\/\"},{\"@type\":\"ListItem\",\"position\":2,\"name\":\"Shop\",\"item\":\"https:\/\/shop.merolution.de\/\"},{\"@type\":\"ListItem\",\"position\":3,\"name\":\"Creydt Rhabarber-Nektar &#8211; 06\/1,00\"}]},{\"@type\":\"WebSite\",\"@id\":\"https:\/\/shop.merolution.de\/#website\",\"url\":\"https:\/\/shop.merolution.de\/\",\"name\":\"Getr\u00e4nke Schl\u00fcter Onlineshop\",\"description\":\"Ihr Getr\u00e4nke-Partner in Hannover\",\"potentialAction\":[{\"@type\":\"SearchAction\",\"target\":{\"@type\":\"EntryPoint\",\"urlTemplate\":\"https:\/\/shop.merolution.de\/?s={search_term_string}\"},\"query-input\":\"required name=search_term_string\"}],\"inLanguage\":\"de\"}]}<\/script>\n<!-- \/ Yoast SEO plugin. -->","yoast_head_json":{"title":"Creydt Rhabarber-Nektar - 06\/1,00 - Getr\u00e4nke Schl\u00fcter Onlineshop","robots":{"index":"noindex","follow":"follow","max-snippet":"max-snippet:-1","max-image-preview":"max-image-preview:large","max-video-preview":"max-video-preview:-1"},"og_locale":"de_DE","og_type":"article","og_title":"Creydt Rhabarber-Nektar - 06\/1,00 - Getr\u00e4nke Schl\u00fcter Onlineshop","og_description":"06\/1,00 Creydt Rhabarbernektar mit 60% Gem\u00fcseanteil - in der umweltfreundlichen Mehrweg-Flasche - Pfand \u0080 2,40 - - Zutaten: Rhabarbersaft, Zucker, Aroniasaft aus Aroniasaftkonzentrat","og_url":"https:\/\/shop.merolution.de\/index.php\/product\/creydt-rhabarber-nektar-06-100\/","og_site_name":"Getr\u00e4nke Schl\u00fcter Onlineshop","og_image":[{"width":150,"height":526,"url":"https:\/\/shop.merolution.de\/wp-content\/uploads\/2020\/05\/rhabarbernektar-1l-lg-aid-3339s.jpg","type":"image\/jpeg"}],"twitter_card":"summary_large_image","schema":{"@context":"https:\/\/schema.org","@graph":[{"@type":"WebPage","@id":"https:\/\/shop.merolution.de\/index.php\/product\/creydt-rhabarber-nektar-06-100\/","url":"https:\/\/shop.merolution.de\/index.php\/product\/creydt-rhabarber-nektar-06-100\/","name":"Creydt Rhabarber-Nektar - 06\/1,00 - Getr\u00e4nke Schl\u00fcter Onlineshop","isPartOf":{"@id":"https:\/\/shop.merolution.de\/#website"},"datePublished":"2020-05-28T09:59:50+00:00","dateModified":"2020-05-28T09:59:50+00:00","breadcrumb":{"@id":"https:\/\/shop.merolution.de\/index.php\/product\/creydt-rhabarber-nektar-06-100\/#breadcrumb"},"inLanguage":"de","potentialAction":[{"@type":"ReadAction","target":["https:\/\/shop.merolution.de\/index.php\/product\/creydt-rhabarber-nektar-06-100\/"]}]},{"@type":"BreadcrumbList","@id":"https:\/\/shop.merolution.de\/index.php\/product\/creydt-rhabarber-nektar-06-100\/#breadcrumb","itemListElement":[{"@type":"ListItem","position":1,"name":"Home","item":"https:\/\/shop.merolution.de\/"},{"@type":"ListItem","position":2,"name":"Shop","item":"https:\/\/shop.merolution.de\/"},{"@type":"ListItem","position":3,"name":"Creydt Rhabarber-Nektar &#8211; 06\/1,00"}]},{"@type":"WebSite","@id":"https:\/\/shop.merolution.de\/#website","url":"https:\/\/shop.merolution.de\/","name":"Getr\u00e4nke Schl\u00fcter Onlineshop","description":"Ihr Getr\u00e4nke-Partner in Hannover","potentialAction":[{"@type":"SearchAction","target":{"@type":"EntryPoint","urlTemplate":"https:\/\/shop.merolution.de\/?s={search_term_string}"},"query-input":"required name=search_term_string"}],"inLanguage":"de"}]}},"_links":{"self":[{"href":"https:\/\/shop.merolution.de\/index.php\/wp-json\/wp\/v2\/product\/2583"}],"collection":[{"href":"https:\/\/shop.merolution.de\/index.php\/wp-json\/wp\/v2\/product"}],"about":[{"href":"https:\/\/shop.merolution.de\/index.php\/wp-json\/wp\/v2\/types\/product"}],"replies":[{"embeddable":true,"href":"https:\/\/shop.merolution.de\/index.php\/wp-json\/wp\/v2\/comments?post=2583"}],"wp:featuredmedia":[{"embeddable":true,"href":"https:\/\/shop.merolution.de\/index.php\/wp-json\/wp\/v2\/media\/2584"}],"wp:attachment":[{"href":"https:\/\/shop.merolution.de\/index.php\/wp-json\/wp\/v2\/media?parent=2583"}],"wp:term":[{"taxonomy":"product_cat","embeddable":true,"href":"https:\/\/shop.merolution.de\/index.php\/wp-json\/wp\/v2\/product_cat?post=2583"},{"taxonomy":"product_tag","embeddable":true,"href":"https:\/\/shop.merolution.de\/index.php\/wp-json\/wp\/v2\/product_tag?post=2583"}],"curies":[{"name":"wp","href":"https:\/\/api.w.org\/{rel}","templated":true}]}}