{"id":2603,"date":"2020-05-28T09:59:53","date_gmt":"2020-05-28T09:59:53","guid":{"rendered":"https:\/\/shop.merolution.de\/index.php\/product\/creydt-traubensaft-rot-100-06-100\/"},"modified":"2020-05-28T09:59:53","modified_gmt":"2020-05-28T09:59:53","slug":"creydt-traubensaft-rot-100-06-100","status":"publish","type":"product","link":"https:\/\/shop.merolution.de\/index.php\/product\/creydt-traubensaft-rot-100-06-100\/","title":{"rendered":"Creydt Traubensaft rot 100% &#8211; 06\/1,00"},"content":{"rendered":"<p>06*1,00 Creydt Traubensaft rot 100% ohne Zuckerzusatz &#8211; in der umweltfreundlichen Glas-Mehrwegflasche &#8211; Pfand \u0080 2,40 &#8211; Wussten Sie, was die R\u00f6mer nicht wussten? N\u00e4mlich, wie man die nach der Pressung einsetzende G\u00e4rung des Traubensafts verhindert. Sie milderten den entstehenden Alkoholgehalt lediglich durch Zugabe von Wasser. Pasteur entsch\u00e4rfte erst im 18 Jhd. durch Erhitzen die \u0084G\u00e4rungs-Mikroorganismen &#8211; Die frisch gekelterten sonnengereiften Trauben aus S\u00fcdeuropa versprechen einen wahren Trinkgenuss. Das ist Qualit\u00e4t, die man schmecken kann &#8211; Zutaten: 100% Traubensaft<\/p>\n","protected":false},"excerpt":{"rendered":"<p>06&#215;1,00 Creydt roter Traubensaft 100% ohne Zuckerzusatz &#8211; in der umweltfreundlichen Glas-Mehrwegflasche &#8211; Pfand \u0080 2,40 &#8211; &#8211; Zutaten: 100% Traubensaft<\/p>\n","protected":false},"featured_media":2604,"comment_status":"open","ping_status":"closed","template":"","meta":[],"product_cat":[71],"product_tag":[],"yoast_head":"<!-- This site is optimized with the Yoast SEO plugin v19.14 - https:\/\/yoast.com\/wordpress\/plugins\/seo\/ -->\n<title>Creydt Traubensaft rot 100% - 06\/1,00 - Getr\u00e4nke Schl\u00fcter Onlineshop<\/title>\n<meta name=\"robots\" content=\"noindex, follow, max-snippet:-1, max-image-preview:large, max-video-preview:-1\" \/>\n<meta property=\"og:locale\" content=\"de_DE\" \/>\n<meta property=\"og:type\" content=\"article\" \/>\n<meta property=\"og:title\" content=\"Creydt Traubensaft rot 100% - 06\/1,00 - Getr\u00e4nke Schl\u00fcter Onlineshop\" \/>\n<meta property=\"og:description\" content=\"06x1,00 Creydt roter Traubensaft 100% ohne Zuckerzusatz - in der umweltfreundlichen Glas-Mehrwegflasche - Pfand \u0080 2,40 - - Zutaten: 100% Traubensaft\" \/>\n<meta property=\"og:url\" content=\"https:\/\/shop.merolution.de\/index.php\/product\/creydt-traubensaft-rot-100-06-100\/\" \/>\n<meta property=\"og:site_name\" content=\"Getr\u00e4nke Schl\u00fcter Onlineshop\" \/>\n<meta property=\"og:image\" content=\"https:\/\/shop.merolution.de\/wp-content\/uploads\/2020\/05\/traubensaft-1l-lg-aid-3547s.jpg\" \/>\n\t<meta property=\"og:image:width\" content=\"150\" \/>\n\t<meta property=\"og:image:height\" content=\"526\" \/>\n\t<meta property=\"og:image:type\" content=\"image\/jpeg\" \/>\n<meta name=\"twitter:card\" content=\"summary_large_image\" \/>\n<script type=\"application\/ld+json\" class=\"yoast-schema-graph\">{\"@context\":\"https:\/\/schema.org\",\"@graph\":[{\"@type\":\"WebPage\",\"@id\":\"https:\/\/shop.merolution.de\/index.php\/product\/creydt-traubensaft-rot-100-06-100\/\",\"url\":\"https:\/\/shop.merolution.de\/index.php\/product\/creydt-traubensaft-rot-100-06-100\/\",\"name\":\"Creydt Traubensaft rot 100% - 06\/1,00 - Getr\u00e4nke Schl\u00fcter Onlineshop\",\"isPartOf\":{\"@id\":\"https:\/\/shop.merolution.de\/#website\"},\"datePublished\":\"2020-05-28T09:59:53+00:00\",\"dateModified\":\"2020-05-28T09:59:53+00:00\",\"breadcrumb\":{\"@id\":\"https:\/\/shop.merolution.de\/index.php\/product\/creydt-traubensaft-rot-100-06-100\/#breadcrumb\"},\"inLanguage\":\"de\",\"potentialAction\":[{\"@type\":\"ReadAction\",\"target\":[\"https:\/\/shop.merolution.de\/index.php\/product\/creydt-traubensaft-rot-100-06-100\/\"]}]},{\"@type\":\"BreadcrumbList\",\"@id\":\"https:\/\/shop.merolution.de\/index.php\/product\/creydt-traubensaft-rot-100-06-100\/#breadcrumb\",\"itemListElement\":[{\"@type\":\"ListItem\",\"position\":1,\"name\":\"Home\",\"item\":\"https:\/\/shop.merolution.de\/\"},{\"@type\":\"ListItem\",\"position\":2,\"name\":\"Shop\",\"item\":\"https:\/\/shop.merolution.de\/\"},{\"@type\":\"ListItem\",\"position\":3,\"name\":\"Creydt Traubensaft rot 100% &#8211; 06\/1,00\"}]},{\"@type\":\"WebSite\",\"@id\":\"https:\/\/shop.merolution.de\/#website\",\"url\":\"https:\/\/shop.merolution.de\/\",\"name\":\"Getr\u00e4nke Schl\u00fcter Onlineshop\",\"description\":\"Ihr Getr\u00e4nke-Partner in Hannover\",\"potentialAction\":[{\"@type\":\"SearchAction\",\"target\":{\"@type\":\"EntryPoint\",\"urlTemplate\":\"https:\/\/shop.merolution.de\/?s={search_term_string}\"},\"query-input\":\"required name=search_term_string\"}],\"inLanguage\":\"de\"}]}<\/script>\n<!-- \/ Yoast SEO plugin. -->","yoast_head_json":{"title":"Creydt Traubensaft rot 100% - 06\/1,00 - Getr\u00e4nke Schl\u00fcter Onlineshop","robots":{"index":"noindex","follow":"follow","max-snippet":"max-snippet:-1","max-image-preview":"max-image-preview:large","max-video-preview":"max-video-preview:-1"},"og_locale":"de_DE","og_type":"article","og_title":"Creydt Traubensaft rot 100% - 06\/1,00 - Getr\u00e4nke Schl\u00fcter Onlineshop","og_description":"06x1,00 Creydt roter Traubensaft 100% ohne Zuckerzusatz - in der umweltfreundlichen Glas-Mehrwegflasche - Pfand \u0080 2,40 - - Zutaten: 100% Traubensaft","og_url":"https:\/\/shop.merolution.de\/index.php\/product\/creydt-traubensaft-rot-100-06-100\/","og_site_name":"Getr\u00e4nke Schl\u00fcter Onlineshop","og_image":[{"width":150,"height":526,"url":"https:\/\/shop.merolution.de\/wp-content\/uploads\/2020\/05\/traubensaft-1l-lg-aid-3547s.jpg","type":"image\/jpeg"}],"twitter_card":"summary_large_image","schema":{"@context":"https:\/\/schema.org","@graph":[{"@type":"WebPage","@id":"https:\/\/shop.merolution.de\/index.php\/product\/creydt-traubensaft-rot-100-06-100\/","url":"https:\/\/shop.merolution.de\/index.php\/product\/creydt-traubensaft-rot-100-06-100\/","name":"Creydt Traubensaft rot 100% - 06\/1,00 - Getr\u00e4nke Schl\u00fcter Onlineshop","isPartOf":{"@id":"https:\/\/shop.merolution.de\/#website"},"datePublished":"2020-05-28T09:59:53+00:00","dateModified":"2020-05-28T09:59:53+00:00","breadcrumb":{"@id":"https:\/\/shop.merolution.de\/index.php\/product\/creydt-traubensaft-rot-100-06-100\/#breadcrumb"},"inLanguage":"de","potentialAction":[{"@type":"ReadAction","target":["https:\/\/shop.merolution.de\/index.php\/product\/creydt-traubensaft-rot-100-06-100\/"]}]},{"@type":"BreadcrumbList","@id":"https:\/\/shop.merolution.de\/index.php\/product\/creydt-traubensaft-rot-100-06-100\/#breadcrumb","itemListElement":[{"@type":"ListItem","position":1,"name":"Home","item":"https:\/\/shop.merolution.de\/"},{"@type":"ListItem","position":2,"name":"Shop","item":"https:\/\/shop.merolution.de\/"},{"@type":"ListItem","position":3,"name":"Creydt Traubensaft rot 100% &#8211; 06\/1,00"}]},{"@type":"WebSite","@id":"https:\/\/shop.merolution.de\/#website","url":"https:\/\/shop.merolution.de\/","name":"Getr\u00e4nke Schl\u00fcter Onlineshop","description":"Ihr Getr\u00e4nke-Partner in Hannover","potentialAction":[{"@type":"SearchAction","target":{"@type":"EntryPoint","urlTemplate":"https:\/\/shop.merolution.de\/?s={search_term_string}"},"query-input":"required name=search_term_string"}],"inLanguage":"de"}]}},"_links":{"self":[{"href":"https:\/\/shop.merolution.de\/index.php\/wp-json\/wp\/v2\/product\/2603"}],"collection":[{"href":"https:\/\/shop.merolution.de\/index.php\/wp-json\/wp\/v2\/product"}],"about":[{"href":"https:\/\/shop.merolution.de\/index.php\/wp-json\/wp\/v2\/types\/product"}],"replies":[{"embeddable":true,"href":"https:\/\/shop.merolution.de\/index.php\/wp-json\/wp\/v2\/comments?post=2603"}],"wp:featuredmedia":[{"embeddable":true,"href":"https:\/\/shop.merolution.de\/index.php\/wp-json\/wp\/v2\/media\/2604"}],"wp:attachment":[{"href":"https:\/\/shop.merolution.de\/index.php\/wp-json\/wp\/v2\/media?parent=2603"}],"wp:term":[{"taxonomy":"product_cat","embeddable":true,"href":"https:\/\/shop.merolution.de\/index.php\/wp-json\/wp\/v2\/product_cat?post=2603"},{"taxonomy":"product_tag","embeddable":true,"href":"https:\/\/shop.merolution.de\/index.php\/wp-json\/wp\/v2\/product_tag?post=2603"}],"curies":[{"name":"wp","href":"https:\/\/api.w.org\/{rel}","templated":true}]}}