{"id":302,"date":"2020-05-28T09:54:13","date_gmt":"2020-05-28T09:54:13","guid":{"rendered":"https:\/\/shop.merolution.de\/index.php\/product\/altenmuenster-winterbier-dunkel-55vol\/"},"modified":"2020-05-28T09:54:13","modified_gmt":"2020-05-28T09:54:13","slug":"altenmuenster-winterbier-dunkel-55vol","status":"publish","type":"product","link":"https:\/\/shop.merolution.de\/index.php\/product\/altenmuenster-winterbier-dunkel-55vol\/","title":{"rendered":"Altenm\u00fcnster Winterbier dunkel 5,5vol% **"},"content":{"rendered":"<p>16\/0,50 &#8211; ein echter Genu\u00df dank nat\u00fcrlicher Zutaten &#8211; \u0080 3,90 Pfand &#8211; B\u00fcgelflasche<\/p>\n","protected":false},"excerpt":{"rendered":"<p>16\/0,50 &#8211; ein echter Genu\u00df dank nat\u00fcrlicher Zutaten &#8211; \u0080 3,90 Pfand &#8211; B\u00fcgelflasche<\/p>\n","protected":false},"featured_media":303,"comment_status":"open","ping_status":"closed","template":"","meta":[],"product_cat":[33],"product_tag":[],"yoast_head":"<!-- This site is optimized with the Yoast SEO plugin v19.14 - https:\/\/yoast.com\/wordpress\/plugins\/seo\/ -->\n<title>Altenm\u00fcnster Winterbier dunkel 5,5vol% ** - Getr\u00e4nke Schl\u00fcter Onlineshop<\/title>\n<meta name=\"robots\" content=\"noindex, follow, max-snippet:-1, max-image-preview:large, max-video-preview:-1\" \/>\n<meta property=\"og:locale\" content=\"de_DE\" \/>\n<meta property=\"og:type\" content=\"article\" \/>\n<meta property=\"og:title\" content=\"Altenm\u00fcnster Winterbier dunkel 5,5vol% ** - Getr\u00e4nke Schl\u00fcter Onlineshop\" \/>\n<meta property=\"og:description\" content=\"16\/0,50 - ein echter Genu\u00df dank nat\u00fcrlicher Zutaten - \u0080 3,90 Pfand - B\u00fcgelflasche\" \/>\n<meta property=\"og:url\" content=\"https:\/\/shop.merolution.de\/index.php\/product\/altenmuenster-winterbier-dunkel-55vol\/\" \/>\n<meta property=\"og:site_name\" content=\"Getr\u00e4nke Schl\u00fcter Onlineshop\" \/>\n<meta property=\"og:image\" content=\"https:\/\/shop.merolution.de\/wp-content\/uploads\/2020\/05\/atm-winterbier-kasten.jpg\" \/>\n\t<meta property=\"og:image:width\" content=\"150\" \/>\n\t<meta property=\"og:image:height\" content=\"123\" \/>\n\t<meta property=\"og:image:type\" content=\"image\/jpeg\" \/>\n<meta name=\"twitter:card\" content=\"summary_large_image\" \/>\n<script type=\"application\/ld+json\" class=\"yoast-schema-graph\">{\"@context\":\"https:\/\/schema.org\",\"@graph\":[{\"@type\":\"WebPage\",\"@id\":\"https:\/\/shop.merolution.de\/index.php\/product\/altenmuenster-winterbier-dunkel-55vol\/\",\"url\":\"https:\/\/shop.merolution.de\/index.php\/product\/altenmuenster-winterbier-dunkel-55vol\/\",\"name\":\"Altenm\u00fcnster Winterbier dunkel 5,5vol% ** - Getr\u00e4nke Schl\u00fcter Onlineshop\",\"isPartOf\":{\"@id\":\"https:\/\/shop.merolution.de\/#website\"},\"datePublished\":\"2020-05-28T09:54:13+00:00\",\"dateModified\":\"2020-05-28T09:54:13+00:00\",\"breadcrumb\":{\"@id\":\"https:\/\/shop.merolution.de\/index.php\/product\/altenmuenster-winterbier-dunkel-55vol\/#breadcrumb\"},\"inLanguage\":\"de\",\"potentialAction\":[{\"@type\":\"ReadAction\",\"target\":[\"https:\/\/shop.merolution.de\/index.php\/product\/altenmuenster-winterbier-dunkel-55vol\/\"]}]},{\"@type\":\"BreadcrumbList\",\"@id\":\"https:\/\/shop.merolution.de\/index.php\/product\/altenmuenster-winterbier-dunkel-55vol\/#breadcrumb\",\"itemListElement\":[{\"@type\":\"ListItem\",\"position\":1,\"name\":\"Home\",\"item\":\"https:\/\/shop.merolution.de\/\"},{\"@type\":\"ListItem\",\"position\":2,\"name\":\"Shop\",\"item\":\"https:\/\/shop.merolution.de\/\"},{\"@type\":\"ListItem\",\"position\":3,\"name\":\"Altenm\u00fcnster Winterbier dunkel 5,5vol% **\"}]},{\"@type\":\"WebSite\",\"@id\":\"https:\/\/shop.merolution.de\/#website\",\"url\":\"https:\/\/shop.merolution.de\/\",\"name\":\"Getr\u00e4nke Schl\u00fcter Onlineshop\",\"description\":\"Ihr Getr\u00e4nke-Partner in Hannover\",\"potentialAction\":[{\"@type\":\"SearchAction\",\"target\":{\"@type\":\"EntryPoint\",\"urlTemplate\":\"https:\/\/shop.merolution.de\/?s={search_term_string}\"},\"query-input\":\"required name=search_term_string\"}],\"inLanguage\":\"de\"}]}<\/script>\n<!-- \/ Yoast SEO plugin. -->","yoast_head_json":{"title":"Altenm\u00fcnster Winterbier dunkel 5,5vol% ** - Getr\u00e4nke Schl\u00fcter Onlineshop","robots":{"index":"noindex","follow":"follow","max-snippet":"max-snippet:-1","max-image-preview":"max-image-preview:large","max-video-preview":"max-video-preview:-1"},"og_locale":"de_DE","og_type":"article","og_title":"Altenm\u00fcnster Winterbier dunkel 5,5vol% ** - Getr\u00e4nke Schl\u00fcter Onlineshop","og_description":"16\/0,50 - ein echter Genu\u00df dank nat\u00fcrlicher Zutaten - \u0080 3,90 Pfand - B\u00fcgelflasche","og_url":"https:\/\/shop.merolution.de\/index.php\/product\/altenmuenster-winterbier-dunkel-55vol\/","og_site_name":"Getr\u00e4nke Schl\u00fcter Onlineshop","og_image":[{"width":150,"height":123,"url":"https:\/\/shop.merolution.de\/wp-content\/uploads\/2020\/05\/atm-winterbier-kasten.jpg","type":"image\/jpeg"}],"twitter_card":"summary_large_image","schema":{"@context":"https:\/\/schema.org","@graph":[{"@type":"WebPage","@id":"https:\/\/shop.merolution.de\/index.php\/product\/altenmuenster-winterbier-dunkel-55vol\/","url":"https:\/\/shop.merolution.de\/index.php\/product\/altenmuenster-winterbier-dunkel-55vol\/","name":"Altenm\u00fcnster Winterbier dunkel 5,5vol% ** - Getr\u00e4nke Schl\u00fcter Onlineshop","isPartOf":{"@id":"https:\/\/shop.merolution.de\/#website"},"datePublished":"2020-05-28T09:54:13+00:00","dateModified":"2020-05-28T09:54:13+00:00","breadcrumb":{"@id":"https:\/\/shop.merolution.de\/index.php\/product\/altenmuenster-winterbier-dunkel-55vol\/#breadcrumb"},"inLanguage":"de","potentialAction":[{"@type":"ReadAction","target":["https:\/\/shop.merolution.de\/index.php\/product\/altenmuenster-winterbier-dunkel-55vol\/"]}]},{"@type":"BreadcrumbList","@id":"https:\/\/shop.merolution.de\/index.php\/product\/altenmuenster-winterbier-dunkel-55vol\/#breadcrumb","itemListElement":[{"@type":"ListItem","position":1,"name":"Home","item":"https:\/\/shop.merolution.de\/"},{"@type":"ListItem","position":2,"name":"Shop","item":"https:\/\/shop.merolution.de\/"},{"@type":"ListItem","position":3,"name":"Altenm\u00fcnster Winterbier dunkel 5,5vol% **"}]},{"@type":"WebSite","@id":"https:\/\/shop.merolution.de\/#website","url":"https:\/\/shop.merolution.de\/","name":"Getr\u00e4nke Schl\u00fcter Onlineshop","description":"Ihr Getr\u00e4nke-Partner in Hannover","potentialAction":[{"@type":"SearchAction","target":{"@type":"EntryPoint","urlTemplate":"https:\/\/shop.merolution.de\/?s={search_term_string}"},"query-input":"required name=search_term_string"}],"inLanguage":"de"}]}},"_links":{"self":[{"href":"https:\/\/shop.merolution.de\/index.php\/wp-json\/wp\/v2\/product\/302"}],"collection":[{"href":"https:\/\/shop.merolution.de\/index.php\/wp-json\/wp\/v2\/product"}],"about":[{"href":"https:\/\/shop.merolution.de\/index.php\/wp-json\/wp\/v2\/types\/product"}],"replies":[{"embeddable":true,"href":"https:\/\/shop.merolution.de\/index.php\/wp-json\/wp\/v2\/comments?post=302"}],"wp:featuredmedia":[{"embeddable":true,"href":"https:\/\/shop.merolution.de\/index.php\/wp-json\/wp\/v2\/media\/303"}],"wp:attachment":[{"href":"https:\/\/shop.merolution.de\/index.php\/wp-json\/wp\/v2\/media?parent=302"}],"wp:term":[{"taxonomy":"product_cat","embeddable":true,"href":"https:\/\/shop.merolution.de\/index.php\/wp-json\/wp\/v2\/product_cat?post=302"},{"taxonomy":"product_tag","embeddable":true,"href":"https:\/\/shop.merolution.de\/index.php\/wp-json\/wp\/v2\/product_tag?post=302"}],"curies":[{"name":"wp","href":"https:\/\/api.w.org\/{rel}","templated":true}]}}